{"id":1000,"date":"2025-03-15T10:21:59","date_gmt":"2025-03-15T09:21:59","guid":{"rendered":"https:\/\/comiccon.lu\/freiwilliger-werden\/"},"modified":"2025-09-13T09:05:42","modified_gmt":"2025-09-13T08:05:42","slug":"freiwilliger-werden","status":"publish","type":"page","link":"https:\/\/comiccon.lu\/de\/freiwilliger-werden\/","title":{"rendered":"Freiwilliger werden"},"content":{"rendered":"<div class=\"wpb-content-wrapper\"><p>[vc_row row_height_percent=&#8220;0\u2033 back_color=&#8220;color-vyce&#8220; overlay_alpha=&#8220;50\u2033 gutter_size=&#8220;3\u2033 column_width_percent=&#8220;100\u2033 shift_y=&#8220;0\u2033 z_index=&#8220;0\u2033 content_parallax=&#8220;0\u2033 uncode_shortcode_id=&#8220;196619\u2033 back_color_type=&#8220;uncode-palette&#8220;][vc_column column_width_percent=&#8220;100\u2033 gutter_size=&#8220;3\u2033 style=&#8220;dark&#8220; overlay_alpha=&#8220;50\u2033 shift_x=&#8220;0\u2033 shift_y=&#8220;0\u2033 shift_y_down=&#8220;0\u2033 z_index=&#8220;0\u2033 medium_width=&#8220;0\u2033 mobile_width=&#8220;0\u2033 width=&#8220;1\/1\u2033 uncode_shortcode_id=&#8220;158114\u2033][vc_row_inner row_inner_height_percent=&#8220;0\u2033 overlay_alpha=&#8220;50\u2033 gutter_size=&#8220;3\u2033 shift_y=&#8220;0\u2033 z_index=&#8220;0\u2033 inverted_device_order=&#8220;yes&#8220; uncode_shortcode_id=&#8220;638000\u2033][vc_column_inner column_width_percent=&#8220;100\u2033 gutter_size=&#8220;3\u2033 style=&#8220;dark&#8220; overlay_alpha=&#8220;50\u2033 shift_x=&#8220;0\u2033 shift_y=&#8220;0\u2033 shift_y_down=&#8220;0\u2033 z_index=&#8220;0\u2033 medium_width=&#8220;0\u2033 mobile_width=&#8220;0\u2033 width=&#8220;2\/3\u2033 uncode_shortcode_id=&#8220;657169\u2033][vc_custom_heading heading_semantic=&#8220;h1\u2033 text_size=&#8220;h1\u2033 uncode_shortcode_id=&#8220;645835\u2033]M\u00f6chten Sie Freiwilliger werden?[\/vc_custom_heading][vc_column_text uncode_shortcode_id=&#8220;178639\u2033]<span data-sheets-value=\"{\" data-sheets-userformat=\"{\">Sind Sie ein Fan von Comics, Cosplay und allem, was mit Popkultur zu tun hat? M\u00f6chten Sie Teil der Action auf der Comic Con Luxembourg sein? <\/span><br \/>\nWir suchen begeisterte Freiwillige, die uns helfen, diese Veranstaltung zu einem Erfolg zu machen!<\/p>\n<p><strong>Als Freiwilliger haben Sie die M\u00f6glichkeit:<\/strong><\/p>\n<ul>\n<li><span data-sheets-value=\"{\" data-sheets-userformat=\"{\">Teil des Comic Con Luxembourg-Teams zu sein und dazu beizutragen, diese aufregende Veranstaltung zum Leben zu erwecken<\/span><\/li>\n<li><span data-sheets-value=\"{\" data-sheets-userformat=\"{\">Andere Fans treffen <\/span><\/li>\n<li><span data-sheets-value=\"{\" data-sheets-userformat=\"{\">Wertvolle Erfahrungen und F\u00e4higkeiten in der Veranstaltungsplanung und -organisation sammeln<\/span><\/li>\n<li><span data-sheets-value=\"{\" data-sheets-userformat=\"{\">Spa\u00df haben und Erinnerungen schaffen, die ein Leben lang halten<\/span><\/li>\n<\/ul>\n<p>Wir haben eine Vielzahl von Aufgaben zu vergeben. Egal, ob Sie bei der Registrierung helfen, Besucher leiten oder das Panel-Management unterst\u00fctzen m\u00f6chten, &#8230; wir haben einen Platz f\u00fcr Sie in unserem Team.<\/p>\n<p>Wenn Sie sich freiwillig auf der Comic Con Luxembourg engagieren m\u00f6chten, f\u00fcllen Sie bitte das untenstehende Formular aus. Wir freuen uns darauf, mit Ihnen zusammenzuarbeiten und diese Veranstaltung zu einem gro\u00dfen Erfolg zu machen![\/vc_column_text][\/vc_column_inner][vc_column_inner width=&#8220;1\/3\u2033][vc_single_image media=&#8220;228\u2033 dynamic=&#8220;yes&#8220; media_width_percent=&#8220;100\u2033 uncode_shortcode_id=&#8220;157526\u2033][\/vc_column_inner][\/vc_row_inner][vc_row_inner row_inner_height_percent=&#8220;0\u2033 overlay_alpha=&#8220;50\u2033 gutter_size=&#8220;3\u2033 shift_y=&#8220;0\u2033 z_index=&#8220;0\u2033 inverted_device_order=&#8220;yes&#8220; uncode_shortcode_id=&#8220;638000\u2033][vc_column_inner column_width_percent=&#8220;100\u2033 gutter_size=&#8220;2\u2033 style=&#8220;dark&#8220; overlay_alpha=&#8220;50\u2033 shift_x=&#8220;0\u2033 shift_y=&#8220;0\u2033 shift_y_down=&#8220;0\u2033 z_index=&#8220;0\u2033 medium_width=&#8220;0\u2033 mobile_width=&#8220;0\u2033 width=&#8220;5\/12\u2033 uncode_shortcode_id=&#8220;471065\u2033][vc_column_text uncode_shortcode_id=&#8220;159757\u2033]<a href=\"mailto:volunteers@comiccon.group\" target=\"_blank\" rel=\"noopener\">volunteers@comiccon.group<\/a>[\/vc_column_text][\/vc_column_inner][vc_column_inner width=&#8220;7\/12\u2033][vc_single_image media=&#8220;369\u2033 media_width_percent=&#8220;100\u2033 uncode_shortcode_id=&#8220;604140\u2033][\/vc_column_inner][\/vc_row_inner][\/vc_column][\/vc_row][vc_row row_height_percent=&#8220;0\u2033 overlay_alpha=&#8220;50\u2033 gutter_size=&#8220;3\u2033 column_width_percent=&#8220;100\u2033 shift_y=&#8220;0\u2033 z_index=&#8220;0\u2033 desktop_visibility=&#8220;yes&#8220; medium_visibility=&#8220;yes&#8220; mobile_visibility=&#8220;yes&#8220; content_parallax=&#8220;0\u2033 uncode_shortcode_id=&#8220;178594\u2033][vc_column width=&#8220;1\/1\u2033][vc_custom_heading uncode_shortcode_id=&#8220;201144\u2033]hidden[\/vc_custom_heading]\n<div class=\"shadowContact\">\n\t<div class=\"afterSuccesEskidoosForm\">\n\n\t\t<span class=\"icongreat\">&#xe90a;<\/span>\n\t\t<div class=\"afterSuccesTextEskidoosForm\">\n\t\t\t<h3>Nachricht gesendet<\/h3>\n\t\t\tVielen Dank f\u00fcr Ihre Nachricht, wir haben sie erhalten<br><br>Wir kontaktieren Sie so schnell wie m\u00f6glich\t\t<\/div>\n\n\t\t<a id=\"backToFormContact\" href=\"#\">Schlie\u00dfen<\/a>\n\n\t<\/div>\n\t<div class=\"errorMessageEskidoosForm\"><\/div>\n\t<form id=\"contactForm\" class=\"eskidoosForm\">\n\t\t<input type=\"hidden\" name=\"action\" value=\"eski_form_handling\">\n\t\t<input type=\"hidden\" name=\"eski_nonce\" value=\"ac66fed436\">\n\t\t<input type=\"hidden\" name=\"formType\" value=\"contactform\">\n\t\t<input type=\"hidden\" id=\"g-recaptcha-response\" name=\"g-recaptcha-response\">\n\n\t\t<div class=\"formGroup\">\n\t\t\t<label for=\"firstNameEskidoosForm\" class=\"sr-only\">Vorname<\/label>\n\t\t\t<input id=\"firstNameEskidoosForm\" title=\"Sollte mindestens 2 Zeichen haben\" name=\"firstNameEskidoosForm\" type=\"text\" maxlength=\"255\" placeholder=\"Vorname\" \/>\n\t\t<\/div>\n\n\t\t<div class=\"fields-two\">\n\t\t\t<div class=\"formGroup\">\n\t\t\t\t<label for=\"emailEskidoosForm\" class=\"sr-only\">E-Mail-Adresse<\/label>\n\t\t\t\t<input id=\"emailEskidoosForm\" name=\"emailEskidoosForm\" type=\"email\" required placeholder=\"E-Mail-Adresse\" \/>\n\t\t\t<\/div>\n\t\t\t<div class=\"formGroup\">\n\t\t\t\t<label for=\"phoneEskidoosForm\" class=\"sr-only\">Tel. <\/label>\n\t\t\t\t<input id=\"phoneEskidoosForm\" name=\"phoneEskidoosForm\" type=\"tel\" placeholder=\"Tel.\" \/>\n\t\t\t<\/div>\n\t\t<\/div>\n\t\t<div class=\"formGroup\">\n\t\t\t<label for=\"messageEskidoosForm\" class=\"sr-only\">Ihre Nachricht<\/label>\n\t\t\t<textarea id=\"messageEskidoosForm\" name=\"messageEskidoosForm\" title=\"Bitte geben Sie einen Text ein\" maxlength=\"1000\" placeholder=\"Ihre Nachricht\"><\/textarea>\n\t\t<\/div>\n\t\t<div class=\"newsLetterBlock\">\n\t\t\t<input id=\"newsLetterEskidoosForm\" name=\"newsLetterEskidoosForm\" type=\"checkbox\" \/>\n\t\t\t<label for=\"newsLetterEskidoosForm\">Newsletter abonnieren<\/label>\n\t\t<\/div>\n\t\t<!-- <input id=\"sendBtnForm\" type=\"submit\" value=\"Senden\" \/> -->\n\t\t<button id=\"sendBtnForm\" type=\"submit\" data-text=\"Senden\">Senden<\/button>\n\n\t<\/form>\n<\/div>\n\n[\/vc_column][\/vc_row]<\/p>\n<\/div>","protected":false},"excerpt":{"rendered":"<p>[vc_row row_height_percent=&#8220;0\u2033 back_color=&#8220;color-vyce&#8220; overlay_alpha=&#8220;50\u2033 gutter_size=&#8220;3\u2033 column_width_percent=&#8220;100\u2033 shift_y=&#8220;0\u2033 z_index=&#8220;0\u2033 content_parallax=&#8220;0\u2033 uncode_shortcode_id=&#8220;196619\u2033 back_color_type=&#8220;uncode-palette&#8220;][vc_column column_width_percent=&#8220;100\u2033 gutter_size=&#8220;3\u2033 style=&#8220;dark&#8220; overlay_alpha=&#8220;50\u2033 shift_x=&#8220;0\u2033 shift_y=&#8220;0\u2033 shift_y_down=&#8220;0\u2033 z_index=&#8220;0\u2033 medium_width=&#8220;0\u2033 [&hellip;]<\/p>\n","protected":false},"author":1,"featured_media":363,"parent":0,"menu_order":0,"comment_status":"closed","ping_status":"closed","template":"","meta":{"footnotes":""},"class_list":["post-1000","page","type-page","status-publish","has-post-thumbnail","hentry"],"_links":{"self":[{"href":"https:\/\/comiccon.lu\/de\/wp-json\/wp\/v2\/pages\/1000","targetHints":{"allow":["GET"]}}],"collection":[{"href":"https:\/\/comiccon.lu\/de\/wp-json\/wp\/v2\/pages"}],"about":[{"href":"https:\/\/comiccon.lu\/de\/wp-json\/wp\/v2\/types\/page"}],"author":[{"embeddable":true,"href":"https:\/\/comiccon.lu\/de\/wp-json\/wp\/v2\/users\/1"}],"replies":[{"embeddable":true,"href":"https:\/\/comiccon.lu\/de\/wp-json\/wp\/v2\/comments?post=1000"}],"version-history":[{"count":3,"href":"https:\/\/comiccon.lu\/de\/wp-json\/wp\/v2\/pages\/1000\/revisions"}],"predecessor-version":[{"id":1306,"href":"https:\/\/comiccon.lu\/de\/wp-json\/wp\/v2\/pages\/1000\/revisions\/1306"}],"wp:featuredmedia":[{"embeddable":true,"href":"https:\/\/comiccon.lu\/de\/wp-json\/wp\/v2\/media\/363"}],"wp:attachment":[{"href":"https:\/\/comiccon.lu\/de\/wp-json\/wp\/v2\/media?parent=1000"}],"curies":[{"name":"wp","href":"https:\/\/api.w.org\/{rel}","templated":true}]}}