{"id":1007,"date":"2025-03-23T12:33:02","date_gmt":"2025-03-23T11:33:02","guid":{"rendered":"https:\/\/comiccon.lu\/geschaeftsbedingungen\/"},"modified":"2025-07-02T15:06:48","modified_gmt":"2025-07-02T14:06:48","slug":"geschaeftsbedingungen","status":"publish","type":"page","link":"https:\/\/comiccon.lu\/de\/geschaeftsbedingungen\/","title":{"rendered":"Gesch\u00e4ftsbedingungen"},"content":{"rendered":"<div class=\"wpb-content-wrapper\"><p>[vc_row][vc_column width=&#8220;2\/3\u2033][vc_custom_heading heading_semantic=&#8220;h1\u2033 text_size=&#8220;h1\u2033 uncode_shortcode_id=&#8220;104832\u2033]Comic Con Group Regeln, Bestimmungen &amp; Bedingungen[\/vc_custom_heading][vc_column_text uncode_shortcode_id=&#8220;140853\u2033]Ein Ticket ist eine eingeschr\u00e4nkte, widerrufliche Lizenz zur Teilnahme an einer Comic Con Group Veranstaltung, die jederzeit nach alleinigem Ermessen von Comic Con Group widerrufen oder ge\u00e4ndert werden kann.<u><\/u><\/p>\n<p><u><\/u>Mit dem Kauf dieses Tickets und als Gegenleistung f\u00fcr den Zutritt zur Veranstaltung erkl\u00e4rt sich der Inhaber damit einverstanden, dass er (durch Audio-, visuelle und\/oder andere Mittel) f\u00fcr die Ausstellung und Verwertung mit allen Mitteln in allen jetzt bekannten oder zuk\u00fcnftigen Medien weltweit und auf Dauer aufgezeichnet wird.<u><\/u><u><\/u><\/p>\n<p><u><\/u> <u><\/u>Der Inhaber erkl\u00e4rt hiermit au\u00dferdem: (1.) Comic Con Group von jeglicher Haftung f\u00fcr Verluste oder Sch\u00e4den an Personen oder Eigentum, Verletzung von Rechten oder Anspr\u00fcche oder Klagegr\u00fcnde jeglicher Art freizustellen.<u><\/u><u><\/u><\/p>\n<p>(2.) Comic Con Group und seine Designer, zu denen unter anderem alle Sponsoren, Aussteller und Auftragnehmer geh\u00f6ren k\u00f6nnen, zu autorisieren und zu gestatten, seinen\/ihren Namen, seine\/ihre Stimme, sein\/ihr Aussehen und alle Reproduktionen davon mit allen Mitteln und in allen Medien, die jetzt und in Zukunft bekannt sind, f\u00fcr alle Zwecke weltweit und auf Dauer zu verwenden und die Verwendung zu genehmigen, und (3.) sich damit einverstanden zu erkl\u00e4ren, alle Regeln und Vorschriften der Veranstaltung einzuhalten.<u><\/u><u><\/u><\/p>\n<p>Der Inhaber verpflichtet sich, ohne die ausdr\u00fcckliche schriftliche Genehmigung von Comic Con Group keine Aufzeichnungen jeglicher Art von ausgewiesenen Aktivit\u00e4ten anzufertigen.<u><\/u><u><\/u><\/p>\n<p><u><\/u> <u><\/u>Wir behalten uns das Recht vor, jeder Person den Zutritt zu den Veranstaltungseinrichtungen zu verweigern oder sie von diesen zu entfernen, die nach unserem alleinigen und uneingeschr\u00e4nkten Ermessen sich in einer Weise verh\u00e4lt oder droht, sich in einer Weise zu verhalten, die wir vern\u00fcnftigerweise als st\u00f6rend f\u00fcr die Veranstaltung erachten.<u><\/u><u><\/u><\/p>\n<p>Comic Con Luxembourg ist eine private Veranstaltung, und das Tragen von Waffen jeglicher Art ist nicht gestattet. <u><\/u><u><\/u><\/p>\n<p>(Lesen Sie mehr in unseren Waffenrichtlinien)<u><\/u><u><\/u><\/p>\n<p><u><\/u> <u><\/u>Comic Con Group kann zus\u00e4tzliche Geb\u00fchren und Beschr\u00e4nkungen f\u00fcr bestimmte Aktivit\u00e4ten erheben.<u><\/u><u><\/u><\/p>\n<p>&nbsp;<\/p>\n<h2>Allgemeine Gesch\u00e4ftsbedingungen<\/h2>\n<p>Die folgenden Bedingungen gelten f\u00fcr alle Aktivit\u00e4ten und Veranstaltungen von Comic Con, einschlie\u00dflich VIP, Geek Deluxe, Early Birds, Cosplay und allgemeine Eintrittskarten. Comic Con Luxembourg wird von Comic Con Group produziert (im Folgenden zusammen mit der Veranstaltung \u201eComic Con Holland\u201c). <u><\/u><u><\/u><\/p>\n<p>Durch den Kauf von Tickets oder die Teilnahme an Aktivit\u00e4ten oder Veranstaltungen von Comic Con Luxembourg erkl\u00e4ren Sie sich ausdr\u00fccklich damit einverstanden, diese Bedingungen sowie alle Bedingungen, Richtlinien, Gesetze und Vorschriften, die durch Bezugnahme hierin aufgenommen werden, einzuhalten und an diese gebunden zu sein. <u><\/u><u><\/u><\/p>\n<p><u><\/u> <u><\/u>Alle Verk\u00e4ufe sind endg\u00fcltig. Alle Veranstaltungen finden bei jedem Wetter statt, sofern nicht anders angegeben. Alle Programme, Auftritte von Darstellern, Zeiten und Orte k\u00f6nnen ohne Vorank\u00fcndigung ge\u00e4ndert werden. Es erfolgt keine R\u00fcckerstattung, wenn ein Darsteller oder eine Aktivit\u00e4t aus dem Programm gestrichen wird. <u><\/u><u><\/u><\/p>\n<p>Keine einzelne Veranstaltung ist garantiert. Die Kapazit\u00e4t jeder einzelnen Veranstaltung, Attraktion, Vorf\u00fchrung oder jedes Panels ist durch die Gr\u00f6\u00dfe des Veranstaltungsortes begrenzt, und es erfolgt keine R\u00fcckerstattung aufgrund von Nichtverf\u00fcgbarkeit aufgrund der Kapazit\u00e4t einer bestimmten Attraktion. <u><\/u><u><\/u><\/p>\n<p><u><\/u>F\u00fcr den Fall, dass R\u00fcckerstattungen angeboten werden, wird die Entscheidung, ob Sie Anspruch auf eine R\u00fcckerstattung haben, von Comic Con Group getroffen und muss als endg\u00fcltig betrachtet werden. Wenn R\u00fcckerstattungen angeboten werden, m\u00fcssen Sie die Anweisungen und Fristen von Comic Con Luxembourg einhalten. <u><\/u><u><\/u><\/p>\n<p>Comic Con Luxembourg<\/p>\n<p>Allgemeine Gesch\u00e4ftsbedingungen:<u><\/u><u><\/u><\/p>\n<h2>R\u00fcckgaberichtlinie<\/h2>\n<p>Comic Con Luxembourg, seine Produktionsfirma, Tochtergesellschaften und verbundenen Unternehmen k\u00f6nnen nach eigenem Ermessen und jederzeit jeder Einzelperson oder Firma Folgendes verweigern oder entziehen: Ausweise, Antr\u00e4ge, K\u00e4ufe und Tickets. Comic Con Holland ist nicht verantwortlich f\u00fcr Strafen, Geb\u00fchren, Verluste oder Ausgaben, die sich aus einer solchen Ma\u00dfnahme ergeben k\u00f6nnten. <u><\/u><u><\/u><\/p>\n<p>Keine R\u00fcckerstattung. Zahlungen sind aus keinem Grund erstattungsf\u00e4hig, einschlie\u00dflich, aber nicht beschr\u00e4nkt auf die Nichtnutzung von Comic Con Luxembourg Ausweisen aufgrund von Krankheit, h\u00f6herer Gewalt, reisebedingten Problemen, Terrorakten, Verlust des Arbeitsplatzes oder Doppelkauf. Comic Con Brussels erstattet keine Ausweise und\/oder Armb\u00e4nder, die widerrufen wurden. <u><\/u><u><\/u><\/p>\n<p>Verlorene oder gestohlene Ausweise, Armb\u00e4nder oder Tickets werden nicht ersetzt. Comic Con Luxembourg Ausweise m\u00fcssen f\u00fcr den weiteren Zugang zu allen Festivalveranstaltungen erworben werden. <u><\/u><u><\/u><\/p>\n<p>Comic Con Luxembourg erstattet keine Ausweise, die widerrufen wurden. Comic Con Luxembourg beh\u00e4lt sich das Recht vor, Ausweise aus beliebigen Gr\u00fcnden zu widerrufen (z. B. wenn eine andere Person als die autorisierte Person versucht, einen Ausweis, ein Armband oder ein Ticket zu verwenden). <u><\/u><u><\/u><\/p>\n<p><u><\/u> <u><\/u>Sie verstehen, dass die Teilnahme daran freiwillig ist und bestimmte Risiken von K\u00f6rperverletzungen, Sachsch\u00e4den und anderen Sch\u00e4den und Verlusten mit sich bringen kann, die Sie erleiden k\u00f6nnen. Sie \u00fcbernehmen alle Risiken von Sch\u00e4den, Sachverlusten und Personensch\u00e4den, die durch die Teilnahme an Comic Con Luxembourg entstehen k\u00f6nnen. <u><\/u><u><\/u><\/p>\n<p>In keinem Fall haftet Comic Con Luxembourg Ihnen oder einer anderen Person oder Organisation gegen\u00fcber f\u00fcr Verletzungen oder Sch\u00e4den an Eigentum, Sch\u00e4den f\u00fcr entgangenen Gesch\u00e4ftsgewinn oder andere finanzielle Verluste, einschlie\u00dflich direkter,Folgesch\u00e4den, zuf\u00e4lliger, besonderer, strafender oder \u00e4hnlicher Sch\u00e4den, die sich aus Ihrer Nutzung der Registrierung und\/oder Teilnahme an Comic Con Luxembourg ergeben, selbst wenn Comic Con Luxembourg auf die M\u00f6glichkeit solcher Sch\u00e4den hingewiesen wurde. <u><\/u><u><\/u><\/p>\n<p>Sie erkl\u00e4ren sich damit einverstanden, Comic Con Luxembourg und seine leitenden Angestellten, Mitarbeiter, Freiwilligen und Vertreter von allen Anspr\u00fcchen, Forderungen und allen anderen Haftungen freizustellen und schadlos zu halten, einschlie\u00dflich, aber nicht beschr\u00e4nkt auf Kosten und Anwaltsgeb\u00fchren, die von Dritten aufgrund oder im Zusammenhang mit Ihrer Nutzung der Registrierung(en) oder Verst\u00f6\u00dfen gegen die Allgemeinen Gesch\u00e4ftsbedingungen erhoben werden.<u><\/u><u><\/u><\/p>\n<p><u><\/u> <u><\/u>Die Allgemeinen Gesch\u00e4ftsbedingungen unterliegen den Gesetzen von unter Ausschluss der Kollisionsnormen. Sie und Comic Con Luxembourg unterwerfen sich hiermit unwiderruflich der ausschlie\u00dflichen Zust\u00e4ndigkeit der Bundes- und Landesgerichte in Belgien und erkl\u00e4ren sich damit einverstanden, dass jedes dieser Gerichte der geeignete Gerichtsstand f\u00fcr die Entscheidung von Streitigkeiten ist, die sich aus diesem Vertrag ergeben. <u><\/u><u><\/u><\/p>\n<p>Comic Con Group beh\u00e4lt sich das Recht vor, die Allgemeinen Gesch\u00e4ftsbedingungen jederzeit zu \u00e4ndern. F\u00fcr den Fall, dass eine Bestimmung der Allgemeinen Gesch\u00e4ftsbedingungen in irgendeiner Hinsicht als ung\u00fcltig, rechtswidrig oder nicht durchsetzbar erachtet wird, gilt diese Bestimmung als abtrennbar und ber\u00fchrt nicht die G\u00fcltigkeit und Durchsetzbarkeit der \u00fcbrigen Bestimmungen. <u><\/u><u><\/u><\/p>\n<h2>Informationen zur Barrierefreiheit<\/h2>\n<p>Comic Con Group arbeitet hart daran, sicherzustellen, dass alle unsere Veranstaltungen f\u00fcr alle Teilnehmer zug\u00e4nglich sind.<u><\/u><u><\/u><\/p>\n<p>Ausgebildete Begleittiere von Teilnehmern mit Behinderungen sind in \u00dcbereinstimmung mit den Richtlinien des Veranstaltungsortes auf der Convention willkommen.<u><\/u><u><\/u><\/p>\n<p>Bitte senden Sie eine E-Mail an <a href=\"mailto:Contact@comiccon.lu\" target=\"_blank\" rel=\"noopener\">Contact@<wbr \/>comiccon.lu<\/a>, wenn Sie Fragen oder spezielle W\u00fcnsche zur Unterbringung haben.<u><\/u><u><\/u><\/p>\n<h2>Zulassungsrichtlinien<\/h2>\n<p>Alle Tickets f\u00fcr Comic Con Luxembourg werden nach dem Prinzip <q id=\"q-first-1\">Wer zuerst kommt, mahlt zuerst<\/q> vergeben (keine festen Pl\u00e4tze). Der Eintritt zu den einzelnen Aktivit\u00e4ten ist nur bis zur Kapazit\u00e4t des Veranstaltungsortes m\u00f6glich. <u><\/u><u><\/u><\/p>\n<h2>Datenschutzrichtlinie<\/h2>\n<p>Comic Con Luxembourg ist sich bewusst, dass Ihre Privatsph\u00e4re sehr wichtig ist. Wir wissen, dass die Angabe pers\u00f6nlicher Daten ein Vertrauensbeweis ist, und wir nehmen das ernst. <u><\/u><u><\/u><\/p>\n<p>Wenn Sie uns Ihre E-Mail-Adresse mitteilen, k\u00f6nnen Sie sicher sein, dass Ihre E-Mail-Adresse nicht von unserer Website entnommen und zu Massenmailinglisten hinzugef\u00fcgt wird. Die einzigen Personen, die Zugriff auf Ihre pers\u00f6nlichen Daten haben, sind die Mitarbeiter von Comic Con Luxembourg und Sie als Abonnent. <u><\/u><u><\/u><\/p>\n<p>&nbsp;<\/p>\n<p>Wenn Sie zu irgendeinem Zeitpunkt von unseren Mailinglisten gestrichen werden m\u00f6chten, senden Sie bitte eine E-Mail an<u><\/u><u><\/u><\/p>\n<p>Jedes Mal, wenn Sie www.comiccon.fr besuchen, erfassen wir automatisch einige Informationen \u00fcber Ihren Computer mithilfe eines \u201eCookies\u201c. Ein Cookie ist eine kleine Datenmenge, die von einem Webserver an Ihren Browser gesendet und auf der Festplatte Ihres Computers gespeichert wird. Sie k\u00f6nnen jederzeit w\u00e4hlen, keine Cookies zu empfangen, indem Sie die Optionen Ihres Webbrowsers so einstellen, dass er keine Cookies akzeptiert. <u><\/u><u><\/u><\/p>\n<p>Im Allgemeinen verwenden wir Cookies, um Verhaltenstrends auf unserer Website zu untersuchen und um Werbung gezielter auf Ihre Interessen und Ihr Verhalten auszurichten. Diese Cookie-Verfolgung wurde am 1. Oktober 2016 implementiert. <u><\/u><u><\/u><u><\/u> <u><\/u><\/p>\n<h2>Richtlinien f\u00fcr Verk\u00e4ufe \/ Anwerbung durch H\u00e4ndler<\/h2>\n<p>Der Verkauf von Waren und\/oder Dienstleistungen auf der Comic Con Luxembourg an Einzelpersonen durch andere Unternehmen als Comic Con Group oder seine Partner\/Sponsoren (einschlie\u00dflich, aber nicht beschr\u00e4nkt auf gewinnorientierte Einzelpersonen, gewinnorientierte Organisationen oder gemeinn\u00fctzige Organisationen oder Einzelpersonen, die gemeinn\u00fctzige Organisationen vertreten) ist nur unter folgender Bedingung gestattet:<u><\/u><u><\/u><\/p>\n<p>Externe H\u00e4ndler, die ein Comic Con Luxembourg-Vereinbarungsformular zur Teilnahme an der Comic Con Luxembourg eingereicht haben, das externe H\u00e4ndler zul\u00e4sst, und von Comic Con Luxembourg genehmigt wurden. Comic Con Holland beh\u00e4lt sich das Recht vor, die Genehmigung jederzeit und aus beliebigem Grund zu widerrufen. <u><\/u><u><\/u><\/p>\n<p>Comic Con Luxembourg und seine Organisation sind keine Partei in Streitigkeiten \u00fcber Waren, die von externen H\u00e4ndlern\/Anbietern auf der Convention gekauft wurden.<u><\/u><u><\/u><\/p>\n<p><u><\/u>Jeder Kauf erfolgt daher auf eigenes Risiko, und im Falle von Beschwerden sollten Sie sich direkt an die H\u00e4ndler wenden.<u><\/u><u><\/u><\/p>\n<h2>Waffenrichtlinie<\/h2>\n<p>Comic Con Luxembourg hat eine strikte Waffenverbotsrichtlinie.<u><\/u><u><\/u><\/p>\n<p>Comic Con Luxembourg ist eine private Veranstaltung, und es ist den Teilnehmern untersagt, Waffen jeglicher Art zu tragen. Zu den verbotenen Gegenst\u00e4nden geh\u00f6ren unter anderem Schusswaffen, Munition, Taser, Messer, scharfe Gegenst\u00e4nde oder Sprengstoffe jeglicher Art, unabh\u00e4ngig davon, ob sie offen oder verdeckt getragen werden, und sind auch dann verboten, wenn die Waffen nicht funktionsf\u00e4hig oder unbrauchbar sind. Gegenst\u00e4nde, deren Besitz oder Tragen f\u00fcr Sie legal sein mag, sind auf unseren Veranstaltungen nicht willkommen, wenn sie gegen diese Waffenrichtlinie versto\u00dfen. <u><\/u><u><\/u><\/p>\n<p>Ihre Teilnahme an Comic Con Luxembourg und seine Organisation sind keine Partei in Streitigkeiten \u00fcber Waren, die von externen H\u00e4ndlern auf der Messe gekauft wurden, bedeutet, dass Sie sich damit einverstanden erkl\u00e4ren, diese Waffenrichtlinie einzuhalten, unabh\u00e4ngig davon, ob die Waffenrichtlinie auf dem Gel\u00e4nde einer offiziellen Veranstaltung ausgeh\u00e4ngt ist.<u><\/u><u><\/u><\/p>\n<p>Sie verstehen und erkl\u00e4ren sich ferner damit einverstanden, dass wir zu Ihrer eigenen Sicherheit und der Sicherheit aller auf Comic Con Luxembourg und seine Organisation sind keine Partei in Streitigkeiten \u00fcber Waren, die von externen H\u00e4ndlern auf der Messe gekauft wurden, das absolute und unmittelbare Recht haben, Ihre Taschen, M\u00e4ntel und alle anderen Gegenst\u00e4nde, die Sie zum Festival mitbringen, zu inspizieren. Ihre Sicherheit und die aller anderen ist uns sehr wichtig. [\/vc_column_text][\/vc_column][vc_column width=&#8220;1\/3\u2033][\/vc_column][\/vc_row]<\/p>\n<\/div>","protected":false},"excerpt":{"rendered":"<p>[vc_row][vc_column width=&#8220;2\/3\u2033][vc_custom_heading heading_semantic=&#8220;h1\u2033 text_size=&#8220;h1\u2033 uncode_shortcode_id=&#8220;104832\u2033]Comic Con Group Regeln, Bestimmungen &amp; Bedingungen[\/vc_custom_heading][vc_column_text uncode_shortcode_id=&#8220;140853\u2033]Ein Ticket ist eine eingeschr\u00e4nkte, widerrufliche Lizenz zur Teilnahme [&hellip;]<\/p>\n","protected":false},"author":4,"featured_media":0,"parent":0,"menu_order":0,"comment_status":"closed","ping_status":"closed","template":"","meta":{"footnotes":""},"class_list":["post-1007","page","type-page","status-publish","hentry"],"_links":{"self":[{"href":"https:\/\/comiccon.lu\/de\/wp-json\/wp\/v2\/pages\/1007","targetHints":{"allow":["GET"]}}],"collection":[{"href":"https:\/\/comiccon.lu\/de\/wp-json\/wp\/v2\/pages"}],"about":[{"href":"https:\/\/comiccon.lu\/de\/wp-json\/wp\/v2\/types\/page"}],"author":[{"embeddable":true,"href":"https:\/\/comiccon.lu\/de\/wp-json\/wp\/v2\/users\/4"}],"replies":[{"embeddable":true,"href":"https:\/\/comiccon.lu\/de\/wp-json\/wp\/v2\/comments?post=1007"}],"version-history":[{"count":2,"href":"https:\/\/comiccon.lu\/de\/wp-json\/wp\/v2\/pages\/1007\/revisions"}],"predecessor-version":[{"id":1116,"href":"https:\/\/comiccon.lu\/de\/wp-json\/wp\/v2\/pages\/1007\/revisions\/1116"}],"wp:attachment":[{"href":"https:\/\/comiccon.lu\/de\/wp-json\/wp\/v2\/media?parent=1007"}],"curies":[{"name":"wp","href":"https:\/\/api.w.org\/{rel}","templated":true}]}}