{"id":1037,"date":"2025-03-15T10:18:04","date_gmt":"2025-03-15T09:18:04","guid":{"rendered":"https:\/\/comiccon.lu\/waffenregeln\/"},"modified":"2025-07-02T15:08:59","modified_gmt":"2025-07-02T14:08:59","slug":"waffenregeln","status":"publish","type":"page","link":"https:\/\/comiccon.lu\/de\/waffenregeln\/","title":{"rendered":"Waffenregeln"},"content":{"rendered":"<div class=\"wpb-content-wrapper\"><p>[vc_row row_height_percent=&#8220;0\u2033 override_padding=&#8220;yes&#8220; h_padding=&#8220;2\u2033 top_padding=&#8220;2\u2033 bottom_padding=&#8220;7\u2033 back_color=&#8220;color-vyce&#8220; overlay_alpha=&#8220;50\u2033 gutter_size=&#8220;3\u2033 column_width_percent=&#8220;100\u2033 shift_y=&#8220;0\u2033 z_index=&#8220;0\u2033 content_parallax=&#8220;0\u2033 uncode_shortcode_id=&#8220;149826\u2033 back_color_type=&#8220;uncode-palette&#8220;][vc_column column_width_percent=&#8220;100\u2033 gutter_size=&#8220;3\u2033 style=&#8220;dark&#8220; overlay_alpha=&#8220;50\u2033 shift_x=&#8220;0\u2033 shift_y=&#8220;0\u2033 shift_y_down=&#8220;0\u2033 z_index=&#8220;0\u2033 medium_width=&#8220;0\u2033 mobile_width=&#8220;0\u2033 width=&#8220;1\/1\u2033 uncode_shortcode_id=&#8220;158114\u2033][vc_custom_heading heading_semantic=&#8220;h1\u2033 text_size=&#8220;h1\u2033 uncode_shortcode_id=&#8220;315180\u2033]Waffenregeln[\/vc_custom_heading][vc_row_inner][vc_column_inner column_width_percent=&#8220;100\u2033 gutter_size=&#8220;2\u2033 style=&#8220;dark&#8220; overlay_alpha=&#8220;50\u2033 shift_x=&#8220;0\u2033 shift_y=&#8220;0\u2033 shift_y_down=&#8220;0\u2033 z_index=&#8220;0\u2033 medium_width=&#8220;0\u2033 mobile_width=&#8220;0\u2033 width=&#8220;7\/12\u2033 uncode_shortcode_id=&#8220;134410\u2033][vc_gallery el_id=&#8220;gallery-124090\u2033 isotope_mode=&#8220;fitRows&#8220; medias=&#8220;279,280,281,282,283,284,285,286\u2033 gutter_size=&#8220;3\u2033 media_items=&#8220;media|nolink|original,icon&#8220; screen_lg=&#8220;1000\u2033 screen_md=&#8220;600\u2033 screen_sm=&#8220;480\u2033 single_width=&#8220;2\u2033 single_overlay_opacity=&#8220;1\u2033 single_overlay_anim=&#8220;no&#8220; single_text_anim=&#8220;no&#8220; single_image_anim=&#8220;no&#8220; single_padding=&#8220;2\u2033 single_border=&#8220;yes&#8220; uncode_shortcode_id=&#8220;100908\u2033][vc_column_text uncode_shortcode_id=&#8220;490706\u2033 el_class=&#8220;weaponrulesTxt&#8220;]<\/p>\n<ul>\n<li>Sowohl \u201erealistische\u201c Nachbildungen von Waffen als auch gef\u00e4lschte Schwerter und Katanas aus Stahl sind auf der Stra\u00dfe, in der U-Bahn, innerhalb und au\u00dferhalb des Gel\u00e4ndes der Paris Expo Porte De Versailles verboten. Alle \u201erealistischen\u201c Nachbildungen von Waffen und\/oder Waffen aus Stahl k\u00f6nnen sofort beschlagnahmt werden; sowohl in der U-Bahn, auf der Stra\u00dfe als auch au\u00dferhalb und innerhalb der Paris Expo Porte De Versailles.<\/li>\n<li>Jedes gef\u00e4lschte Schwert oder Katana, das auf der Comic Con Luxembourg gekauft wird, sollte in der Originalverpackung bleiben. Gekaufte Schwerter und Katanas m\u00fcssen bis zu Hause im Karton bleiben. Ein Aussteller m\u00f6chte Ihnen einen Artikel ohne Karton verkaufen? Nehmen Sie ihn nicht. Es besteht n\u00e4mlich die Wahrscheinlichkeit, dass er sofort beschlagnahmt wird, sobald Sie die Paris Expo Porte De Versailles verlassen, oder sp\u00e4ter auf der Stra\u00dfe oder in \u00f6ffentlichen Verkehrsmitteln.<\/li>\n<li>Jeder, der ein \u201erealistisches\u201c Milit\u00e4rkost\u00fcm hat oder verkleidet kommt, ben\u00f6tigt eine \u201eVorverkaufs\u201c-Karte f\u00fcr die Comic Con Luxembourg, um das Kost\u00fcm zu rechtfertigen. Bitte tragen Sie das Kost\u00fcm nicht au\u00dferhalb der Convention.<\/li>\n<li>Masken, die Teile des Gesichts oder das ganze Gesicht verdecken, sind in der U-Bahn, auf der Stra\u00dfe und au\u00dferhalb der Paris Expo Porte De Versailles verboten. Es ist jedoch kein Problem, nach der Kontrolle am Eingang eine Maske auf der Comic Con Luxembourg zu tragen.<\/li>\n<li>Auf der Comic Con selbst ist es erlaubt, Masken zu tragen und vollst\u00e4ndig im Cosplay zu sein.<\/li>\n<li>Innerhalb der Comic Con Luxembourg k\u00f6nnen Sie alle zugelassenen Requisiten und Kost\u00fcme verwenden, transportieren Sie aber alles in versiegelten Taschen bis zur Convention selbst. Dies dient dazu, Missverst\u00e4ndnisse zu vermeiden.<\/li>\n<li>Zeigen Sie Respekt f\u00fcreinander und zeigen Sie Verst\u00e4ndnis f\u00fcr diese Frage der Polizei, denn schlie\u00dflich wei\u00df jemand au\u00dferhalb der Convention vielleicht nicht, was Cosplay ist oder wei\u00df nicht einmal, was Comic Con ist, und es ist nicht die Idee, dass wir die Leute beunruhigen.<\/li>\n<li>Seid auf der Comic Con Luxembourg immer freundlich und respektvoll!<\/li>\n<\/ul>\n<p>[\/vc_column_text][\/vc_column_inner][vc_column_inner column_width_percent=&#8220;100\u2033 gutter_size=&#8220;2\u2033 overlay_alpha=&#8220;50\u2033 shift_x=&#8220;0\u2033 shift_y=&#8220;0\u2033 shift_y_down=&#8220;0\u2033 z_index=&#8220;0\u2033 medium_width=&#8220;0\u2033 mobile_width=&#8220;0\u2033 width=&#8220;5\/12\u2033 uncode_shortcode_id=&#8220;887983\u2033][vc_single_image media=&#8220;287\u2033 media_width_percent=&#8220;100\u2033 uncode_shortcode_id=&#8220;499316\u2033][vc_button button_color=&#8220;color-141378\u2033 hover_fx=&#8220;full-colored&#8220; border_width=&#8220;0\u2033 link=&#8220;url:https%3A%2F%2Fcomiccon.lu%2Fde%2Faktivitaeten%2Fcosplay%2F|title:Programm|&#8220; button_color_type=&#8220;uncode-palette&#8220; uncode_shortcode_id=&#8220;195256\u2033]Mehr Cosplay-Infos[\/vc_button][\/vc_column_inner][\/vc_row_inner][vc_custom_heading heading_semantic=&#8220;h4\u2033 text_size=&#8220;h4\u2033 uncode_shortcode_id=&#8220;114231\u2033]Mehr Informationen[\/vc_custom_heading][uncode_index el_id=&#8220;index-732782\u2033 index_type=&#8220;css_grid&#8220; loop=&#8220;size:8|order_by:date|post_type:page|by_id:30,28,26,24,22,20,18,444|taxonomy_count:10\u2033 screen_lg_items=&#8220;3\u2033 screen_lg_breakpoint=&#8220;1000\u2033 screen_md_items=&#8220;2\u2033 screen_md_breakpoint=&#8220;780\u2033 screen_sm_items=&#8220;1\u2033 screen_sm_breakpoint=&#8220;570\u2033 gutter_size=&#8220;3\u2033 post_items=&#8220;media|featured|onpost|original,title&#8220; single_text=&#8220;lateral&#8220; single_image_size=&#8220;3\u2033 single_overlay_opacity=&#8220;1\u2033 single_padding=&#8220;2\u2033 custom_order=&#8220;yes&#8220; no_double_tap=&#8220;yes&#8220; uncode_shortcode_id=&#8220;205698\u2033 el_class=&#8220;postblock postblockinfo postblockinfohome&#8220; order_ids=&#8220;104,114,106,30,112,110,108,116\u2033][\/vc_column][\/vc_row][vc_row][vc_column width=&#8220;1\/1\u2033][uncode_block id=&#8220;917\u2033][\/vc_column][\/vc_row]<\/p>\n<\/div>","protected":false},"excerpt":{"rendered":"<p>[vc_row row_height_percent=&#8220;0\u2033 override_padding=&#8220;yes&#8220; h_padding=&#8220;2\u2033 top_padding=&#8220;2\u2033 bottom_padding=&#8220;7\u2033 back_color=&#8220;color-vyce&#8220; overlay_alpha=&#8220;50\u2033 gutter_size=&#8220;3\u2033 column_width_percent=&#8220;100\u2033 shift_y=&#8220;0\u2033 z_index=&#8220;0\u2033 content_parallax=&#8220;0\u2033 uncode_shortcode_id=&#8220;149826\u2033 back_color_type=&#8220;uncode-palette&#8220;][vc_column column_width_percent=&#8220;100\u2033 gutter_size=&#8220;3\u2033 style=&#8220;dark&#8220; overlay_alpha=&#8220;50\u2033 shift_x=&#8220;0\u2033 [&hellip;]<\/p>\n","protected":false},"author":1,"featured_media":243,"parent":0,"menu_order":0,"comment_status":"closed","ping_status":"closed","template":"","meta":{"footnotes":""},"class_list":["post-1037","page","type-page","status-publish","has-post-thumbnail","hentry"],"_links":{"self":[{"href":"https:\/\/comiccon.lu\/de\/wp-json\/wp\/v2\/pages\/1037","targetHints":{"allow":["GET"]}}],"collection":[{"href":"https:\/\/comiccon.lu\/de\/wp-json\/wp\/v2\/pages"}],"about":[{"href":"https:\/\/comiccon.lu\/de\/wp-json\/wp\/v2\/types\/page"}],"author":[{"embeddable":true,"href":"https:\/\/comiccon.lu\/de\/wp-json\/wp\/v2\/users\/1"}],"replies":[{"embeddable":true,"href":"https:\/\/comiccon.lu\/de\/wp-json\/wp\/v2\/comments?post=1037"}],"version-history":[{"count":11,"href":"https:\/\/comiccon.lu\/de\/wp-json\/wp\/v2\/pages\/1037\/revisions"}],"predecessor-version":[{"id":1122,"href":"https:\/\/comiccon.lu\/de\/wp-json\/wp\/v2\/pages\/1037\/revisions\/1122"}],"wp:featuredmedia":[{"embeddable":true,"href":"https:\/\/comiccon.lu\/de\/wp-json\/wp\/v2\/media\/243"}],"wp:attachment":[{"href":"https:\/\/comiccon.lu\/de\/wp-json\/wp\/v2\/media?parent=1037"}],"curies":[{"name":"wp","href":"https:\/\/api.w.org\/{rel}","templated":true}]}}