{"id":1050,"date":"2025-03-15T10:18:15","date_gmt":"2025-03-15T09:18:15","guid":{"rendered":"https:\/\/comiccon.lu\/eintrittskarten\/"},"modified":"2026-02-19T14:56:06","modified_gmt":"2026-02-19T13:56:06","slug":"eintrittskarten","status":"publish","type":"page","link":"https:\/\/comiccon.lu\/de\/eintrittskarten\/","title":{"rendered":"Eintrittskarten"},"content":{"rendered":"<div class=\"wpb-content-wrapper\"><p>[vc_row row_height_percent=&#8220;0\u2033 back_image=&#8220;93\u2033 overlay_alpha=&#8220;50\u2033 gutter_size=&#8220;3\u2033 column_width_percent=&#8220;100\u2033 shift_y=&#8220;0\u2033 z_index=&#8220;0\u2033 enable_bottom_divider=&#8220;default&#8220; shape_bottom_invert=&#8220;yes&#8220; shape_bottom_h_use_pixel=&#8220;&#8220; shape_bottom_height=&#8220;100\u2033 shape_bottom_color=&#8220;color-vyce&#8220; shape_bottom_opacity=&#8220;100\u2033 shape_bottom_index=&#8220;0\u2033 content_parallax=&#8220;0\u2033 uncode_shortcode_id=&#8220;296500\u2033 row_height_pixel=&#8220;450\u2033 shape_bottom_color_type=&#8220;uncode-palette&#8220;][vc_column width=&#8220;1\/1\u2033][vc_row_inner][vc_column_inner column_width_percent=&#8220;100\u2033 gutter_size=&#8220;2\u2033 style=&#8220;dark&#8220; overlay_alpha=&#8220;50\u2033 shift_x=&#8220;0\u2033 shift_y=&#8220;0\u2033 shift_y_down=&#8220;0\u2033 z_index=&#8220;0\u2033 medium_width=&#8220;0\u2033 mobile_width=&#8220;0\u2033 width=&#8220;2\/3\u2033 uncode_shortcode_id=&#8220;317223\u2033][vc_custom_heading heading_semantic=&#8220;h1\u2033 text_size=&#8220;h1\u2033 uncode_shortcode_id=&#8220;114500\u2033]Eintrittskarten[\/vc_custom_heading][vc_column_text uncode_shortcode_id=&#8220;397945\u2033 el_class=&#8220;introText&#8220;]Tickets f\u00fcr Comic Con Events sind oft schnell ausverkauft, daher ist es wichtig, Ihre Tickets so schnell wie m\u00f6glich zu kaufen, um sicherzustellen, dass Sie dabei sind.[\/vc_column_text][\/vc_column_inner][vc_column_inner column_width_percent=&#8220;100\u2033 gutter_size=&#8220;3\u2033 overlay_alpha=&#8220;50\u2033 shift_x=&#8220;0\u2033 shift_y=&#8220;0\u2033 shift_y_down=&#8220;0\u2033 z_index=&#8220;0\u2033 medium_visibility=&#8220;yes&#8220; medium_width=&#8220;0\u2033 mobile_visibility=&#8220;yes&#8220; mobile_width=&#8220;0\u2033 width=&#8220;1\/3\u2033 uncode_shortcode_id=&#8220;418821\u2033][\/vc_column_inner][\/vc_row_inner][\/vc_column][\/vc_row][vc_row row_height_percent=&#8220;0\u2033 back_color=&#8220;color-vyce&#8220; overlay_alpha=&#8220;50\u2033 gutter_size=&#8220;4\u2033 column_width_percent=&#8220;100\u2033 shift_y=&#8220;-5\u2033 z_index=&#8220;2\u2033 content_parallax=&#8220;0\u2033 uncode_shortcode_id=&#8220;195986\u2033 back_color_type=&#8220;uncode-palette&#8220; el_class=&#8220;thetickets&#8220;][vc_column column_width_percent=&#8220;100\u2033 align_horizontal=&#8220;align_center&#8220; gutter_size=&#8220;2\u2033 style=&#8220;dark&#8220; overlay_alpha=&#8220;50\u2033 shift_x=&#8220;0\u2033 shift_y=&#8220;-3\u2033 shift_y_down=&#8220;0\u2033 z_index=&#8220;0\u2033 medium_width=&#8220;4\u2033 mobile_width=&#8220;0\u2033 parallax_intensity=&#8220;2\u2033 width=&#8220;1\/4\u2033 uncode_shortcode_id=&#8220;209037\u2033][vc_single_image media=&#8220;412\u2033 media_width_percent=&#8220;100\u2033 uncode_shortcode_id=&#8220;720402\u2033 media_link=&#8220;url:https%3A%2F%2Fsales.ticketing.cm.com%2Fccluxenbourg2026%2Fde-de|target:_blank&#8220; el_class=&#8220;imageGrow&#8220;][vc_column_text uncode_shortcode_id=&#8220;178804\u2033]Ein <strong>erm\u00e4\u00dfigtes Ticket<\/strong> f\u00fcr Personen, die im <strong>Cosplay<\/strong> (verkleidet) kommen.<\/p>\n<p>Es gibt auch ein Cosplay-Wochenendticket.[\/vc_column_text][\/vc_column][vc_column column_width_percent=&#8220;100\u2033 align_horizontal=&#8220;align_center&#8220; gutter_size=&#8220;2\u2033 style=&#8220;dark&#8220; overlay_alpha=&#8220;50\u2033 shift_x=&#8220;0\u2033 shift_y=&#8220;-3\u2033 shift_y_down=&#8220;0\u2033 z_index=&#8220;0\u2033 medium_width=&#8220;4\u2033 mobile_width=&#8220;0\u2033 parallax_intensity=&#8220;4\u2033 width=&#8220;1\/4\u2033 uncode_shortcode_id=&#8220;412924\u2033][vc_single_image media=&#8220;413\u2033 media_width_percent=&#8220;100\u2033 uncode_shortcode_id=&#8220;489528\u2033 media_link=&#8220;url:https%3A%2F%2Fsales.ticketing.cm.com%2Fccluxenbourg2026%2Fde-de|target:_blank&#8220; el_class=&#8220;imageGrow&#8220;][vc_column_text uncode_shortcode_id=&#8220;551809\u2033]Regul\u00e4res Tagesticket[\/vc_column_text][\/vc_column][vc_column column_width_percent=&#8220;100\u2033 align_horizontal=&#8220;align_center&#8220; gutter_size=&#8220;2\u2033 style=&#8220;dark&#8220; overlay_alpha=&#8220;50\u2033 shift_x=&#8220;0\u2033 shift_y=&#8220;-3\u2033 shift_y_down=&#8220;0\u2033 z_index=&#8220;0\u2033 medium_width=&#8220;4\u2033 mobile_width=&#8220;0\u2033 parallax_intensity=&#8220;6\u2033 width=&#8220;1\/4\u2033 uncode_shortcode_id=&#8220;193578\u2033][vc_single_image media=&#8220;414\u2033 media_width_percent=&#8220;100\u2033 uncode_shortcode_id=&#8220;934733\u2033 media_link=&#8220;url:https%3A%2F%2Fsales.ticketing.cm.com%2Fccluxenbourg2026%2Fde-de|target:_blank&#8220; el_class=&#8220;imageGrow&#8220;][vc_column_text uncode_shortcode_id=&#8220;483337\u2033]<strong>Ticket Wochenende<\/strong><\/p>\n<p><strong>Wochenendtickets<\/strong>[\/vc_column_text][\/vc_column][vc_column column_width_percent=&#8220;100\u2033 align_horizontal=&#8220;align_center&#8220; gutter_size=&#8220;2\u2033 style=&#8220;dark&#8220; overlay_alpha=&#8220;50\u2033 shift_x=&#8220;0\u2033 shift_y=&#8220;-3\u2033 shift_y_down=&#8220;0\u2033 z_index=&#8220;0\u2033 medium_width=&#8220;4\u2033 mobile_width=&#8220;0\u2033 parallax_intensity=&#8220;8\u2033 width=&#8220;1\/4\u2033 uncode_shortcode_id=&#8220;180120\u2033][vc_single_image media=&#8220;415\u2033 media_width_percent=&#8220;100\u2033 uncode_shortcode_id=&#8220;101327\u2033 media_link=&#8220;url:https%3A%2F%2Fsales.ticketing.cm.com%2Fccluxenbourg2026%2Fde-de|target:_blank&#8220; el_class=&#8220;imageGrow&#8220;][vc_column_text uncode_shortcode_id=&#8220;139194\u2033]<strong>Geek Deluxe Tickets<\/strong><\/p>\n<p>Fr\u00fcherer Einlass um 9:00 Uhr an beiden Tagen, Goodie Bag, T-Shirt[\/vc_column_text][\/vc_column][\/vc_row][vc_row row_height_percent=&#8220;0\u2033 back_color=&#8220;color-vyce&#8220; overlay_alpha=&#8220;50\u2033 gutter_size=&#8220;3\u2033 column_width_percent=&#8220;100\u2033 shift_y=&#8220;0\u2033 z_index=&#8220;0\u2033 content_parallax=&#8220;0\u2033 uncode_shortcode_id=&#8220;700261\u2033 back_color_type=&#8220;uncode-palette&#8220; el_class=&#8220;phototicket&#8220;][vc_column column_width_percent=&#8220;100\u2033 position_vertical=&#8220;middle&#8220; gutter_size=&#8220;2\u2033 overlay_alpha=&#8220;50\u2033 shift_x=&#8220;0\u2033 shift_y=&#8220;0\u2033 shift_y_down=&#8220;0\u2033 z_index=&#8220;0\u2033 medium_width=&#8220;3\u2033 mobile_width=&#8220;0\u2033 width=&#8220;2\/12\u2033 uncode_shortcode_id=&#8220;142320\u2033][vc_single_image media=&#8220;416\u2033 media_width_percent=&#8220;100\u2033 uncode_shortcode_id=&#8220;101581\u2033 media_link=&#8220;url:https%3A%2F%2Fstore.ticketing.cm.com%2Fccluxembourg2025%2F%3Flanguage%3DEN|target:_blank&#8220; el_class=&#8220;imageGrow&#8220;][\/vc_column][vc_column column_width_percent=&#8220;100\u2033 position_vertical=&#8220;middle&#8220; gutter_size=&#8220;2\u2033 style=&#8220;dark&#8220; overlay_alpha=&#8220;50\u2033 shift_x=&#8220;0\u2033 shift_y=&#8220;0\u2033 shift_y_down=&#8220;0\u2033 z_index=&#8220;0\u2033 medium_width=&#8220;5\u2033 mobile_width=&#8220;0\u2033 width=&#8220;4\/12\u2033 uncode_shortcode_id=&#8220;113178\u2033][vc_custom_heading text_size=&#8220;h3\u2033 uncode_shortcode_id=&#8220;212871\u2033]FOTOSHOOTS AUTOGRAMME[\/vc_custom_heading][vc_column_text uncode_shortcode_id=&#8220;198039\u2033]<\/p>\n<ul>\n<li>G\u00fcltig f\u00fcr ein professionelles Fotoshooting mit dem Gast Ihrer Wahl mit maximal 3 Personen insgesamt (den Gast nicht mitgez\u00e4hlt).<\/li>\n<li>Sie erhalten sofort ein professionell gedrucktes Foto auf der Convention und k\u00f6nnen das Foto anschlie\u00dfend online herunterladen.<\/li>\n<li>Autogramme sind in der Regel direkt beim Gast auf der Convention per Karte oder in bar zu bezahlen. Um jedoch die Warteschlange zu kontrollieren, bieten wir Autogrammtickets im Vorverkauf in unserem Ticketshop an. Sollte ein Gast Autogrammtickets im Vorverkauf haben und diese vollst\u00e4ndig ausverkauft sein, besteht auch keine M\u00f6glichkeit, sein Autogramm auf der Convention zu bezahlen.<\/li>\n<\/ul>\n<p>[\/vc_column_text][vc_button button_color=&#8220;color-xsdn&#8220; hover_fx=&#8220;full-colored&#8220; border_width=&#8220;0\u2033 uncode_shortcode_id=&#8220;165190\u2033 link=&#8220;url:https%3A%2F%2Fsales.ticketing.cm.com%2Fccluxenbourg2026%2Fde-de|target:_blank&#8220; button_color_type=&#8220;uncode-palette&#8220;]Tickets erwerben[\/vc_button][\/vc_column][vc_column column_width_percent=&#8220;100\u2033 gutter_size=&#8220;3\u2033 overlay_alpha=&#8220;50\u2033 shift_x=&#8220;0\u2033 shift_y=&#8220;0\u2033 shift_y_down=&#8220;0\u2033 z_index=&#8220;0\u2033 medium_width=&#8220;7\u2033 mobile_width=&#8220;0\u2033 width=&#8220;6\/12\u2033 uncode_shortcode_id=&#8220;312050\u2033][vc_single_image media=&#8220;295\u2033 media_width_percent=&#8220;100\u2033 uncode_shortcode_id=&#8220;286660\u2033][\/vc_column][\/vc_row][vc_row row_height_percent=&#8220;0\u2033 back_color=&#8220;color-vyce&#8220; overlay_alpha=&#8220;50\u2033 gutter_size=&#8220;3\u2033 column_width_percent=&#8220;100\u2033 shift_y=&#8220;0\u2033 z_index=&#8220;0\u2033 content_parallax=&#8220;0\u2033 uncode_shortcode_id=&#8220;186283\u2033 back_color_type=&#8220;uncode-palette&#8220;][vc_column column_width_percent=&#8220;100\u2033 gutter_size=&#8220;3\u2033 style=&#8220;dark&#8220; overlay_alpha=&#8220;50\u2033 shift_x=&#8220;0\u2033 shift_y=&#8220;0\u2033 shift_y_down=&#8220;0\u2033 z_index=&#8220;0\u2033 medium_width=&#8220;0\u2033 mobile_width=&#8220;0\u2033 width=&#8220;1\/1\u2033 uncode_shortcode_id=&#8220;131391\u2033][vc_row_inner][vc_column_inner column_width_percent=&#8220;100\u2033 gutter_size=&#8220;2\u2033 style=&#8220;dark&#8220; overlay_alpha=&#8220;50\u2033 shift_x=&#8220;0\u2033 shift_y=&#8220;0\u2033 shift_y_down=&#8220;0\u2033 z_index=&#8220;0\u2033 medium_width=&#8220;0\u2033 mobile_width=&#8220;0\u2033 width=&#8220;2\/3\u2033 uncode_shortcode_id=&#8220;462638\u2033][vc_custom_heading uncode_shortcode_id=&#8220;162066\u2033]FAQ[\/vc_custom_heading][\/vc_column_inner][vc_column_inner column_width_percent=&#8220;100\u2033 gutter_size=&#8220;3\u2033 overlay_alpha=&#8220;50\u2033 shift_x=&#8220;0\u2033 shift_y=&#8220;0\u2033 shift_y_down=&#8220;0\u2033 z_index=&#8220;0\u2033 medium_visibility=&#8220;yes&#8220; medium_width=&#8220;0\u2033 mobile_visibility=&#8220;yes&#8220; mobile_width=&#8220;0\u2033 width=&#8220;1\/3\u2033 uncode_shortcode_id=&#8220;200367\u2033][\/vc_column_inner][\/vc_row_inner][vc_row_inner][vc_column_inner column_width_percent=&#8220;100\u2033 gutter_size=&#8220;1\u2033 style=&#8220;dark&#8220; overlay_alpha=&#8220;50\u2033 shift_x=&#8220;0\u2033 shift_y=&#8220;0\u2033 shift_y_down=&#8220;0\u2033 z_index=&#8220;0\u2033 medium_width=&#8220;0\u2033 mobile_width=&#8220;0\u2033 width=&#8220;2\/3\u2033 uncode_shortcode_id=&#8220;184637\u2033][vc_accordion typography=&#8220;yes&#8220; active_tab=&#8220;0\u2033][vc_accordion_tab gutter_size=&#8220;2\u2033 column_padding=&#8220;2\u2033 title=&#8220;Ich habe ein Ticket f\u00fcr den falschen Tag gekauft, kann ich diesen Tag \u00e4ndern?&#8220; tab_id=&#8220;1675442216-1-301678029498589\u2033 slug=&#8220;I bought a ticket for the wrong day, can I change this day?&#8220;][vc_column_text uncode_shortcode_id=&#8220;146792\u2033]Dies ist m\u00f6glich, indem Sie den Ticketservice per E-Mail mit dieser Frage unter <a href=\"mailto:support@cmtickets.com\">support@cmtickets.com<\/a> kontaktieren.[\/vc_column_text][\/vc_accordion_tab][vc_accordion_tab gutter_size=&#8220;2\u2033 column_padding=&#8220;2\u2033 title=&#8220;Ich habe ein Cosplay-Ticket gekauft, m\u00f6chte aber nicht mehr im Cosplay kommen. Was nun?&#8220; tab_id=&#8220;1675442216-2-471678029498589\u2033 slug=&#8220;I bought a Cosplay ticket, but I don\u2019t want to come in Cosplay anymore. What now?&#8220;][vc_column_text uncode_shortcode_id=&#8220;166897\u2033]Kein Problem, Sie k\u00f6nnen die Preisdifferenz bezahlen und Ihr Ticket auf ein Standardticket umbuchen lassen.<br \/>\nDies ist m\u00f6glich, indem Sie den Ticketservice per E-Mail mit dieser Frage unter <a href=\"mailto:support@cmtickets.com\" target=\"_blank\" rel=\"noopener\">support@cmtickets.com<\/a> kontaktieren.[\/vc_column_text][\/vc_accordion_tab][vc_accordion_tab gutter_size=&#8220;2\u2033 column_padding=&#8220;2\u2033 title=&#8220;Ich habe versehentlich ein Cosplay-Ticket gekauft, was nun?&#8220; tab_id=&#8220;1675442312934-2-61678029498589\u2033 slug=&#8220;I bought a Cosplay ticket by mistake, what now?&#8220;][vc_column_text uncode_shortcode_id=&#8220;937257\u2033]Kein Problem, Sie k\u00f6nnen die Preisdifferenz bezahlen und Ihr Ticket auf ein Standardticket umbuchen lassen.<br \/>\nDies ist m\u00f6glich, indem Sie den Ticketservice per E-Mail mit dieser Frage unter <a href=\"mailto:support@cmtickets.com\">support@cmtickets.com<\/a> kontaktieren.[\/vc_column_text][\/vc_accordion_tab][vc_accordion_tab gutter_size=&#8220;2\u2033 column_padding=&#8220;2\u2033 title=&#8220;Ich m\u00f6chte mein Standardticket auf ein Wochenendticket, Early Bird oder ein Geek Deluxe upgraden.&#8220; tab_id=&#8220;1675442475664-3-91678029498589\u2033 slug=&#8220;I want to upgrade my standard ticket to a weekend ticket, Early Bird or a Geek Deluxe.&#8220;][vc_column_text uncode_shortcode_id=&#8220;188399\u2033]Kein Problem, Sie k\u00f6nnen die Preisdifferenz bezahlen und Ihr Ticket auf das Ticket Ihrer Wahl umbuchen lassen.<br \/>\nDies ist m\u00f6glich, indem Sie den Ticketservice per E-Mail mit dieser Frage unter <a href=\"mailto:support@cmtickets.com\">support@cmtickets.com<\/a> kontaktieren.[\/vc_column_text][\/vc_accordion_tab][vc_accordion_tab gutter_size=&#8220;2\u2033 column_padding=&#8220;2\u2033 title=&#8220;Mein Fotoshooting wurde abgesagt, weil ein Schauspieler aufgrund h\u00f6herer Gewalt nicht kommen konnte. Was passiert mit meinem Fotoshooting-Ticket?&#8220; tab_id=&#8220;1675442507649-4-61678029498589\u2033 slug=&#8220;My photoshoot was canceled because an actor was unable to come due to force majeure. What will happen to my photoshoot ticket?&#8220;][vc_column_text uncode_shortcode_id=&#8220;194788\u2033]Sie erhalten innerhalb der ersten zwei Tage nach der Absage einen Gutschein, mit dem Sie Ihr Ticket f\u00fcr ein anderes Fotoshooting auf der Comic Con einl\u00f6sen k\u00f6nnen.<\/p>\n<p>Wenn Sie davon keinen Gebrauch machen m\u00f6chten, erhalten Sie innerhalb der n\u00e4chsten 10 Werktage eine vollst\u00e4ndige R\u00fcckerstattung Ihres Geldes. Sie m\u00fcssen daf\u00fcr keine<br \/>\nMa\u00dfnahmen ergreifen.[\/vc_column_text][\/vc_accordion_tab][vc_accordion_tab gutter_size=&#8220;2\u2033 column_padding=&#8220;2\u2033 title=&#8220;Kann ich mein Comic Con Ticket weiterverkaufen, wenn ich nicht kommen kann?&#8220; tab_id=&#8220;1675442556723-5-71678029498589\u2033 slug=&#8220;Can I resell my Comic Con ticket if I am unable to come?&#8220;][vc_column_text uncode_shortcode_id=&#8220;431537\u2033]Tickets sind auf der Comic Con nicht namentlich gebunden.<\/p>\n<p>Sie k\u00f6nnen Ihr Ticket daher frei zum gleichen oder einem geringeren Wert weiterverkaufen oder es sogar einem Freund oder Familienmitglied schenken.<\/p>\n<p>Es ist jedoch nur erlaubt, gelegentlich und ohne Gewinnabsicht weiterzuverkaufen.<\/p>\n<p>Dies dient nat\u00fcrlich der Vermeidung von Missbrauch.[\/vc_column_text][\/vc_accordion_tab][vc_accordion_tab gutter_size=&#8220;2\u2033 column_padding=&#8220;2\u2033 title=&#8220;Ich kann nicht kommen, ist eine R\u00fcckerstattung m\u00f6glich?&#8220; tab_id=&#8220;1675442586633-6-91678029498589\u2033 slug=&#8220;I am unable to come, is it possible to get a refund?&#8220;][vc_column_text uncode_shortcode_id=&#8220;121665\u2033]F\u00fcr gekaufte Tickets ist keine R\u00fcckerstattung m\u00f6glich, aber Sie k\u00f6nnen es selbst weiterverkaufen.[\/vc_column_text][\/vc_accordion_tab][\/vc_accordion][\/vc_column_inner][vc_column_inner column_width_percent=&#8220;100\u2033 align_horizontal=&#8220;align_center&#8220; gutter_size=&#8220;2\u2033 style=&#8220;dark&#8220; overlay_alpha=&#8220;50\u2033 shift_x=&#8220;0\u2033 shift_y=&#8220;0\u2033 shift_y_down=&#8220;0\u2033 z_index=&#8220;0\u2033 medium_width=&#8220;0\u2033 mobile_width=&#8220;0\u2033 css_animation=&#8220;right-t-left&#8220; sticky=&#8220;yes&#8220; width=&#8220;1\/3\u2033 uncode_shortcode_id=&#8220;486835\u2033 el_class=&#8220;ticketSupportBlock&#8220;][vc_single_image media=&#8220;296\u2033 media_width_use_pixel=&#8220;yes&#8220; alignment=&#8220;center&#8220; css_animation=&#8220;zoom-in&#8220; uncode_shortcode_id=&#8220;156274\u2033 media_width_pixel=&#8220;200\u2033][vc_custom_heading heading_semantic=&#8220;h4\u2033 text_size=&#8220;h4\u2033 uncode_shortcode_id=&#8220;860778\u2033]Haben Sie Fragen zur Bestellung, Bezahlung oder Personalisierung von Tickets?[\/vc_custom_heading][vc_column_text uncode_shortcode_id=&#8220;100934\u2033]Gehen Sie zum <a href=\"https:\/\/support.cmtickets.com\/nl\" target=\"_blank\" rel=\"noopener\">Ticket-Support<\/a><br \/>\n(FAQ und Whatsapp)<br \/>\noder mailen Sie an <a href=\"mailto:support@cmtickets.com\" target=\"_blank\" rel=\"noopener\">support@cmtickets.com<\/a>[\/vc_column_text][\/vc_column_inner][\/vc_row_inner][vc_empty_space empty_h=&#8220;3\u2033][\/vc_column][\/vc_row]<\/p>\n<\/div>","protected":false},"excerpt":{"rendered":"<p>[vc_row row_height_percent=&#8220;0\u2033 back_image=&#8220;93\u2033 overlay_alpha=&#8220;50\u2033 gutter_size=&#8220;3\u2033 column_width_percent=&#8220;100\u2033 shift_y=&#8220;0\u2033 z_index=&#8220;0\u2033 enable_bottom_divider=&#8220;default&#8220; shape_bottom_invert=&#8220;yes&#8220; shape_bottom_h_use_pixel=&#8220;&#8220; shape_bottom_height=&#8220;100\u2033 shape_bottom_color=&#8220;color-vyce&#8220; shape_bottom_opacity=&#8220;100\u2033 shape_bottom_index=&#8220;0\u2033 content_parallax=&#8220;0\u2033 uncode_shortcode_id=&#8220;296500\u2033 row_height_pixel=&#8220;450\u2033 shape_bottom_color_type=&#8220;uncode-palette&#8220;][vc_column width=&#8220;1\/1\u2033][vc_row_inner][vc_column_inner [&hellip;]<\/p>\n","protected":false},"author":1,"featured_media":1051,"parent":0,"menu_order":0,"comment_status":"closed","ping_status":"closed","template":"","meta":{"footnotes":""},"class_list":["post-1050","page","type-page","status-publish","has-post-thumbnail","hentry"],"_links":{"self":[{"href":"https:\/\/comiccon.lu\/de\/wp-json\/wp\/v2\/pages\/1050","targetHints":{"allow":["GET"]}}],"collection":[{"href":"https:\/\/comiccon.lu\/de\/wp-json\/wp\/v2\/pages"}],"about":[{"href":"https:\/\/comiccon.lu\/de\/wp-json\/wp\/v2\/types\/page"}],"author":[{"embeddable":true,"href":"https:\/\/comiccon.lu\/de\/wp-json\/wp\/v2\/users\/1"}],"replies":[{"embeddable":true,"href":"https:\/\/comiccon.lu\/de\/wp-json\/wp\/v2\/comments?post=1050"}],"version-history":[{"count":5,"href":"https:\/\/comiccon.lu\/de\/wp-json\/wp\/v2\/pages\/1050\/revisions"}],"predecessor-version":[{"id":1681,"href":"https:\/\/comiccon.lu\/de\/wp-json\/wp\/v2\/pages\/1050\/revisions\/1681"}],"wp:featuredmedia":[{"embeddable":true,"href":"https:\/\/comiccon.lu\/de\/wp-json\/wp\/v2\/media\/1051"}],"wp:attachment":[{"href":"https:\/\/comiccon.lu\/de\/wp-json\/wp\/v2\/media?parent=1050"}],"curies":[{"name":"wp","href":"https:\/\/api.w.org\/{rel}","templated":true}]}}