{"id":1067,"date":"2025-03-15T10:19:45","date_gmt":"2025-03-15T09:19:45","guid":{"rendered":"https:\/\/comiccon.lu\/aktivitaeten\/"},"modified":"2025-07-02T15:01:38","modified_gmt":"2025-07-02T14:01:38","slug":"aktivitaeten","status":"publish","type":"page","link":"https:\/\/comiccon.lu\/de\/aktivitaeten\/","title":{"rendered":"Aktivit\u00e4ten"},"content":{"rendered":"<div class=\"wpb-content-wrapper\"><p>[vc_row row_height_percent=&#8220;0\u2033 override_padding=&#8220;yes&#8220; h_padding=&#8220;2\u2033 top_padding=&#8220;2\u2033 bottom_padding=&#8220;3\u2033 back_color=&#8220;color-vyce&#8220; overlay_alpha=&#8220;50\u2033 gutter_size=&#8220;3\u2033 column_width_percent=&#8220;100\u2033 shift_y=&#8220;0\u2033 z_index=&#8220;0\u2033 content_parallax=&#8220;0\u2033 uncode_shortcode_id=&#8220;165811\u2033 back_color_type=&#8220;uncode-palette&#8220;][vc_column column_width_percent=&#8220;100\u2033 gutter_size=&#8220;4\u2033 style=&#8220;dark&#8220; overlay_alpha=&#8220;50\u2033 shift_x=&#8220;0\u2033 shift_y=&#8220;0\u2033 shift_y_down=&#8220;0\u2033 z_index=&#8220;0\u2033 medium_width=&#8220;0\u2033 mobile_width=&#8220;0\u2033 width=&#8220;1\/1\u2033 uncode_shortcode_id=&#8220;197762\u2033][vc_custom_heading heading_semantic=&#8220;h1\u2033 text_size=&#8220;h1\u2033 uncode_shortcode_id=&#8220;964781\u2033]Aktivit\u00e4ten[\/vc_custom_heading][vc_wp_custommenu nav_menu=&#8220;5\u2033 nav_menu_horizontal=&#8220;1\u2033][vc_row_inner row_inner_height_percent=&#8220;0\u2033 overlay_alpha=&#8220;50\u2033 gutter_size=&#8220;3\u2033 shift_y=&#8220;0\u2033 z_index=&#8220;0\u2033 inverted_device_order=&#8220;yes&#8220; uncode_shortcode_id=&#8220;139619\u2033 css=&#8220;.vc_custom_1672334374509{padding-top: 0px !important;padding-bottom: 0px !important;}&#8220;][vc_column_inner column_width_percent=&#8220;100\u2033 position_vertical=&#8220;middle&#8220; gutter_size=&#8220;2\u2033 expand_height=&#8220;yes&#8220; style=&#8220;dark&#8220; overlay_alpha=&#8220;50\u2033 shift_x=&#8220;0\u2033 shift_y=&#8220;0\u2033 shift_y_down=&#8220;0\u2033 z_index=&#8220;0\u2033 medium_width=&#8220;0\u2033 mobile_width=&#8220;0\u2033 width=&#8220;1\/3\u2033 uncode_shortcode_id=&#8220;809326\u2033][vc_custom_heading uncode_shortcode_id=&#8220;719886\u2033]G\u00e4ste[\/vc_custom_heading][vc_column_text uncode_shortcode_id=&#8220;212198\u2033]Bist du ein gro\u00dfer Fan von Serien und Filmen? Dann bist du bei der Comic Con Luxembourg genau richtig! Bei jeder Ausgabe laden wir verschiedene Starg\u00e4ste ein, die du auf der Comic Con treffen kannst.<\/p>\n<p>Sie kommen, um \u00fcber ihre Rollen und Filme zu sprechen, aber du kannst auch ein Foto mit ihnen machen oder sie sind f\u00fcr Autogramme anwesend.<\/p>\n<p>Ein pers\u00f6nliches Treffen mit deinen Lieblingsschauspielern von der gro\u00dfen Leinwand ist jedes Mal ein unvergessliches Erlebnis.[\/vc_column_text][vc_button button_color=&#8220;color-xsdn&#8220; border_width=&#8220;0\u2033 link=&#8220;url:https%3A%2F%2Fcomiccon.lu%2Fde%2Faktivitaeten%2Fgaeste-2%2F|title:gasten%20nl|&#8220; uncode_shortcode_id=&#8220;111205\u2033 button_color_type=&#8220;uncode-palette&#8220;]Mehr Informationen[\/vc_button][\/vc_column_inner][vc_column_inner column_width_percent=&#8220;100\u2033 gutter_size=&#8220;3\u2033 expand_height=&#8220;yes&#8220; overlay_alpha=&#8220;50\u2033 shift_x=&#8220;0\u2033 shift_y=&#8220;0\u2033 shift_y_down=&#8220;0\u2033 z_index=&#8220;0\u2033 medium_width=&#8220;0\u2033 mobile_width=&#8220;0\u2033 width=&#8220;2\/3\u2033 uncode_shortcode_id=&#8220;450154\u2033][vc_single_image media=&#8220;304\u2033 media_width_percent=&#8220;100\u2033 advanced=&#8220;yes&#8220; media_overlay_opacity=&#8220;10\u2033 media_padding=&#8220;2\u2033 uncode_shortcode_id=&#8220;209169\u2033 media_link=&#8220;url:https%3A%2F%2Fcomiccon.lu%2Fguests-activities%2F|title:Guests&#8220;][\/vc_column_inner][\/vc_row_inner][vc_row_inner][vc_column_inner width=&#8220;2\/3\u2033][vc_single_image media=&#8220;447\u2033 media_width_percent=&#8220;100\u2033 advanced=&#8220;yes&#8220; media_overlay_opacity=&#8220;10\u2033 media_padding=&#8220;2\u2033 uncode_shortcode_id=&#8220;103540\u2033 media_link=&#8220;url:https%3A%2F%2Fcomiccon.lu%2Fcosplay%2F|title:Cosplay&#8220;][\/vc_column_inner][vc_column_inner column_width_percent=&#8220;100\u2033 position_vertical=&#8220;middle&#8220; gutter_size=&#8220;2\u2033 expand_height=&#8220;yes&#8220; style=&#8220;dark&#8220; overlay_alpha=&#8220;50\u2033 shift_x=&#8220;0\u2033 shift_y=&#8220;0\u2033 shift_y_down=&#8220;0\u2033 z_index=&#8220;0\u2033 medium_width=&#8220;0\u2033 mobile_width=&#8220;0\u2033 width=&#8220;1\/3\u2033 uncode_shortcode_id=&#8220;170283\u2033][vc_custom_heading uncode_shortcode_id=&#8220;117829\u2033]Cosplay[\/vc_custom_heading][vc_column_text uncode_shortcode_id=&#8220;194363\u2033]Auf der Comic Con Luxembourg betrachten wir Cosplay als das Herzst\u00fcck der Convention. Wir verstehen, wie viel Hingabe und Energie jedes Cosplay erfordert und wie es eine wahre Leidenschaft ist. Deshalb geben wir auf der Comic Con Holland jedem, der in Cosplay kommt, einen Rabatt von 4 Euro auf sein Ticket.<\/p>\n<p>Neben nationalen und internationalen Cosplayern\/G\u00e4sten und dem Cosplay Catwalk haben wir an beiden Tagen auch einen echten Cosplay\/Wettbewerb.<\/p>\n<p>Komm in Cosplay zur Comic Con Luxembourg und sei du selbst.<\/p>\n<p>Alle Cosplays sind auf der Comic Con Luxembourg willkommen!<\/p>\n<p><a href=\"#\">Lies die Cosplay-Regeln<\/a>[\/vc_column_text][vc_button button_color=&#8220;color-xsdn&#8220; border_width=&#8220;0\u2033 link=&#8220;url:https%3A%2F%2Fcomiccon.lu%2Fde%2Faktivitaeten%2Fcosplay%2F|title:gasten%20nl|&#8220; uncode_shortcode_id=&#8220;166369\u2033 button_color_type=&#8220;uncode-palette&#8220;]Mehr Informationen[\/vc_button][\/vc_column_inner][\/vc_row_inner][vc_row_inner row_inner_height_percent=&#8220;0\u2033 overlay_alpha=&#8220;50\u2033 gutter_size=&#8220;3\u2033 shift_y=&#8220;0\u2033 z_index=&#8220;0\u2033 inverted_device_order=&#8220;yes&#8220; uncode_shortcode_id=&#8220;214907\u2033][vc_column_inner column_width_percent=&#8220;100\u2033 position_vertical=&#8220;middle&#8220; gutter_size=&#8220;2\u2033 expand_height=&#8220;yes&#8220; style=&#8220;dark&#8220; overlay_alpha=&#8220;50\u2033 shift_x=&#8220;0\u2033 shift_y=&#8220;0\u2033 shift_y_down=&#8220;0\u2033 z_index=&#8220;0\u2033 medium_width=&#8220;0\u2033 mobile_width=&#8220;0\u2033 width=&#8220;1\/3\u2033 uncode_shortcode_id=&#8220;104710\u2033][vc_custom_heading uncode_shortcode_id=&#8220;882819\u2033]Erfahrungen[\/vc_custom_heading][vc_column_text uncode_shortcode_id=&#8220;181367\u2033]Die Erlebnisse auf der Comic Con sind jedes Mal anders. Es k\u00f6nnten japanische Spiele sein, die du spielen kannst, oder ein lustiges Fotoshooting mit einer lebensgro\u00dfen Requisite, es k\u00f6nnte ein Panel mit einer ber\u00fchmten Person oder eine Wrestling-Show sein.<\/p>\n<p>Es ist jedes Mal eine andere Erfahrung auf der Comic Con, manchmal kannst du Speeddating machen, manchmal Brettspiele oder Dungeons &amp; Dragons spielen.<\/p>\n<p>H\u00fcpfburgen, VR, Quidditch-Rodeo, Lichtschwertk\u00e4mpfe, eine Star Wars Expo, ein Panel \u00fcber Vintage-Spielzeug, ein Filmquiz, Karaoke, &#8230;<\/p>\n<p>Auf unserer Comic Con ist jedes Mal etwas los und es ist auch jedes Mal etwas anderes.<\/p>\n<p>Wir fassen sie unter einem Nenner zusammen: die Comic Con Experiences.<\/p>\n<p>Komm und hab Spa\u00df und LEB DEINE VERR\u00dcCKTHEIT AUS![\/vc_column_text][vc_button button_color=&#8220;color-xsdn&#8220; border_width=&#8220;0\u2033 link=&#8220;url:https%3A%2F%2Fcomiccon.lu%2Fde%2Faktivitaeten%2Ferfahrungen%2F|title:gasten%20nl|&#8220; uncode_shortcode_id=&#8220;119440\u2033 button_color_type=&#8220;uncode-palette&#8220;]Mehr Informationen[\/vc_button][\/vc_column_inner][vc_column_inner width=&#8220;2\/3\u2033][vc_single_image media=&#8220;306\u2033 media_width_percent=&#8220;100\u2033 advanced=&#8220;yes&#8220; media_overlay_opacity=&#8220;10\u2033 media_padding=&#8220;2\u2033 uncode_shortcode_id=&#8220;140554\u2033 media_link=&#8220;url:https%3A%2F%2Fcomiccon.lu%2Fexperiences%2F|title:Experiences&#8220;][\/vc_column_inner][\/vc_row_inner][vc_row_inner][vc_column_inner width=&#8220;2\/3\u2033][vc_single_image media=&#8220;307\u2033 media_width_percent=&#8220;100\u2033 advanced=&#8220;yes&#8220; media_overlay_opacity=&#8220;10\u2033 media_padding=&#8220;2\u2033 uncode_shortcode_id=&#8220;123347\u2033 media_link=&#8220;url:https%3A%2F%2Fcomiccon.lu%2Fgeek-market%2F|title:Geek%20Market&#8220;][\/vc_column_inner][vc_column_inner column_width_percent=&#8220;100\u2033 position_vertical=&#8220;middle&#8220; gutter_size=&#8220;2\u2033 expand_height=&#8220;yes&#8220; style=&#8220;dark&#8220; overlay_alpha=&#8220;50\u2033 shift_x=&#8220;0\u2033 shift_y=&#8220;0\u2033 shift_y_down=&#8220;0\u2033 z_index=&#8220;0\u2033 medium_width=&#8220;0\u2033 mobile_width=&#8220;0\u2033 width=&#8220;1\/3\u2033 uncode_shortcode_id=&#8220;663929\u2033][vc_custom_heading uncode_shortcode_id=&#8220;313699\u2033]Geek-Markt[\/vc_custom_heading][vc_column_text uncode_shortcode_id=&#8220;163612\u2033]Bei jeder Ausgabe der Comic Con treffen wir eine Auswahl der besten europ\u00e4ischen H\u00e4ndler und St\u00e4nde, die Teil unseres Geek-Marktes sein sollen. Von Vintage-Spielzeug aus den 70er und 80er Jahren bis zum allerletzten Comic Con Exclusive dieses Jahres.<\/p>\n<p>Auf unserem Geek-Markt findest du alles, ein Markt mit tausend Farben und Geschm\u00e4ckern, wo jeder Fan etwas nach seinem Geschmack finden kann. Du kannst stundenlang st\u00f6bern und nach dem richtigen Sammlerst\u00fcck, Funko Pop, T-Shirt, Comic suchen und es gibt immer etwas Neues zu entdecken.<\/p>\n<p>Shoppen bis zum Umfallen![\/vc_column_text][vc_button button_color=&#8220;color-xsdn&#8220; border_width=&#8220;0\u2033 link=&#8220;url:https%3A%2F%2Fcomiccon.lu%2Fde%2Faktivitaeten%2Fgeek-markt%2F|title:gasten%20nl|&#8220; uncode_shortcode_id=&#8220;192448\u2033 button_color_type=&#8220;uncode-palette&#8220;]Mehr Informationen[\/vc_button][\/vc_column_inner][\/vc_row_inner][vc_row_inner row_inner_height_percent=&#8220;0\u2033 overlay_alpha=&#8220;50\u2033 gutter_size=&#8220;3\u2033 shift_y=&#8220;0\u2033 z_index=&#8220;0\u2033 inverted_device_order=&#8220;yes&#8220; uncode_shortcode_id=&#8220;159003\u2033][vc_column_inner column_width_percent=&#8220;100\u2033 position_vertical=&#8220;middle&#8220; gutter_size=&#8220;2\u2033 expand_height=&#8220;yes&#8220; style=&#8220;dark&#8220; overlay_alpha=&#8220;50\u2033 shift_x=&#8220;0\u2033 shift_y=&#8220;0\u2033 shift_y_down=&#8220;0\u2033 z_index=&#8220;0\u2033 medium_width=&#8220;0\u2033 mobile_width=&#8220;0\u2033 width=&#8220;1\/3\u2033 uncode_shortcode_id=&#8220;161183\u2033][vc_custom_heading uncode_shortcode_id=&#8220;137699\u2033]K\u00fcnstler[\/vc_custom_heading][vc_column_text uncode_shortcode_id=&#8220;178281\u2033]Der Name sagt alles: Comic Con, daher wird sicherlich auch ein Scheinwerfer auf alle K\u00fcnstler gerichtet, die diese wundersch\u00f6nen Comics erschaffen.<\/p>\n<p>Manchmal kommen gro\u00dfe und bekannte K\u00fcnstler von Marvel oder DC auf Tournee in Europa und besuchen uns, aber wir werden immer lokale europ\u00e4ische Talente in unserer Artist Alley unterst\u00fctzen.<\/p>\n<p>In dieser super kreativen Gasse sind nicht nur Comiczeichner willkommen, sondern alle Kreativen und Fantasien.<\/p>\n<p>Es ist einer der inspirierendsten Orte auf der Convention mit den liebsten und talentiertesten Menschen, die man sich vorstellen kann.<\/p>\n<p>Besuche sie unbedingt und ein Regenbogen von Bildern und Farben wird sich vor deinen Augen entfalten.[\/vc_column_text][vc_button button_color=&#8220;color-xsdn&#8220; border_width=&#8220;0\u2033 link=&#8220;url:https%3A%2F%2Fcomiccon.lu%2Fde%2Faktivitaeten%2Fkuenstler%2F|title:gasten%20nl|&#8220; uncode_shortcode_id=&#8220;572069\u2033 button_color_type=&#8220;uncode-palette&#8220;]Mehr Informationen[\/vc_button][\/vc_column_inner][vc_column_inner width=&#8220;2\/3\u2033][vc_single_image media=&#8220;308\u2033 media_width_percent=&#8220;100\u2033 advanced=&#8220;yes&#8220; media_overlay_opacity=&#8220;10\u2033 media_padding=&#8220;2\u2033 uncode_shortcode_id=&#8220;845935\u2033 media_link=&#8220;url:https%3A%2F%2Fcomiccon.lu%2Fartists%2F|title:Artists&#8220;][\/vc_column_inner][\/vc_row_inner][vc_row_inner][vc_column_inner width=&#8220;2\/3\u2033][vc_single_image media=&#8220;309\u2033 media_width_percent=&#8220;100\u2033 advanced=&#8220;yes&#8220; media_overlay_opacity=&#8220;10\u2033 media_padding=&#8220;2\u2033 uncode_shortcode_id=&#8220;182465\u2033 media_link=&#8220;url:https%3A%2F%2Fcomiccon.lu%2Funiversity%2F|title:University&#8220;][\/vc_column_inner][vc_column_inner column_width_percent=&#8220;100\u2033 position_vertical=&#8220;middle&#8220; gutter_size=&#8220;2\u2033 expand_height=&#8220;yes&#8220; style=&#8220;dark&#8220; overlay_alpha=&#8220;50\u2033 shift_x=&#8220;0\u2033 shift_y=&#8220;0\u2033 shift_y_down=&#8220;0\u2033 z_index=&#8220;0\u2033 medium_width=&#8220;0\u2033 mobile_width=&#8220;0\u2033 width=&#8220;1\/3\u2033 uncode_shortcode_id=&#8220;116482\u2033][vc_custom_heading uncode_shortcode_id=&#8220;189857\u2033]Universit\u00e4t[\/vc_custom_heading][vc_column_text uncode_shortcode_id=&#8220;117863\u2033]Die Schule, die jeder gerne besuchen w\u00fcrde, gibt es endlich!<\/p>\n<p>Hol dir deinen Abschluss an der Comic Con University!<\/p>\n<p>Eine spezielle B\u00fchne auf der Comic Con, auf der wir tief in die Geek-Kultur eintauchen werden!<\/p>\n<p>Vortr\u00e4ge, Meisterkurse, Workshops und tiefgehende Gespr\u00e4che \u00fcber die Geheimnisse einiger deiner Lieblingsfilme und -serien.[\/vc_column_text][vc_button button_color=&#8220;color-xsdn&#8220; border_width=&#8220;0\u2033 link=&#8220;url:https%3A%2F%2Fcomiccon.lu%2Fde%2Faktivitaeten%2Funiversitaet%2F|title:gasten%20nl|&#8220; uncode_shortcode_id=&#8220;167010\u2033 button_color_type=&#8220;uncode-palette&#8220;]Mehr Informationen[\/vc_button][\/vc_column_inner][\/vc_row_inner][vc_row_inner row_inner_height_percent=&#8220;0\u2033 overlay_alpha=&#8220;50\u2033 gutter_size=&#8220;3\u2033 shift_y=&#8220;0\u2033 z_index=&#8220;0\u2033 inverted_device_order=&#8220;yes&#8220; uncode_shortcode_id=&#8220;205758\u2033][vc_column_inner column_width_percent=&#8220;100\u2033 position_vertical=&#8220;middle&#8220; gutter_size=&#8220;2\u2033 expand_height=&#8220;yes&#8220; style=&#8220;dark&#8220; overlay_alpha=&#8220;50\u2033 shift_x=&#8220;0\u2033 shift_y=&#8220;0\u2033 shift_y_down=&#8220;0\u2033 z_index=&#8220;0\u2033 medium_width=&#8220;0\u2033 mobile_width=&#8220;0\u2033 width=&#8220;1\/3\u2033 uncode_shortcode_id=&#8220;143438\u2033][vc_custom_heading uncode_shortcode_id=&#8220;123690\u2033]Gaming[\/vc_custom_heading][vc_column_text uncode_shortcode_id=&#8220;787300\u2033]Auf der Comic Con wird Gaming als vollwertiger Sport und als soziale Sache angesehen. Gaming ist auf der Comic Con allgegenw\u00e4rtig und heute nicht mehr wegzudenken. Von den fr\u00fchen Retro-Spielen \u00fcber Spiele in der Entwicklung, japanische Spiele und nat\u00fcrlich Esports.<\/p>\n<p>All diese Aspekte des Gamings geh\u00f6ren zur Popkultur rund um die Comic Con.<\/p>\n<p>Was geht? 1 UP![\/vc_column_text][vc_button button_color=&#8220;color-xsdn&#8220; border_width=&#8220;0\u2033 link=&#8220;url:https%3A%2F%2Fcomiccon.lu%2Fde%2Faktivitaeten%2Fgaming%2F|title:gasten%20nl|&#8220; uncode_shortcode_id=&#8220;137920\u2033 button_color_type=&#8220;uncode-palette&#8220;]Mehr Informationen[\/vc_button][\/vc_column_inner][vc_column_inner width=&#8220;2\/3\u2033][vc_single_image media=&#8220;310\u2033 media_width_percent=&#8220;100\u2033 advanced=&#8220;yes&#8220; media_overlay_opacity=&#8220;10\u2033 media_padding=&#8220;2\u2033 uncode_shortcode_id=&#8220;153116\u2033 media_link=&#8220;url:https%3A%2F%2Fcomiccon.lu%2Fgaming%2F|title:Gaming&#8220;][\/vc_column_inner][\/vc_row_inner][vc_row_inner row_inner_height_percent=&#8220;0\u2033 overlay_alpha=&#8220;50\u2033 gutter_size=&#8220;3\u2033 shift_y=&#8220;0\u2033 z_index=&#8220;0\u2033 inverted_device_order=&#8220;yes&#8220; uncode_shortcode_id=&#8220;205758\u2033][vc_column_inner width=&#8220;2\/3\u2033][vc_single_image media=&#8220;311\u2033 media_width_percent=&#8220;100\u2033 advanced=&#8220;yes&#8220; media_overlay_opacity=&#8220;10\u2033 media_padding=&#8220;2\u2033 uncode_shortcode_id=&#8220;147604\u2033 media_link=&#8220;url:https%3A%2F%2Fcomiccon.lu%2Ffood-drinks%2F|title:Gaming&#8220;][\/vc_column_inner][vc_column_inner column_width_percent=&#8220;100\u2033 position_vertical=&#8220;middle&#8220; gutter_size=&#8220;2\u2033 expand_height=&#8220;yes&#8220; style=&#8220;dark&#8220; overlay_alpha=&#8220;50\u2033 shift_x=&#8220;0\u2033 shift_y=&#8220;0\u2033 shift_y_down=&#8220;0\u2033 z_index=&#8220;0\u2033 medium_width=&#8220;0\u2033 mobile_width=&#8220;0\u2033 width=&#8220;1\/3\u2033 uncode_shortcode_id=&#8220;143438\u2033][vc_custom_heading uncode_shortcode_id=&#8220;830256\u2033]Essen &amp; Getr\u00e4nke[\/vc_custom_heading][vc_column_text uncode_shortcode_id=&#8220;101354\u2033]Leckere Snacks und Getr\u00e4nke gibt es immer auf jeder Convention und die Comic Con Luxembourg wird da keine Ausnahme sein.<\/p>\n<p>Behalte unsere sozialen Medien im Auge, um Details zu den Food Trucks und St\u00e4nden zu erfahren.[\/vc_column_text][vc_button button_color=&#8220;color-xsdn&#8220; border_width=&#8220;0\u2033 link=&#8220;url:https%3A%2F%2Fcomiccon.lu%2Fde%2Faktivitaeten%2Fessen-getraenke%2F|title:gasten%20nl|&#8220; uncode_shortcode_id=&#8220;873179\u2033 button_color_type=&#8220;uncode-palette&#8220;]Mehr Informationen[\/vc_button][\/vc_column_inner][\/vc_row_inner][\/vc_column][\/vc_row][vc_row][vc_column width=&#8220;1\/1\u2033][uncode_block id=&#8220;917\u2033][\/vc_column][\/vc_row]<\/p>\n<\/div>","protected":false},"excerpt":{"rendered":"<p>[vc_row row_height_percent=&#8220;0\u2033 override_padding=&#8220;yes&#8220; h_padding=&#8220;2\u2033 top_padding=&#8220;2\u2033 bottom_padding=&#8220;3\u2033 back_color=&#8220;color-vyce&#8220; overlay_alpha=&#8220;50\u2033 gutter_size=&#8220;3\u2033 column_width_percent=&#8220;100\u2033 shift_y=&#8220;0\u2033 z_index=&#8220;0\u2033 content_parallax=&#8220;0\u2033 uncode_shortcode_id=&#8220;165811\u2033 back_color_type=&#8220;uncode-palette&#8220;][vc_column column_width_percent=&#8220;100\u2033 gutter_size=&#8220;4\u2033 style=&#8220;dark&#8220; overlay_alpha=&#8220;50\u2033 shift_x=&#8220;0\u2033 [&hellip;]<\/p>\n","protected":false},"author":1,"featured_media":0,"parent":0,"menu_order":0,"comment_status":"closed","ping_status":"closed","template":"","meta":{"footnotes":""},"class_list":["post-1067","page","type-page","status-publish","hentry"],"_links":{"self":[{"href":"https:\/\/comiccon.lu\/de\/wp-json\/wp\/v2\/pages\/1067","targetHints":{"allow":["GET"]}}],"collection":[{"href":"https:\/\/comiccon.lu\/de\/wp-json\/wp\/v2\/pages"}],"about":[{"href":"https:\/\/comiccon.lu\/de\/wp-json\/wp\/v2\/types\/page"}],"author":[{"embeddable":true,"href":"https:\/\/comiccon.lu\/de\/wp-json\/wp\/v2\/users\/1"}],"replies":[{"embeddable":true,"href":"https:\/\/comiccon.lu\/de\/wp-json\/wp\/v2\/comments?post=1067"}],"version-history":[{"count":3,"href":"https:\/\/comiccon.lu\/de\/wp-json\/wp\/v2\/pages\/1067\/revisions"}],"predecessor-version":[{"id":1099,"href":"https:\/\/comiccon.lu\/de\/wp-json\/wp\/v2\/pages\/1067\/revisions\/1099"}],"wp:attachment":[{"href":"https:\/\/comiccon.lu\/de\/wp-json\/wp\/v2\/media?parent=1067"}],"curies":[{"name":"wp","href":"https:\/\/api.w.org\/{rel}","templated":true}]}}