{"id":1080,"date":"2025-03-15T10:20:15","date_gmt":"2025-03-15T09:20:15","guid":{"rendered":"https:\/\/comiccon.lu\/aktivitaeten\/cosplay\/"},"modified":"2025-11-04T10:35:49","modified_gmt":"2025-11-04T09:35:49","slug":"cosplay","status":"publish","type":"page","link":"https:\/\/comiccon.lu\/de\/aktivitaeten\/cosplay\/","title":{"rendered":"Cosplay"},"content":{"rendered":"<div class=\"wpb-content-wrapper\"><p>[vc_row row_height_percent=&#8220;0\u2033 back_color=&#8220;color-vyce&#8220; overlay_alpha=&#8220;50\u2033 gutter_size=&#8220;3\u2033 column_width_percent=&#8220;100\u2033 shift_y=&#8220;0\u2033 z_index=&#8220;0\u2033 content_parallax=&#8220;0\u2033 uncode_shortcode_id=&#8220;210101\u2033 back_color_type=&#8220;uncode-palette&#8220;][vc_column column_width_percent=&#8220;100\u2033 gutter_size=&#8220;3\u2033 style=&#8220;dark&#8220; overlay_alpha=&#8220;50\u2033 shift_x=&#8220;0\u2033 shift_y=&#8220;0\u2033 shift_y_down=&#8220;0\u2033 z_index=&#8220;0\u2033 medium_width=&#8220;0\u2033 mobile_width=&#8220;0\u2033 width=&#8220;1\/1\u2033 uncode_shortcode_id=&#8220;158114\u2033][vc_custom_heading heading_semantic=&#8220;h1\u2033 text_size=&#8220;h1\u2033 uncode_shortcode_id=&#8220;852400\u2033]Cosplay[\/vc_custom_heading][vc_row_inner][vc_column_inner column_width_percent=&#8220;100\u2033 gutter_size=&#8220;3\u2033 style=&#8220;dark&#8220; overlay_alpha=&#8220;50\u2033 shift_x=&#8220;0\u2033 shift_y=&#8220;0\u2033 shift_y_down=&#8220;0\u2033 z_index=&#8220;0\u2033 medium_width=&#8220;0\u2033 mobile_width=&#8220;0\u2033 width=&#8220;1\/3\u2033 uncode_shortcode_id=&#8220;657169\u2033][vc_column_text uncode_shortcode_id=&#8220;100977\u2033]Auf der Comic Con Luxembourg betrachten wir Cosplay als das Herzst\u00fcck jeder guten Comic Con.<\/p>\n<p>Deshalb versuchen wir, die Erfahrung f\u00fcr unsere Cosplayer Jahr f\u00fcr Jahr zu verbessern und qualitativ hochwertiger zu gestalten.<\/p>\n<p>Wir sind sehr gl\u00fccklich \u00fcber unser festes Team von AMF Cosplay, das sich verpflichtet hat, jedem Cosplayer bei jeder Ausgabe ein Top-Erlebnis zu bieten.<\/p>\n<p>Wusstest du, dass auf der Comic Con Luxembourg jeder Cosplayer einen gro\u00dfen Rabatt auf seine Eintrittskarte erh\u00e4lt, nur um ihm f\u00fcr all die M\u00fche zu danken, die er in seine Leidenschaft steckt?<\/p>\n<p>Wir k\u00f6nnen nur dankbar daf\u00fcr sein, dass Sie uns jedes Mal mit Ihrer Anwesenheit beehren.<\/p>\n<p>Falls es noch niemand gesagt hat: Danke, dass ihr so gro\u00dfartig seid![\/vc_column_text][vc_button button_color=&#8220;color-141378\u2033 border_width=&#8220;0\u2033 link=&#8220;url:https%3A%2F%2Fcomiccon.lu%2Ffr%2Fformulaire-dinscription-au-cosplay%2F|title:Cosplay-Anmeldeformular&#8220; uncode_shortcode_id=&#8220;503431\u2033 button_color_type=&#8220;uncode-palette&#8220;]Nimm an unserem Cosplay-Wettbewerb teil[\/vc_button][\/vc_column_inner][vc_column_inner width=&#8220;2\/3\u2033][vc_single_image dynamic=&#8220;yes&#8220; media_width_percent=&#8220;100\u2033 uncode_shortcode_id=&#8220;205051\u2033][\/vc_column_inner][\/vc_row_inner][vc_row_inner row_inner_height_percent=&#8220;0\u2033 overlay_alpha=&#8220;50\u2033 gutter_size=&#8220;3\u2033 shift_y=&#8220;0\u2033 z_index=&#8220;0\u2033 desktop_visibility=&#8220;yes&#8220; medium_visibility=&#8220;yes&#8220; mobile_visibility=&#8220;yes&#8220; uncode_shortcode_id=&#8220;134126\u2033][vc_column_inner width=&#8220;1\/1\u2033][vc_custom_heading uncode_shortcode_id=&#8220;289579\u2033]hidden[\/vc_custom_heading][vc_custom_heading heading_semantic=&#8220;h4\u2033 text_size=&#8220;h4\u2033 text_transform=&#8220;uppercase&#8220; uncode_shortcode_id=&#8220;115698\u2033]Dank an:[\/vc_custom_heading][vc_gallery el_id=&#8220;gallery-137559\u2033 medias=&#8220;1067\u2033 gutter_size=&#8220;3\u2033 media_items=&#8220;media|nolink|original&#8220; screen_lg=&#8220;1000\u2033 screen_md=&#8220;600\u2033 screen_sm=&#8220;480\u2033 single_width=&#8220;2\u2033 images_size=&#8220;one-one&#8220; single_overlay_opacity=&#8220;1\u2033 single_overlay_anim=&#8220;no&#8220; single_text_anim=&#8220;no&#8220; single_image_anim=&#8220;no&#8220; single_padding=&#8220;2\u2033 single_border=&#8220;yes&#8220; uncode_shortcode_id=&#8220;206551\u2033 items=&#8220;eyIxMzcxX2kiOnsic2luZ2xlX2xpbmsiOiJ1cmw6aHR0cHM6Ly93d3cuZm9hbWF0ZWxpZXIubmwvfHRhcmdldDpfYmxhbmsifSwiMTM3Ml9pIjp7InNpbmdsZV9saW5rIjoidXJsOmh0dHBzOi8vbWluaXByaW50ZW4ubmwvfHRhcmdldDpfYmxhbmsifSwiMTM3OF9pIjp7InNpbmdsZV9saW5rIjoidXJsOmh0dHBzOi8vd3d3LmJ1ZGdldHN0b2ZmZW4ubmwvfHRhcmdldDpfYmxhbmsifX0=&#8220;][vc_empty_space empty_h=&#8220;2\u2033][\/vc_column_inner][\/vc_row_inner][vc_row_inner row_inner_height_percent=&#8220;0\u2033 overlay_alpha=&#8220;50\u2033 gutter_size=&#8220;3\u2033 shift_y=&#8220;0\u2033 z_index=&#8220;0\u2033][vc_column_inner column_width_percent=&#8220;100\u2033 gutter_size=&#8220;2\u2033 style=&#8220;dark&#8220; overlay_alpha=&#8220;50\u2033 shift_x=&#8220;0\u2033 shift_y=&#8220;0\u2033 shift_y_down=&#8220;0\u2033 z_index=&#8220;0\u2033 medium_width=&#8220;0\u2033 mobile_width=&#8220;0\u2033 width=&#8220;2\/3\u2033 uncode_shortcode_id=&#8220;212408\u2033][vc_custom_heading heading_semantic=&#8220;h3\u2033 text_size=&#8220;h3\u2033 text_transform=&#8220;uppercase&#8220; uncode_shortcode_id=&#8220;154441\u2033]Cosplay-bezogene Aktivit\u00e4ten auf der Comic Con Luxembourg:[\/vc_custom_heading][\/vc_column_inner][vc_column_inner column_width_percent=&#8220;100\u2033 gutter_size=&#8220;2\u2033 style=&#8220;dark&#8220; overlay_alpha=&#8220;41\u2033 shift_x=&#8220;0\u2033 shift_y=&#8220;0\u2033 shift_y_down=&#8220;0\u2033 z_index=&#8220;0\u2033 medium_visibility=&#8220;yes&#8220; medium_width=&#8220;0\u2033 mobile_visibility=&#8220;yes&#8220; mobile_width=&#8220;0\u2033 width=&#8220;1\/3\u2033 uncode_shortcode_id=&#8220;147626\u2033][\/vc_column_inner][\/vc_row_inner][vc_row_inner][vc_column_inner width=&#8220;2\/3\u2033][vc_single_image media=&#8220;317\u2033 media_width_percent=&#8220;100\u2033 uncode_shortcode_id=&#8220;109874\u2033][\/vc_column_inner][vc_column_inner column_width_percent=&#8220;100\u2033 position_vertical=&#8220;middle&#8220; gutter_size=&#8220;1\u2033 style=&#8220;dark&#8220; overlay_alpha=&#8220;50\u2033 shift_x=&#8220;0\u2033 shift_y=&#8220;0\u2033 shift_y_down=&#8220;0\u2033 z_index=&#8220;0\u2033 medium_width=&#8220;0\u2033 mobile_width=&#8220;0\u2033 width=&#8220;1\/3\u2033 uncode_shortcode_id=&#8220;171098\u2033][vc_custom_heading heading_semantic=&#8220;h3\u2033 text_size=&#8220;h3\u2033 text_transform=&#8220;uppercase&#8220; uncode_shortcode_id=&#8220;166850\u2033]Cosplay-Catwalk[\/vc_custom_heading][vc_column_text el_class=&#8220;margintop20\u2033 uncode_shortcode_id=&#8220;206157\u2033]Zusammen mit dem gro\u00dfartigen Team von Cosplaycloud haben wir einen speziellen Catwalk f\u00fcr alle Cosplayer gebaut.<\/p>\n<p>Es ist kein Wettbewerb und alle Cosplayer sind herzlich eingeladen, in ihrem Segment teilzunehmen.<\/p>\n<p>Auf dem Catwalk dreht sich den ganzen Tag alles um Spa\u00df und Energie.<\/p>\n<p>Dies sind die Segmente:<\/p>\n<ul>\n<li>Animation Worldwide (Manga, Anime, Avatar, Rick &amp; Morty,\u2026)<\/li>\n<li>Sci Fi Catwalk (Star Wars, Star Trek, Dr. Who, \u2026)<\/li>\n<li>Comic Book Catwalk (Alle Comic-bezogenen Cosplays)<\/li>\n<li>Catwalk Finale (offen f\u00fcr alle Arten von Cosplay)<\/li>\n<\/ul>\n<p>[\/vc_column_text][\/vc_column_inner][\/vc_row_inner][vc_row_inner][vc_column_inner column_width_percent=&#8220;100\u2033 gutter_size=&#8220;2\u2033 style=&#8220;dark&#8220; overlay_alpha=&#8220;50\u2033 shift_x=&#8220;0\u2033 shift_y=&#8220;0\u2033 shift_y_down=&#8220;0\u2033 z_index=&#8220;0\u2033 medium_width=&#8220;0\u2033 mobile_width=&#8220;0\u2033 width=&#8220;1\/3\u2033 uncode_shortcode_id=&#8220;523162\u2033][vc_custom_heading heading_semantic=&#8220;h3\u2033 text_size=&#8220;h3\u2033 text_transform=&#8220;uppercase&#8220; uncode_shortcode_id=&#8220;144847\u2033]Cosplay CONTEST[\/vc_custom_heading][vc_column_text el_class=&#8220;margintop20\u2033 uncode_shortcode_id=&#8220;128609\u2033]Nehmen Sie an einem unvergesslichen Cosplay Contest auf der Comic Con Luxembourg teil,<\/p>\n<p>organisiert von AMF Cosplay! Tauchen Sie ein in Kategorien, die auf jeden Cosplayer zugeschnitten sind, egal ob Sie in Kost\u00fcmhandwerk, Performance oder origineller Charaktererstellung gl\u00e4nzen.<\/p>\n<p>Kategorien auf einen Blick:<\/p>\n<ul>\n<li>Kost\u00fcm-Kategorie: Fokus auf Cosplay-Handwerkskunst.<\/li>\n<li>Allgemeine Cosplay-Kategorie: Kombination aus Cosplay und Performance.<\/li>\n<li>Original Creation Category: Originalcharaktere und Modekreationen.<\/li>\n<li>Performance-Kategorie: Hervorhebung Ihrer Performance-F\u00e4higkeiten.<\/li>\n<\/ul>\n<p>Die Teilnahme erfordert bedeutende selbstgemachte Beitr\u00e4ge zu Ihrem Kost\u00fcm.<\/p>\n<p>Gekaufte oder extern hergestellte Cosplays sind in bestimmten Kategorien eingeschr\u00e4nkt.<\/p>\n<p>Sei Teil dieses unglaublichen Cosplay-Wettbewerbs![\/vc_column_text][\/vc_column_inner][vc_column_inner column_width_percent=&#8220;100\u2033 gutter_size=&#8220;2\u2033 style=&#8220;dark&#8220; overlay_alpha=&#8220;50\u2033 shift_x=&#8220;0\u2033 shift_y=&#8220;0\u2033 shift_y_down=&#8220;0\u2033 z_index=&#8220;0\u2033 medium_width=&#8220;0\u2033 mobile_width=&#8220;0\u2033 width=&#8220;1\/3\u2033 uncode_shortcode_id=&#8220;945879\u2033][vc_custom_heading heading_semantic=&#8220;h3\u2033 text_size=&#8220;h3\u2033 text_transform=&#8220;uppercase&#8220; uncode_shortcode_id=&#8220;208840\u2033]Cosplay-Fotokabine[\/vc_custom_heading][vc_column_text el_class=&#8220;margintop20\u2033 uncode_shortcode_id=&#8220;198432\u2033]<span style=\"font-weight: 400;\">AMF Cosplay<\/span> hat einen professionellen Fotostand an ihrem Stand, an dem alle Cosplayer ihr Foto machen lassen k\u00f6nnen.<\/p>\n<p>Ein sch\u00f6nes Souvenir und wie so viele Dienstleistungen von <span style=\"font-weight: 400;\">AMF Cosplay<\/span> 100 % kostenlos.[\/vc_column_text][\/vc_column_inner][vc_column_inner column_width_percent=&#8220;100\u2033 gutter_size=&#8220;2\u2033 style=&#8220;dark&#8220; overlay_alpha=&#8220;50\u2033 shift_x=&#8220;0\u2033 shift_y=&#8220;0\u2033 shift_y_down=&#8220;0\u2033 z_index=&#8220;0\u2033 medium_width=&#8220;0\u2033 mobile_width=&#8220;0\u2033 width=&#8220;1\/3\u2033 uncode_shortcode_id=&#8220;108033\u2033][vc_custom_heading heading_semantic=&#8220;h3\u2033 text_size=&#8220;h3\u2033 text_transform=&#8220;uppercase&#8220; uncode_shortcode_id=&#8220;561253\u2033]Cosplay ist nicht gleichbedeutend mit Zustimmung[\/vc_custom_heading][vc_column_text el_class=&#8220;margintop20\u2033 uncode_shortcode_id=&#8220;116443\u2033]Cosplay ist f\u00fcr jeden und geh\u00f6rt jedem. Es ist von gr\u00f6\u00dfter Bedeutung, dass dies in einer angenehmen und sicheren Umgebung mit dem n\u00f6tigen Respekt geschehen kann. Mit der Comic Con Luxembourg sind wir Teil der Cosplay Is Not Consent-Bewegung und nehmen jede Verletzung sehr ernst.<\/p>\n<p>Lesen Sie diese Regeln sorgf\u00e4ltig durch. Wenn Sie der Meinung sind, dass sie nicht auf Sie zutreffen, halten wir es f\u00fcr das Beste, wenn Sie eine andere Veranstaltung besuchen.[\/vc_column_text][\/vc_column_inner][\/vc_row_inner][vc_empty_space empty_h=&#8220;5\u2033][\/vc_column][\/vc_row][vc_row row_height_percent=&#8220;0\u2033 override_padding=&#8220;yes&#8220; h_padding=&#8220;2\u2033 top_padding=&#8220;2\u2033 bottom_padding=&#8220;3\u2033 back_color=&#8220;color-vyce&#8220; overlay_alpha=&#8220;50\u2033 gutter_size=&#8220;3\u2033 column_width_percent=&#8220;100\u2033 shift_y=&#8220;0\u2033 z_index=&#8220;0\u2033 content_parallax=&#8220;0\u2033 uncode_shortcode_id=&#8220;939562\u2033 back_color_type=&#8220;uncode-palette&#8220;][vc_column column_width_percent=&#8220;100\u2033 gutter_size=&#8220;3\u2033 style=&#8220;dark&#8220; overlay_alpha=&#8220;50\u2033 shift_x=&#8220;0\u2033 shift_y=&#8220;0\u2033 shift_y_down=&#8220;0\u2033 z_index=&#8220;0\u2033 medium_width=&#8220;0\u2033 mobile_width=&#8220;0\u2033 width=&#8220;1\/1\u2033 uncode_shortcode_id=&#8220;112036\u2033][vc_custom_heading text_color=&#8220;color-xsdn&#8220; uncode_shortcode_id=&#8220;796003\u2033 text_color_type=&#8220;uncode-palette&#8220;]Hier sind unsere Regeln:[\/vc_custom_heading][vc_column_text uncode_shortcode_id=&#8220;956977\u2033]Die Schaffung einer sicheren, super lustigen Umgebung sollte das Ziel jeder Comic Con sein, und wir freuen uns, dass uns das jedes Jahr gelingt.[\/vc_column_text][vc_row_inner][vc_column_inner column_width_percent=&#8220;100\u2033 gutter_size=&#8220;3\u2033 style=&#8220;dark&#8220; overlay_alpha=&#8220;50\u2033 shift_x=&#8220;0\u2033 shift_y=&#8220;0\u2033 shift_y_down=&#8220;0\u2033 z_index=&#8220;0\u2033 medium_width=&#8220;0\u2033 mobile_width=&#8220;0\u2033 width=&#8220;1\/4\u2033][vc_column_text uncode_shortcode_id=&#8220;180921\u2033]<strong>Null-Toleranz-Politik:<\/strong><\/p>\n<ul>\n<li>Stalking<\/li>\n<li>Beleidigende verbale Kommentare<\/li>\n<li>Bel\u00e4stigende oder nicht einvernehmliche Fotografie oder Aufnahme<\/li>\n<li>Unerw\u00fcnschte k\u00f6rperliche Zuwendung<\/li>\n<li>Einsch\u00fcchterung<\/li>\n<li>K\u00f6rperliche Gewalt<\/li>\n<\/ul>\n<p>[\/vc_column_text][\/vc_column_inner][vc_column_inner column_width_percent=&#8220;100\u2033 gutter_size=&#8220;3\u2033 style=&#8220;dark&#8220; overlay_alpha=&#8220;50\u2033 shift_x=&#8220;0\u2033 shift_y=&#8220;0\u2033 shift_y_down=&#8220;0\u2033 z_index=&#8220;0\u2033 medium_width=&#8220;0\u2033 mobile_width=&#8220;0\u2033 width=&#8220;1\/4\u2033][vc_column_text uncode_shortcode_id=&#8220;182821\u2033]<strong>In Bezug auf, aber nicht beschr\u00e4nkt auf:<\/strong><\/p>\n<ul>\n<li>Rasse<\/li>\n<li>Ursprung<\/li>\n<li>Geschlecht<\/li>\n<li>Sexuelle Orientierung<\/li>\n<li>K\u00f6rpergr\u00f6\u00dfe<\/li>\n<li>Erscheinungsbild<\/li>\n<li>Farbe<\/li>\n<li>Alter<\/li>\n<li>Religion<\/li>\n<li>Behinderung<\/li>\n<li>\u2026<\/li>\n<\/ul>\n<p>[\/vc_column_text][\/vc_column_inner][vc_column_inner column_width_percent=&#8220;100\u2033 gutter_size=&#8220;2\u2033 style=&#8220;dark&#8220; overlay_alpha=&#8220;50\u2033 shift_x=&#8220;0\u2033 shift_y=&#8220;0\u2033 shift_y_down=&#8220;0\u2033 z_index=&#8220;0\u2033 medium_width=&#8220;0\u2033 mobile_width=&#8220;0\u2033 width=&#8220;2\/4\u2033 uncode_shortcode_id=&#8220;380805\u2033][vc_column_text uncode_shortcode_id=&#8220;173114\u2033]<\/p>\n<ol>\n<li>Alle Besucher, die eine (semi-)professionelle (Video-)Kamera mit sich f\u00fchren, m\u00fcssen sich vor dem Betreten registrieren.<\/li>\n<li>Wenn Sie ein Foto oder ein Video von oder mit jemandem machen m\u00f6chten: Fragen Sie immer zuerst um Erlaubnis. Wenn die Antwort nein ist, tun Sie es nicht.<\/li>\n<li>Fassen Sie niemanden an. Respektieren Sie die Privatsph\u00e4re der Menschen. Cosplay\/Kost\u00fcm bedeutet nicht Zustimmung. Siehe Regel Nummer 1: Wir haben eine Null-Toleranz-Politik in dieser Hinsicht.<\/li>\n<li>Seien Sie respektvoll, nett und h\u00f6flich zu allen! Sie werden sehen, es zahlt sich aus und macht Sie zu einem besseren Menschen!<\/li>\n<li>VIEL SPASS! Es ist unsere Mission, eine lustige, sichere und einladende Umgebung f\u00fcr alle zu schaffen! Seien Sie ein Teil davon und haben Sie die tollste Zeit, w\u00e4hrend Sie die Regeln respektieren!<\/li>\n<\/ol>\n<p>[\/vc_column_text][\/vc_column_inner][\/vc_row_inner][\/vc_column][\/vc_row][vc_row row_height_percent=&#8220;0\u2033 override_padding=&#8220;yes&#8220; h_padding=&#8220;2\u2033 top_padding=&#8220;3\u2033 bottom_padding=&#8220;2\u2033 back_color=&#8220;color-jevc&#8220; overlay_alpha=&#8220;50\u2033 gutter_size=&#8220;3\u2033 column_width_percent=&#8220;100\u2033 shift_y=&#8220;0\u2033 z_index=&#8220;0\u2033 el_class=&#8220;experiencepagev2\u2033 uncode_shortcode_id=&#8220;965876\u2033 back_color_type=&#8220;uncode-palette&#8220;][vc_column column_width_percent=&#8220;100\u2033 position_vertical=&#8220;middle&#8220; gutter_size=&#8220;2\u2033 style=&#8220;dark&#8220; overlay_alpha=&#8220;50\u2033 shift_x=&#8220;0\u2033 shift_y=&#8220;0\u2033 shift_y_down=&#8220;0\u2033 z_index=&#8220;0\u2033 medium_width=&#8220;0\u2033 mobile_width=&#8220;0\u2033 width=&#8220;1\/3\u2033 uncode_shortcode_id=&#8220;207322\u2033][vc_custom_heading heading_semantic=&#8220;h3\u2033 text_size=&#8220;h3\u2033 text_transform=&#8220;uppercase&#8220; uncode_shortcode_id=&#8220;385118\u2033]Besondere G\u00e4ste im Cosplay[\/vc_custom_heading][vc_column_text el_class=&#8220;margintop20\u2033 uncode_shortcode_id=&#8220;115467\u2033]Jedes Jahr laden wir auch weltber\u00fchmte Cosplayer zur Comic Con Luxembourg ein, um die Fans zu treffen, \u00fcber ihre Erfahrungen in einer Fragerunde zu sprechen und nat\u00fcrlich um ein Ehrenjurymitglied unseres Wettbewerbs zu sein.<\/p>\n<p>In den vergangenen Jahren waren weltber\u00fchmte Cosplayer wie Yaya Han, Nicole Marie Jean, Anna Moleva, Irine Meier, &#8230; zu Gast.[\/vc_column_text][\/vc_column][vc_column width=&#8220;2\/3\u2033][vc_single_image media=&#8220;318\u2033 media_width_percent=&#8220;100\u2033 uncode_shortcode_id=&#8220;109481\u2033][\/vc_column][\/vc_row][vc_row row_height_percent=&#8220;0\u2033 back_color=&#8220;color-jevc&#8220; overlay_alpha=&#8220;50\u2033 gutter_size=&#8220;3\u2033 column_width_percent=&#8220;100\u2033 shift_y=&#8220;0\u2033 z_index=&#8220;0\u2033 uncode_shortcode_id=&#8220;497502\u2033 back_color_type=&#8220;uncode-palette&#8220;][vc_column column_width_percent=&#8220;100\u2033 gutter_size=&#8220;3\u2033 style=&#8220;dark&#8220; overlay_alpha=&#8220;50\u2033 shift_x=&#8220;0\u2033 shift_y=&#8220;0\u2033 shift_y_down=&#8220;0\u2033 z_index=&#8220;0\u2033 medium_width=&#8220;0\u2033 mobile_width=&#8220;0\u2033 width=&#8220;1\/1\u2033 uncode_shortcode_id=&#8220;346847\u2033][vc_custom_heading heading_semantic=&#8220;h4\u2033 text_size=&#8220;h4\u2033 uncode_shortcode_id=&#8220;210988\u2033]Weitere Aktivit\u00e4ten[\/vc_custom_heading][\/vc_column][\/vc_row][vc_row][vc_column width=&#8220;1\/1\u2033][uncode_block id=&#8220;923\u2033][\/vc_column][\/vc_row][vc_row row_height_percent=&#8220;0\u2033 back_color=&#8220;color-113802\u2033 overlay_alpha=&#8220;50\u2033 gutter_size=&#8220;3\u2033 column_width_percent=&#8220;100\u2033 shift_y=&#8220;0\u2033 z_index=&#8220;0\u2033 uncode_shortcode_id=&#8220;180405\u2033 back_color_type=&#8220;uncode-palette&#8220;][vc_column width=&#8220;1\/1\u2033][vc_empty_space empty_h=&#8220;3\u2033][\/vc_column][\/vc_row][vc_row][vc_column width=&#8220;1\/1\u2033][uncode_block id=&#8220;917\u2033][\/vc_column][\/vc_row]<\/p>\n<\/div>","protected":false},"excerpt":{"rendered":"<p>[vc_row row_height_percent=&#8220;0\u2033 back_color=&#8220;color-vyce&#8220; overlay_alpha=&#8220;50\u2033 gutter_size=&#8220;3\u2033 column_width_percent=&#8220;100\u2033 shift_y=&#8220;0\u2033 z_index=&#8220;0\u2033 content_parallax=&#8220;0\u2033 uncode_shortcode_id=&#8220;210101\u2033 back_color_type=&#8220;uncode-palette&#8220;][vc_column column_width_percent=&#8220;100\u2033 gutter_size=&#8220;3\u2033 style=&#8220;dark&#8220; overlay_alpha=&#8220;50\u2033 shift_x=&#8220;0\u2033 shift_y=&#8220;0\u2033 shift_y_down=&#8220;0\u2033 z_index=&#8220;0\u2033 medium_width=&#8220;0\u2033 [&hellip;]<\/p>\n","protected":false},"author":1,"featured_media":1081,"parent":1067,"menu_order":0,"comment_status":"closed","ping_status":"closed","template":"","meta":{"footnotes":""},"class_list":["post-1080","page","type-page","status-publish","has-post-thumbnail","hentry"],"_links":{"self":[{"href":"https:\/\/comiccon.lu\/de\/wp-json\/wp\/v2\/pages\/1080","targetHints":{"allow":["GET"]}}],"collection":[{"href":"https:\/\/comiccon.lu\/de\/wp-json\/wp\/v2\/pages"}],"about":[{"href":"https:\/\/comiccon.lu\/de\/wp-json\/wp\/v2\/types\/page"}],"author":[{"embeddable":true,"href":"https:\/\/comiccon.lu\/de\/wp-json\/wp\/v2\/users\/1"}],"replies":[{"embeddable":true,"href":"https:\/\/comiccon.lu\/de\/wp-json\/wp\/v2\/comments?post=1080"}],"version-history":[{"count":4,"href":"https:\/\/comiccon.lu\/de\/wp-json\/wp\/v2\/pages\/1080\/revisions"}],"predecessor-version":[{"id":1473,"href":"https:\/\/comiccon.lu\/de\/wp-json\/wp\/v2\/pages\/1080\/revisions\/1473"}],"up":[{"embeddable":true,"href":"https:\/\/comiccon.lu\/de\/wp-json\/wp\/v2\/pages\/1067"}],"wp:featuredmedia":[{"embeddable":true,"href":"https:\/\/comiccon.lu\/de\/wp-json\/wp\/v2\/media\/1081"}],"wp:attachment":[{"href":"https:\/\/comiccon.lu\/de\/wp-json\/wp\/v2\/media?parent=1080"}],"curies":[{"name":"wp","href":"https:\/\/api.w.org\/{rel}","templated":true}]}}