{"id":1152,"date":"2025-03-13T16:17:49","date_gmt":"2025-03-13T15:17:49","guid":{"rendered":"https:\/\/comiccon.lu\/in-kuerze-verfuegbar\/"},"modified":"2025-07-02T15:17:07","modified_gmt":"2025-07-02T14:17:07","slug":"in-kuerze-verfuegbar","status":"publish","type":"page","link":"https:\/\/comiccon.lu\/de\/in-kuerze-verfuegbar\/","title":{"rendered":"In K\u00fcrze verf\u00fcgbar"},"content":{"rendered":"<div class=\"wpb-content-wrapper\"><p>[vc_row row_height_percent=&#8220;80\u2033 back_image=&#8220;93\u2033 back_position=&#8220;center center&#8220; parallax=&#8220;yes&#8220; overlay_alpha=&#8220;25\u2033 gutter_size=&#8220;3\u2033 column_width_percent=&#8220;100\u2033 shift_y=&#8220;0\u2033 z_index=&#8220;0\u2033 enable_bottom_divider=&#8220;default&#8220; shape_bottom_invert=&#8220;yes&#8220; shape_bottom_h_use_pixel=&#8220;&#8220; shape_bottom_height=&#8220;100\u2033 shape_bottom_color=&#8220;color-vyce&#8220; shape_bottom_opacity=&#8220;100\u2033 shape_bottom_index=&#8220;0\u2033 content_parallax=&#8220;0\u2033 uncode_shortcode_id=&#8220;152436\u2033 el_class=&#8220;homefold&#8220; row_height_pixel=&#8220;540\u2033 shape_bottom_color_type=&#8220;uncode-palette&#8220;][vc_column column_width_percent=&#8220;100\u2033 position_vertical=&#8220;middle&#8220; align_horizontal=&#8220;align_center&#8220; gutter_size=&#8220;2\u2033 style=&#8220;dark&#8220; overlay_alpha=&#8220;50\u2033 shift_x=&#8220;0\u2033 shift_y=&#8220;0\u2033 shift_y_down=&#8220;0\u2033 z_index=&#8220;0\u2033 medium_width=&#8220;0\u2033 mobile_width=&#8220;0\u2033 width=&#8220;1\/1\u2033 uncode_shortcode_id=&#8220;177154\u2033][vc_single_image media=&#8220;91\u2033 media_width_use_pixel=&#8220;yes&#8220; alignment=&#8220;center&#8220; css_animation=&#8220;zoom-in&#8220; uncode_shortcode_id=&#8220;186648\u2033 media_width_pixel=&#8220;400\u2033][vc_custom_heading heading_semantic=&#8220;h1\u2033 text_size=&#8220;h1\u2033 uncode_shortcode_id=&#8220;879461\u2033]<em>29. und 30. November<\/em>[\/vc_custom_heading][vc_custom_heading text_size=&#8220;h3\u2033 uncode_shortcode_id=&#8220;421622\u2033]<em>Luxexpo &#8211; Luxemburg<\/em>[\/vc_custom_heading][vc_button button_color=&#8220;color-141378\u2033 border_width=&#8220;0\u2033 button_color_type=&#8220;uncode-palette&#8220; uncode_shortcode_id=&#8220;189594\u2033 link=&#8220;url:https%3A%2F%2Fcomiccon.lu%2Fde%2Feintrittskarten%2F|title:Eintrittskarten|&#8220;]Eintrittskarten[\/vc_button][vc_empty_space empty_h=&#8220;4\u2033][\/vc_column][\/vc_row][vc_row row_height_percent=&#8220;0\u2033 back_color=&#8220;color-vyce&#8220; overlay_alpha=&#8220;50\u2033 gutter_size=&#8220;3\u2033 column_width_percent=&#8220;100\u2033 shift_y=&#8220;-4\u2033 z_index=&#8220;0\u2033 content_parallax=&#8220;0\u2033 el_class=&#8220;homecounters countdownv2\u2033 uncode_shortcode_id=&#8220;392890\u2033 back_color_type=&#8220;uncode-palette&#8220;][vc_column width=&#8220;1\/1\u2033]\n<div class=\"eski-countdown__container\" data-countdown-date=\"2025-11-29T10:00:00\">\n\n    <div class=\"eski-countdown__block\" data-countdown-name=\"days\">\n        <div class=\"eski-countdown__numbers\"><\/div>\n        <p class=\"eski-countdown__text\">Tage<\/p>\n    <\/div>\n\n    <div class=\"eski-countdown__block\" data-countdown-name=\"hours\">\n        <div class=\"eski-countdown__numbers\"><\/div>\n        <p class=\"eski-countdown__text\">Stunden<\/p>\n    <\/div>\n\n    <div class=\"eski-countdown__block\" data-countdown-name=\"minutes\">\n        <div class=\"eski-countdown__numbers\"><\/div>\n        <p class=\"eski-countdown__text\">Minuten<\/p>\n    <\/div>\n\n    <div class=\"eski-countdown__block\" data-countdown-name=\"seconds\">\n        <div class=\"eski-countdown__numbers\"><\/div>\n        <p class=\"eski-countdown__text\">Sekunden<\/p>\n    <\/div>\n\n<\/div>\n\n[\/vc_column][\/vc_row][vc_row row_height_percent=&#8220;0\u2033 override_padding=&#8220;yes&#8220; h_padding=&#8220;2\u2033 top_padding=&#8220;3\u2033 bottom_padding=&#8220;2\u2033 back_color=&#8220;color-vyce&#8220; overlay_alpha=&#8220;50\u2033 gutter_size=&#8220;3\u2033 column_width_percent=&#8220;100\u2033 shift_y=&#8220;0\u2033 z_index=&#8220;0\u2033 content_parallax=&#8220;0\u2033 uncode_shortcode_id=&#8220;144388\u2033 back_color_type=&#8220;uncode-palette&#8220; el_class=&#8220;homeinfo&#8220;][vc_column column_width_percent=&#8220;100\u2033 position_vertical=&#8220;middle&#8220; gutter_size=&#8220;2\u2033 style=&#8220;dark&#8220; overlay_alpha=&#8220;50\u2033 shift_x=&#8220;0\u2033 shift_y=&#8220;0\u2033 shift_y_down=&#8220;0\u2033 z_index=&#8220;0\u2033 medium_width=&#8220;0\u2033 mobile_width=&#8220;0\u2033 width=&#8220;1\/3\u2033 uncode_shortcode_id=&#8220;415457\u2033][vc_custom_heading uncode_shortcode_id=&#8220;810016\u2033]Information[\/vc_custom_heading][vc_column_text uncode_shortcode_id=&#8220;191710\u2033]Die Comic Con Luxembourg ist das Event in Luxemburg f\u00fcr alle wahren Fans und Liebhaber von Comics, Manga, Cosplay, Gaming, Filmen, Serien, Sci-Fi, Fantasy und mehr.<\/p>\n<p>Entfliehen Sie in eine magische Welt, das ultimative Geek-Erlebnis mit weltber\u00fchmten Starg\u00e4sten zum Treffen und einem riesigen Geek-Markt zum Besuchen.<\/p>\n<p>Aber auch faszinierende Workshops, Frage- und Antwortrunden und Vortr\u00e4ge, aber Sie k\u00f6nnen auch einfach nur Spiele spielen und die vielen Wettbewerbe und Auff\u00fchrungen genie\u00dfen.<\/p>\n<p>Vor allem ist es die perfekte Zeit, um Freundschaften zu schlie\u00dfen und einen sch\u00f6nen Tag mit anderen Fans zu verbringen.<\/p>\n<p>Auf geht&#8217;s, Luxemburg, Get Your Geek On![\/vc_column_text][\/vc_column][vc_column width=&#8220;2\/3\u2033][vc_single_image media=&#8220;383\u2033 media_width_percent=&#8220;100\u2033 uncode_shortcode_id=&#8220;202070\u2033][\/vc_column][\/vc_row]<\/p>\n<\/div>","protected":false},"excerpt":{"rendered":"<p>[vc_row row_height_percent=&#8220;80\u2033 back_image=&#8220;93\u2033 back_position=&#8220;center center&#8220; parallax=&#8220;yes&#8220; overlay_alpha=&#8220;25\u2033 gutter_size=&#8220;3\u2033 column_width_percent=&#8220;100\u2033 shift_y=&#8220;0\u2033 z_index=&#8220;0\u2033 enable_bottom_divider=&#8220;default&#8220; shape_bottom_invert=&#8220;yes&#8220; shape_bottom_h_use_pixel=&#8220;&#8220; shape_bottom_height=&#8220;100\u2033 shape_bottom_color=&#8220;color-vyce&#8220; shape_bottom_opacity=&#8220;100\u2033 shape_bottom_index=&#8220;0\u2033 content_parallax=&#8220;0\u2033 uncode_shortcode_id=&#8220;152436\u2033 [&hellip;]<\/p>\n","protected":false},"author":1,"featured_media":0,"parent":0,"menu_order":0,"comment_status":"closed","ping_status":"closed","template":"","meta":{"footnotes":""},"class_list":["post-1152","page","type-page","status-publish","hentry"],"_links":{"self":[{"href":"https:\/\/comiccon.lu\/de\/wp-json\/wp\/v2\/pages\/1152","targetHints":{"allow":["GET"]}}],"collection":[{"href":"https:\/\/comiccon.lu\/de\/wp-json\/wp\/v2\/pages"}],"about":[{"href":"https:\/\/comiccon.lu\/de\/wp-json\/wp\/v2\/types\/page"}],"author":[{"embeddable":true,"href":"https:\/\/comiccon.lu\/de\/wp-json\/wp\/v2\/users\/1"}],"replies":[{"embeddable":true,"href":"https:\/\/comiccon.lu\/de\/wp-json\/wp\/v2\/comments?post=1152"}],"version-history":[{"count":4,"href":"https:\/\/comiccon.lu\/de\/wp-json\/wp\/v2\/pages\/1152\/revisions"}],"predecessor-version":[{"id":1159,"href":"https:\/\/comiccon.lu\/de\/wp-json\/wp\/v2\/pages\/1152\/revisions\/1159"}],"wp:attachment":[{"href":"https:\/\/comiccon.lu\/de\/wp-json\/wp\/v2\/media?parent=1152"}],"curies":[{"name":"wp","href":"https:\/\/api.w.org\/{rel}","templated":true}]}}