{"id":1161,"date":"2025-03-13T14:58:08","date_gmt":"2025-03-13T13:58:08","guid":{"rendered":"https:\/\/comiccon.lu\/datenschutzrichtlinie\/"},"modified":"2025-07-02T15:18:15","modified_gmt":"2025-07-02T14:18:15","slug":"datenschutzrichtlinie","status":"publish","type":"page","link":"https:\/\/comiccon.lu\/de\/datenschutzrichtlinie\/","title":{"rendered":"Datenschutzrichtlinie"},"content":{"rendered":"<div class=\"wpb-content-wrapper\"><p>[vc_row][vc_column width=&#8220;2\/3\u2033][vc_empty_space empty_h=&#8220;2\u2033][vc_custom_heading]Datenschutzrichtlinie[\/vc_custom_heading][vc_column_text uncode_shortcode_id=&#8220;142227\u2033]<\/p>\n<p>G\u00fcltigkeitsdatum: 01. Januar 2025<\/p>\n<p>Comic Con Luxembourg (\u201euns\u201c, \u201ewir\u201c oder \u201eunser\u201c) betreibt die Website https:\/\/comiccon.lu (der \u201eDienst\u201c).<\/p>\n<p>Auf dieser Seite werden Sie \u00fcber unsere Richtlinien bez\u00fcglich der Erfassung, Verwendung und Weitergabe von personenbezogenen Daten informiert, wenn Sie unseren Dienst nutzen, sowie \u00fcber die Wahlm\u00f6glichkeiten, die Sie in Verbindung mit diesen Daten haben.<\/p>\n<p>Wir verwenden Ihre Daten, um den Dienst bereitzustellen und zu verbessern. Durch die Nutzung des Dienstes stimmen Sie der Erfassung und Verwendung von Informationen in \u00dcbereinstimmung mit dieser Richtlinie zu. Sofern in dieser Datenschutzrichtlinie nicht anders definiert, haben die in dieser Datenschutzrichtlinie verwendeten Begriffe die gleiche Bedeutung wie in unseren Allgemeinen Gesch\u00e4ftsbedingungen, die unter https:\/\/comiccon.lu abrufbar sind.<\/p>\n<h2>Erhebung und Verwendung von Informationen<\/h2>\n<p>Wir erheben verschiedene Arten von Informationen f\u00fcr unterschiedliche Zwecke, um Ihnen unseren Dienst bereitzustellen und zu verbessern.<\/p>\n<h3>Arten der erhobenen Daten<\/h3>\n<h4>Personenbezogene Daten<\/h4>\n<p>W\u00e4hrend der Nutzung unseres Dienstes bitten wir Sie m\u00f6glicherweise, uns bestimmte personenbezogene Daten mitzuteilen, die verwendet werden k\u00f6nnen, um Sie zu kontaktieren oder zu identifizieren (\u201epersonenbezogene Daten\u201c). Zu den personenbezogenen Daten geh\u00f6ren unter anderem:<\/p>\n<ul>\n<li>E-Mail-Adresse<\/li>\n<li>Vorname und Nachname<\/li>\n<li>Cookies und Nutzungsdaten<\/li>\n<\/ul>\n<h4>Nutzungsdaten<\/h4>\n<p>Wir k\u00f6nnen auch Informationen dar\u00fcber sammeln, wie auf den Dienst zugegriffen und dieser genutzt wird (\u201eNutzungsdaten\u201c). Diese Nutzungsdaten k\u00f6nnen Informationen wie die Internetprotokolladresse Ihres Computers (z. B. IP-Adresse), Browsertyp, Browserversion, die Seiten unseres Dienstes, die Sie besuchen, Datum und Uhrzeit Ihres Besuchs, die auf diesen Seiten verbrachte Zeit, eindeutige Ger\u00e4tekennungen und andere Diagnosedaten enthalten.<\/p>\n<h4>Tracking- &amp; Cookie-Daten<\/h4>\n<p>Wir verwenden Cookies und \u00e4hnliche Tracking-Technologien, um die Aktivit\u00e4t auf unserem Dienst zu verfolgen und bestimmte Informationen zu speichern.<\/p>\n<p>Cookies sind Dateien mit einer geringen Datenmenge, die eine anonyme eindeutige Kennung enthalten k\u00f6nnen. Cookies werden von einer Website an Ihren Browser gesendet und auf Ihrem Ger\u00e4t gespeichert. Zu den ebenfalls verwendeten Tracking-Technologien geh\u00f6ren Beacons, Tags und Skripte, um Informationen zu sammeln und zu verfolgen sowie unseren Dienst zu verbessern und zu analysieren.<\/p>\n<p>Sie k\u00f6nnen Ihren Browser anweisen, alle Cookies abzulehnen oder anzuzeigen, wenn ein Cookie gesendet wird. Wenn Sie jedoch keine Cookies akzeptieren, k\u00f6nnen Sie m\u00f6glicherweise einige Teile unseres Dienstes nicht nutzen.<\/p>\n<p>Beispiele f\u00fcr von uns verwendete Cookies:<\/p>\n<ul>\n<li><strong>Sitzungscookies.<\/strong> Wir verwenden Sitzungscookies, um unseren Dienst zu betreiben.<\/li>\n<li><strong>Pr\u00e4ferenz-Cookies.<\/strong> Wir verwenden Pr\u00e4ferenz-Cookies, um Ihre Pr\u00e4ferenzen und verschiedenen Einstellungen zu speichern.<\/li>\n<li><strong>Sicherheits-Cookies.<\/strong> Wir verwenden Sicherheits-Cookies f\u00fcr Sicherheitszwecke.<\/li>\n<\/ul>\n<h2>Verwendung von Daten<\/h2>\n<p>Die Comic Con Group verwendet die erhobenen Daten f\u00fcr verschiedene Zwecke:<\/p>\n<ul>\n<li>Zur Bereitstellung und Aufrechterhaltung des Dienstes<\/li>\n<li>Um Sie \u00fcber \u00c4nderungen an unserem Dienst zu informieren<\/li>\n<li>Damit Sie an interaktiven Funktionen unseres Dienstes teilnehmen k\u00f6nnen, wenn Sie dies w\u00fcnschen<\/li>\n<li>Um Kundenbetreuung und -support zu bieten<\/li>\n<li>Um Analysen oder wertvolle Informationen bereitzustellen, damit wir den Dienst verbessern k\u00f6nnen<\/li>\n<li>Um die Nutzung des Dienstes zu \u00fcberwachen<\/li>\n<li>Um technische Probleme zu erkennen, zu verhindern und zu beheben<\/li>\n<\/ul>\n<h2>Daten\u00fcbertragung<\/h2>\n<p>Ihre Informationen, einschlie\u00dflich personenbezogener Daten, k\u00f6nnen auf Computer \u00fcbertragen und dort gespeichert werden, die sich au\u00dferhalb Ihres Bundesstaates, Ihrer Provinz, Ihres Landes oder einer anderen staatlichen Gerichtsbarkeit befinden, wo die Datenschutzgesetze von denen Ihrer Gerichtsbarkeit abweichen k\u00f6nnen.<\/p>\n<p>Wenn Sie sich au\u00dferhalb von Belgien befinden und uns Informationen zukommen lassen, beachten Sie bitte, dass wir die Daten, einschlie\u00dflich personenbezogener Daten, nach Belgien \u00fcbertragen und dort verarbeiten.<\/p>\n<p>Ihre Zustimmung zu dieser Datenschutzrichtlinie, gefolgt von Ihrer \u00dcbermittlung dieser Informationen, stellt Ihre Zustimmung zu dieser \u00dcbertragung dar.<\/p>\n<p>Die Comic Con Group wird alle zumutbaren Schritte unternehmen, um sicherzustellen, dass Ihre Daten sicher und in \u00dcbereinstimmung mit dieser Datenschutzrichtlinie behandelt werden und dass keine \u00dcbertragung Ihrer personenbezogenen Daten an eine Organisation oder ein Land erfolgt, es sei denn, es sind angemessene Kontrollen vorhanden, einschlie\u00dflich der Sicherheit Ihrer Daten und anderer pers\u00f6nlicher Informationen.<\/p>\n<h2>Offenlegung von Daten<\/h2>\n<h3>Gesetzliche Bestimmungen<\/h3>\n<p>Die Comic Con Group kann Ihre personenbezogenen Daten in gutem Glauben offenlegen, wenn sie der Ansicht ist, dass dies notwendig ist, um:<\/p>\n<ul>\n<li>Einer gesetzlichen Verpflichtung nachzukommen<\/li>\n<li>Die Rechte oder das Eigentum der Comic Con Group zu sch\u00fctzen und zu verteidigen<\/li>\n<li>M\u00f6gliches Fehlverhalten im Zusammenhang mit dem Dienst zu verhindern oder zu untersuchen<\/li>\n<li>Die pers\u00f6nliche Sicherheit der Benutzer des Dienstes oder der \u00d6ffentlichkeit zu sch\u00fctzen<\/li>\n<li>Sich gegen rechtliche Haftung zu sch\u00fctzen<\/li>\n<\/ul>\n<h2>Sicherheit der Daten<\/h2>\n<p>Die Sicherheit Ihrer Daten ist uns wichtig, aber denken Sie daran, dass keine Methode der \u00dcbertragung \u00fcber das Internet oder Methode der elektronischen Speicherung zu 100 % sicher ist. Obwohl wir uns bem\u00fchen, kommerziell akzeptable Mittel zum Schutz Ihrer personenbezogenen Daten einzusetzen, k\u00f6nnen wir deren absolute Sicherheit nicht garantieren.<\/p>\n<h2>Dienstleister<\/h2>\n<p>Wir k\u00f6nnen Drittunternehmen und Einzelpersonen beauftragen, unseren Dienst zu erleichtern (\u201eDienstleister\u201c), den Dienst in unserem Namen zu erbringen, dienstbezogene Leistungen zu erbringen oder uns bei der Analyse der Nutzung unseres Dienstes zu unterst\u00fctzen.<\/p>\n<p>Diese Dritten haben nur Zugriff auf Ihre personenbezogenen Daten, um diese Aufgaben in unserem Namen auszuf\u00fchren, und sind verpflichtet, diese nicht offenzulegen oder f\u00fcr andere Zwecke zu verwenden.<\/p>\n<h3>Analysen<\/h3>\n<p>Wir k\u00f6nnen Drittanbieter einsetzen, um die Nutzung unseres Dienstes zu \u00fcberwachen und zu analysieren.<\/p>\n<ul>\n<li><strong>Google Analytics<\/strong> Google Analytics ist ein Webanalysedienst von Google, der Website-Traffic verfolgt und meldet. Google verwendet die gesammelten Daten, um die Nutzung unseres Dienstes zu verfolgen und zu \u00fcberwachen. Diese Daten werden mit anderen Google-Diensten geteilt. Google kann die gesammelten Daten verwenden, um die Anzeigen seines eigenen Werbenetzwerks zu kontextualisieren und zu personalisieren.Sie k\u00f6nnen die Verf\u00fcgbarkeit Ihrer Aktivit\u00e4t f\u00fcr Google Analytics auf dem Dienst deaktivieren, indem Sie das Google Analytics Opt-out Browser Add-on installieren. Das Add-on verhindert, dass das Google Analytics JavaScript (ga.js, analytics.js und dc.js) Informationen \u00fcber Besuchsaktivit\u00e4ten an Google Analytics weitergibt.Weitere Informationen zu den Datenschutzpraktiken von Google finden Sie auf der Google-Webseite zu Datenschutz &amp; Nutzungsbedingungen: <a href=\"https:\/\/policies.google.com\/privacy?hl=en\" target=\"_blank\" rel=\"noopener\">https:\/\/policies.google.com\/privacy?hl=en<\/a><\/li>\n<\/ul>\n<h2>Links zu anderen Seiten<\/h2>\n<p>Unser Dienst kann Links zu anderen Seiten enthalten, die nicht von uns betrieben werden. Wenn Sie auf einen Link eines Drittanbieters klicken, werden Sie auf die Seite dieses Drittanbieters weitergeleitet. Wir empfehlen Ihnen dringend, die Datenschutzrichtlinien jeder Seite, die Sie besuchen, zu lesen.<\/p>\n<p>Wir haben keine Kontrolle \u00fcber den Inhalt, die Datenschutzrichtlinien oder die Praktiken von Seiten oder Diensten Dritter und \u00fcbernehmen keine Verantwortung daf\u00fcr.<\/p>\n<h2>Privatsph\u00e4re von Kindern<\/h2>\n<p>Unser Dienst richtet sich nicht an Personen unter 18 Jahren (\u201eKinder\u201c).<\/p>\n<p>Wir erfassen nicht wissentlich personenbezogene Daten von Personen unter 18 Jahren. Wenn Sie Elternteil oder Erziehungsberechtigter sind und feststellen, dass Ihre Kinder uns personenbezogene Daten zur Verf\u00fcgung gestellt haben, kontaktieren Sie uns bitte. Wenn wir feststellen, dass wir personenbezogene Daten von Kindern ohne \u00dcberpr\u00fcfung der elterlichen Zustimmung erfasst haben, unternehmen wir Schritte, um diese Informationen von unseren Servern zu entfernen.<\/p>\n<h2>\u00c4nderungen an dieser Datenschutzrichtlinie<\/h2>\n<p>Wir k\u00f6nnen unsere Datenschutzrichtlinie von Zeit zu Zeit aktualisieren. Wir werden Sie \u00fcber alle \u00c4nderungen informieren, indem wir die neue Datenschutzrichtlinie auf dieser Seite ver\u00f6ffentlichen.<\/p>\n<p>Wir werden Sie vor Inkrafttreten der \u00c4nderung per E-Mail und\/oder durch einen deutlichen Hinweis auf unserem Dienst informieren und das \u201eG\u00fcltigkeitsdatum\u201c oben in dieser Datenschutzrichtlinie aktualisieren.<\/p>\n<p>Es wird empfohlen, diese Datenschutzrichtlinie regelm\u00e4\u00dfig auf \u00c4nderungen zu \u00fcberpr\u00fcfen. \u00c4nderungen an dieser Datenschutzrichtlinie werden wirksam, wenn sie auf dieser Seite ver\u00f6ffentlicht werden.<\/p>\n<h2>Kontaktieren Sie uns<\/h2>\n<p>Wenn Sie Fragen zu dieser Datenschutzrichtlinie haben, kontaktieren Sie uns bitte:<\/p>\n<ul>\n<li>Per E-Mail: contact@comiccon.lu<\/li>\n<\/ul>\n<h2>Physische Adresse<\/h2>\n<p><strong>COMIC CON GROUP<\/strong><br \/>\nNormaalschoolstraat 55<br \/>\n9000 Gent<br \/>\nBelgien, Europa<\/p>\n<p>Entreprenerd<br \/>\nBE 0632.521.855<\/p>\n<p>[\/vc_column_text][vc_empty_space empty_h=&#8220;2\u2033][\/vc_column][vc_column width=&#8220;1\/3\u2033][\/vc_column][\/vc_row]<\/p>\n<\/div>","protected":false},"excerpt":{"rendered":"<p>[vc_row][vc_column width=&#8220;2\/3\u2033][vc_empty_space empty_h=&#8220;2\u2033][vc_custom_heading]Datenschutzrichtlinie[\/vc_custom_heading][vc_column_text uncode_shortcode_id=&#8220;142227\u2033] G\u00fcltigkeitsdatum: 01. Januar 2025 Comic Con Luxembourg (\u201euns\u201c, \u201ewir\u201c oder \u201eunser\u201c) betreibt die Website https:\/\/comiccon.lu (der [&hellip;]<\/p>\n","protected":false},"author":1,"featured_media":0,"parent":0,"menu_order":0,"comment_status":"closed","ping_status":"open","template":"","meta":{"footnotes":""},"class_list":["post-1161","page","type-page","status-publish","hentry"],"_links":{"self":[{"href":"https:\/\/comiccon.lu\/de\/wp-json\/wp\/v2\/pages\/1161","targetHints":{"allow":["GET"]}}],"collection":[{"href":"https:\/\/comiccon.lu\/de\/wp-json\/wp\/v2\/pages"}],"about":[{"href":"https:\/\/comiccon.lu\/de\/wp-json\/wp\/v2\/types\/page"}],"author":[{"embeddable":true,"href":"https:\/\/comiccon.lu\/de\/wp-json\/wp\/v2\/users\/1"}],"replies":[{"embeddable":true,"href":"https:\/\/comiccon.lu\/de\/wp-json\/wp\/v2\/comments?post=1161"}],"version-history":[{"count":3,"href":"https:\/\/comiccon.lu\/de\/wp-json\/wp\/v2\/pages\/1161\/revisions"}],"predecessor-version":[{"id":1166,"href":"https:\/\/comiccon.lu\/de\/wp-json\/wp\/v2\/pages\/1161\/revisions\/1166"}],"wp:attachment":[{"href":"https:\/\/comiccon.lu\/de\/wp-json\/wp\/v2\/media?parent=1161"}],"curies":[{"name":"wp","href":"https:\/\/api.w.org\/{rel}","templated":true}]}}