{"id":1457,"date":"2025-11-04T10:02:52","date_gmt":"2025-11-04T09:02:52","guid":{"rendered":"https:\/\/comiccon.lu\/cosplay-anmeldeformular\/"},"modified":"2025-11-04T10:33:53","modified_gmt":"2025-11-04T09:33:53","slug":"cosplay-anmeldeformular","status":"publish","type":"page","link":"https:\/\/comiccon.lu\/de\/cosplay-anmeldeformular\/","title":{"rendered":"Cosplay-Anmeldeformular"},"content":{"rendered":"<div class=\"wpb-content-wrapper\"><p>[vc_row row_height_percent=&#8220;0\u2033 override_padding=&#8220;yes&#8220; h_padding=&#8220;2\u2033 top_padding=&#8220;2\u2033 bottom_padding=&#8220;5\u2033 back_color=&#8220;color-vyce&#8220; overlay_alpha=&#8220;50\u2033 gutter_size=&#8220;3\u2033 column_width_percent=&#8220;100\u2033 shift_y=&#8220;0\u2033 z_index=&#8220;0\u2033 content_parallax=&#8220;0\u2033 uncode_shortcode_id=&#8220;458560\u2033 back_color_type=&#8220;uncode-palette&#8220;][vc_column column_width_percent=&#8220;100\u2033 gutter_size=&#8220;3\u2033 style=&#8220;dark&#8220; overlay_alpha=&#8220;50\u2033 shift_x=&#8220;0\u2033 shift_y=&#8220;0\u2033 shift_y_down=&#8220;0\u2033 z_index=&#8220;0\u2033 medium_width=&#8220;0\u2033 mobile_width=&#8220;0\u2033 width=&#8220;1\/2\u2033 uncode_shortcode_id=&#8220;102160\u2033][vc_single_image media=&#8220;1449\u2033 media_width_percent=&#8220;100\u2033 media_ratio=&#8220;sixteen-nine&#8220; uncode_shortcode_id=&#8220;151896\u2033][vc_empty_space empty_h=&#8220;3\u2033][\/vc_column][vc_column column_width_percent=&#8220;100\u2033 gutter_size=&#8220;2\u2033 style=&#8220;dark&#8220; overlay_alpha=&#8220;50\u2033 shift_x=&#8220;0\u2033 shift_y=&#8220;0\u2033 shift_y_down=&#8220;0\u2033 z_index=&#8220;0\u2033 medium_width=&#8220;0\u2033 mobile_width=&#8220;0\u2033 width=&#8220;1\/2\u2033 uncode_shortcode_id=&#8220;730917\u2033][vc_custom_heading uncode_shortcode_id=&#8220;146481\u2033]Nehmen Sie an unserem Cosplay-Wettbewerb teil![\/vc_custom_heading][vc_column_text uncode_shortcode_id=&#8220;149765\u2033]Erleben Sie die Spannung und Freundschaft unseres Cosplay-Wettbewerbs und Kost\u00fcmwettbewerbs auf der Comic Con Luxembourg und gewinnen Sie tolle Cosplay-Preise!<\/p>\n<p>Wenn Sie teilnehmen m\u00f6chten, registrieren Sie sich hier und erleben Sie dieses einzigartige Erlebnis.<\/p>\n<p>Auf der Comic Con Luxembourg dreht sich alles um Spa\u00df, und Cosplay ist das schlagende Herz dieser Convention.<\/p>\n<p>[\/vc_column_text][vc_row_inner row_inner_height_percent=&#8220;0\u2033 back_color=&#8220;color-220004\u2033 overlay_alpha=&#8220;50\u2033 gutter_size=&#8220;3\u2033 shift_y=&#8220;0\u2033 z_index=&#8220;0\u2033 uncode_shortcode_id=&#8220;165621\u2033 back_color_type=&#8220;uncode-palette&#8220; row_height_pixel=&#8220;48\u2033][vc_column_inner column_width_percent=&#8220;100\u2033 position_vertical=&#8220;middle&#8220; gutter_size=&#8220;3\u2033 overlay_alpha=&#8220;50\u2033 shift_x=&#8220;0\u2033 shift_y=&#8220;0\u2033 shift_y_down=&#8220;0\u2033 z_index=&#8220;0\u2033 medium_width=&#8220;0\u2033 mobile_width=&#8220;0\u2033 width=&#8220;1\/1\u2033 uncode_shortcode_id=&#8220;161407\u2033][vc_wp_custommenu nav_menu=&#8220;53\u2033 nav_menu_horizontal=&#8220;1\u2033][\/vc_column_inner][\/vc_row_inner][\/vc_column][\/vc_row][vc_row row_height_percent=&#8220;0\u2033 override_padding=&#8220;yes&#8220; h_padding=&#8220;2\u2033 top_padding=&#8220;2\u2033 bottom_padding=&#8220;3\u2033 back_color=&#8220;color-vyce&#8220; overlay_alpha=&#8220;50\u2033 gutter_size=&#8220;3\u2033 column_width_percent=&#8220;100\u2033 shift_y=&#8220;-5\u2033 z_index=&#8220;0\u2033 content_parallax=&#8220;0\u2033 uncode_shortcode_id=&#8220;131431\u2033 back_color_type=&#8220;uncode-palette&#8220; row_name=&#8220;register&#8220;][vc_column column_width_percent=&#8220;100\u2033 gutter_size=&#8220;3\u2033 style=&#8220;dark&#8220; overlay_alpha=&#8220;50\u2033 shift_x=&#8220;0\u2033 shift_y=&#8220;0\u2033 shift_y_down=&#8220;0\u2033 z_index=&#8220;0\u2033 medium_width=&#8220;0\u2033 mobile_width=&#8220;0\u2033 width=&#8220;1\/2\u2033 uncode_shortcode_id=&#8220;386600\u2033][vc_custom_heading uncode_shortcode_id=&#8220;165375\u2033]REGISTRIEREN[\/vc_custom_heading][vc_row_inner][vc_column_inner column_width_percent=&#8220;100\u2033 gutter_size=&#8220;3\u2033 back_color=&#8220;color-xsdn&#8220; overlay_alpha=&#8220;50\u2033 shift_x=&#8220;0\u2033 shift_y=&#8220;0\u2033 shift_y_down=&#8220;0\u2033 z_index=&#8220;0\u2033 medium_width=&#8220;0\u2033 mobile_width=&#8220;0\u2033 width=&#8220;1\/1\u2033 uncode_shortcode_id=&#8220;542320\u2033 back_color_type=&#8220;uncode-palette&#8220;][vc_column_text uncode_shortcode_id=&#8220;194710\u2033]kommt bald[\/vc_column_text][\/vc_column_inner][\/vc_row_inner][\/vc_column][vc_column column_width_percent=&#8220;100\u2033 position_vertical=&#8220;middle&#8220; gutter_size=&#8220;2\u2033 style=&#8220;dark&#8220; overlay_alpha=&#8220;50\u2033 shift_x=&#8220;0\u2033 shift_y=&#8220;0\u2033 shift_y_down=&#8220;0\u2033 z_index=&#8220;0\u2033 medium_width=&#8220;0\u2033 mobile_width=&#8220;0\u2033 width=&#8220;1\/2\u2033 uncode_shortcode_id=&#8220;736209\u2033][vc_custom_heading uncode_shortcode_id=&#8220;188400\u2033]H\u00e4ufig gestellte Fragen[\/vc_custom_heading][uncode_share layout=&#8220;multiple&#8220;][vc_accordion history=&#8220;yes&#8220; active_tab=&#8220;0\u2033][vc_accordion_tab gutter_size=&#8220;2\u2033 column_padding=&#8220;2\u2033 title=&#8220;Gibt es einen Rabatt, wenn ich im Cosplay bin?&#8220; tab_id=&#8220;56025525-6ee1-116780297503701709204497578\u2033 slug=&#8220;Is there a discount if I\u2019m in cosplay?&#8220;][vc_column_text uncode_shortcode_id=&#8220;141706\u2033]Ja! Es gibt einen Rabatt von 3 Euro an der T\u00fcr f\u00fcr Cosplayer. Du musst nat\u00fcrlich im Cosplay sein![\/vc_column_text][\/vc_accordion_tab][vc_accordion_tab gutter_size=&#8220;2\u2033 column_padding=&#8220;2\u2033 title=&#8220;Und was ist mit Waffen?&#8220; tab_id=&#8220;d789ee5e-a545-716780297503701709204497578\u2033 slug=&#8220;And what about weapons?&#8220;][vc_column_text uncode_shortcode_id=&#8220;158399\u2033]Waffen sind verboten. Verbotene Waffen sind verboten. Bitte informieren Sie sich diesbez\u00fcglich \u00fcber die luxemburgischen Gesetze.<\/p>\n<p>Das Tragen von verbotenen Waffen, Messern oder anderen Gegenst\u00e4nden, die nach unserer Einsch\u00e4tzung dazu verwendet werden k\u00f6nnten, andere zu verletzen, ist selbstverst\u00e4ndlich JEDERZEIT STRIKT verboten. Wenn eine Beh\u00f6rde oder ein Vertreter der Comic Con Luxembourg Anfragen bez\u00fcglich der Waffen hat, m\u00fcssen Sie diese unverz\u00fcglich befolgen. Personen, die gegen diese Regeln versto\u00dfen, werden von der Comic Con Luxembourg entfernt. Waffen k\u00f6nnen jederzeit nach unserem Ermessen beschlagnahmt werden.<\/p>\n<p>[\/vc_column_text][\/vc_accordion_tab][vc_accordion_tab gutter_size=&#8220;2\u2033 column_padding=&#8220;2\u2033 title=&#8220;Sind Airsoft-Waffen auf der Comic Con Luxembourg erlaubt?&#8220; tab_id=&#8220;0b06e3f5-7676-516780297503701709204497578\u2033 slug=&#8220;Are airsoft weapons allowed on Comic Con Luxembourg?&#8220;][vc_column_text uncode_shortcode_id=&#8220;930807\u2033]Sind Airsoft-Waffen auf der Comic Con Luxembourg erlaubt?<\/p>\n<p>[\/vc_column_text][\/vc_accordion_tab][\/vc_accordion][\/vc_column][\/vc_row][vc_row][vc_column width=&#8220;1\/1\u2033][uncode_block id=&#8220;917\u2033][\/vc_column][\/vc_row]<\/p>\n<\/div>","protected":false},"excerpt":{"rendered":"<p>[vc_row row_height_percent=&#8220;0\u2033 override_padding=&#8220;yes&#8220; h_padding=&#8220;2\u2033 top_padding=&#8220;2\u2033 bottom_padding=&#8220;5\u2033 back_color=&#8220;color-vyce&#8220; overlay_alpha=&#8220;50\u2033 gutter_size=&#8220;3\u2033 column_width_percent=&#8220;100\u2033 shift_y=&#8220;0\u2033 z_index=&#8220;0\u2033 content_parallax=&#8220;0\u2033 uncode_shortcode_id=&#8220;458560\u2033 back_color_type=&#8220;uncode-palette&#8220;][vc_column column_width_percent=&#8220;100\u2033 gutter_size=&#8220;3\u2033 style=&#8220;dark&#8220; overlay_alpha=&#8220;50\u2033 shift_x=&#8220;0\u2033 [&hellip;]<\/p>\n","protected":false},"author":4,"featured_media":0,"parent":0,"menu_order":0,"comment_status":"closed","ping_status":"closed","template":"","meta":{"footnotes":""},"class_list":["post-1457","page","type-page","status-publish","hentry"],"_links":{"self":[{"href":"https:\/\/comiccon.lu\/de\/wp-json\/wp\/v2\/pages\/1457","targetHints":{"allow":["GET"]}}],"collection":[{"href":"https:\/\/comiccon.lu\/de\/wp-json\/wp\/v2\/pages"}],"about":[{"href":"https:\/\/comiccon.lu\/de\/wp-json\/wp\/v2\/types\/page"}],"author":[{"embeddable":true,"href":"https:\/\/comiccon.lu\/de\/wp-json\/wp\/v2\/users\/4"}],"replies":[{"embeddable":true,"href":"https:\/\/comiccon.lu\/de\/wp-json\/wp\/v2\/comments?post=1457"}],"version-history":[{"count":8,"href":"https:\/\/comiccon.lu\/de\/wp-json\/wp\/v2\/pages\/1457\/revisions"}],"predecessor-version":[{"id":1471,"href":"https:\/\/comiccon.lu\/de\/wp-json\/wp\/v2\/pages\/1457\/revisions\/1471"}],"wp:attachment":[{"href":"https:\/\/comiccon.lu\/de\/wp-json\/wp\/v2\/media?parent=1457"}],"curies":[{"name":"wp","href":"https:\/\/api.w.org\/{rel}","templated":true}]}}