{"id":945,"date":"2025-03-15T10:22:32","date_gmt":"2025-03-15T09:22:32","guid":{"rendered":"https:\/\/comiccon.lu\/presse\/"},"modified":"2025-07-02T15:10:18","modified_gmt":"2025-07-02T14:10:18","slug":"presse","status":"publish","type":"page","link":"https:\/\/comiccon.lu\/de\/presse\/","title":{"rendered":"Presse"},"content":{"rendered":"<div class=\"wpb-content-wrapper\"><p>[vc_row row_height_percent=&#8220;0\u2033 override_padding=&#8220;yes&#8220; h_padding=&#8220;2\u2033 top_padding=&#8220;2\u2033 bottom_padding=&#8220;5\u2033 back_color=&#8220;color-vyce&#8220; overlay_alpha=&#8220;50\u2033 gutter_size=&#8220;3\u2033 column_width_percent=&#8220;100\u2033 shift_y=&#8220;0\u2033 z_index=&#8220;0\u2033 content_parallax=&#8220;0\u2033 uncode_shortcode_id=&#8220;156696\u2033 el_class=&#8220;presskit&#8220; back_color_type=&#8220;uncode-palette&#8220;][vc_column column_width_percent=&#8220;100\u2033 gutter_size=&#8220;3\u2033 style=&#8220;dark&#8220; overlay_alpha=&#8220;50\u2033 shift_x=&#8220;0\u2033 shift_y=&#8220;0\u2033 shift_y_down=&#8220;0\u2033 z_index=&#8220;0\u2033 medium_width=&#8220;0\u2033 mobile_width=&#8220;0\u2033 width=&#8220;1\/1\u2033 uncode_shortcode_id=&#8220;566359\u2033][vc_custom_heading text_color=&#8220;color-xsdn&#8220; heading_semantic=&#8220;h1\u2033 text_size=&#8220;h1\u2033 uncode_shortcode_id=&#8220;165614\u2033 text_color_type=&#8220;uncode-palette&#8220;]Presse[\/vc_custom_heading][vc_column_text uncode_shortcode_id=&#8220;469841\u2033]Laden Sie unser Pressekit zur Bewerbung der Comic Con Luxembourg herunter.[\/vc_column_text][vc_row_inner][vc_column_inner column_width_percent=&#8220;100\u2033 gutter_size=&#8220;2\u2033 expand_height=&#8220;yes&#8220; back_color=&#8220;color-xsdn&#8220; overlay_alpha=&#8220;50\u2033 shift_x=&#8220;0\u2033 shift_y=&#8220;0\u2033 shift_y_down=&#8220;0\u2033 z_index=&#8220;0\u2033 medium_width=&#8220;4\u2033 mobile_width=&#8220;0\u2033 width=&#8220;1\/3\u2033 uncode_shortcode_id=&#8220;119949\u2033 back_color_type=&#8220;uncode-palette&#8220;][vc_custom_heading text_transform=&#8220;uppercase&#8220; uncode_shortcode_id=&#8220;556271\u2033]Logos[\/vc_custom_heading][vc_column_text uncode_shortcode_id=&#8220;786362\u2033]Laden Sie hier unser Veranstaltungslogo herunter.<\/p>\n<p>Es ist in verschiedenen Formaten erh\u00e4ltlich und kann f\u00fcr Pressever\u00f6ffentlichungen, digitales Marketing und mehr verwendet werden.<\/p>\n<p>Klicken Sie auf den Link unten, um unser Veranstaltungslogo herunterzuladen.<\/p>\n<p><em>Kostenlos zur ausschlie\u00dflichen Verwendung f\u00fcr die Bewerbung der Comic Con Luxembourg. <\/em>[\/vc_column_text][vc_button button_color=&#8220;color-141378\u2033 hover_fx=&#8220;full-colored&#8220; border_width=&#8220;0\u2033 button_color_type=&#8220;uncode-palette&#8220; icon=&#8220;fa fa-download&#8220; uncode_shortcode_id=&#8220;865533\u2033 link=&#8220;url:https%3A%2F%2Fcomiccon.lu%2Fwp-content%2Fuploads%2F2025%2F03%2Fpresskit-logo.zip|target:_blank|&#8220;]Herunterladen[\/vc_button][\/vc_column_inner][vc_column_inner column_width_percent=&#8220;100\u2033 gutter_size=&#8220;2\u2033 expand_height=&#8220;yes&#8220; back_color=&#8220;color-xsdn&#8220; overlay_alpha=&#8220;50\u2033 shift_x=&#8220;0\u2033 shift_y=&#8220;0\u2033 shift_y_down=&#8220;0\u2033 z_index=&#8220;0\u2033 medium_width=&#8220;4\u2033 mobile_width=&#8220;0\u2033 width=&#8220;1\/3\u2033 uncode_shortcode_id=&#8220;924226\u2033 back_color_type=&#8220;uncode-palette&#8220;][vc_custom_heading text_transform=&#8220;uppercase&#8220; uncode_shortcode_id=&#8220;172796\u2033]Fotos[\/vc_custom_heading][vc_column_text uncode_shortcode_id=&#8220;918738\u2033]Umgebungsbilder, Action-Fotos und Portr\u00e4ts von G\u00e4sten und Besuchern: Unser Foto-Kit bietet eine Reihe hochwertiger Bilder, um Ihre Medienberichterstattung und Werbematerialien zu bereichern.<\/p>\n<p>Klicken Sie auf den Link unten, um direkt zu unserem Foto-Kit zu gelangen.<\/p>\n<p><em>Kostenlos zur ausschlie\u00dflichen Verwendung f\u00fcr die Bewerbung der Comic Con Luxembourg.<\/em>[\/vc_column_text][vc_button button_color=&#8220;color-141378\u2033 hover_fx=&#8220;full-colored&#8220; border_width=&#8220;0\u2033 button_color_type=&#8220;uncode-palette&#8220; icon=&#8220;fa fa-download&#8220; uncode_shortcode_id=&#8220;800553\u2033]Herunterladen[\/vc_button][\/vc_column_inner][vc_column_inner column_width_percent=&#8220;100\u2033 position_vertical=&#8220;middle&#8220; gutter_size=&#8220;2\u2033 style=&#8220;dark&#8220; overlay_alpha=&#8220;50\u2033 shift_x=&#8220;0\u2033 shift_y=&#8220;0\u2033 shift_y_down=&#8220;0\u2033 z_index=&#8220;0\u2033 medium_visibility=&#8220;yes&#8220; medium_width=&#8220;0\u2033 mobile_visibility=&#8220;yes&#8220; mobile_width=&#8220;0\u2033 width=&#8220;1\/3\u2033 uncode_shortcode_id=&#8220;127532\u2033][vc_custom_heading text_transform=&#8220;uppercase&#8220; uncode_shortcode_id=&#8220;177549\u2033]Haben Sie Fragen?[\/vc_custom_heading][vc_column_text uncode_shortcode_id=&#8220;676275\u2033]<a href=\"mailto:Press@comiccon.group\" target=\"_blank\" rel=\"noopener\">press@comiccon.group<\/a><\/p>\n<p><em>Nur f\u00fcr Journalisten<\/em>[\/vc_column_text][\/vc_column_inner][\/vc_row_inner][vc_empty_space empty_h=&#8220;2\u2033][\/vc_column][\/vc_row][vc_row unlock_row_content=&#8220;yes&#8220; row_height_percent=&#8220;0\u2033 override_padding=&#8220;yes&#8220; h_padding=&#8220;0\u2033 top_padding=&#8220;2\u2033 bottom_padding=&#8220;2\u2033 back_color=&#8220;color-vyce&#8220; overlay_alpha=&#8220;50\u2033 gutter_size=&#8220;3\u2033 column_width_percent=&#8220;100\u2033 shift_y=&#8220;0\u2033 z_index=&#8220;0\u2033 content_parallax=&#8220;0\u2033 uncode_shortcode_id=&#8220;102976\u2033 back_color_type=&#8220;uncode-palette&#8220;][vc_column column_width_percent=&#8220;100\u2033 gutter_size=&#8220;3\u2033 overlay_alpha=&#8220;50\u2033 shift_x=&#8220;0\u2033 shift_y=&#8220;-4\u2033 shift_y_down=&#8220;0\u2033 z_index=&#8220;0\u2033 medium_width=&#8220;0\u2033 mobile_width=&#8220;0\u2033 width=&#8220;1\/1\u2033 uncode_shortcode_id=&#8220;154407\u2033][vc_gallery el_id=&#8220;gallery-861822\u2033 type=&#8220;carousel&#8220; medias=&#8220;374,375,308,325,321,323,373,295,372\u2033 carousel_lg=&#8220;3\u2033 carousel_md=&#8220;2\u2033 carousel_sm=&#8220;1\u2033 thumb_size=&#8220;sixteen-nine&#8220; gutter_size=&#8220;3\u2033 carousel_interval=&#8220;3000\u2033 carousel_navspeed=&#8220;400\u2033 carousel_loop=&#8220;yes&#8220; carousel_overflow=&#8220;yes&#8220; carousel_dots=&#8220;yes&#8220; stage_padding=&#8220;0\u2033 single_overlay_opacity=&#8220;10\u2033 single_padding=&#8220;2\u2033 single_border=&#8220;yes&#8220; lbox_social=&#8220;yes&#8220; lbox_actual_size=&#8220;yes&#8220; lbox_full=&#8220;yes&#8220; lbox_download=&#8220;yes&#8220; uncode_shortcode_id=&#8220;488379\u2033][\/vc_column][\/vc_row][vc_row][vc_column width=&#8220;1\/1\u2033][uncode_block id=&#8220;927\u2033][\/vc_column][\/vc_row][vc_row][vc_column width=&#8220;1\/1\u2033][uncode_block id=&#8220;917\u2033][\/vc_column][\/vc_row]<\/p>\n<\/div>","protected":false},"excerpt":{"rendered":"<p>[vc_row row_height_percent=&#8220;0\u2033 override_padding=&#8220;yes&#8220; h_padding=&#8220;2\u2033 top_padding=&#8220;2\u2033 bottom_padding=&#8220;5\u2033 back_color=&#8220;color-vyce&#8220; overlay_alpha=&#8220;50\u2033 gutter_size=&#8220;3\u2033 column_width_percent=&#8220;100\u2033 shift_y=&#8220;0\u2033 z_index=&#8220;0\u2033 content_parallax=&#8220;0\u2033 uncode_shortcode_id=&#8220;156696\u2033 el_class=&#8220;presskit&#8220; back_color_type=&#8220;uncode-palette&#8220;][vc_column column_width_percent=&#8220;100\u2033 gutter_size=&#8220;3\u2033 style=&#8220;dark&#8220; overlay_alpha=&#8220;50\u2033 [&hellip;]<\/p>\n","protected":false},"author":1,"featured_media":0,"parent":0,"menu_order":0,"comment_status":"closed","ping_status":"closed","template":"","meta":{"footnotes":""},"class_list":["post-945","page","type-page","status-publish","hentry"],"_links":{"self":[{"href":"https:\/\/comiccon.lu\/de\/wp-json\/wp\/v2\/pages\/945","targetHints":{"allow":["GET"]}}],"collection":[{"href":"https:\/\/comiccon.lu\/de\/wp-json\/wp\/v2\/pages"}],"about":[{"href":"https:\/\/comiccon.lu\/de\/wp-json\/wp\/v2\/types\/page"}],"author":[{"embeddable":true,"href":"https:\/\/comiccon.lu\/de\/wp-json\/wp\/v2\/users\/1"}],"replies":[{"embeddable":true,"href":"https:\/\/comiccon.lu\/de\/wp-json\/wp\/v2\/comments?post=945"}],"version-history":[{"count":2,"href":"https:\/\/comiccon.lu\/de\/wp-json\/wp\/v2\/pages\/945\/revisions"}],"predecessor-version":[{"id":1124,"href":"https:\/\/comiccon.lu\/de\/wp-json\/wp\/v2\/pages\/945\/revisions\/1124"}],"wp:attachment":[{"href":"https:\/\/comiccon.lu\/de\/wp-json\/wp\/v2\/media?parent=945"}],"curies":[{"name":"wp","href":"https:\/\/api.w.org\/{rel}","templated":true}]}}