{"id":957,"date":"2025-03-19T14:17:57","date_gmt":"2025-03-19T13:17:57","guid":{"rendered":"https:\/\/comiccon.lu\/startseite\/"},"modified":"2026-02-17T16:29:37","modified_gmt":"2026-02-17T15:29:37","slug":"startseite","status":"publish","type":"page","link":"https:\/\/comiccon.lu\/de\/","title":{"rendered":"Startseite"},"content":{"rendered":"<div class=\"wpb-content-wrapper\"><p>[vc_row row_height_percent=&#8220;80\u2033 back_image=&#8220;93\u2033 back_position=&#8220;center center&#8220; parallax=&#8220;yes&#8220; overlay_alpha=&#8220;25\u2033 gutter_size=&#8220;3\u2033 column_width_percent=&#8220;100\u2033 shift_y=&#8220;0\u2033 z_index=&#8220;0\u2033 enable_bottom_divider=&#8220;default&#8220; shape_bottom_invert=&#8220;yes&#8220; shape_bottom_h_use_pixel=&#8220;&#8220; shape_bottom_height=&#8220;100\u2033 shape_bottom_color=&#8220;color-vyce&#8220; shape_bottom_opacity=&#8220;100\u2033 shape_bottom_index=&#8220;0\u2033 content_parallax=&#8220;0\u2033 uncode_shortcode_id=&#8220;152436\u2033 el_class=&#8220;homefold&#8220; row_height_pixel=&#8220;540\u2033 shape_bottom_color_type=&#8220;uncode-palette&#8220;][vc_column column_width_percent=&#8220;100\u2033 position_vertical=&#8220;middle&#8220; align_horizontal=&#8220;align_center&#8220; gutter_size=&#8220;2\u2033 style=&#8220;dark&#8220; overlay_alpha=&#8220;50\u2033 shift_x=&#8220;0\u2033 shift_y=&#8220;0\u2033 shift_y_down=&#8220;0\u2033 z_index=&#8220;0\u2033 medium_width=&#8220;0\u2033 mobile_width=&#8220;0\u2033 width=&#8220;1\/1\u2033 uncode_shortcode_id=&#8220;177154\u2033][vc_single_image media=&#8220;91\u2033 media_width_use_pixel=&#8220;yes&#8220; alignment=&#8220;center&#8220; css_animation=&#8220;zoom-in&#8220; uncode_shortcode_id=&#8220;186648\u2033 media_width_pixel=&#8220;400\u2033][vc_custom_heading heading_semantic=&#8220;h1\u2033 text_size=&#8220;h1\u2033 uncode_shortcode_id=&#8220;101531\u2033]<em>12. &amp; 13. December<\/em>[\/vc_custom_heading][vc_custom_heading text_size=&#8220;h3\u2033 uncode_shortcode_id=&#8220;143788\u2033]<em>Luxexpo &#8211; Luxemburg<\/em><\/p>\n<p>[\/vc_custom_heading]\n<div class=\"eski-countdown__container\" data-countdown-date=\"2026-12-12T10:00:00\">\n\n    <div class=\"eski-countdown__block\" data-countdown-name=\"days\">\n        <div class=\"eski-countdown__numbers\"><\/div>\n        <p class=\"eski-countdown__text\">Tage<\/p>\n    <\/div>\n\n    <div class=\"eski-countdown__block\" data-countdown-name=\"hours\">\n        <div class=\"eski-countdown__numbers\"><\/div>\n        <p class=\"eski-countdown__text\">Stunden<\/p>\n    <\/div>\n\n    <div class=\"eski-countdown__block\" data-countdown-name=\"minutes\">\n        <div class=\"eski-countdown__numbers\"><\/div>\n        <p class=\"eski-countdown__text\">Minuten<\/p>\n    <\/div>\n\n    <div class=\"eski-countdown__block\" data-countdown-name=\"seconds\">\n        <div class=\"eski-countdown__numbers\"><\/div>\n        <p class=\"eski-countdown__text\">Sekunden<\/p>\n    <\/div>\n\n<\/div>\n\n[vc_button button_color=&#8220;color-141378\u2033 border_width=&#8220;0\u2033 button_color_type=&#8220;uncode-palette&#8220; uncode_shortcode_id=&#8220;921933\u2033 link=&#8220;url:https%3A%2F%2Fcomiccon.lu%2Fde%2Feintrittskarten%2F|title:Eintrittskarten&#8220;]Eintrittskarten[\/vc_button][vc_empty_space empty_h=&#8220;4\u2033][\/vc_column][\/vc_row][vc_row row_height_percent=&#8220;0\u2033 back_color=&#8220;color-vyce&#8220; overlay_alpha=&#8220;50\u2033 gutter_size=&#8220;3\u2033 column_width_percent=&#8220;100\u2033 shift_y=&#8220;-4\u2033 z_index=&#8220;0\u2033 content_parallax=&#8220;0\u2033 el_class=&#8220;homecounters countdownv2\u2033 uncode_shortcode_id=&#8220;392890\u2033 back_color_type=&#8220;uncode-palette&#8220;][vc_column width=&#8220;1\/1\u2033][\/vc_column][\/vc_row][vc_row row_height_percent=&#8220;0\u2033 override_padding=&#8220;yes&#8220; h_padding=&#8220;2\u2033 top_padding=&#8220;3\u2033 bottom_padding=&#8220;2\u2033 back_color=&#8220;color-vyce&#8220; overlay_alpha=&#8220;50\u2033 gutter_size=&#8220;3\u2033 column_width_percent=&#8220;100\u2033 shift_y=&#8220;0\u2033 z_index=&#8220;0\u2033 content_parallax=&#8220;0\u2033 uncode_shortcode_id=&#8220;144388\u2033 back_color_type=&#8220;uncode-palette&#8220; el_class=&#8220;homeinfo&#8220;][vc_column column_width_percent=&#8220;100\u2033 position_vertical=&#8220;middle&#8220; gutter_size=&#8220;2\u2033 style=&#8220;dark&#8220; overlay_alpha=&#8220;50\u2033 shift_x=&#8220;0\u2033 shift_y=&#8220;0\u2033 shift_y_down=&#8220;0\u2033 z_index=&#8220;0\u2033 medium_width=&#8220;0\u2033 mobile_width=&#8220;0\u2033 width=&#8220;1\/3\u2033 uncode_shortcode_id=&#8220;415457\u2033][vc_custom_heading uncode_shortcode_id=&#8220;810016\u2033]Information[\/vc_custom_heading][vc_column_text uncode_shortcode_id=&#8220;773959\u2033]Die Comic Con Luxembourg ist das Event in Luxemburg f\u00fcr alle wahren Fans und Liebhaber von Comics, Manga, Cosplay, Gaming, Filmen, Serien, Sci-Fi, Fantasy und mehr.<\/p>\n<p>Entfliehen Sie in eine magische Welt, das ultimative Geek-Erlebnis mit weltber\u00fchmten Starg\u00e4sten zum Treffen und einem riesigen Geek-Markt zum Besuchen.<\/p>\n<p>Aber auch faszinierende Workshops, Fragerunden und Vortr\u00e4ge, aber Sie k\u00f6nnen auch einfach nur Spiele spielen und die vielen Wettbewerbe und Auff\u00fchrungen genie\u00dfen.<\/p>\n<p>Vor allem ist es die perfekte Zeit, um Freundschaften zu schlie\u00dfen und einen sch\u00f6nen Tag mit anderen Fans zu verbringen.<\/p>\n<p>Auf geht&#8217;s, Luxemburg, Get Your Geek On![\/vc_column_text][\/vc_column][vc_column width=&#8220;2\/3\u2033][vc_single_image media=&#8220;441\u2033 media_width_percent=&#8220;100\u2033 uncode_shortcode_id=&#8220;189732\u2033][\/vc_column][\/vc_row][vc_row row_height_percent=&#8220;0\u2033 back_color=&#8220;color-vyce&#8220; overlay_alpha=&#8220;50\u2033 gutter_size=&#8220;3\u2033 column_width_percent=&#8220;100\u2033 shift_y=&#8220;0\u2033 z_index=&#8220;0\u2033 content_parallax=&#8220;0\u2033 uncode_shortcode_id=&#8220;900688\u2033 back_color_type=&#8220;uncode-palette&#8220;][vc_column column_width_percent=&#8220;100\u2033 gutter_size=&#8220;2\u2033 style=&#8220;dark&#8220; overlay_alpha=&#8220;50\u2033 shift_x=&#8220;0\u2033 shift_y=&#8220;0\u2033 shift_y_down=&#8220;0\u2033 z_index=&#8220;0\u2033 medium_width=&#8220;0\u2033 mobile_width=&#8220;0\u2033 width=&#8220;1\/1\u2033 uncode_shortcode_id=&#8220;536476\u2033][vc_row_inner][vc_column_inner column_width_percent=&#8220;100\u2033 gutter_size=&#8220;2\u2033 style=&#8220;dark&#8220; overlay_alpha=&#8220;50\u2033 shift_x=&#8220;0\u2033 shift_y=&#8220;0\u2033 shift_y_down=&#8220;0\u2033 z_index=&#8220;0\u2033 medium_width=&#8220;0\u2033 mobile_width=&#8220;0\u2033 width=&#8220;1\/1\u2033 uncode_shortcode_id=&#8220;599159\u2033][vc_custom_heading uncode_shortcode_id=&#8220;112068\u2033]Information[\/vc_custom_heading][uncode_index el_id=&#8220;index-732782\u2033 index_type=&#8220;css_grid&#8220; loop=&#8220;size:8|order_by:date|post_type:page|by_id:30,28,26,24,22,20,18,444|taxonomy_count:10\u2033 screen_lg_items=&#8220;3\u2033 screen_lg_breakpoint=&#8220;1000\u2033 screen_md_items=&#8220;2\u2033 screen_md_breakpoint=&#8220;780\u2033 screen_sm_items=&#8220;1\u2033 screen_sm_breakpoint=&#8220;570\u2033 gutter_size=&#8220;3\u2033 post_items=&#8220;media|featured|onpost|original,title&#8220; single_text=&#8220;lateral&#8220; single_image_size=&#8220;3\u2033 single_overlay_opacity=&#8220;1\u2033 single_padding=&#8220;2\u2033 custom_order=&#8220;yes&#8220; no_double_tap=&#8220;yes&#8220; uncode_shortcode_id=&#8220;247792\u2033 el_class=&#8220;postblock postblockinfo postblockinfohome&#8220; order_ids=&#8220;104,114,106,30,112,110,108,116\u2033][\/vc_column_inner][\/vc_row_inner][vc_empty_space empty_h=&#8220;2\u2033][vc_row_inner row_inner_height_percent=&#8220;0\u2033 overlay_alpha=&#8220;50\u2033 gutter_size=&#8220;3\u2033 shift_y=&#8220;0\u2033 z_index=&#8220;0\u2033 desktop_visibility=&#8220;yes&#8220; medium_visibility=&#8220;yes&#8220; mobile_visibility=&#8220;yes&#8220; uncode_shortcode_id=&#8220;196437\u2033 el_class=&#8220;programmahome programmablock&#8220;][vc_column_inner column_width_percent=&#8220;100\u2033 gutter_size=&#8220;2\u2033 expand_height=&#8220;yes&#8220; style=&#8220;dark&#8220; overlay_alpha=&#8220;50\u2033 shift_x=&#8220;0\u2033 shift_y=&#8220;0\u2033 shift_y_down=&#8220;0\u2033 z_index=&#8220;0\u2033 medium_width=&#8220;0\u2033 mobile_width=&#8220;0\u2033 width=&#8220;1\/3\u2033 uncode_shortcode_id=&#8220;132194\u2033][vc_empty_space][vc_custom_heading uncode_shortcode_id=&#8220;147566\u2033]Programm[\/vc_custom_heading][vc_column_text uncode_shortcode_id=&#8220;775526\u2033]Het programma geeft informatie over waar en wanneer de verschillende activiteiten plaatsvinden, zodat u uw planning kunt plannen.[\/vc_column_text][vc_button button_color=&#8220;color-927011\u2033 hover_fx=&#8220;full-colored&#8220; border_width=&#8220;0\u2033 link=&#8220;url:https%3A%2F%2Fcomicconholland.nl%2Fprogramma-nl%2F|title:programma%20nl|&#8220; button_color_type=&#8220;uncode-palette&#8220; uncode_shortcode_id=&#8220;206692\u2033]Meer info[\/vc_button][\/vc_column_inner][vc_column_inner column_width_percent=&#8220;100\u2033 gutter_size=&#8220;2\u2033 expand_height=&#8220;yes&#8220; back_color=&#8220;color-xsdn&#8220; overlay_alpha=&#8220;50\u2033 shift_x=&#8220;0\u2033 shift_y=&#8220;0\u2033 shift_y_down=&#8220;0\u2033 z_index=&#8220;0\u2033 medium_width=&#8220;0\u2033 mobile_width=&#8220;0\u2033 width=&#8220;1\/3\u2033 uncode_shortcode_id=&#8220;487011\u2033 back_color_type=&#8220;uncode-palette&#8220;][vc_custom_heading heading_semantic=&#8220;h3\u2033 text_size=&#8220;h3\u2033 uncode_shortcode_id=&#8220;854280\u2033]Zaterdag<br \/>\n29 APRIL 2023[\/vc_custom_heading][vc_raw_html]PHRhYmxlPgo8dHI+Cjx0ZD4xMTowMDwvdGQ+Cjx0ZD5Uw7xyZW4gw7ZmZm5lbjwvdGQ+CjwvdHI+Cgo8dHI+Cjx0ZD4xMTowMDwvdGQ+Cjx0ZD5Uw7xyZW4gw7ZmZm5lbjwvdGQ+CjwvdHI+Cgo8dHI+Cjx0ZD4xMTowMDwvdGQ+Cjx0ZD5Uw7xyZW4gw7ZmZm5lbjwvdGQ+CjwvdHI+Cgo8dHI+Cjx0ZD4xMTowMDwvdGQ+Cjx0ZD5Uw7xyZW4gw7ZmZm5lbjwvdGQ+CjwvdHI+Cgo8dHI+Cjx0ZD4xMTowMDwvdGQ+Cjx0ZD5Uw7xyZW4gw7ZmZm5lbjwvdGQ+CjwvdHI+Cgo8L3RhYmxlPg==[\/vc_raw_html][\/vc_column_inner][vc_column_inner column_width_percent=&#8220;100\u2033 gutter_size=&#8220;2\u2033 expand_height=&#8220;yes&#8220; back_color=&#8220;color-xsdn&#8220; overlay_alpha=&#8220;50\u2033 shift_x=&#8220;0\u2033 shift_y=&#8220;0\u2033 shift_y_down=&#8220;0\u2033 z_index=&#8220;0\u2033 medium_width=&#8220;0\u2033 mobile_width=&#8220;0\u2033 width=&#8220;1\/3\u2033 uncode_shortcode_id=&#8220;180651\u2033 back_color_type=&#8220;uncode-palette&#8220;][vc_custom_heading heading_semantic=&#8220;h3\u2033 text_size=&#8220;h3\u2033 uncode_shortcode_id=&#8220;185177\u2033]Zondag<br \/>\n30 APRIL 2023[\/vc_custom_heading][vc_raw_html]PHRhYmxlPgo8dHI+Cjx0ZD4xMTowMDwvdGQ+Cjx0ZD5Uw7xyZW4gw7ZmZm5lbjwvdGQ+CjwvdHI+Cgo8dHI+Cjx0ZD4xMTowMDwvdGQ+Cjx0ZD5Uw7xyZW4gw7ZmZm5lbjwvdGQ+CjwvdHI+Cgo8dHI+Cjx0ZD4xMTowMDwvdGQ+Cjx0ZD5Uw7xyZW4gw7ZmZm5lbjwvdGQ+CjwvdHI+Cgo8dHI+Cjx0ZD4xMTowMDwvdGQ+Cjx0ZD5Uw7xyZW4gw7ZmZm5lbjwvdGQ+CjwvdHI+Cgo8dHI+Cjx0ZD4xMTowMDwvdGQ+Cjx0ZD5Uw7xyZW4gw7ZmZm5lbjwvdGQ+CjwvdHI+Cgo8L3RhYmxlPg==[\/vc_raw_html][\/vc_column_inner][\/vc_row_inner][vc_row_inner row_inner_height_percent=&#8220;0\u2033 overlay_alpha=&#8220;50\u2033 gutter_size=&#8220;3\u2033 shift_y=&#8220;0\u2033 z_index=&#8220;0\u2033 uncode_shortcode_id=&#8220;204258\u2033 el_class=&#8220;homegasten&#8220;][vc_column_inner column_width_percent=&#8220;100\u2033 gutter_size=&#8220;2\u2033 style=&#8220;dark&#8220; overlay_alpha=&#8220;50\u2033 shift_x=&#8220;0\u2033 shift_y=&#8220;0\u2033 shift_y_down=&#8220;0\u2033 z_index=&#8220;0\u2033 medium_width=&#8220;0\u2033 mobile_width=&#8220;0\u2033 width=&#8220;1\/1\u2033 uncode_shortcode_id=&#8220;104834\u2033][vc_custom_heading uncode_shortcode_id=&#8220;517448\u2033]G\u00e4ste[\/vc_custom_heading][\/vc_column_inner][\/vc_row_inner][vc_row_inner row_inner_height_percent=&#8220;0\u2033 overlay_alpha=&#8220;50\u2033 gutter_size=&#8220;3\u2033 shift_y=&#8220;0\u2033 z_index=&#8220;0\u2033 uncode_shortcode_id=&#8220;204258\u2033 el_class=&#8220;homegasten&#8220;][vc_column_inner column_width_percent=&#8220;100\u2033 gutter_size=&#8220;2\u2033 style=&#8220;dark&#8220; overlay_alpha=&#8220;50\u2033 shift_x=&#8220;0\u2033 shift_y=&#8220;0\u2033 shift_y_down=&#8220;0\u2033 z_index=&#8220;0\u2033 medium_width=&#8220;4\u2033 mobile_width=&#8220;0\u2033 width=&#8220;1\/4\u2033 uncode_shortcode_id=&#8220;198683\u2033][vc_single_image media=&#8220;1649\u2033 media_width_percent=&#8220;100\u2033 uncode_shortcode_id=&#8220;498080\u2033][\/vc_column_inner][vc_column_inner column_width_percent=&#8220;100\u2033 gutter_size=&#8220;3\u2033 overlay_alpha=&#8220;50\u2033 shift_x=&#8220;0\u2033 shift_y=&#8220;0\u2033 shift_y_down=&#8220;0\u2033 z_index=&#8220;0\u2033 medium_width=&#8220;4\u2033 mobile_width=&#8220;0\u2033 width=&#8220;1\/4\u2033 uncode_shortcode_id=&#8220;715742\u2033][vc_single_image media=&#8220;1649\u2033 media_width_percent=&#8220;100\u2033 uncode_shortcode_id=&#8220;369597\u2033][\/vc_column_inner][vc_column_inner column_width_percent=&#8220;100\u2033 gutter_size=&#8220;3\u2033 overlay_alpha=&#8220;50\u2033 shift_x=&#8220;0\u2033 shift_y=&#8220;0\u2033 shift_y_down=&#8220;0\u2033 z_index=&#8220;0\u2033 medium_width=&#8220;4\u2033 mobile_width=&#8220;0\u2033 width=&#8220;1\/4\u2033 uncode_shortcode_id=&#8220;764042\u2033][vc_single_image media=&#8220;1649\u2033 media_width_percent=&#8220;100\u2033 uncode_shortcode_id=&#8220;825901\u2033][\/vc_column_inner][vc_column_inner column_width_percent=&#8220;100\u2033 gutter_size=&#8220;3\u2033 overlay_alpha=&#8220;50\u2033 shift_x=&#8220;0\u2033 shift_y=&#8220;0\u2033 shift_y_down=&#8220;0\u2033 z_index=&#8220;0\u2033 medium_width=&#8220;4\u2033 mobile_width=&#8220;0\u2033 width=&#8220;1\/4\u2033 uncode_shortcode_id=&#8220;683571\u2033][vc_single_image media=&#8220;1649\u2033 media_width_percent=&#8220;100\u2033 uncode_shortcode_id=&#8220;929959\u2033][\/vc_column_inner][\/vc_row_inner][vc_row_inner row_inner_height_percent=&#8220;0\u2033 overlay_alpha=&#8220;50\u2033 gutter_size=&#8220;3\u2033 shift_y=&#8220;0\u2033 z_index=&#8220;0\u2033 uncode_shortcode_id=&#8220;155029\u2033][vc_column_inner column_width_percent=&#8220;100\u2033 align_horizontal=&#8220;align_center&#8220; gutter_size=&#8220;2\u2033 style=&#8220;dark&#8220; overlay_alpha=&#8220;50\u2033 shift_x=&#8220;0\u2033 shift_y=&#8220;0\u2033 shift_y_down=&#8220;0\u2033 z_index=&#8220;0\u2033 medium_width=&#8220;0\u2033 mobile_width=&#8220;0\u2033 width=&#8220;1\/1\u2033 uncode_shortcode_id=&#8220;119341\u2033][vc_button button_color=&#8220;color-210407\u2033 border_width=&#8220;0\u2033 link=&#8220;url:https%3A%2F%2Fcomiccon.lu%2Fde%2Fgaeste%2F|title:gasten%20nl&#8220; uncode_shortcode_id=&#8220;148480\u2033 button_color_type=&#8220;uncode-palette&#8220;]Alle G\u00e4ste[\/vc_button][\/vc_column_inner][\/vc_row_inner][vc_empty_space empty_h=&#8220;2\u2033][vc_custom_heading uncode_shortcode_id=&#8220;174255\u2033]Aktivit\u00e4ten[\/vc_custom_heading][\/vc_column][\/vc_row][vc_row row_height_percent=&#8220;0\u2033 overlay_alpha=&#8220;50\u2033 gutter_size=&#8220;3\u2033 column_width_percent=&#8220;100\u2033 shift_y=&#8220;0\u2033 z_index=&#8220;0\u2033 desktop_visibility=&#8220;yes&#8220; medium_visibility=&#8220;yes&#8220; mobile_visibility=&#8220;yes&#8220; uncode_shortcode_id=&#8220;342195\u2033][vc_column width=&#8220;1\/1\u2033][vc_custom_heading uncode_shortcode_id=&#8220;140267\u2033]hidden row[\/vc_custom_heading][uncode_index el_id=&#8220;index-702915\u2033 isotope_mode=&#8220;fitRows&#8220; loop=&#8220;size:All|order_by:date|post_type:portfolio|tax_query:94,-115|taxonomy_count:10\u2033 screen_lg=&#8220;1000\u2033 screen_md=&#8220;600\u2033 screen_sm=&#8220;480\u2033 gutter_size=&#8220;3\u2033 post_items=&#8220;media|featured|onpost|original,title&#8220; single_width=&#8220;3\u2033 single_overlay_opacity=&#8220;1\u2033 single_h_align=&#8220;center&#8220; single_padding=&#8220;2\u2033 single_border=&#8220;yes&#8220; no_double_tap=&#8220;yes&#8220; uncode_shortcode_id=&#8220;478289\u2033 el_class=&#8220;postblock postblockguests postblockguestshome&#8220; items=&#8220;eyIyMTlfaSI6eyJzaW5nbGVfbGF5b3V0X3BvcnRmb2xpb19pdGVtcyI6Im1lZGlhfGZlYXR1cmVkfG5vbGlua3xvcmlnaW5hbCJ9LCIyMTZfaSI6eyJzaW5nbGVfbGF5b3V0X3BvcnRmb2xpb19pdGVtcyI6Im1lZGlhfGZlYXR1cmVkfG5vbGlua3xvcmlnaW5hbCJ9LCIyMTFfaSI6eyJzaW5nbGVfbGF5b3V0X3BvcnRmb2xpb19pdGVtcyI6Im1lZGlhfGZlYXR1cmVkfG5vbGlua3xvcmlnaW5hbCJ9LCIxNzRfaSI6eyJzaW5nbGVfbGF5b3V0X3BvcnRmb2xpb19pdGVtcyI6Im1lZGlhfGZlYXR1cmVkfG5vbGlua3xvcmlnaW5hbCJ9LCIyMDBfaSI6eyJzaW5nbGVfbGF5b3V0X3BvcnRmb2xpb19pdGVtcyI6Im1lZGlhfGZlYXR1cmVkfG9ucG9zdHxvcmlnaW5hbCx0aXRsZSxtZWRpYXxmZWF0dXJlZHxub2xpbmt8b3JpZ2luYWwsdGl0bGUifSwiMTk4X2kiOnsic2luZ2xlX2xheW91dF9wb3J0Zm9saW9faXRlbXMiOiJtZWRpYXxmZWF0dXJlZHxvbnBvc3R8b3JpZ2luYWwsdGl0bGUsbWVkaWF8ZmVhdHVyZWR8bm9saW5rfG9yaWdpbmFsLHRpdGxlIn0sIjE5Nl9pIjp7InNpbmdsZV9sYXlvdXRfcG9ydGZvbGlvX2l0ZW1zIjoibWVkaWF8ZmVhdHVyZWR8b25wb3N0fG9yaWdpbmFsLHRpdGxlLG1lZGlhfGZlYXR1cmVkfG5vbGlua3xvcmlnaW5hbCx0aXRsZSJ9LCIxOTFfaSI6eyJzaW5nbGVfbGF5b3V0X3BvcnRmb2xpb19pdGVtcyI6Im1lZGlhfGZlYXR1cmVkfG9ucG9zdHxvcmlnaW5hbCx0aXRsZSxtZWRpYXxmZWF0dXJlZHxub2xpbmt8b3JpZ2luYWwsdGl0bGUifSwiOTY0X2kiOnsic2luZ2xlX2xheW91dF9wb3J0Zm9saW9faXRlbXMiOiJtZWRpYXxmZWF0dXJlZHxub2xpbmt8b3JpZ2luYWwsdGl0bGUifSwiOTYzX2kiOnsic2luZ2xlX2xheW91dF9wb3J0Zm9saW9faXRlbXMiOiJtZWRpYXxmZWF0dXJlZHxub2xpbmt8b3JpZ2luYWwsdGl0bGUifSwiOTYyX2kiOnsic2luZ2xlX2xheW91dF9wb3J0Zm9saW9faXRlbXMiOiJtZWRpYXxmZWF0dXJlZHxub2xpbmt8b3JpZ2luYWwsdGl0bGUifSwiOTYxX2kiOnsic2luZ2xlX2xheW91dF9wb3J0Zm9saW9faXRlbXMiOiJtZWRpYXxmZWF0dXJlZHxub2xpbmt8b3JpZ2luYWwsdGl0bGUifX0=&#8220; order_ids=&#8220;1558,1690,1704,1672,1613,1652,1662,1696,1641,219,216,211\u2033][\/vc_column][\/vc_row][vc_row][vc_column width=&#8220;1\/1\u2033][uncode_block id=&#8220;923\u2033][\/vc_column][\/vc_row][vc_row row_height_percent=&#8220;0\u2033 back_color=&#8220;color-vyce&#8220; overlay_alpha=&#8220;50\u2033 gutter_size=&#8220;3\u2033 column_width_percent=&#8220;100\u2033 shift_y=&#8220;0\u2033 z_index=&#8220;0\u2033 content_parallax=&#8220;0\u2033 uncode_shortcode_id=&#8220;872581\u2033 back_color_type=&#8220;uncode-palette&#8220;][vc_column width=&#8220;1\/1\u2033][vc_empty_space empty_h=&#8220;3\u2033][\/vc_column][\/vc_row][vc_row][vc_column width=&#8220;1\/1\u2033][uncode_block id=&#8220;917\u2033][\/vc_column][\/vc_row]<\/p>\n<\/div>","protected":false},"excerpt":{"rendered":"<p>[vc_row row_height_percent=&#8220;80\u2033 back_image=&#8220;93\u2033 back_position=&#8220;center center&#8220; parallax=&#8220;yes&#8220; overlay_alpha=&#8220;25\u2033 gutter_size=&#8220;3\u2033 column_width_percent=&#8220;100\u2033 shift_y=&#8220;0\u2033 z_index=&#8220;0\u2033 enable_bottom_divider=&#8220;default&#8220; shape_bottom_invert=&#8220;yes&#8220; shape_bottom_h_use_pixel=&#8220;&#8220; shape_bottom_height=&#8220;100\u2033 shape_bottom_color=&#8220;color-vyce&#8220; shape_bottom_opacity=&#8220;100\u2033 shape_bottom_index=&#8220;0\u2033 content_parallax=&#8220;0\u2033 uncode_shortcode_id=&#8220;152436\u2033 [&hellip;]<\/p>\n","protected":false},"author":4,"featured_media":0,"parent":0,"menu_order":0,"comment_status":"closed","ping_status":"closed","template":"","meta":{"footnotes":""},"class_list":["post-957","page","type-page","status-publish","hentry"],"_links":{"self":[{"href":"https:\/\/comiccon.lu\/de\/wp-json\/wp\/v2\/pages\/957","targetHints":{"allow":["GET"]}}],"collection":[{"href":"https:\/\/comiccon.lu\/de\/wp-json\/wp\/v2\/pages"}],"about":[{"href":"https:\/\/comiccon.lu\/de\/wp-json\/wp\/v2\/types\/page"}],"author":[{"embeddable":true,"href":"https:\/\/comiccon.lu\/de\/wp-json\/wp\/v2\/users\/4"}],"replies":[{"embeddable":true,"href":"https:\/\/comiccon.lu\/de\/wp-json\/wp\/v2\/comments?post=957"}],"version-history":[{"count":6,"href":"https:\/\/comiccon.lu\/de\/wp-json\/wp\/v2\/pages\/957\/revisions"}],"predecessor-version":[{"id":1673,"href":"https:\/\/comiccon.lu\/de\/wp-json\/wp\/v2\/pages\/957\/revisions\/1673"}],"wp:attachment":[{"href":"https:\/\/comiccon.lu\/de\/wp-json\/wp\/v2\/media?parent=957"}],"curies":[{"name":"wp","href":"https:\/\/api.w.org\/{rel}","templated":true}]}}