{"id":992,"date":"2025-03-15T10:20:55","date_gmt":"2025-03-15T09:20:55","guid":{"rendered":"https:\/\/comiccon.lu\/kuenstler\/"},"modified":"2025-07-02T15:04:31","modified_gmt":"2025-07-02T14:04:31","slug":"kuenstler","status":"publish","type":"page","link":"https:\/\/comiccon.lu\/de\/aktivitaeten\/kuenstler\/","title":{"rendered":"K\u00fcnstler"},"content":{"rendered":"<div class=\"wpb-content-wrapper\"><p>[vc_row row_height_percent=&#8220;0\u2033 back_color=&#8220;color-vyce&#8220; overlay_alpha=&#8220;50\u2033 gutter_size=&#8220;3\u2033 column_width_percent=&#8220;100\u2033 shift_y=&#8220;0\u2033 z_index=&#8220;0\u2033 content_parallax=&#8220;0\u2033 uncode_shortcode_id=&#8220;167561\u2033 back_color_type=&#8220;uncode-palette&#8220;][vc_column column_width_percent=&#8220;100\u2033 gutter_size=&#8220;3\u2033 style=&#8220;dark&#8220; overlay_alpha=&#8220;50\u2033 shift_x=&#8220;0\u2033 shift_y=&#8220;0\u2033 shift_y_down=&#8220;0\u2033 z_index=&#8220;0\u2033 medium_width=&#8220;0\u2033 mobile_width=&#8220;0\u2033 width=&#8220;1\/1\u2033 uncode_shortcode_id=&#8220;158114\u2033][vc_custom_heading heading_semantic=&#8220;h1\u2033 text_size=&#8220;h1\u2033 uncode_shortcode_id=&#8220;841008\u2033]K\u00fcnstler[\/vc_custom_heading][vc_row_inner][vc_column_inner column_width_percent=&#8220;100\u2033 gutter_size=&#8220;3\u2033 style=&#8220;dark&#8220; overlay_alpha=&#8220;50\u2033 shift_x=&#8220;0\u2033 shift_y=&#8220;0\u2033 shift_y_down=&#8220;0\u2033 z_index=&#8220;0\u2033 medium_width=&#8220;0\u2033 mobile_width=&#8220;0\u2033 width=&#8220;1\/3\u2033 uncode_shortcode_id=&#8220;657169\u2033][vc_column_text uncode_shortcode_id=&#8220;326851\u2033]Der Name ist Programm: Comic Con, daher liegt der Fokus nat\u00fcrlich auch auf allen K\u00fcnstlern, die diese wundersch\u00f6nen Comics erschaffen.<\/p>\n<p>Manchmal kommen gro\u00dfartige und bekannte K\u00fcnstler von Marvel oder DC auf Tournee nach Europa und besuchen uns, aber wir werden immer lokale europ\u00e4ische Talente in unserer Artist Alley unterst\u00fctzen.<\/p>\n<p>In dieser super kreativen Gasse sind nicht nur Comiczeichner zu finden, sondern alle Kreativen und Fantasiefreunde sind willkommen.<\/p>\n<p>Es ist einer der inspirierendsten Orte auf der Convention mit den liebsten und talentiertesten Menschen, die man sich vorstellen kann.<\/p>\n<p>Besuchen Sie sie unbedingt und ein Regenbogen aus Bildern und Farben wird sich vor Ihren Augen entfalten.[\/vc_column_text][\/vc_column_inner][vc_column_inner width=&#8220;2\/3\u2033][vc_single_image dynamic=&#8220;yes&#8220; media_width_percent=&#8220;100\u2033 uncode_shortcode_id=&#8220;153400\u2033][\/vc_column_inner][\/vc_row_inner][vc_empty_space empty_h=&#8220;2\u2033][vc_row_inner][vc_column_inner column_width_percent=&#8220;100\u2033 gutter_size=&#8220;2\u2033 style=&#8220;dark&#8220; overlay_alpha=&#8220;50\u2033 shift_x=&#8220;0\u2033 shift_y=&#8220;0\u2033 shift_y_down=&#8220;0\u2033 z_index=&#8220;0\u2033 medium_width=&#8220;0\u2033 mobile_width=&#8220;0\u2033 width=&#8220;1\/1\u2033 uncode_shortcode_id=&#8220;135422\u2033][vc_custom_heading uncode_shortcode_id=&#8220;256895\u2033]K\u00fcnstler[\/vc_custom_heading][uncode_index el_id=&#8220;index-702915\u2033 isotope_mode=&#8220;fitRows&#8220; loop=&#8220;size:All|order_by:date|post_type:portfolio|tax_query:115|taxonomy_count:10\u2033 screen_lg=&#8220;1000\u2033 screen_md=&#8220;600\u2033 screen_sm=&#8220;480\u2033 gutter_size=&#8220;3\u2033 post_items=&#8220;media|featured|onpost|original,title&#8220; single_width=&#8220;3\u2033 single_overlay_opacity=&#8220;1\u2033 single_h_align=&#8220;center&#8220; single_padding=&#8220;2\u2033 single_border=&#8220;yes&#8220; custom_order=&#8220;yes&#8220; no_double_tap=&#8220;yes&#8220; uncode_shortcode_id=&#8220;556984\u2033 el_class=&#8220;postblock postblockguests postblockguestshome&#8220; items=&#8220;eyIyMTlfaSI6eyJzaW5nbGVfbGF5b3V0X3BvcnRmb2xpb19pdGVtcyI6Im1lZGlhfGZlYXR1cmVkfG5vbGlua3xvcmlnaW5hbCJ9LCIyMTZfaSI6eyJzaW5nbGVfbGF5b3V0X3BvcnRmb2xpb19pdGVtcyI6Im1lZGlhfGZlYXR1cmVkfG5vbGlua3xvcmlnaW5hbCJ9LCIyMTFfaSI6eyJzaW5nbGVfbGF5b3V0X3BvcnRmb2xpb19pdGVtcyI6Im1lZGlhfGZlYXR1cmVkfG5vbGlua3xvcmlnaW5hbCJ9LCIxNzRfaSI6eyJzaW5nbGVfbGF5b3V0X3BvcnRmb2xpb19pdGVtcyI6Im1lZGlhfGZlYXR1cmVkfG5vbGlua3xvcmlnaW5hbCJ9LCIyMDBfaSI6eyJzaW5nbGVfbGF5b3V0X3BvcnRmb2xpb19pdGVtcyI6Im1lZGlhfGZlYXR1cmVkfG9ucG9zdHxvcmlnaW5hbCx0aXRsZSxtZWRpYXxmZWF0dXJlZHxub2xpbmt8b3JpZ2luYWwsdGl0bGUifSwiMTk4X2kiOnsic2luZ2xlX2xheW91dF9wb3J0Zm9saW9faXRlbXMiOiJtZWRpYXxmZWF0dXJlZHxvbnBvc3R8b3JpZ2luYWwsdGl0bGUsbWVkaWF8ZmVhdHVyZWR8bm9saW5rfG9yaWdpbmFsLHRpdGxlIn0sIjE5Nl9pIjp7InNpbmdsZV9sYXlvdXRfcG9ydGZvbGlvX2l0ZW1zIjoibWVkaWF8ZmVhdHVyZWR8b25wb3N0fG9yaWdpbmFsLHRpdGxlLG1lZGlhfGZlYXR1cmVkfG5vbGlua3xvcmlnaW5hbCx0aXRsZSJ9LCIxOTFfaSI6eyJzaW5nbGVfbGF5b3V0X3BvcnRmb2xpb19pdGVtcyI6Im1lZGlhfGZlYXR1cmVkfG9ucG9zdHxvcmlnaW5hbCx0aXRsZSxtZWRpYXxmZWF0dXJlZHxub2xpbmt8b3JpZ2luYWwsdGl0bGUifX0=&#8220; order_ids=&#8220;931,654,675,1136,616,1005,998,991,974,579,1026,664,1054,1036,1104,1121,1059,1143,1159,1151,200,198,196,191\u2033][\/vc_column_inner][\/vc_row_inner][vc_empty_space empty_h=&#8220;2\u2033][vc_custom_heading heading_semantic=&#8220;h4\u2033 text_size=&#8220;h4\u2033 uncode_shortcode_id=&#8220;294470\u2033]Weitere Aktivit\u00e4ten[\/vc_custom_heading][\/vc_column][\/vc_row][vc_row][vc_column width=&#8220;1\/1\u2033][uncode_block id=&#8220;923\u2033][\/vc_column][\/vc_row][vc_row][vc_column width=&#8220;1\/1\u2033][uncode_block id=&#8220;917\u2033][\/vc_column][\/vc_row]<\/p>\n<\/div>","protected":false},"excerpt":{"rendered":"<p>[vc_row row_height_percent=&#8220;0\u2033 back_color=&#8220;color-vyce&#8220; overlay_alpha=&#8220;50\u2033 gutter_size=&#8220;3\u2033 column_width_percent=&#8220;100\u2033 shift_y=&#8220;0\u2033 z_index=&#8220;0\u2033 content_parallax=&#8220;0\u2033 uncode_shortcode_id=&#8220;167561\u2033 back_color_type=&#8220;uncode-palette&#8220;][vc_column column_width_percent=&#8220;100\u2033 gutter_size=&#8220;3\u2033 style=&#8220;dark&#8220; overlay_alpha=&#8220;50\u2033 shift_x=&#8220;0\u2033 shift_y=&#8220;0\u2033 shift_y_down=&#8220;0\u2033 z_index=&#8220;0\u2033 medium_width=&#8220;0\u2033 [&hellip;]<\/p>\n","protected":false},"author":1,"featured_media":308,"parent":1067,"menu_order":0,"comment_status":"closed","ping_status":"closed","template":"","meta":{"footnotes":""},"class_list":["post-992","page","type-page","status-publish","has-post-thumbnail","hentry"],"_links":{"self":[{"href":"https:\/\/comiccon.lu\/de\/wp-json\/wp\/v2\/pages\/992","targetHints":{"allow":["GET"]}}],"collection":[{"href":"https:\/\/comiccon.lu\/de\/wp-json\/wp\/v2\/pages"}],"about":[{"href":"https:\/\/comiccon.lu\/de\/wp-json\/wp\/v2\/types\/page"}],"author":[{"embeddable":true,"href":"https:\/\/comiccon.lu\/de\/wp-json\/wp\/v2\/users\/1"}],"replies":[{"embeddable":true,"href":"https:\/\/comiccon.lu\/de\/wp-json\/wp\/v2\/comments?post=992"}],"version-history":[{"count":2,"href":"https:\/\/comiccon.lu\/de\/wp-json\/wp\/v2\/pages\/992\/revisions"}],"predecessor-version":[{"id":1107,"href":"https:\/\/comiccon.lu\/de\/wp-json\/wp\/v2\/pages\/992\/revisions\/1107"}],"up":[{"embeddable":true,"href":"https:\/\/comiccon.lu\/de\/wp-json\/wp\/v2\/pages\/1067"}],"wp:featuredmedia":[{"embeddable":true,"href":"https:\/\/comiccon.lu\/de\/wp-json\/wp\/v2\/media\/308"}],"wp:attachment":[{"href":"https:\/\/comiccon.lu\/de\/wp-json\/wp\/v2\/media?parent=992"}],"curies":[{"name":"wp","href":"https:\/\/api.w.org\/{rel}","templated":true}]}}