{"id":1460,"date":"2025-11-04T10:02:52","date_gmt":"2025-11-04T09:02:52","guid":{"rendered":"https:\/\/comiccon.lu\/formulaire-dinscription-au-cosplay\/"},"modified":"2025-11-04T10:33:36","modified_gmt":"2025-11-04T09:33:36","slug":"formulaire-dinscription-au-cosplay","status":"publish","type":"page","link":"https:\/\/comiccon.lu\/fr\/formulaire-dinscription-au-cosplay\/","title":{"rendered":"Formulaire d&rsquo;inscription au cosplay"},"content":{"rendered":"<div class=\"wpb-content-wrapper\"><p>[vc_row row_height_percent=\u00a0\u00bb0&Prime; override_padding=\u00a0\u00bbyes\u00a0\u00bb h_padding=\u00a0\u00bb2&Prime; top_padding=\u00a0\u00bb2&Prime; bottom_padding=\u00a0\u00bb5&Prime; back_color=\u00a0\u00bbcolor-vyce\u00a0\u00bb overlay_alpha=\u00a0\u00bb50&Prime; gutter_size=\u00a0\u00bb3&Prime; column_width_percent=\u00a0\u00bb100&Prime; shift_y=\u00a0\u00bb0&Prime; z_index=\u00a0\u00bb0&Prime; content_parallax=\u00a0\u00bb0&Prime; uncode_shortcode_id=\u00a0\u00bb458560&Prime; back_color_type=\u00a0\u00bbuncode-palette\u00a0\u00bb][vc_column column_width_percent=\u00a0\u00bb100&Prime; gutter_size=\u00a0\u00bb3&Prime; style=\u00a0\u00bbdark\u00a0\u00bb overlay_alpha=\u00a0\u00bb50&Prime; shift_x=\u00a0\u00bb0&Prime; shift_y=\u00a0\u00bb0&Prime; shift_y_down=\u00a0\u00bb0&Prime; z_index=\u00a0\u00bb0&Prime; medium_width=\u00a0\u00bb0&Prime; mobile_width=\u00a0\u00bb0&Prime; width=\u00a0\u00bb1\/2&Prime; uncode_shortcode_id=\u00a0\u00bb102160&Prime;][vc_single_image media=\u00a0\u00bb1449&Prime; media_width_percent=\u00a0\u00bb100&Prime; media_ratio=\u00a0\u00bbsixteen-nine\u00a0\u00bb uncode_shortcode_id=\u00a0\u00bb151896&Prime;][vc_empty_space empty_h=\u00a0\u00bb3&Prime;][\/vc_column][vc_column column_width_percent=\u00a0\u00bb100&Prime; gutter_size=\u00a0\u00bb2&Prime; style=\u00a0\u00bbdark\u00a0\u00bb overlay_alpha=\u00a0\u00bb50&Prime; shift_x=\u00a0\u00bb0&Prime; shift_y=\u00a0\u00bb0&Prime; shift_y_down=\u00a0\u00bb0&Prime; z_index=\u00a0\u00bb0&Prime; medium_width=\u00a0\u00bb0&Prime; mobile_width=\u00a0\u00bb0&Prime; width=\u00a0\u00bb1\/2&Prime; uncode_shortcode_id=\u00a0\u00bb730917&Prime;][vc_custom_heading uncode_shortcode_id=\u00a0\u00bb146481&Prime;]Participez \u00e0 notre concours de cosplay ![\/vc_custom_heading][vc_column_text uncode_shortcode_id=\u00a0\u00bb149765&Prime;]Vivez l&rsquo;excitation et l&rsquo;amiti\u00e9 de notre Concours de Cosplay et de Costumes au Comic Con Luxembourg et gagnez de superbes prix de Cosplay !<\/p>\n<p>Si vous souhaitez participer, inscrivez-vous ici et tentez cette exp\u00e9rience unique.<\/p>\n<p>Au Comic Con Luxembourg, tout est question de divertissement et le Cosplay est le c\u0153ur battant de cette convention.<\/p>\n<p>[\/vc_column_text][vc_row_inner row_inner_height_percent=\u00a0\u00bb0&Prime; back_color=\u00a0\u00bbcolor-220004&Prime; overlay_alpha=\u00a0\u00bb50&Prime; gutter_size=\u00a0\u00bb3&Prime; shift_y=\u00a0\u00bb0&Prime; z_index=\u00a0\u00bb0&Prime; uncode_shortcode_id=\u00a0\u00bb165621&Prime; back_color_type=\u00a0\u00bbuncode-palette\u00a0\u00bb row_height_pixel=\u00a0\u00bb48&Prime;][vc_column_inner column_width_percent=\u00a0\u00bb100&Prime; position_vertical=\u00a0\u00bbmiddle\u00a0\u00bb gutter_size=\u00a0\u00bb3&Prime; overlay_alpha=\u00a0\u00bb50&Prime; shift_x=\u00a0\u00bb0&Prime; shift_y=\u00a0\u00bb0&Prime; shift_y_down=\u00a0\u00bb0&Prime; z_index=\u00a0\u00bb0&Prime; medium_width=\u00a0\u00bb0&Prime; mobile_width=\u00a0\u00bb0&Prime; width=\u00a0\u00bb1\/1&Prime; uncode_shortcode_id=\u00a0\u00bb161407&Prime;][vc_wp_custommenu nav_menu=\u00a0\u00bb53&Prime; nav_menu_horizontal=\u00a0\u00bb1&Prime;][\/vc_column_inner][\/vc_row_inner][\/vc_column][\/vc_row][vc_row row_height_percent=\u00a0\u00bb0&Prime; override_padding=\u00a0\u00bbyes\u00a0\u00bb h_padding=\u00a0\u00bb2&Prime; top_padding=\u00a0\u00bb2&Prime; bottom_padding=\u00a0\u00bb3&Prime; back_color=\u00a0\u00bbcolor-vyce\u00a0\u00bb overlay_alpha=\u00a0\u00bb50&Prime; gutter_size=\u00a0\u00bb3&Prime; column_width_percent=\u00a0\u00bb100&Prime; shift_y=\u00a0\u00bb-5&Prime; z_index=\u00a0\u00bb0&Prime; content_parallax=\u00a0\u00bb0&Prime; uncode_shortcode_id=\u00a0\u00bb131431&Prime; back_color_type=\u00a0\u00bbuncode-palette\u00a0\u00bb row_name=\u00a0\u00bbregister\u00a0\u00bb][vc_column column_width_percent=\u00a0\u00bb100&Prime; gutter_size=\u00a0\u00bb3&Prime; style=\u00a0\u00bbdark\u00a0\u00bb overlay_alpha=\u00a0\u00bb50&Prime; shift_x=\u00a0\u00bb0&Prime; shift_y=\u00a0\u00bb0&Prime; shift_y_down=\u00a0\u00bb0&Prime; z_index=\u00a0\u00bb0&Prime; medium_width=\u00a0\u00bb0&Prime; mobile_width=\u00a0\u00bb0&Prime; width=\u00a0\u00bb1\/2&Prime; uncode_shortcode_id=\u00a0\u00bb386600&Prime;][vc_custom_heading uncode_shortcode_id=\u00a0\u00bb165375&Prime;]S&rsquo;INSCRIRE[\/vc_custom_heading][vc_row_inner][vc_column_inner column_width_percent=\u00a0\u00bb100&Prime; gutter_size=\u00a0\u00bb3&Prime; back_color=\u00a0\u00bbcolor-xsdn\u00a0\u00bb overlay_alpha=\u00a0\u00bb50&Prime; shift_x=\u00a0\u00bb0&Prime; shift_y=\u00a0\u00bb0&Prime; shift_y_down=\u00a0\u00bb0&Prime; z_index=\u00a0\u00bb0&Prime; medium_width=\u00a0\u00bb0&Prime; mobile_width=\u00a0\u00bb0&Prime; width=\u00a0\u00bb1\/1&Prime; uncode_shortcode_id=\u00a0\u00bb542320&Prime; back_color_type=\u00a0\u00bbuncode-palette\u00a0\u00bb][vc_column_text uncode_shortcode_id=\u00a0\u00bb194710&Prime;]\u00e0 venir[\/vc_column_text][\/vc_column_inner][\/vc_row_inner][\/vc_column][vc_column column_width_percent=\u00a0\u00bb100&Prime; position_vertical=\u00a0\u00bbmiddle\u00a0\u00bb gutter_size=\u00a0\u00bb2&Prime; style=\u00a0\u00bbdark\u00a0\u00bb overlay_alpha=\u00a0\u00bb50&Prime; shift_x=\u00a0\u00bb0&Prime; shift_y=\u00a0\u00bb0&Prime; shift_y_down=\u00a0\u00bb0&Prime; z_index=\u00a0\u00bb0&Prime; medium_width=\u00a0\u00bb0&Prime; mobile_width=\u00a0\u00bb0&Prime; width=\u00a0\u00bb1\/2&Prime; uncode_shortcode_id=\u00a0\u00bb736209&Prime;][vc_custom_heading uncode_shortcode_id=\u00a0\u00bb188400&Prime;]Questions fr\u00e9quemment pos\u00e9es[\/vc_custom_heading][uncode_share layout=\u00a0\u00bbmultiple\u00a0\u00bb][vc_accordion history=\u00a0\u00bbyes\u00a0\u00bb active_tab=\u00a0\u00bb0&Prime;][vc_accordion_tab gutter_size=\u00a0\u00bb2&Prime; column_padding=\u00a0\u00bb2&Prime; title=\u00a0\u00bbY a-t-il une r\u00e9duction si je suis en cosplay ?\u00a0\u00bb tab_id=\u00a0\u00bb56025525-6ee1-116780297503701709204497578&Prime; slug=\u00a0\u00bbIs there a discount if I&rsquo;m in cosplay?\u00a0\u00bb][vc_column_text uncode_shortcode_id=\u00a0\u00bb141706&Prime;]Oui ! Il y a une r\u00e9duction de 3 euros \u00e0 l&rsquo;entr\u00e9e pour les cosplayers. Vous devez bien s\u00fbr \u00eatre en cosplay ![\/vc_column_text][\/vc_accordion_tab][vc_accordion_tab gutter_size=\u00a0\u00bb2&Prime; column_padding=\u00a0\u00bb2&Prime; title=\u00a0\u00bbEt qu&rsquo;en est-il des armes ?\u00a0\u00bb tab_id=\u00a0\u00bbd789ee5e-a545-716780297503701709204497578&Prime; slug=\u00a0\u00bbAnd what about weapons?\u00a0\u00bb][vc_column_text uncode_shortcode_id=\u00a0\u00bb158399&Prime;]Les armes \u00e0 feu sont interdites. Les armes prohib\u00e9es sont interdites, veuillez consulter la l\u00e9gislation luxembourgeoise \u00e0 ce sujet.<\/p>\n<p>Le port d&rsquo;armes prohib\u00e9es, de couteaux ou de tout autre objet qui, selon notre jugement, pourrait \u00eatre utilis\u00e9 pour blesser autrui est, bien entendu, STRICTEMENT interdit en tout temps. Si une autorit\u00e9 publique ou un repr\u00e9sentant du Comic Con Luxembourg formule une demande concernant vos armes, vous devez vous y conformer imm\u00e9diatement. Les personnes enfreignant ces r\u00e8gles seront expuls\u00e9es du Comic Con Luxembourg. Les armes peuvent \u00eatre confisqu\u00e9es \u00e0 notre discr\u00e9tion \u00e0 tout moment.<\/p>\n<p>[\/vc_column_text][\/vc_accordion_tab][vc_accordion_tab gutter_size=\u00a0\u00bb2&Prime; column_padding=\u00a0\u00bb2&Prime; title=\u00a0\u00bbLes r\u00e9pliques d&rsquo;armes airsoft sont-elles autoris\u00e9es \u00e0 Comic Con Luxembourg ?\u00a0\u00bb tab_id=\u00a0\u00bb0b06e3f5-7676-516780297503701709204497578&Prime; slug=\u00a0\u00bbAre airsoft weapons allowed on Comic Con Luxembourg?\u00a0\u00bb][vc_column_text uncode_shortcode_id=\u00a0\u00bb930807&Prime;]Les r\u00e9pliques d&rsquo;armes airsoft sont-elles autoris\u00e9es \u00e0 Comic Con Luxembourg ?<\/p>\n<p>[\/vc_column_text][\/vc_accordion_tab][\/vc_accordion][\/vc_column][\/vc_row][vc_row][vc_column width=\u00a0\u00bb1\/1&Prime;][uncode_block id=\u00a0\u00bb608&Prime;][\/vc_column][\/vc_row]<\/p>\n<\/div>","protected":false},"excerpt":{"rendered":"<p>[vc_row row_height_percent=\u00a0\u00bb0&Prime; override_padding=\u00a0\u00bbyes\u00a0\u00bb h_padding=\u00a0\u00bb2&Prime; top_padding=\u00a0\u00bb2&Prime; bottom_padding=\u00a0\u00bb5&Prime; back_color=\u00a0\u00bbcolor-vyce\u00a0\u00bb overlay_alpha=\u00a0\u00bb50&Prime; gutter_size=\u00a0\u00bb3&Prime; column_width_percent=\u00a0\u00bb100&Prime; shift_y=\u00a0\u00bb0&Prime; z_index=\u00a0\u00bb0&Prime; content_parallax=\u00a0\u00bb0&Prime; uncode_shortcode_id=\u00a0\u00bb458560&Prime; back_color_type=\u00a0\u00bbuncode-palette\u00a0\u00bb][vc_column column_width_percent=\u00a0\u00bb100&Prime; gutter_size=\u00a0\u00bb3&Prime; style=\u00a0\u00bbdark\u00a0\u00bb overlay_alpha=\u00a0\u00bb50&Prime; shift_x=\u00a0\u00bb0&Prime; [&hellip;]<\/p>\n","protected":false},"author":4,"featured_media":0,"parent":0,"menu_order":0,"comment_status":"closed","ping_status":"closed","template":"","meta":{"footnotes":""},"class_list":["post-1460","page","type-page","status-publish","hentry"],"_links":{"self":[{"href":"https:\/\/comiccon.lu\/fr\/wp-json\/wp\/v2\/pages\/1460","targetHints":{"allow":["GET"]}}],"collection":[{"href":"https:\/\/comiccon.lu\/fr\/wp-json\/wp\/v2\/pages"}],"about":[{"href":"https:\/\/comiccon.lu\/fr\/wp-json\/wp\/v2\/types\/page"}],"author":[{"embeddable":true,"href":"https:\/\/comiccon.lu\/fr\/wp-json\/wp\/v2\/users\/4"}],"replies":[{"embeddable":true,"href":"https:\/\/comiccon.lu\/fr\/wp-json\/wp\/v2\/comments?post=1460"}],"version-history":[{"count":5,"href":"https:\/\/comiccon.lu\/fr\/wp-json\/wp\/v2\/pages\/1460\/revisions"}],"predecessor-version":[{"id":1469,"href":"https:\/\/comiccon.lu\/fr\/wp-json\/wp\/v2\/pages\/1460\/revisions\/1469"}],"wp:attachment":[{"href":"https:\/\/comiccon.lu\/fr\/wp-json\/wp\/v2\/media?parent=1460"}],"curies":[{"name":"wp","href":"https:\/\/api.w.org\/{rel}","templated":true}]}}