{"id":624,"date":"2025-03-15T10:21:32","date_gmt":"2025-03-15T09:21:32","guid":{"rendered":"https:\/\/comiccon.lu\/contact\/"},"modified":"2025-09-13T09:04:50","modified_gmt":"2025-09-13T08:04:50","slug":"contact","status":"publish","type":"page","link":"https:\/\/comiccon.lu\/fr\/contact\/","title":{"rendered":"Contact"},"content":{"rendered":"<div class=\"wpb-content-wrapper\"><p>[vc_row row_height_percent=\u00a0\u00bb0&Prime; override_padding=\u00a0\u00bbyes\u00a0\u00bb h_padding=\u00a0\u00bb2&Prime; top_padding=\u00a0\u00bb2&Prime; bottom_padding=\u00a0\u00bb7&Prime; back_color=\u00a0\u00bbcolor-vyce\u00a0\u00bb overlay_alpha=\u00a0\u00bb50&Prime; gutter_size=\u00a0\u00bb3&Prime; column_width_percent=\u00a0\u00bb100&Prime; shift_y=\u00a0\u00bb0&Prime; z_index=\u00a0\u00bb0&Prime; content_parallax=\u00a0\u00bb0&Prime; uncode_shortcode_id=\u00a0\u00bb413251&Prime; back_color_type=\u00a0\u00bbuncode-palette\u00a0\u00bb][vc_column column_width_percent=\u00a0\u00bb100&Prime; gutter_size=\u00a0\u00bb3&Prime; style=\u00a0\u00bbdark\u00a0\u00bb overlay_alpha=\u00a0\u00bb50&Prime; shift_x=\u00a0\u00bb0&Prime; shift_y=\u00a0\u00bb0&Prime; shift_y_down=\u00a0\u00bb0&Prime; z_index=\u00a0\u00bb0&Prime; medium_width=\u00a0\u00bb0&Prime; mobile_width=\u00a0\u00bb0&Prime; width=\u00a0\u00bb1\/1&Prime; uncode_shortcode_id=\u00a0\u00bb406963&Prime;][vc_custom_heading heading_semantic=\u00a0\u00bbh1&Prime; text_size=\u00a0\u00bbh1&Prime; uncode_shortcode_id=\u00a0\u00bb143686&Prime;]Contact[\/vc_custom_heading][vc_column_text uncode_shortcode_id=\u00a0\u00bb204620&Prime; el_class=\u00a0\u00bbcontactlinks\u00a0\u00bb]Avez-vous une question ? Veuillez remplir ce formulaire ou nous envoyer un courriel.<\/p>\n<p>contact@comiccon.lu[\/vc_column_text][vc_row_inner][vc_column_inner column_width_percent=\u00a0\u00bb100&Prime; gutter_size=\u00a0\u00bb3&Prime; overlay_alpha=\u00a0\u00bb50&Prime; shift_x=\u00a0\u00bb0&Prime; shift_y=\u00a0\u00bb0&Prime; shift_y_down=\u00a0\u00bb0&Prime; z_index=\u00a0\u00bb0&Prime; medium_width=\u00a0\u00bb0&Prime; mobile_width=\u00a0\u00bb0&Prime; css_animation=\u00a0\u00bbleft-t-right\u00a0\u00bb width=\u00a0\u00bb5\/12&Prime; uncode_shortcode_id=\u00a0\u00bb556421&Prime;][\/vc_column_inner][vc_column_inner column_width_percent=\u00a0\u00bb100&Prime; gutter_size=\u00a0\u00bb3&Prime; style=\u00a0\u00bbdark\u00a0\u00bb overlay_alpha=\u00a0\u00bb50&Prime; shift_x=\u00a0\u00bb0&Prime; shift_y=\u00a0\u00bb0&Prime; shift_y_down=\u00a0\u00bb0&Prime; z_index=\u00a0\u00bb0&Prime; medium_width=\u00a0\u00bb0&Prime; mobile_width=\u00a0\u00bb0&Prime; width=\u00a0\u00bb4\/12&Prime; uncode_shortcode_id=\u00a0\u00bb508915&Prime;][vc_raw_html]PGEgaHJlZj0iaHR0cHM6Ly9jb21pY2Nvbi5sdS9mci9kZXZlbmlyLWJlbmV2b2xlLyIgY2xhc3M9ImJlY29tZWxpbmsiPjxkaXYgY2xhc3M9ImJlY29tZWJsb2NrIj4KPGg0PlNvdWhhaXRlei12b3VzIGRldmVuaXIgYsOpbsOpdm9sZSA\/PC9oND4KPGRpdiBjbGFzcz0icmVhZG1vcmVidG4iPmVuIHNhdm9pciBwbHVzPC9kaXY+CjwvZGl2PjwvYT4KCjxhIGhyZWY9Imh0dHBzOi8vY29taWNjb24ubHUvZnIvZGV2ZW5pci1leHBvc2FudC8iIGNsYXNzPSJiZWNvbWVsaW5rIj48ZGl2IGNsYXNzPSJiZWNvbWVibG9jayI+CjxoND5Ew6lzaXJlei12b3VzIMOqdHJlIGV4cG9zYW50L3ZlbmRldXIgb3UgcGFydGVuYWlyZSA\/PC9oND4KPGRpdiBjbGFzcz0icmVhZG1vcmVidG4iPmVuIHNhdm9pciBwbHVzPC9kaXY+CjwvZGl2PjwvYT4=[\/vc_raw_html][\/vc_column_inner][vc_column_inner column_width_percent=\u00a0\u00bb100&Prime; gutter_size=\u00a0\u00bb3&Prime; overlay_alpha=\u00a0\u00bb50&Prime; shift_x=\u00a0\u00bb0&Prime; shift_y=\u00a0\u00bb0&Prime; shift_y_down=\u00a0\u00bb0&Prime; z_index=\u00a0\u00bb0&Prime; medium_visibility=\u00a0\u00bbyes\u00a0\u00bb medium_width=\u00a0\u00bb0&Prime; mobile_visibility=\u00a0\u00bbyes\u00a0\u00bb mobile_width=\u00a0\u00bb0&Prime; width=\u00a0\u00bb3\/12&Prime; uncode_shortcode_id=\u00a0\u00bb106242&Prime;][\/vc_column_inner][\/vc_row_inner][\/vc_column][\/vc_row][vc_row row_height_percent=\u00a0\u00bb0&Prime; overlay_alpha=\u00a0\u00bb50&Prime; gutter_size=\u00a0\u00bb3&Prime; column_width_percent=\u00a0\u00bb100&Prime; shift_y=\u00a0\u00bb0&Prime; z_index=\u00a0\u00bb0&Prime; desktop_visibility=\u00a0\u00bbyes\u00a0\u00bb medium_visibility=\u00a0\u00bbyes\u00a0\u00bb mobile_visibility=\u00a0\u00bbyes\u00a0\u00bb content_parallax=\u00a0\u00bb0&Prime; uncode_shortcode_id=\u00a0\u00bb178594&Prime;][vc_column width=\u00a0\u00bb1\/1&Prime;][vc_custom_heading uncode_shortcode_id=\u00a0\u00bb201144&Prime;]hidden[\/vc_custom_heading]\n<div class=\"shadowContact\">\n\t<div class=\"afterSuccesEskidoosForm\">\n\n\t\t<span class=\"icongreat\">&#xe90a;<\/span>\n\t\t<div class=\"afterSuccesTextEskidoosForm\">\n\t\t\t<h3>Nous vous contacterons d\u00e8s que possible<\/h3>\n\t\t\tVotre message a \u00e9t\u00e9 envoy\u00e9 avec succ\u00e8s<br><br>Nous vous contacterons d\u00e8s que possible\t\t<\/div>\n\n\t\t<a id=\"backToFormContact\" href=\"#\">Ferm\u00e9<\/a>\n\n\t<\/div>\n\t<div class=\"errorMessageEskidoosForm\"><\/div>\n\t<form id=\"contactForm\" class=\"eskidoosForm\">\n\t\t<input type=\"hidden\" name=\"action\" value=\"eski_form_handling\">\n\t\t<input type=\"hidden\" name=\"eski_nonce\" value=\"ac66fed436\">\n\t\t<input type=\"hidden\" name=\"formType\" value=\"contactform\">\n\t\t<input type=\"hidden\" id=\"g-recaptcha-response\" name=\"g-recaptcha-response\">\n\n\t\t<div class=\"formGroup\">\n\t\t\t<label for=\"firstNameEskidoosForm\" class=\"sr-only\">Nom<\/label>\n\t\t\t<input id=\"firstNameEskidoosForm\" title=\"Veuillez entrer au moins 2 caract\u00e8res\" name=\"firstNameEskidoosForm\" type=\"text\" maxlength=\"255\" placeholder=\"Nom\" \/>\n\t\t<\/div>\n\n\t\t<div class=\"fields-two\">\n\t\t\t<div class=\"formGroup\">\n\t\t\t\t<label for=\"emailEskidoosForm\" class=\"sr-only\">Adresse e-mail<\/label>\n\t\t\t\t<input id=\"emailEskidoosForm\" name=\"emailEskidoosForm\" type=\"email\" required placeholder=\"Adresse e-mail\" \/>\n\t\t\t<\/div>\n\t\t\t<div class=\"formGroup\">\n\t\t\t\t<label for=\"phoneEskidoosForm\" class=\"sr-only\">T\u00e9l\u00e9phone <\/label>\n\t\t\t\t<input id=\"phoneEskidoosForm\" name=\"phoneEskidoosForm\" type=\"tel\" placeholder=\"T\u00e9l\u00e9phone\" \/>\n\t\t\t<\/div>\n\t\t<\/div>\n\t\t<div class=\"formGroup\">\n\t\t\t<label for=\"messageEskidoosForm\" class=\"sr-only\">Votre message<\/label>\n\t\t\t<textarea id=\"messageEskidoosForm\" name=\"messageEskidoosForm\" title=\"Veuillez entrer votre message\" maxlength=\"1000\" placeholder=\"Votre message\"><\/textarea>\n\t\t<\/div>\n\t\t<div class=\"newsLetterBlock\">\n\t\t\t<input id=\"newsLetterEskidoosForm\" name=\"newsLetterEskidoosForm\" type=\"checkbox\" \/>\n\t\t\t<label for=\"newsLetterEskidoosForm\">S'inscrire \u00e0 notre newsletter<\/label>\n\t\t<\/div>\n\t\t<!-- <input id=\"sendBtnForm\" type=\"submit\" value=\"Envoyer\" \/> -->\n\t\t<button id=\"sendBtnForm\" type=\"submit\" data-text=\"Envoyer\">Envoyer<\/button>\n\n\t<\/form>\n<\/div>\n\n[\/vc_column][\/vc_row][vc_row][vc_column width=\u00a0\u00bb1\/1&Prime;][uncode_block id=\u00a0\u00bb608&Prime;][\/vc_column][\/vc_row]<\/p>\n<\/div>","protected":false},"excerpt":{"rendered":"<p>[vc_row row_height_percent=\u00a0\u00bb0&Prime; override_padding=\u00a0\u00bbyes\u00a0\u00bb h_padding=\u00a0\u00bb2&Prime; top_padding=\u00a0\u00bb2&Prime; bottom_padding=\u00a0\u00bb7&Prime; back_color=\u00a0\u00bbcolor-vyce\u00a0\u00bb overlay_alpha=\u00a0\u00bb50&Prime; gutter_size=\u00a0\u00bb3&Prime; column_width_percent=\u00a0\u00bb100&Prime; shift_y=\u00a0\u00bb0&Prime; z_index=\u00a0\u00bb0&Prime; content_parallax=\u00a0\u00bb0&Prime; uncode_shortcode_id=\u00a0\u00bb413251&Prime; back_color_type=\u00a0\u00bbuncode-palette\u00a0\u00bb][vc_column column_width_percent=\u00a0\u00bb100&Prime; gutter_size=\u00a0\u00bb3&Prime; style=\u00a0\u00bbdark\u00a0\u00bb overlay_alpha=\u00a0\u00bb50&Prime; shift_x=\u00a0\u00bb0&Prime; [&hellip;]<\/p>\n","protected":false},"author":1,"featured_media":0,"parent":0,"menu_order":0,"comment_status":"closed","ping_status":"closed","template":"","meta":{"footnotes":""},"class_list":["post-624","page","type-page","status-publish","hentry"],"_links":{"self":[{"href":"https:\/\/comiccon.lu\/fr\/wp-json\/wp\/v2\/pages\/624","targetHints":{"allow":["GET"]}}],"collection":[{"href":"https:\/\/comiccon.lu\/fr\/wp-json\/wp\/v2\/pages"}],"about":[{"href":"https:\/\/comiccon.lu\/fr\/wp-json\/wp\/v2\/types\/page"}],"author":[{"embeddable":true,"href":"https:\/\/comiccon.lu\/fr\/wp-json\/wp\/v2\/users\/1"}],"replies":[{"embeddable":true,"href":"https:\/\/comiccon.lu\/fr\/wp-json\/wp\/v2\/comments?post=624"}],"version-history":[{"count":7,"href":"https:\/\/comiccon.lu\/fr\/wp-json\/wp\/v2\/pages\/624\/revisions"}],"predecessor-version":[{"id":1301,"href":"https:\/\/comiccon.lu\/fr\/wp-json\/wp\/v2\/pages\/624\/revisions\/1301"}],"wp:attachment":[{"href":"https:\/\/comiccon.lu\/fr\/wp-json\/wp\/v2\/media?parent=624"}],"curies":[{"name":"wp","href":"https:\/\/api.w.org\/{rel}","templated":true}]}}