{"id":632,"date":"2025-03-15T10:22:19","date_gmt":"2025-03-15T09:22:19","guid":{"rendered":"https:\/\/comiccon.lu\/devenir-exposant\/"},"modified":"2025-09-13T09:06:11","modified_gmt":"2025-09-13T08:06:11","slug":"devenir-exposant","status":"publish","type":"page","link":"https:\/\/comiccon.lu\/fr\/devenir-exposant\/","title":{"rendered":"Devenir exposant"},"content":{"rendered":"<div class=\"wpb-content-wrapper\"><p>[vc_row row_height_percent=\u00a0\u00bb0&Prime; back_color=\u00a0\u00bbcolor-vyce\u00a0\u00bb overlay_alpha=\u00a0\u00bb50&Prime; gutter_size=\u00a0\u00bb3&Prime; column_width_percent=\u00a0\u00bb100&Prime; shift_y=\u00a0\u00bb0&Prime; z_index=\u00a0\u00bb0&Prime; content_parallax=\u00a0\u00bb0&Prime; uncode_shortcode_id=\u00a0\u00bb160409&Prime; back_color_type=\u00a0\u00bbuncode-palette\u00a0\u00bb][vc_column column_width_percent=\u00a0\u00bb100&Prime; gutter_size=\u00a0\u00bb3&Prime; style=\u00a0\u00bbdark\u00a0\u00bb overlay_alpha=\u00a0\u00bb50&Prime; shift_x=\u00a0\u00bb0&Prime; shift_y=\u00a0\u00bb0&Prime; shift_y_down=\u00a0\u00bb0&Prime; z_index=\u00a0\u00bb0&Prime; medium_width=\u00a0\u00bb0&Prime; mobile_width=\u00a0\u00bb0&Prime; width=\u00a0\u00bb1\/1&Prime; uncode_shortcode_id=\u00a0\u00bb158114&Prime;][vc_row_inner][vc_column_inner column_width_percent=\u00a0\u00bb100&Prime; gutter_size=\u00a0\u00bb3&Prime; style=\u00a0\u00bbdark\u00a0\u00bb overlay_alpha=\u00a0\u00bb50&Prime; shift_x=\u00a0\u00bb0&Prime; shift_y=\u00a0\u00bb0&Prime; shift_y_down=\u00a0\u00bb0&Prime; z_index=\u00a0\u00bb0&Prime; medium_width=\u00a0\u00bb0&Prime; mobile_width=\u00a0\u00bb0&Prime; width=\u00a0\u00bb2\/3&Prime; uncode_shortcode_id=\u00a0\u00bb462438&Prime;][vc_custom_heading heading_semantic=\u00a0\u00bbh1&Prime; text_size=\u00a0\u00bbh1&Prime; uncode_shortcode_id=\u00a0\u00bb448565&Prime;]Devenir exposant \/ commer\u00e7ant \/ partenaire[\/vc_custom_heading][\/vc_column_inner][vc_column_inner column_width_percent=\u00a0\u00bb100&Prime; gutter_size=\u00a0\u00bb3&Prime; overlay_alpha=\u00a0\u00bb50&Prime; shift_x=\u00a0\u00bb0&Prime; shift_y=\u00a0\u00bb0&Prime; shift_y_down=\u00a0\u00bb0&Prime; z_index=\u00a0\u00bb0&Prime; medium_visibility=\u00a0\u00bbyes\u00a0\u00bb medium_width=\u00a0\u00bb0&Prime; mobile_visibility=\u00a0\u00bbyes\u00a0\u00bb mobile_width=\u00a0\u00bb0&Prime; width=\u00a0\u00bb1\/3&Prime; uncode_shortcode_id=\u00a0\u00bb587739&Prime;][\/vc_column_inner][\/vc_row_inner][vc_row_inner row_inner_height_percent=\u00a0\u00bb0&Prime; overlay_alpha=\u00a0\u00bb50&Prime; gutter_size=\u00a0\u00bb3&Prime; shift_y=\u00a0\u00bb0&Prime; z_index=\u00a0\u00bb0&Prime; inverted_device_order=\u00a0\u00bbyes\u00a0\u00bb uncode_shortcode_id=\u00a0\u00bb638000&Prime;][vc_column_inner column_width_percent=\u00a0\u00bb100&Prime; gutter_size=\u00a0\u00bb3&Prime; style=\u00a0\u00bbdark\u00a0\u00bb overlay_alpha=\u00a0\u00bb50&Prime; shift_x=\u00a0\u00bb0&Prime; shift_y=\u00a0\u00bb0&Prime; shift_y_down=\u00a0\u00bb0&Prime; z_index=\u00a0\u00bb0&Prime; medium_width=\u00a0\u00bb0&Prime; mobile_width=\u00a0\u00bb0&Prime; width=\u00a0\u00bb1\/2&Prime; uncode_shortcode_id=\u00a0\u00bb657169&Prime;][vc_column_text uncode_shortcode_id=\u00a0\u00bb210684&Prime;]Attention, tous les commer\u00e7ants et vendeurs ! Recherchez-vous une opportunit\u00e9 unique de pr\u00e9senter vos produits \u00e0 un public captif de fans de bandes dessin\u00e9es, de culture populaire et de cosplay ? Ne cherchez pas plus loin que Comic Con Luxembourg !<\/p>\n<p><strong>En tant qu&rsquo;exposant \u00e0 Comic Con Luxembourg, vous aurez l&rsquo;opportunit\u00e9 de :<\/strong><\/p>\n<ul>\n<li>Atteindre un public hautement cibl\u00e9 et engag\u00e9 d&rsquo;enthousiastes de la culture populaire<\/li>\n<li>Promouvoir votre entreprise et r\u00e9aliser des ventes sur place<\/li>\n<li>Faire partie d&rsquo;une exp\u00e9rience \u00e9v\u00e9nementielle passionnante et immersive<\/li>\n<\/ul>\n<p>Nous disposons d&rsquo;une vari\u00e9t\u00e9 de tailles et d&#8217;emplacements de stands pour r\u00e9pondre \u00e0 vos besoins et \u00e0 votre budget. Ne manquez pas cette opportunit\u00e9 de faire partie de Comic Con Luxembourg &#8211; r\u00e9servez votre stand d\u00e8s aujourd&rsquo;hui !<\/p>\n<p>Pour r\u00e9server votre place en tant qu&rsquo;exposant \u00e0 Comic Con Luxembourg, veuillez remplir le formulaire ci-dessous. Nous vous contacterons avec toutes les informations n\u00e9cessaires pour assurer le succ\u00e8s de votre participation.<\/p>\n<p>Nous avons h\u00e2te de vous accueillir \u00e0 l&rsquo;\u00e9v\u00e9nement ![\/vc_column_text][\/vc_column_inner][vc_column_inner width=\u00a0\u00bb1\/2&Prime;][vc_single_image dynamic=\u00a0\u00bbyes\u00a0\u00bb media_width_percent=\u00a0\u00bb100&Prime; uncode_shortcode_id=\u00a0\u00bb263668&Prime;][\/vc_column_inner][\/vc_row_inner][vc_row_inner row_inner_height_percent=\u00a0\u00bb0&Prime; overlay_alpha=\u00a0\u00bb50&Prime; gutter_size=\u00a0\u00bb3&Prime; shift_y=\u00a0\u00bb0&Prime; z_index=\u00a0\u00bb0&Prime; inverted_device_order=\u00a0\u00bbyes\u00a0\u00bb uncode_shortcode_id=\u00a0\u00bb638000&Prime;][vc_column_inner column_width_percent=\u00a0\u00bb100&Prime; gutter_size=\u00a0\u00bb2&Prime; style=\u00a0\u00bbdark\u00a0\u00bb overlay_alpha=\u00a0\u00bb50&Prime; shift_x=\u00a0\u00bb0&Prime; shift_y=\u00a0\u00bb0&Prime; shift_y_down=\u00a0\u00bb0&Prime; z_index=\u00a0\u00bb0&Prime; medium_width=\u00a0\u00bb0&Prime; mobile_width=\u00a0\u00bb0&Prime; width=\u00a0\u00bb5\/12&Prime; uncode_shortcode_id=\u00a0\u00bb448036&Prime;][vc_column_text uncode_shortcode_id=\u00a0\u00bb192130&Prime;]<a href=\"mailto:dealers@comiccon.group\" target=\"_blank\" rel=\"noopener\">dealers@comiccon.group<\/a>[\/vc_column_text][\/vc_column_inner][vc_column_inner width=\u00a0\u00bb7\/12&Prime;][vc_single_image media=\u00a0\u00bb365&Prime; media_width_percent=\u00a0\u00bb100&Prime; uncode_shortcode_id=\u00a0\u00bb283056&Prime;][\/vc_column_inner][\/vc_row_inner][\/vc_column][\/vc_row][vc_row row_height_percent=\u00a0\u00bb0&Prime; overlay_alpha=\u00a0\u00bb50&Prime; gutter_size=\u00a0\u00bb3&Prime; column_width_percent=\u00a0\u00bb100&Prime; shift_y=\u00a0\u00bb0&Prime; z_index=\u00a0\u00bb0&Prime; desktop_visibility=\u00a0\u00bbyes\u00a0\u00bb medium_visibility=\u00a0\u00bbyes\u00a0\u00bb mobile_visibility=\u00a0\u00bbyes\u00a0\u00bb uncode_shortcode_id=\u00a0\u00bb211717&Prime;][vc_column width=\u00a0\u00bb1\/1&Prime;][vc_custom_heading uncode_shortcode_id=\u00a0\u00bb519970&Prime;]hidden[\/vc_custom_heading]\n<div class=\"shadowContact\">\n\t<div class=\"afterSuccesEskidoosForm\">\n\n\t\t<span class=\"icongreat\">&#xe90a;<\/span>\n\t\t<div class=\"afterSuccesTextEskidoosForm\">\n\t\t\t<h3>Nous vous contacterons d\u00e8s que possible<\/h3>\n\t\t\tVotre message a \u00e9t\u00e9 envoy\u00e9 avec succ\u00e8s<br><br>Nous vous contacterons d\u00e8s que possible\t\t<\/div>\n\n\t\t<a id=\"backToFormContact\" href=\"#\">Ferm\u00e9<\/a>\n\n\t<\/div>\n\t<div class=\"errorMessageEskidoosForm\"><\/div>\n\t<form id=\"contactForm\" class=\"eskidoosForm\">\n\t\t<input type=\"hidden\" name=\"action\" value=\"eski_form_handling\">\n\t\t<input type=\"hidden\" name=\"eski_nonce\" value=\"ac66fed436\">\n\t\t<input type=\"hidden\" name=\"formType\" value=\"contactform\">\n\t\t<input type=\"hidden\" id=\"g-recaptcha-response\" name=\"g-recaptcha-response\">\n\n\t\t<div class=\"formGroup\">\n\t\t\t<label for=\"firstNameEskidoosForm\" class=\"sr-only\">Nom<\/label>\n\t\t\t<input id=\"firstNameEskidoosForm\" title=\"Veuillez entrer au moins 2 caract\u00e8res\" name=\"firstNameEskidoosForm\" type=\"text\" maxlength=\"255\" placeholder=\"Nom\" \/>\n\t\t<\/div>\n\n\t\t<div class=\"fields-two\">\n\t\t\t<div class=\"formGroup\">\n\t\t\t\t<label for=\"emailEskidoosForm\" class=\"sr-only\">Adresse e-mail<\/label>\n\t\t\t\t<input id=\"emailEskidoosForm\" name=\"emailEskidoosForm\" type=\"email\" required placeholder=\"Adresse e-mail\" \/>\n\t\t\t<\/div>\n\t\t\t<div class=\"formGroup\">\n\t\t\t\t<label for=\"phoneEskidoosForm\" class=\"sr-only\">T\u00e9l\u00e9phone <\/label>\n\t\t\t\t<input id=\"phoneEskidoosForm\" name=\"phoneEskidoosForm\" type=\"tel\" placeholder=\"T\u00e9l\u00e9phone\" \/>\n\t\t\t<\/div>\n\t\t<\/div>\n\t\t<div class=\"formGroup\">\n\t\t\t<label for=\"messageEskidoosForm\" class=\"sr-only\">Votre message<\/label>\n\t\t\t<textarea id=\"messageEskidoosForm\" name=\"messageEskidoosForm\" title=\"Veuillez entrer votre message\" maxlength=\"1000\" placeholder=\"Votre message\"><\/textarea>\n\t\t<\/div>\n\t\t<div class=\"newsLetterBlock\">\n\t\t\t<input id=\"newsLetterEskidoosForm\" name=\"newsLetterEskidoosForm\" type=\"checkbox\" \/>\n\t\t\t<label for=\"newsLetterEskidoosForm\">S'inscrire \u00e0 notre newsletter<\/label>\n\t\t<\/div>\n\t\t<!-- <input id=\"sendBtnForm\" type=\"submit\" value=\"Envoyer\" \/> -->\n\t\t<button id=\"sendBtnForm\" type=\"submit\" data-text=\"Envoyer\">Envoyer<\/button>\n\n\t<\/form>\n<\/div>\n\n[\/vc_column][\/vc_row]<\/p>\n<\/div>","protected":false},"excerpt":{"rendered":"<p>[vc_row row_height_percent=\u00a0\u00bb0&Prime; back_color=\u00a0\u00bbcolor-vyce\u00a0\u00bb overlay_alpha=\u00a0\u00bb50&Prime; gutter_size=\u00a0\u00bb3&Prime; column_width_percent=\u00a0\u00bb100&Prime; shift_y=\u00a0\u00bb0&Prime; z_index=\u00a0\u00bb0&Prime; content_parallax=\u00a0\u00bb0&Prime; uncode_shortcode_id=\u00a0\u00bb160409&Prime; back_color_type=\u00a0\u00bbuncode-palette\u00a0\u00bb][vc_column column_width_percent=\u00a0\u00bb100&Prime; gutter_size=\u00a0\u00bb3&Prime; style=\u00a0\u00bbdark\u00a0\u00bb overlay_alpha=\u00a0\u00bb50&Prime; shift_x=\u00a0\u00bb0&Prime; shift_y=\u00a0\u00bb0&Prime; shift_y_down=\u00a0\u00bb0&Prime; z_index=\u00a0\u00bb0&Prime; medium_width=\u00a0\u00bb0&Prime; [&hellip;]<\/p>\n","protected":false},"author":1,"featured_media":574,"parent":0,"menu_order":0,"comment_status":"closed","ping_status":"closed","template":"","meta":{"footnotes":""},"class_list":["post-632","page","type-page","status-publish","has-post-thumbnail","hentry"],"_links":{"self":[{"href":"https:\/\/comiccon.lu\/fr\/wp-json\/wp\/v2\/pages\/632","targetHints":{"allow":["GET"]}}],"collection":[{"href":"https:\/\/comiccon.lu\/fr\/wp-json\/wp\/v2\/pages"}],"about":[{"href":"https:\/\/comiccon.lu\/fr\/wp-json\/wp\/v2\/types\/page"}],"author":[{"embeddable":true,"href":"https:\/\/comiccon.lu\/fr\/wp-json\/wp\/v2\/users\/1"}],"replies":[{"embeddable":true,"href":"https:\/\/comiccon.lu\/fr\/wp-json\/wp\/v2\/comments?post=632"}],"version-history":[{"count":5,"href":"https:\/\/comiccon.lu\/fr\/wp-json\/wp\/v2\/pages\/632\/revisions"}],"predecessor-version":[{"id":1310,"href":"https:\/\/comiccon.lu\/fr\/wp-json\/wp\/v2\/pages\/632\/revisions\/1310"}],"wp:featuredmedia":[{"embeddable":true,"href":"https:\/\/comiccon.lu\/fr\/wp-json\/wp\/v2\/media\/574"}],"wp:attachment":[{"href":"https:\/\/comiccon.lu\/fr\/wp-json\/wp\/v2\/media?parent=632"}],"curies":[{"name":"wp","href":"https:\/\/api.w.org\/{rel}","templated":true}]}}