{"id":666,"date":"2025-03-19T14:17:57","date_gmt":"2025-03-19T13:17:57","guid":{"rendered":"https:\/\/comiccon.lu\/page-daccueil\/"},"modified":"2026-02-17T16:23:33","modified_gmt":"2026-02-17T15:23:33","slug":"page-daccueil","status":"publish","type":"page","link":"https:\/\/comiccon.lu\/fr\/","title":{"rendered":"Page d&rsquo;accueil"},"content":{"rendered":"<div class=\"wpb-content-wrapper\"><p>[vc_row row_height_percent=\u00a0\u00bb80&Prime; back_image=\u00a0\u00bb93&Prime; back_position=\u00a0\u00bbcenter center\u00a0\u00bb parallax=\u00a0\u00bbyes\u00a0\u00bb overlay_alpha=\u00a0\u00bb25&Prime; gutter_size=\u00a0\u00bb3&Prime; column_width_percent=\u00a0\u00bb100&Prime; shift_y=\u00a0\u00bb0&Prime; z_index=\u00a0\u00bb0&Prime; enable_bottom_divider=\u00a0\u00bbdefault\u00a0\u00bb shape_bottom_invert=\u00a0\u00bbyes\u00a0\u00bb shape_bottom_h_use_pixel=\u00a0\u00bb\u00a0\u00bb shape_bottom_height=\u00a0\u00bb100&Prime; shape_bottom_color=\u00a0\u00bbcolor-vyce\u00a0\u00bb shape_bottom_opacity=\u00a0\u00bb100&Prime; shape_bottom_index=\u00a0\u00bb0&Prime; content_parallax=\u00a0\u00bb0&Prime; uncode_shortcode_id=\u00a0\u00bb152436&Prime; el_class=\u00a0\u00bbhomefold\u00a0\u00bb row_height_pixel=\u00a0\u00bb540&Prime; shape_bottom_color_type=\u00a0\u00bbuncode-palette\u00a0\u00bb][vc_column column_width_percent=\u00a0\u00bb100&Prime; position_vertical=\u00a0\u00bbmiddle\u00a0\u00bb align_horizontal=\u00a0\u00bbalign_center\u00a0\u00bb gutter_size=\u00a0\u00bb2&Prime; style=\u00a0\u00bbdark\u00a0\u00bb overlay_alpha=\u00a0\u00bb50&Prime; shift_x=\u00a0\u00bb0&Prime; shift_y=\u00a0\u00bb0&Prime; shift_y_down=\u00a0\u00bb0&Prime; z_index=\u00a0\u00bb0&Prime; medium_width=\u00a0\u00bb0&Prime; mobile_width=\u00a0\u00bb0&Prime; width=\u00a0\u00bb1\/1&Prime; uncode_shortcode_id=\u00a0\u00bb177154&Prime;][vc_single_image media=\u00a0\u00bb91&Prime; media_width_use_pixel=\u00a0\u00bbyes\u00a0\u00bb alignment=\u00a0\u00bbcenter\u00a0\u00bb css_animation=\u00a0\u00bbzoom-in\u00a0\u00bb uncode_shortcode_id=\u00a0\u00bb186648&Prime; media_width_pixel=\u00a0\u00bb400&Prime;][vc_custom_heading heading_semantic=\u00a0\u00bbh1&Prime; text_size=\u00a0\u00bbh1&Prime; uncode_shortcode_id=\u00a0\u00bb152799&Prime;]<em>12 et 13 decembre<\/em>[\/vc_custom_heading][vc_custom_heading text_size=\u00a0\u00bbh3&Prime; uncode_shortcode_id=\u00a0\u00bb142847&Prime;]<em>Luxexpo &#8211; Luxembourg<\/em><\/p>\n<p>[\/vc_custom_heading]\n<div class=\"eski-countdown__container\" data-countdown-date=\"2026-12-12T10:00:00\">\n\n    <div class=\"eski-countdown__block\" data-countdown-name=\"days\">\n        <div class=\"eski-countdown__numbers\"><\/div>\n        <p class=\"eski-countdown__text\">jours<\/p>\n    <\/div>\n\n    <div class=\"eski-countdown__block\" data-countdown-name=\"hours\">\n        <div class=\"eski-countdown__numbers\"><\/div>\n        <p class=\"eski-countdown__text\">heures<\/p>\n    <\/div>\n\n    <div class=\"eski-countdown__block\" data-countdown-name=\"minutes\">\n        <div class=\"eski-countdown__numbers\"><\/div>\n        <p class=\"eski-countdown__text\">minutes<\/p>\n    <\/div>\n\n    <div class=\"eski-countdown__block\" data-countdown-name=\"seconds\">\n        <div class=\"eski-countdown__numbers\"><\/div>\n        <p class=\"eski-countdown__text\">secondes<\/p>\n    <\/div>\n\n<\/div>\n\n[vc_button button_color=\u00a0\u00bbcolor-141378&Prime; border_width=\u00a0\u00bb0&Prime; button_color_type=\u00a0\u00bbuncode-palette\u00a0\u00bb uncode_shortcode_id=\u00a0\u00bb144886&Prime; link=\u00a0\u00bburl:https%3A%2F%2Fcomiccon.lu%2Ffr%2Fbillets%2F|title:Billets|\u00a0\u00bb]Billets[\/vc_button][vc_empty_space empty_h=\u00a0\u00bb4&Prime;][\/vc_column][\/vc_row][vc_row row_height_percent=\u00a0\u00bb0&Prime; back_color=\u00a0\u00bbcolor-vyce\u00a0\u00bb overlay_alpha=\u00a0\u00bb50&Prime; gutter_size=\u00a0\u00bb3&Prime; column_width_percent=\u00a0\u00bb100&Prime; shift_y=\u00a0\u00bb-4&Prime; z_index=\u00a0\u00bb0&Prime; content_parallax=\u00a0\u00bb0&Prime; el_class=\u00a0\u00bbhomecounters countdownv2&Prime; uncode_shortcode_id=\u00a0\u00bb392890&Prime; back_color_type=\u00a0\u00bbuncode-palette\u00a0\u00bb][vc_column width=\u00a0\u00bb1\/1&Prime;][\/vc_column][\/vc_row][vc_row row_height_percent=\u00a0\u00bb0&Prime; override_padding=\u00a0\u00bbyes\u00a0\u00bb h_padding=\u00a0\u00bb2&Prime; top_padding=\u00a0\u00bb3&Prime; bottom_padding=\u00a0\u00bb2&Prime; back_color=\u00a0\u00bbcolor-vyce\u00a0\u00bb overlay_alpha=\u00a0\u00bb50&Prime; gutter_size=\u00a0\u00bb3&Prime; column_width_percent=\u00a0\u00bb100&Prime; shift_y=\u00a0\u00bb0&Prime; z_index=\u00a0\u00bb0&Prime; content_parallax=\u00a0\u00bb0&Prime; uncode_shortcode_id=\u00a0\u00bb144388&Prime; back_color_type=\u00a0\u00bbuncode-palette\u00a0\u00bb el_class=\u00a0\u00bbhomeinfo\u00a0\u00bb][vc_column column_width_percent=\u00a0\u00bb100&Prime; position_vertical=\u00a0\u00bbmiddle\u00a0\u00bb gutter_size=\u00a0\u00bb2&Prime; style=\u00a0\u00bbdark\u00a0\u00bb overlay_alpha=\u00a0\u00bb50&Prime; shift_x=\u00a0\u00bb0&Prime; shift_y=\u00a0\u00bb0&Prime; shift_y_down=\u00a0\u00bb0&Prime; z_index=\u00a0\u00bb0&Prime; medium_width=\u00a0\u00bb0&Prime; mobile_width=\u00a0\u00bb0&Prime; width=\u00a0\u00bb1\/3&Prime; uncode_shortcode_id=\u00a0\u00bb415457&Prime;][vc_custom_heading uncode_shortcode_id=\u00a0\u00bb810016&Prime;]Information[\/vc_custom_heading][vc_column_text uncode_shortcode_id=\u00a0\u00bb773959&Prime;]Comic Con Luxembourg est l&rsquo;\u00e9v\u00e9nement au Luxembourg pour tous les v\u00e9ritables amateurs et passionn\u00e9s de Bandes Dessin\u00e9es, Manga, Cosplay, Jeux Vid\u00e9o, Films, S\u00e9ries, Science-Fiction, Fantasy et bien plus encore.<\/p>\n<p>\u00c9vadez-vous dans un monde magique, l&rsquo;exp\u00e9rience Geek ultime avec des invit\u00e9s c\u00e9l\u00e8bres de renomm\u00e9e mondiale \u00e0 rencontrer et un immense March\u00e9 Geek \u00e0 visiter.<\/p>\n<p>Mais aussi des ateliers fascinants, des s\u00e9ances de questions-r\u00e9ponses et des conf\u00e9rences, sans oublier la possibilit\u00e9 de jouer \u00e0 des jeux et de profiter des nombreux concours et spectacles.<\/p>\n<p>Par-dessus tout, c&rsquo;est le moment id\u00e9al pour se faire des amis et passer une journ\u00e9e agr\u00e9able avec d&rsquo;autres passionn\u00e9s.<\/p>\n<p>Allez Luxembourg, Lib\u00e9rez votre C\u00f4t\u00e9 Geek ![\/vc_column_text][\/vc_column][vc_column width=\u00a0\u00bb2\/3&Prime;][vc_single_image media=\u00a0\u00bb441&Prime; media_width_percent=\u00a0\u00bb100&Prime; uncode_shortcode_id=\u00a0\u00bb189732&Prime;][\/vc_column][\/vc_row][vc_row row_height_percent=\u00a0\u00bb0&Prime; back_color=\u00a0\u00bbcolor-vyce\u00a0\u00bb overlay_alpha=\u00a0\u00bb50&Prime; gutter_size=\u00a0\u00bb3&Prime; column_width_percent=\u00a0\u00bb100&Prime; shift_y=\u00a0\u00bb0&Prime; z_index=\u00a0\u00bb0&Prime; content_parallax=\u00a0\u00bb0&Prime; uncode_shortcode_id=\u00a0\u00bb900688&Prime; back_color_type=\u00a0\u00bbuncode-palette\u00a0\u00bb][vc_column column_width_percent=\u00a0\u00bb100&Prime; gutter_size=\u00a0\u00bb2&Prime; style=\u00a0\u00bbdark\u00a0\u00bb overlay_alpha=\u00a0\u00bb50&Prime; shift_x=\u00a0\u00bb0&Prime; shift_y=\u00a0\u00bb0&Prime; shift_y_down=\u00a0\u00bb0&Prime; z_index=\u00a0\u00bb0&Prime; medium_width=\u00a0\u00bb0&Prime; mobile_width=\u00a0\u00bb0&Prime; width=\u00a0\u00bb1\/1&Prime; uncode_shortcode_id=\u00a0\u00bb536476&Prime;][vc_row_inner][vc_column_inner column_width_percent=\u00a0\u00bb100&Prime; gutter_size=\u00a0\u00bb2&Prime; style=\u00a0\u00bbdark\u00a0\u00bb overlay_alpha=\u00a0\u00bb50&Prime; shift_x=\u00a0\u00bb0&Prime; shift_y=\u00a0\u00bb0&Prime; shift_y_down=\u00a0\u00bb0&Prime; z_index=\u00a0\u00bb0&Prime; medium_width=\u00a0\u00bb0&Prime; mobile_width=\u00a0\u00bb0&Prime; width=\u00a0\u00bb1\/1&Prime; uncode_shortcode_id=\u00a0\u00bb599159&Prime;][vc_custom_heading uncode_shortcode_id=\u00a0\u00bb112068&Prime;]Information[\/vc_custom_heading][uncode_index el_id=\u00a0\u00bbindex-732782&Prime; index_type=\u00a0\u00bbcss_grid\u00a0\u00bb loop=\u00a0\u00bbsize:8|order_by:date|post_type:page|by_id:30,28,26,24,22,20,18,444|taxonomy_count:10&Prime; screen_lg_items=\u00a0\u00bb3&Prime; screen_lg_breakpoint=\u00a0\u00bb1000&Prime; screen_md_items=\u00a0\u00bb2&Prime; screen_md_breakpoint=\u00a0\u00bb780&Prime; screen_sm_items=\u00a0\u00bb1&Prime; screen_sm_breakpoint=\u00a0\u00bb570&Prime; gutter_size=\u00a0\u00bb3&Prime; post_items=\u00a0\u00bbmedia|featured|onpost|original,title\u00a0\u00bb single_text=\u00a0\u00bblateral\u00a0\u00bb single_image_size=\u00a0\u00bb3&Prime; single_overlay_opacity=\u00a0\u00bb1&Prime; single_padding=\u00a0\u00bb2&Prime; custom_order=\u00a0\u00bbyes\u00a0\u00bb no_double_tap=\u00a0\u00bbyes\u00a0\u00bb uncode_shortcode_id=\u00a0\u00bb247792&Prime; el_class=\u00a0\u00bbpostblock postblockinfo postblockinfohome\u00a0\u00bb order_ids=\u00a0\u00bb104,114,106,30,112,110,108,116&Prime;][\/vc_column_inner][\/vc_row_inner][vc_empty_space empty_h=\u00a0\u00bb2&Prime;][vc_row_inner row_inner_height_percent=\u00a0\u00bb0&Prime; overlay_alpha=\u00a0\u00bb50&Prime; gutter_size=\u00a0\u00bb3&Prime; shift_y=\u00a0\u00bb0&Prime; z_index=\u00a0\u00bb0&Prime; desktop_visibility=\u00a0\u00bbyes\u00a0\u00bb medium_visibility=\u00a0\u00bbyes\u00a0\u00bb mobile_visibility=\u00a0\u00bbyes\u00a0\u00bb uncode_shortcode_id=\u00a0\u00bb196437&Prime; el_class=\u00a0\u00bbprogrammahome programmablock\u00a0\u00bb][vc_column_inner column_width_percent=\u00a0\u00bb100&Prime; gutter_size=\u00a0\u00bb2&Prime; expand_height=\u00a0\u00bbyes\u00a0\u00bb style=\u00a0\u00bbdark\u00a0\u00bb overlay_alpha=\u00a0\u00bb50&Prime; shift_x=\u00a0\u00bb0&Prime; shift_y=\u00a0\u00bb0&Prime; shift_y_down=\u00a0\u00bb0&Prime; z_index=\u00a0\u00bb0&Prime; medium_width=\u00a0\u00bb0&Prime; mobile_width=\u00a0\u00bb0&Prime; width=\u00a0\u00bb1\/3&Prime; uncode_shortcode_id=\u00a0\u00bb132194&Prime;][vc_empty_space][vc_custom_heading uncode_shortcode_id=\u00a0\u00bb147566&Prime;]Programme[\/vc_custom_heading][vc_column_text uncode_shortcode_id=\u00a0\u00bb775526&Prime;]Le programme fournit des informations sur le lieu et l&rsquo;horaire des diff\u00e9rentes activit\u00e9s, vous permettant ainsi de planifier votre itin\u00e9raire.[\/vc_column_text][vc_button button_color=\u00a0\u00bbcolor-927011&Prime; hover_fx=\u00a0\u00bbfull-colored\u00a0\u00bb border_width=\u00a0\u00bb0&Prime; link=\u00a0\u00bburl:https%3A%2F%2Fcomicconholland.nl%2Fprogramma-nl%2F|title:programme%20nl|\u00a0\u00bb button_color_type=\u00a0\u00bbuncode-palette\u00a0\u00bb uncode_shortcode_id=\u00a0\u00bb206692&Prime;]Plus d&rsquo;informations[\/vc_button][\/vc_column_inner][vc_column_inner column_width_percent=\u00a0\u00bb100&Prime; gutter_size=\u00a0\u00bb2&Prime; expand_height=\u00a0\u00bbyes\u00a0\u00bb back_color=\u00a0\u00bbcolor-xsdn\u00a0\u00bb overlay_alpha=\u00a0\u00bb50&Prime; shift_x=\u00a0\u00bb0&Prime; shift_y=\u00a0\u00bb0&Prime; shift_y_down=\u00a0\u00bb0&Prime; z_index=\u00a0\u00bb0&Prime; medium_width=\u00a0\u00bb0&Prime; mobile_width=\u00a0\u00bb0&Prime; width=\u00a0\u00bb1\/3&Prime; uncode_shortcode_id=\u00a0\u00bb487011&Prime; back_color_type=\u00a0\u00bbuncode-palette\u00a0\u00bb][vc_custom_heading heading_semantic=\u00a0\u00bbh3&Prime; text_size=\u00a0\u00bbh3&Prime; uncode_shortcode_id=\u00a0\u00bb854280&Prime;]Samedi<br \/>\n29 AVRIL 2023[\/vc_custom_heading][vc_raw_html]PHRhYmxlPgo8dHI+Cjx0ZD4xMTowMDwvdGQ+Cjx0ZD5PdXZlcnR1cmUgZGVzIHBvcnRlczwvdGQ+CjwvdHI+Cgo8dHI+Cjx0ZD4xMTowMDwvdGQ+Cjx0ZD5PdXZlcnR1cmUgZGVzIHBvcnRlczwvdGQ+CjwvdHI+Cgo8dHI+Cjx0ZD4xMTowMDwvdGQ+Cjx0ZD5PdXZlcnR1cmUgZGVzIHBvcnRlczwvdGQ+CjwvdHI+Cgo8dHI+Cjx0ZD4xMTowMDwvdGQ+Cjx0ZD5PdXZlcnR1cmUgZGVzIHBvcnRlczwvdGQ+CjwvdHI+Cgo8dHI+Cjx0ZD4xMTowMDwvdGQ+Cjx0ZD5PdXZlcnR1cmUgZGVzIHBvcnRlczwvdGQ+CjwvdHI+Cgo8L3RhYmxlPg==[\/vc_raw_html][\/vc_column_inner][vc_column_inner column_width_percent=\u00a0\u00bb100&Prime; gutter_size=\u00a0\u00bb2&Prime; expand_height=\u00a0\u00bbyes\u00a0\u00bb back_color=\u00a0\u00bbcolor-xsdn\u00a0\u00bb overlay_alpha=\u00a0\u00bb50&Prime; shift_x=\u00a0\u00bb0&Prime; shift_y=\u00a0\u00bb0&Prime; shift_y_down=\u00a0\u00bb0&Prime; z_index=\u00a0\u00bb0&Prime; medium_width=\u00a0\u00bb0&Prime; mobile_width=\u00a0\u00bb0&Prime; width=\u00a0\u00bb1\/3&Prime; uncode_shortcode_id=\u00a0\u00bb180651&Prime; back_color_type=\u00a0\u00bbuncode-palette\u00a0\u00bb][vc_custom_heading heading_semantic=\u00a0\u00bbh3&Prime; text_size=\u00a0\u00bbh3&Prime; uncode_shortcode_id=\u00a0\u00bb185177&Prime;]Dimanche<br \/>\n30 AVRIL 2023[\/vc_custom_heading][vc_raw_html]PHRhYmxlPgo8dHI+Cjx0ZD4xMTowMDwvdGQ+Cjx0ZD5PdXZlcnR1cmUgZGVzIHBvcnRlczwvdGQ+CjwvdHI+Cgo8dHI+Cjx0ZD4xMTowMDwvdGQ+Cjx0ZD5PdXZlcnR1cmUgZGVzIHBvcnRlczwvdGQ+CjwvdHI+Cgo8dHI+Cjx0ZD4xMTowMDwvdGQ+Cjx0ZD5PdXZlcnR1cmUgZGVzIHBvcnRlczwvdGQ+CjwvdHI+Cgo8dHI+Cjx0ZD4xMTowMDwvdGQ+Cjx0ZD5PdXZlcnR1cmUgZGVzIHBvcnRlczwvdGQ+CjwvdHI+Cgo8dHI+Cjx0ZD4xMTowMDwvdGQ+Cjx0ZD5PdXZlcnR1cmUgZGVzIHBvcnRlczwvdGQ+CjwvdHI+Cgo8L3RhYmxlPg==[\/vc_raw_html][\/vc_column_inner][\/vc_row_inner][vc_row_inner row_inner_height_percent=\u00a0\u00bb0&Prime; overlay_alpha=\u00a0\u00bb50&Prime; gutter_size=\u00a0\u00bb3&Prime; shift_y=\u00a0\u00bb0&Prime; z_index=\u00a0\u00bb0&Prime; uncode_shortcode_id=\u00a0\u00bb204258&Prime; el_class=\u00a0\u00bbhomegasten\u00a0\u00bb][vc_column_inner column_width_percent=\u00a0\u00bb100&Prime; gutter_size=\u00a0\u00bb2&Prime; style=\u00a0\u00bbdark\u00a0\u00bb overlay_alpha=\u00a0\u00bb50&Prime; shift_x=\u00a0\u00bb0&Prime; shift_y=\u00a0\u00bb0&Prime; shift_y_down=\u00a0\u00bb0&Prime; z_index=\u00a0\u00bb0&Prime; medium_width=\u00a0\u00bb0&Prime; mobile_width=\u00a0\u00bb0&Prime; width=\u00a0\u00bb1\/1&Prime; uncode_shortcode_id=\u00a0\u00bb104834&Prime;][vc_custom_heading uncode_shortcode_id=\u00a0\u00bb517448&Prime;]Invit\u00e9s[\/vc_custom_heading][\/vc_column_inner][\/vc_row_inner][vc_row_inner row_inner_height_percent=\u00a0\u00bb0&Prime; overlay_alpha=\u00a0\u00bb50&Prime; gutter_size=\u00a0\u00bb3&Prime; shift_y=\u00a0\u00bb0&Prime; z_index=\u00a0\u00bb0&Prime; uncode_shortcode_id=\u00a0\u00bb204258&Prime; el_class=\u00a0\u00bbhomegasten\u00a0\u00bb][vc_column_inner column_width_percent=\u00a0\u00bb100&Prime; gutter_size=\u00a0\u00bb2&Prime; style=\u00a0\u00bbdark\u00a0\u00bb overlay_alpha=\u00a0\u00bb50&Prime; shift_x=\u00a0\u00bb0&Prime; shift_y=\u00a0\u00bb0&Prime; shift_y_down=\u00a0\u00bb0&Prime; z_index=\u00a0\u00bb0&Prime; medium_width=\u00a0\u00bb4&Prime; mobile_width=\u00a0\u00bb0&Prime; width=\u00a0\u00bb1\/4&Prime; uncode_shortcode_id=\u00a0\u00bb198683&Prime;][vc_single_image media=\u00a0\u00bb1648&Prime; media_width_percent=\u00a0\u00bb100&Prime; uncode_shortcode_id=\u00a0\u00bb129650&Prime;][\/vc_column_inner][vc_column_inner column_width_percent=\u00a0\u00bb100&Prime; gutter_size=\u00a0\u00bb3&Prime; overlay_alpha=\u00a0\u00bb50&Prime; shift_x=\u00a0\u00bb0&Prime; shift_y=\u00a0\u00bb0&Prime; shift_y_down=\u00a0\u00bb0&Prime; z_index=\u00a0\u00bb0&Prime; medium_width=\u00a0\u00bb4&Prime; mobile_width=\u00a0\u00bb0&Prime; width=\u00a0\u00bb1\/4&Prime; uncode_shortcode_id=\u00a0\u00bb715742&Prime;][vc_single_image media=\u00a0\u00bb1648&Prime; media_width_percent=\u00a0\u00bb100&Prime; uncode_shortcode_id=\u00a0\u00bb473989&Prime;][\/vc_column_inner][vc_column_inner column_width_percent=\u00a0\u00bb100&Prime; gutter_size=\u00a0\u00bb3&Prime; overlay_alpha=\u00a0\u00bb50&Prime; shift_x=\u00a0\u00bb0&Prime; shift_y=\u00a0\u00bb0&Prime; shift_y_down=\u00a0\u00bb0&Prime; z_index=\u00a0\u00bb0&Prime; medium_width=\u00a0\u00bb4&Prime; mobile_width=\u00a0\u00bb0&Prime; width=\u00a0\u00bb1\/4&Prime; uncode_shortcode_id=\u00a0\u00bb764042&Prime;][vc_single_image media=\u00a0\u00bb1648&Prime; media_width_percent=\u00a0\u00bb100&Prime; uncode_shortcode_id=\u00a0\u00bb145682&Prime;][\/vc_column_inner][vc_column_inner column_width_percent=\u00a0\u00bb100&Prime; gutter_size=\u00a0\u00bb3&Prime; overlay_alpha=\u00a0\u00bb50&Prime; shift_x=\u00a0\u00bb0&Prime; shift_y=\u00a0\u00bb0&Prime; shift_y_down=\u00a0\u00bb0&Prime; z_index=\u00a0\u00bb0&Prime; medium_width=\u00a0\u00bb4&Prime; mobile_width=\u00a0\u00bb0&Prime; width=\u00a0\u00bb1\/4&Prime; uncode_shortcode_id=\u00a0\u00bb683571&Prime;][vc_single_image media=\u00a0\u00bb1648&Prime; media_width_percent=\u00a0\u00bb100&Prime; uncode_shortcode_id=\u00a0\u00bb895241&Prime;][\/vc_column_inner][\/vc_row_inner][vc_row_inner row_inner_height_percent=\u00a0\u00bb0&Prime; overlay_alpha=\u00a0\u00bb50&Prime; gutter_size=\u00a0\u00bb3&Prime; shift_y=\u00a0\u00bb0&Prime; z_index=\u00a0\u00bb0&Prime; uncode_shortcode_id=\u00a0\u00bb155029&Prime;][vc_column_inner column_width_percent=\u00a0\u00bb100&Prime; align_horizontal=\u00a0\u00bbalign_center\u00a0\u00bb gutter_size=\u00a0\u00bb2&Prime; style=\u00a0\u00bbdark\u00a0\u00bb overlay_alpha=\u00a0\u00bb50&Prime; shift_x=\u00a0\u00bb0&Prime; shift_y=\u00a0\u00bb0&Prime; shift_y_down=\u00a0\u00bb0&Prime; z_index=\u00a0\u00bb0&Prime; medium_width=\u00a0\u00bb0&Prime; mobile_width=\u00a0\u00bb0&Prime; width=\u00a0\u00bb1\/1&Prime; uncode_shortcode_id=\u00a0\u00bb119341&Prime;][vc_button button_color=\u00a0\u00bbcolor-210407&Prime; border_width=\u00a0\u00bb0&Prime; link=\u00a0\u00bburl:https%3A%2F%2Fcomiccon.lu%2Ffr%2Finvites%2F|title:gasten%20nl\u00a0\u00bb uncode_shortcode_id=\u00a0\u00bb102869&Prime; button_color_type=\u00a0\u00bbuncode-palette\u00a0\u00bb]Tous les invit\u00e9s[\/vc_button][\/vc_column_inner][\/vc_row_inner][vc_empty_space empty_h=\u00a0\u00bb2&Prime;][vc_custom_heading uncode_shortcode_id=\u00a0\u00bb174255&Prime;]Activit\u00e9s[\/vc_custom_heading][\/vc_column][\/vc_row][vc_row row_height_percent=\u00a0\u00bb0&Prime; overlay_alpha=\u00a0\u00bb50&Prime; gutter_size=\u00a0\u00bb3&Prime; column_width_percent=\u00a0\u00bb100&Prime; shift_y=\u00a0\u00bb0&Prime; z_index=\u00a0\u00bb0&Prime; desktop_visibility=\u00a0\u00bbyes\u00a0\u00bb medium_visibility=\u00a0\u00bbyes\u00a0\u00bb mobile_visibility=\u00a0\u00bbyes\u00a0\u00bb uncode_shortcode_id=\u00a0\u00bb342195&Prime;][vc_column width=\u00a0\u00bb1\/1&Prime;][vc_custom_heading uncode_shortcode_id=\u00a0\u00bb140267&Prime;]ligne cach\u00e9e[\/vc_custom_heading][uncode_index el_id=\u00a0\u00bbindex-702915&Prime; isotope_mode=\u00a0\u00bbfitRows\u00a0\u00bb loop=\u00a0\u00bbsize:All|order_by:date|post_type:portfolio|tax_query:94,-115|taxonomy_count:10&Prime; screen_lg=\u00a0\u00bb1000&Prime; screen_md=\u00a0\u00bb600&Prime; screen_sm=\u00a0\u00bb480&Prime; gutter_size=\u00a0\u00bb3&Prime; post_items=\u00a0\u00bbmedia|featured|onpost|original,title\u00a0\u00bb single_width=\u00a0\u00bb3&Prime; single_overlay_opacity=\u00a0\u00bb1&Prime; single_h_align=\u00a0\u00bbcenter\u00a0\u00bb single_padding=\u00a0\u00bb2&Prime; single_border=\u00a0\u00bbyes\u00a0\u00bb no_double_tap=\u00a0\u00bbyes\u00a0\u00bb uncode_shortcode_id=\u00a0\u00bb478289&Prime; el_class=\u00a0\u00bbpostblock postblockguests postblockguestshome\u00a0\u00bb items=\u00a0\u00bbeyIyMTlfaSI6eyJzaW5nbGVfbGF5b3V0X3BvcnRmb2xpb19pdGVtcyI6Im1lZGlhfGZlYXR1cmVkfG5vbGlua3xvcmlnaW5hbCJ9LCIyMTZfaSI6eyJzaW5nbGVfbGF5b3V0X3BvcnRmb2xpb19pdGVtcyI6Im1lZGlhfGZlYXR1cmVkfG5vbGlua3xvcmlnaW5hbCJ9LCIyMTFfaSI6eyJzaW5nbGVfbGF5b3V0X3BvcnRmb2xpb19pdGVtcyI6Im1lZGlhfGZlYXR1cmVkfG5vbGlua3xvcmlnaW5hbCJ9LCIxNzRfaSI6eyJzaW5nbGVfbGF5b3V0X3BvcnRmb2xpb19pdGVtcyI6Im1lZGlhfGZlYXR1cmVkfG5vbGlua3xvcmlnaW5hbCJ9LCIyMDBfaSI6eyJzaW5nbGVfbGF5b3V0X3BvcnRmb2xpb19pdGVtcyI6Im1lZGlhfGZlYXR1cmVkfG9ucG9zdHxvcmlnaW5hbCx0aXRsZSxtZWRpYXxmZWF0dXJlZHxub2xpbmt8b3JpZ2luYWwsdGl0bGUifSwiMTk4X2kiOnsic2luZ2xlX2xheW91dF9wb3J0Zm9saW9faXRlbXMiOiJtZWRpYXxmZWF0dXJlZHxvbnBvc3R8b3JpZ2luYWwsdGl0bGUsbWVkaWF8ZmVhdHVyZWR8bm9saW5rfG9yaWdpbmFsLHRpdGxlIn0sIjE5Nl9pIjp7InNpbmdsZV9sYXlvdXRfcG9ydGZvbGlvX2l0ZW1zIjoibWVkaWF8ZmVhdHVyZWR8b25wb3N0fG9yaWdpbmFsLHRpdGxlLG1lZGlhfGZlYXR1cmVkfG5vbGlua3xvcmlnaW5hbCx0aXRsZSJ9LCIxOTFfaSI6eyJzaW5nbGVfbGF5b3V0X3BvcnRmb2xpb19pdGVtcyI6Im1lZGlhfGZlYXR1cmVkfG9ucG9zdHxvcmlnaW5hbCx0aXRsZSxtZWRpYXxmZWF0dXJlZHxub2xpbmt8b3JpZ2luYWwsdGl0bGUifSwiOTY0X2kiOnsic2luZ2xlX2xheW91dF9wb3J0Zm9saW9faXRlbXMiOiJtZWRpYXxmZWF0dXJlZHxub2xpbmt8b3JpZ2luYWwsdGl0bGUifSwiOTYzX2kiOnsic2luZ2xlX2xheW91dF9wb3J0Zm9saW9faXRlbXMiOiJtZWRpYXxmZWF0dXJlZHxub2xpbmt8b3JpZ2luYWwsdGl0bGUifSwiOTYyX2kiOnsic2luZ2xlX2xheW91dF9wb3J0Zm9saW9faXRlbXMiOiJtZWRpYXxmZWF0dXJlZHxub2xpbmt8b3JpZ2luYWwsdGl0bGUifSwiOTYxX2kiOnsic2luZ2xlX2xheW91dF9wb3J0Zm9saW9faXRlbXMiOiJtZWRpYXxmZWF0dXJlZHxub2xpbmt8b3JpZ2luYWwsdGl0bGUifX0=\u00a0\u00bb order_ids=\u00a0\u00bb1558,1690,1704,1672,1613,1652,1662,1696,1641,219,216,211&Prime;][\/vc_column][\/vc_row][vc_row][vc_column width=\u00a0\u00bb1\/1&Prime;][uncode_block id=\u00a0\u00bb617&Prime;][\/vc_column][\/vc_row][vc_row row_height_percent=\u00a0\u00bb0&Prime; back_color=\u00a0\u00bbcolor-vyce\u00a0\u00bb overlay_alpha=\u00a0\u00bb50&Prime; gutter_size=\u00a0\u00bb3&Prime; column_width_percent=\u00a0\u00bb100&Prime; shift_y=\u00a0\u00bb0&Prime; z_index=\u00a0\u00bb0&Prime; content_parallax=\u00a0\u00bb0&Prime; uncode_shortcode_id=\u00a0\u00bb872581&Prime; back_color_type=\u00a0\u00bbuncode-palette\u00a0\u00bb][vc_column width=\u00a0\u00bb1\/1&Prime;][vc_empty_space empty_h=\u00a0\u00bb3&Prime;][\/vc_column][\/vc_row][vc_row][vc_column width=\u00a0\u00bb1\/1&Prime;][uncode_block id=\u00a0\u00bb608&Prime;][\/vc_column][\/vc_row]<\/p>\n<\/div>","protected":false},"excerpt":{"rendered":"<p>[vc_row row_height_percent=\u00a0\u00bb80&Prime; back_image=\u00a0\u00bb93&Prime; back_position=\u00a0\u00bbcenter center\u00a0\u00bb parallax=\u00a0\u00bbyes\u00a0\u00bb overlay_alpha=\u00a0\u00bb25&Prime; gutter_size=\u00a0\u00bb3&Prime; column_width_percent=\u00a0\u00bb100&Prime; shift_y=\u00a0\u00bb0&Prime; z_index=\u00a0\u00bb0&Prime; enable_bottom_divider=\u00a0\u00bbdefault\u00a0\u00bb shape_bottom_invert=\u00a0\u00bbyes\u00a0\u00bb shape_bottom_h_use_pixel=\u00a0\u00bb\u00a0\u00bb shape_bottom_height=\u00a0\u00bb100&Prime; shape_bottom_color=\u00a0\u00bbcolor-vyce\u00a0\u00bb shape_bottom_opacity=\u00a0\u00bb100&Prime; shape_bottom_index=\u00a0\u00bb0&Prime; content_parallax=\u00a0\u00bb0&Prime; uncode_shortcode_id=\u00a0\u00bb152436&Prime; [&hellip;]<\/p>\n","protected":false},"author":4,"featured_media":0,"parent":0,"menu_order":0,"comment_status":"closed","ping_status":"closed","template":"","meta":{"footnotes":""},"class_list":["post-666","page","type-page","status-publish","hentry"],"_links":{"self":[{"href":"https:\/\/comiccon.lu\/fr\/wp-json\/wp\/v2\/pages\/666","targetHints":{"allow":["GET"]}}],"collection":[{"href":"https:\/\/comiccon.lu\/fr\/wp-json\/wp\/v2\/pages"}],"about":[{"href":"https:\/\/comiccon.lu\/fr\/wp-json\/wp\/v2\/types\/page"}],"author":[{"embeddable":true,"href":"https:\/\/comiccon.lu\/fr\/wp-json\/wp\/v2\/users\/4"}],"replies":[{"embeddable":true,"href":"https:\/\/comiccon.lu\/fr\/wp-json\/wp\/v2\/comments?post=666"}],"version-history":[{"count":11,"href":"https:\/\/comiccon.lu\/fr\/wp-json\/wp\/v2\/pages\/666\/revisions"}],"predecessor-version":[{"id":1670,"href":"https:\/\/comiccon.lu\/fr\/wp-json\/wp\/v2\/pages\/666\/revisions\/1670"}],"wp:attachment":[{"href":"https:\/\/comiccon.lu\/fr\/wp-json\/wp\/v2\/media?parent=666"}],"curies":[{"name":"wp","href":"https:\/\/api.w.org\/{rel}","templated":true}]}}