{"id":670,"date":"2025-03-15T10:20:02","date_gmt":"2025-03-15T09:20:02","guid":{"rendered":"https:\/\/comiccon.lu\/invites-2\/"},"modified":"2025-06-19T16:25:21","modified_gmt":"2025-06-19T15:25:21","slug":"invites-2","status":"publish","type":"page","link":"https:\/\/comiccon.lu\/fr\/activites\/invites-2\/","title":{"rendered":"Invit\u00e9s"},"content":{"rendered":"<div class=\"wpb-content-wrapper\"><p>[vc_row row_height_percent=\u00a0\u00bb100&Prime; override_padding=\u00a0\u00bbyes\u00a0\u00bb h_padding=\u00a0\u00bb2&Prime; top_padding=\u00a0\u00bb2&Prime; bottom_padding=\u00a0\u00bb7&Prime; back_color=\u00a0\u00bbcolor-vyce\u00a0\u00bb overlay_alpha=\u00a0\u00bb50&Prime; gutter_size=\u00a0\u00bb3&Prime; column_width_percent=\u00a0\u00bb100&Prime; shift_y=\u00a0\u00bb0&Prime; z_index=\u00a0\u00bb0&Prime; content_parallax=\u00a0\u00bb0&Prime; uncode_shortcode_id=\u00a0\u00bb183664&Prime; row_height_pixel=\u00a0\u00bb540&Prime; back_color_type=\u00a0\u00bbuncode-palette\u00a0\u00bb][vc_column column_width_percent=\u00a0\u00bb100&Prime; gutter_size=\u00a0\u00bb3&Prime; style=\u00a0\u00bbdark\u00a0\u00bb overlay_alpha=\u00a0\u00bb50&Prime; shift_x=\u00a0\u00bb0&Prime; shift_y=\u00a0\u00bb0&Prime; shift_y_down=\u00a0\u00bb0&Prime; z_index=\u00a0\u00bb0&Prime; medium_width=\u00a0\u00bb0&Prime; mobile_width=\u00a0\u00bb0&Prime; width=\u00a0\u00bb1\/1&Prime; uncode_shortcode_id=\u00a0\u00bb150786&Prime;][vc_custom_heading auto_text=\u00a0\u00bbyes\u00a0\u00bb heading_semantic=\u00a0\u00bbh1&Prime; text_size=\u00a0\u00bbh1&Prime; uncode_shortcode_id=\u00a0\u00bb240741&Prime;][\/vc_custom_heading][vc_row_inner][vc_column_inner column_width_percent=\u00a0\u00bb100&Prime; gutter_size=\u00a0\u00bb3&Prime; style=\u00a0\u00bbdark\u00a0\u00bb overlay_alpha=\u00a0\u00bb50&Prime; shift_x=\u00a0\u00bb0&Prime; shift_y=\u00a0\u00bb0&Prime; shift_y_down=\u00a0\u00bb0&Prime; z_index=\u00a0\u00bb0&Prime; medium_width=\u00a0\u00bb0&Prime; mobile_width=\u00a0\u00bb0&Prime; width=\u00a0\u00bb1\/3&Prime; uncode_shortcode_id=\u00a0\u00bb657169&Prime;][vc_column_text uncode_shortcode_id=\u00a0\u00bb210061&Prime;]\u00cates-vous un grand amateur de s\u00e9ries et de films ? Dans ce cas, vous \u00eates assur\u00e9ment \u00e0 la bonne place \u00e0 Comic Con Luxembourg ! \u00c0 chaque \u00e9dition, nous invitons diff\u00e9rents invit\u00e9s vedettes que vous pouvez rencontrer au Comic Con.<\/p>\n<p>Ils viennent pour discuter de leurs r\u00f4les et de leurs films, mais vous pouvez \u00e9galement prendre une photo avec eux ou les rencontrer pour des s\u00e9ances d&rsquo;autographes.<\/p>\n<p>Un face-\u00e0-face avec vos acteurs pr\u00e9f\u00e9r\u00e9s du grand \u00e9cran est une exp\u00e9rience inoubliable \u00e0 chaque fois.[\/vc_column_text][\/vc_column_inner][vc_column_inner width=\u00a0\u00bb2\/3&Prime;][vc_single_image dynamic=\u00a0\u00bbyes\u00a0\u00bb media_width_percent=\u00a0\u00bb100&Prime; uncode_shortcode_id=\u00a0\u00bb835846&Prime;][\/vc_column_inner][\/vc_row_inner][uncode_index el_id=\u00a0\u00bbindex-702915&Prime; isotope_mode=\u00a0\u00bbfitRows\u00a0\u00bb loop=\u00a0\u00bbsize:All|order_by:date|post_type:portfolio|tax_query:94|taxonomy_count:10&Prime; screen_lg=\u00a0\u00bb1000&Prime; screen_md=\u00a0\u00bb600&Prime; screen_sm=\u00a0\u00bb480&Prime; gutter_size=\u00a0\u00bb3&Prime; post_items=\u00a0\u00bbmedia|featured|onpost|original,title\u00a0\u00bb single_width=\u00a0\u00bb3&Prime; single_overlay_opacity=\u00a0\u00bb1&Prime; single_h_align=\u00a0\u00bbcenter\u00a0\u00bb single_padding=\u00a0\u00bb2&Prime; single_border=\u00a0\u00bbyes\u00a0\u00bb no_double_tap=\u00a0\u00bbyes\u00a0\u00bb uncode_shortcode_id=\u00a0\u00bb159249&Prime; el_class=\u00a0\u00bbpostblock postblockguests postblockguestshome\u00a0\u00bb items=\u00a0\u00bbeyIyMTlfaSI6eyJzaW5nbGVfbGF5b3V0X3BvcnRmb2xpb19pdGVtcyI6Im1lZGlhfGZlYXR1cmVkfG5vbGlua3xvcmlnaW5hbCJ9LCIyMTZfaSI6eyJzaW5nbGVfbGF5b3V0X3BvcnRmb2xpb19pdGVtcyI6Im1lZGlhfGZlYXR1cmVkfG5vbGlua3xvcmlnaW5hbCJ9LCIyMTFfaSI6eyJzaW5nbGVfbGF5b3V0X3BvcnRmb2xpb19pdGVtcyI6Im1lZGlhfGZlYXR1cmVkfG5vbGlua3xvcmlnaW5hbCJ9LCIxNzRfaSI6eyJzaW5nbGVfbGF5b3V0X3BvcnRmb2xpb19pdGVtcyI6Im1lZGlhfGZlYXR1cmVkfG5vbGlua3xvcmlnaW5hbCJ9LCIyMDBfaSI6eyJzaW5nbGVfbGF5b3V0X3BvcnRmb2xpb19pdGVtcyI6Im1lZGlhfGZlYXR1cmVkfG9ucG9zdHxvcmlnaW5hbCx0aXRsZSxtZWRpYXxmZWF0dXJlZHxub2xpbmt8b3JpZ2luYWwsdGl0bGUifSwiMTk4X2kiOnsic2luZ2xlX2xheW91dF9wb3J0Zm9saW9faXRlbXMiOiJtZWRpYXxmZWF0dXJlZHxvbnBvc3R8b3JpZ2luYWwsdGl0bGUsbWVkaWF8ZmVhdHVyZWR8bm9saW5rfG9yaWdpbmFsLHRpdGxlIn0sIjE5Nl9pIjp7InNpbmdsZV9sYXlvdXRfcG9ydGZvbGlvX2l0ZW1zIjoibWVkaWF8ZmVhdHVyZWR8b25wb3N0fG9yaWdpbmFsLHRpdGxlLG1lZGlhfGZlYXR1cmVkfG5vbGlua3xvcmlnaW5hbCx0aXRsZSJ9LCIxOTFfaSI6eyJzaW5nbGVfbGF5b3V0X3BvcnRmb2xpb19pdGVtcyI6Im1lZGlhfGZlYXR1cmVkfG9ucG9zdHxvcmlnaW5hbCx0aXRsZSxtZWRpYXxmZWF0dXJlZHxub2xpbmt8b3JpZ2luYWwsdGl0bGUifSwiOTY0X2kiOnsic2luZ2xlX2xheW91dF9wb3J0Zm9saW9faXRlbXMiOiJtZWRpYXxmZWF0dXJlZHxub2xpbmt8b3JpZ2luYWwsdGl0bGUifSwiOTYzX2kiOnsic2luZ2xlX2xheW91dF9wb3J0Zm9saW9faXRlbXMiOiJtZWRpYXxmZWF0dXJlZHxub2xpbmt8b3JpZ2luYWwsdGl0bGUifSwiOTYyX2kiOnsic2luZ2xlX2xheW91dF9wb3J0Zm9saW9faXRlbXMiOiJtZWRpYXxmZWF0dXJlZHxub2xpbmt8b3JpZ2luYWwsdGl0bGUifSwiOTYxX2kiOnsic2luZ2xlX2xheW91dF9wb3J0Zm9saW9faXRlbXMiOiJtZWRpYXxmZWF0dXJlZHxub2xpbmt8b3JpZ2luYWwsdGl0bGUifX0=\u00a0\u00bb order_ids=\u00a0\u00bb1558,1690,1704,1672,1613,1652,1662,1696,1641,219,216,211&Prime;][vc_empty_space empty_h=\u00a0\u00bb2&Prime;][vc_row_inner row_inner_height_percent=\u00a0\u00bb0&Prime; overlay_alpha=\u00a0\u00bb50&Prime; gutter_size=\u00a0\u00bb3&Prime; shift_y=\u00a0\u00bb0&Prime; z_index=\u00a0\u00bb0&Prime; uncode_shortcode_id=\u00a0\u00bb204258&Prime; el_class=\u00a0\u00bbhomegasten\u00a0\u00bb][vc_column_inner column_width_percent=\u00a0\u00bb100&Prime; gutter_size=\u00a0\u00bb2&Prime; style=\u00a0\u00bbdark\u00a0\u00bb overlay_alpha=\u00a0\u00bb50&Prime; shift_x=\u00a0\u00bb0&Prime; shift_y=\u00a0\u00bb0&Prime; shift_y_down=\u00a0\u00bb0&Prime; z_index=\u00a0\u00bb0&Prime; medium_width=\u00a0\u00bb0&Prime; mobile_width=\u00a0\u00bb0&Prime; width=\u00a0\u00bb1\/1&Prime; uncode_shortcode_id=\u00a0\u00bb104834&Prime;][vc_custom_heading uncode_shortcode_id=\u00a0\u00bb787671&Prime;]Artistes[\/vc_custom_heading][uncode_index el_id=\u00a0\u00bbindex-702915&Prime; isotope_mode=\u00a0\u00bbfitRows\u00a0\u00bb loop=\u00a0\u00bbsize:All|order_by:date|post_type:portfolio|tax_query:115|taxonomy_count:10&Prime; screen_lg=\u00a0\u00bb1000&Prime; screen_md=\u00a0\u00bb600&Prime; screen_sm=\u00a0\u00bb480&Prime; gutter_size=\u00a0\u00bb3&Prime; post_items=\u00a0\u00bbmedia|featured|onpost|original,title\u00a0\u00bb single_width=\u00a0\u00bb3&Prime; single_overlay_opacity=\u00a0\u00bb1&Prime; single_h_align=\u00a0\u00bbcenter\u00a0\u00bb single_padding=\u00a0\u00bb2&Prime; single_border=\u00a0\u00bbyes\u00a0\u00bb no_double_tap=\u00a0\u00bbyes\u00a0\u00bb uncode_shortcode_id=\u00a0\u00bb350397&Prime; el_class=\u00a0\u00bbpostblock postblockguests postblockguestshome\u00a0\u00bb items=\u00a0\u00bbeyIyMTlfaSI6eyJzaW5nbGVfbGF5b3V0X3BvcnRmb2xpb19pdGVtcyI6Im1lZGlhfGZlYXR1cmVkfG5vbGlua3xvcmlnaW5hbCJ9LCIyMTZfaSI6eyJzaW5nbGVfbGF5b3V0X3BvcnRmb2xpb19pdGVtcyI6Im1lZGlhfGZlYXR1cmVkfG5vbGlua3xvcmlnaW5hbCJ9LCIyMTFfaSI6eyJzaW5nbGVfbGF5b3V0X3BvcnRmb2xpb19pdGVtcyI6Im1lZGlhfGZlYXR1cmVkfG5vbGlua3xvcmlnaW5hbCJ9LCIxNzRfaSI6eyJzaW5nbGVfbGF5b3V0X3BvcnRmb2xpb19pdGVtcyI6Im1lZGlhfGZlYXR1cmVkfG5vbGlua3xvcmlnaW5hbCJ9LCIyMDBfaSI6eyJzaW5nbGVfbGF5b3V0X3BvcnRmb2xpb19pdGVtcyI6Im1lZGlhfGZlYXR1cmVkfG9ucG9zdHxvcmlnaW5hbCx0aXRsZSxtZWRpYXxmZWF0dXJlZHxub2xpbmt8b3JpZ2luYWwsdGl0bGUifSwiMTk4X2kiOnsic2luZ2xlX2xheW91dF9wb3J0Zm9saW9faXRlbXMiOiJtZWRpYXxmZWF0dXJlZHxvbnBvc3R8b3JpZ2luYWwsdGl0bGUsbWVkaWF8ZmVhdHVyZWR8bm9saW5rfG9yaWdpbmFsLHRpdGxlIn0sIjE5Nl9pIjp7InNpbmdsZV9sYXlvdXRfcG9ydGZvbGlvX2l0ZW1zIjoibWVkaWF8ZmVhdHVyZWR8b25wb3N0fG9yaWdpbmFsLHRpdGxlLG1lZGlhfGZlYXR1cmVkfG5vbGlua3xvcmlnaW5hbCx0aXRsZSJ9LCIxOTFfaSI6eyJzaW5nbGVfbGF5b3V0X3BvcnRmb2xpb19pdGVtcyI6Im1lZGlhfGZlYXR1cmVkfG9ucG9zdHxvcmlnaW5hbCx0aXRsZSxtZWRpYXxmZWF0dXJlZHxub2xpbmt8b3JpZ2luYWwsdGl0bGUifSwiOTY0X2kiOnsic2luZ2xlX2xheW91dF9wb3J0Zm9saW9faXRlbXMiOiJtZWRpYXxmZWF0dXJlZHxub2xpbmt8b3JpZ2luYWwsdGl0bGUifSwiOTYzX2kiOnsic2luZ2xlX2xheW91dF9wb3J0Zm9saW9faXRlbXMiOiJtZWRpYXxmZWF0dXJlZHxub2xpbmt8b3JpZ2luYWwsdGl0bGUifSwiOTYyX2kiOnsic2luZ2xlX2xheW91dF9wb3J0Zm9saW9faXRlbXMiOiJtZWRpYXxmZWF0dXJlZHxub2xpbmt8b3JpZ2luYWwsdGl0bGUifSwiOTYxX2kiOnsic2luZ2xlX2xheW91dF9wb3J0Zm9saW9faXRlbXMiOiJtZWRpYXxmZWF0dXJlZHxub2xpbmt8b3JpZ2luYWwsdGl0bGUifX0=\u00a0\u00bb order_ids=\u00a0\u00bb937,949,942,1139,953,1010,1002,996,980,941,1033,944,1056,1041,1109,1126,1063,1163,1155,1149,964,963,962,961&Prime;][\/vc_column_inner][\/vc_row_inner][vc_empty_space empty_h=\u00a0\u00bb1&Prime;][\/vc_column][\/vc_row][vc_row row_height_percent=\u00a0\u00bb0&Prime; overlay_alpha=\u00a0\u00bb50&Prime; gutter_size=\u00a0\u00bb3&Prime; column_width_percent=\u00a0\u00bb100&Prime; shift_y=\u00a0\u00bb0&Prime; z_index=\u00a0\u00bb0&Prime; desktop_visibility=\u00a0\u00bbyes\u00a0\u00bb medium_visibility=\u00a0\u00bbyes\u00a0\u00bb mobile_visibility=\u00a0\u00bbyes\u00a0\u00bb uncode_shortcode_id=\u00a0\u00bb714498&Prime;][vc_column width=\u00a0\u00bb1\/1&Prime;][vc_custom_heading uncode_shortcode_id=\u00a0\u00bb136702&Prime;]hidden[\/vc_custom_heading][vc_row_inner row_inner_height_percent=\u00a0\u00bb0&Prime; overlay_alpha=\u00a0\u00bb50&Prime; gutter_size=\u00a0\u00bb3&Prime; shift_y=\u00a0\u00bb0&Prime; z_index=\u00a0\u00bb0&Prime; uncode_shortcode_id=\u00a0\u00bb204258&Prime; el_class=\u00a0\u00bbhomegasten\u00a0\u00bb][vc_column_inner column_width_percent=\u00a0\u00bb100&Prime; gutter_size=\u00a0\u00bb2&Prime; style=\u00a0\u00bbdark\u00a0\u00bb overlay_alpha=\u00a0\u00bb50&Prime; shift_x=\u00a0\u00bb0&Prime; shift_y=\u00a0\u00bb0&Prime; shift_y_down=\u00a0\u00bb0&Prime; z_index=\u00a0\u00bb0&Prime; medium_width=\u00a0\u00bb4&Prime; mobile_width=\u00a0\u00bb0&Prime; width=\u00a0\u00bb1\/4&Prime; uncode_shortcode_id=\u00a0\u00bb198683&Prime;][vc_single_image media=\u00a0\u00bb193&Prime; media_width_percent=\u00a0\u00bb100&Prime; uncode_shortcode_id=\u00a0\u00bb198203&Prime;][\/vc_column_inner][vc_column_inner column_width_percent=\u00a0\u00bb100&Prime; gutter_size=\u00a0\u00bb3&Prime; overlay_alpha=\u00a0\u00bb50&Prime; shift_x=\u00a0\u00bb0&Prime; shift_y=\u00a0\u00bb0&Prime; shift_y_down=\u00a0\u00bb0&Prime; z_index=\u00a0\u00bb0&Prime; medium_width=\u00a0\u00bb4&Prime; mobile_width=\u00a0\u00bb0&Prime; width=\u00a0\u00bb1\/4&Prime; uncode_shortcode_id=\u00a0\u00bb715742&Prime;][vc_single_image media=\u00a0\u00bb193&Prime; media_width_percent=\u00a0\u00bb100&Prime; uncode_shortcode_id=\u00a0\u00bb198203&Prime;][\/vc_column_inner][vc_column_inner column_width_percent=\u00a0\u00bb100&Prime; gutter_size=\u00a0\u00bb3&Prime; overlay_alpha=\u00a0\u00bb50&Prime; shift_x=\u00a0\u00bb0&Prime; shift_y=\u00a0\u00bb0&Prime; shift_y_down=\u00a0\u00bb0&Prime; z_index=\u00a0\u00bb0&Prime; medium_width=\u00a0\u00bb4&Prime; mobile_width=\u00a0\u00bb0&Prime; width=\u00a0\u00bb1\/4&Prime; uncode_shortcode_id=\u00a0\u00bb764042&Prime;][vc_single_image media=\u00a0\u00bb193&Prime; media_width_percent=\u00a0\u00bb100&Prime; uncode_shortcode_id=\u00a0\u00bb198203&Prime;][\/vc_column_inner][vc_column_inner column_width_percent=\u00a0\u00bb100&Prime; gutter_size=\u00a0\u00bb3&Prime; overlay_alpha=\u00a0\u00bb50&Prime; shift_x=\u00a0\u00bb0&Prime; shift_y=\u00a0\u00bb0&Prime; shift_y_down=\u00a0\u00bb0&Prime; z_index=\u00a0\u00bb0&Prime; medium_width=\u00a0\u00bb4&Prime; mobile_width=\u00a0\u00bb0&Prime; width=\u00a0\u00bb1\/4&Prime; uncode_shortcode_id=\u00a0\u00bb683571&Prime;][vc_single_image media=\u00a0\u00bb193&Prime; media_width_percent=\u00a0\u00bb100&Prime; uncode_shortcode_id=\u00a0\u00bb198203&Prime;][\/vc_column_inner][\/vc_row_inner][\/vc_column][\/vc_row][vc_row][vc_column width=\u00a0\u00bb1\/1&Prime;][uncode_block id=\u00a0\u00bb617&Prime;][\/vc_column][\/vc_row][vc_row][vc_column width=\u00a0\u00bb1\/1&Prime;][uncode_block id=\u00a0\u00bb608&Prime;][\/vc_column][\/vc_row]<\/p>\n<\/div>","protected":false},"excerpt":{"rendered":"<p>[vc_row row_height_percent=\u00a0\u00bb100&Prime; override_padding=\u00a0\u00bbyes\u00a0\u00bb h_padding=\u00a0\u00bb2&Prime; top_padding=\u00a0\u00bb2&Prime; bottom_padding=\u00a0\u00bb7&Prime; back_color=\u00a0\u00bbcolor-vyce\u00a0\u00bb overlay_alpha=\u00a0\u00bb50&Prime; gutter_size=\u00a0\u00bb3&Prime; column_width_percent=\u00a0\u00bb100&Prime; shift_y=\u00a0\u00bb0&Prime; z_index=\u00a0\u00bb0&Prime; content_parallax=\u00a0\u00bb0&Prime; uncode_shortcode_id=\u00a0\u00bb183664&Prime; row_height_pixel=\u00a0\u00bb540&Prime; back_color_type=\u00a0\u00bbuncode-palette\u00a0\u00bb][vc_column column_width_percent=\u00a0\u00bb100&Prime; gutter_size=\u00a0\u00bb3&Prime; style=\u00a0\u00bbdark\u00a0\u00bb overlay_alpha=\u00a0\u00bb50&Prime; [&hellip;]<\/p>\n","protected":false},"author":1,"featured_media":555,"parent":685,"menu_order":0,"comment_status":"closed","ping_status":"closed","template":"","meta":{"footnotes":""},"class_list":["post-670","page","type-page","status-publish","has-post-thumbnail","hentry"],"_links":{"self":[{"href":"https:\/\/comiccon.lu\/fr\/wp-json\/wp\/v2\/pages\/670","targetHints":{"allow":["GET"]}}],"collection":[{"href":"https:\/\/comiccon.lu\/fr\/wp-json\/wp\/v2\/pages"}],"about":[{"href":"https:\/\/comiccon.lu\/fr\/wp-json\/wp\/v2\/types\/page"}],"author":[{"embeddable":true,"href":"https:\/\/comiccon.lu\/fr\/wp-json\/wp\/v2\/users\/1"}],"replies":[{"embeddable":true,"href":"https:\/\/comiccon.lu\/fr\/wp-json\/wp\/v2\/comments?post=670"}],"version-history":[{"count":6,"href":"https:\/\/comiccon.lu\/fr\/wp-json\/wp\/v2\/pages\/670\/revisions"}],"predecessor-version":[{"id":888,"href":"https:\/\/comiccon.lu\/fr\/wp-json\/wp\/v2\/pages\/670\/revisions\/888"}],"up":[{"embeddable":true,"href":"https:\/\/comiccon.lu\/fr\/wp-json\/wp\/v2\/pages\/685"}],"wp:featuredmedia":[{"embeddable":true,"href":"https:\/\/comiccon.lu\/fr\/wp-json\/wp\/v2\/media\/555"}],"wp:attachment":[{"href":"https:\/\/comiccon.lu\/fr\/wp-json\/wp\/v2\/media?parent=670"}],"curies":[{"name":"wp","href":"https:\/\/api.w.org\/{rel}","templated":true}]}}