{"id":680,"date":"2025-03-15T10:19:08","date_gmt":"2025-03-15T09:19:08","guid":{"rendered":"https:\/\/comiccon.lu\/programme\/"},"modified":"2026-02-17T16:12:25","modified_gmt":"2026-02-17T15:12:25","slug":"programme","status":"publish","type":"page","link":"https:\/\/comiccon.lu\/fr\/programme\/","title":{"rendered":"Programme"},"content":{"rendered":"<div class=\"wpb-content-wrapper\"><p>[vc_row row_height_percent=\u00a0\u00bb0&Prime; override_padding=\u00a0\u00bbyes\u00a0\u00bb h_padding=\u00a0\u00bb2&Prime; top_padding=\u00a0\u00bb2&Prime; bottom_padding=\u00a0\u00bb3&Prime; back_color=\u00a0\u00bbcolor-vyce\u00a0\u00bb overlay_alpha=\u00a0\u00bb50&Prime; gutter_size=\u00a0\u00bb3&Prime; column_width_percent=\u00a0\u00bb100&Prime; shift_y=\u00a0\u00bb0&Prime; z_index=\u00a0\u00bb0&Prime; bottom_divider=\u00a0\u00bbtriangle\u00a0\u00bb content_parallax=\u00a0\u00bb0&Prime; uncode_shortcode_id=\u00a0\u00bb121860&Prime; row_height_pixel=\u00a0\u00bb540&Prime; back_color_type=\u00a0\u00bbuncode-palette\u00a0\u00bb][vc_column column_width_percent=\u00a0\u00bb100&Prime; gutter_size=\u00a0\u00bb3&Prime; style=\u00a0\u00bbdark\u00a0\u00bb overlay_alpha=\u00a0\u00bb50&Prime; shift_x=\u00a0\u00bb0&Prime; shift_y=\u00a0\u00bb0&Prime; shift_y_down=\u00a0\u00bb0&Prime; z_index=\u00a0\u00bb0&Prime; medium_width=\u00a0\u00bb0&Prime; mobile_width=\u00a0\u00bb0&Prime; width=\u00a0\u00bb1\/1&Prime; uncode_shortcode_id=\u00a0\u00bb203852&Prime;][vc_row_inner][vc_column_inner column_width_percent=\u00a0\u00bb100&Prime; gutter_size=\u00a0\u00bb2&Prime; style=\u00a0\u00bbdark\u00a0\u00bb overlay_alpha=\u00a0\u00bb50&Prime; shift_x=\u00a0\u00bb0&Prime; shift_y=\u00a0\u00bb0&Prime; shift_y_down=\u00a0\u00bb0&Prime; z_index=\u00a0\u00bb0&Prime; medium_width=\u00a0\u00bb0&Prime; mobile_width=\u00a0\u00bb0&Prime; width=\u00a0\u00bb2\/3&Prime; uncode_shortcode_id=\u00a0\u00bb188878&Prime;][vc_custom_heading heading_semantic=\u00a0\u00bbh1&Prime; text_size=\u00a0\u00bbh1&Prime; uncode_shortcode_id=\u00a0\u00bb225248&Prime;]Programme[\/vc_custom_heading][vc_custom_heading heading_semantic=\u00a0\u00bbh3&Prime; text_size=\u00a0\u00bbh3&Prime; uncode_shortcode_id=\u00a0\u00bb443477&Prime;]Le programme sera annonc\u00e9 prochainement.[\/vc_custom_heading][vc_column_text uncode_shortcode_id=\u00a0\u00bb207285&Prime; el_class=\u00a0\u00bbintroText\u00a0\u00bb]Le programme fournit des informations sur le moment et le lieu o\u00f9 se d\u00e9rouleront les diverses activit\u00e9s, afin que vous puissiez organiser votre emploi du temps.[\/vc_column_text][\/vc_column_inner][vc_column_inner column_width_percent=\u00a0\u00bb100&Prime; position_vertical=\u00a0\u00bbmiddle\u00a0\u00bb align_horizontal=\u00a0\u00bbalign_right\u00a0\u00bb gutter_size=\u00a0\u00bb2&Prime; overlay_alpha=\u00a0\u00bb50&Prime; shift_x=\u00a0\u00bb0&Prime; shift_y=\u00a0\u00bb0&Prime; shift_y_down=\u00a0\u00bb0&Prime; z_index=\u00a0\u00bb0&Prime; medium_visibility=\u00a0\u00bbyes\u00a0\u00bb align_medium=\u00a0\u00bbalign_left_tablet\u00a0\u00bb medium_width=\u00a0\u00bb0&Prime; mobile_visibility=\u00a0\u00bbyes\u00a0\u00bb align_mobile=\u00a0\u00bbalign_left_mobile\u00a0\u00bb mobile_width=\u00a0\u00bb0&Prime; width=\u00a0\u00bb1\/3&Prime; uncode_shortcode_id=\u00a0\u00bb159010&Prime;][vc_button button_color=\u00a0\u00bbcolor-141378&Prime; hover_fx=\u00a0\u00bbfull-colored\u00a0\u00bb border_width=\u00a0\u00bb0&Prime; link=\u00a0\u00bburl:https%3A%2F%2Fcomiccon.lu%2Ffr%2Fphotobooth%2F|title:Programme\u00a0\u00bb button_color_type=\u00a0\u00bbuncode-palette\u00a0\u00bb uncode_shortcode_id=\u00a0\u00bb127009&Prime;]Photobooth[\/vc_button][\/vc_column_inner][\/vc_row_inner][\/vc_column][\/vc_row][vc_row row_height_percent=\u00a0\u00bb0&Prime; overlay_alpha=\u00a0\u00bb50&Prime; gutter_size=\u00a0\u00bb3&Prime; column_width_percent=\u00a0\u00bb100&Prime; shift_y=\u00a0\u00bb0&Prime; z_index=\u00a0\u00bb0&Prime; desktop_visibility=\u00a0\u00bbyes\u00a0\u00bb medium_visibility=\u00a0\u00bbyes\u00a0\u00bb mobile_visibility=\u00a0\u00bbyes\u00a0\u00bb uncode_shortcode_id=\u00a0\u00bb471826&Prime;][vc_column width=\u00a0\u00bb1\/1&Prime;][vc_column_text uncode_shortcode_id=\u00a0\u00bb114357&Prime;]Bloc cach\u00e9[\/vc_column_text][vc_row_inner][vc_column_inner width=\u00a0\u00bb1\/3&Prime;][vc_single_image media=\u00a0\u00bb1599&Prime; media_width_percent=\u00a0\u00bb100&Prime; uncode_shortcode_id=\u00a0\u00bb122504&Prime;][\/vc_column_inner][vc_column_inner width=\u00a0\u00bb1\/3&Prime;][vc_single_image media=\u00a0\u00bb1602&Prime; media_width_percent=\u00a0\u00bb100&Prime; uncode_shortcode_id=\u00a0\u00bb676536&Prime;][\/vc_column_inner][vc_column_inner width=\u00a0\u00bb1\/3&Prime;][vc_single_image media=\u00a0\u00bb1605&Prime; media_width_percent=\u00a0\u00bb100&Prime; uncode_shortcode_id=\u00a0\u00bb211528&Prime;][\/vc_column_inner][\/vc_row_inner][vc_row_inner row_inner_height_percent=\u00a0\u00bb0&Prime; overlay_alpha=\u00a0\u00bb50&Prime; gutter_size=\u00a0\u00bb3&Prime; shift_y=\u00a0\u00bb0&Prime; z_index=\u00a0\u00bb0&Prime; uncode_shortcode_id=\u00a0\u00bb214093&Prime; el_class=\u00a0\u00bbprogrammablock\u00a0\u00bb][vc_column_inner column_width_percent=\u00a0\u00bb100&Prime; gutter_size=\u00a0\u00bb2&Prime; expand_height=\u00a0\u00bbyes\u00a0\u00bb style=\u00a0\u00bblight\u00a0\u00bb back_color=\u00a0\u00bbcolor-xsdn\u00a0\u00bb overlay_alpha=\u00a0\u00bb50&Prime; shift_x=\u00a0\u00bb0&Prime; shift_y=\u00a0\u00bb0&Prime; shift_y_down=\u00a0\u00bb0&Prime; z_index=\u00a0\u00bb0&Prime; medium_width=\u00a0\u00bb0&Prime; mobile_width=\u00a0\u00bb0&Prime; width=\u00a0\u00bb1\/2&Prime; uncode_shortcode_id=\u00a0\u00bb136757&Prime; back_color_type=\u00a0\u00bbuncode-palette\u00a0\u00bb][vc_custom_heading heading_semantic=\u00a0\u00bbh3&Prime; text_size=\u00a0\u00bbh3&Prime; uncode_shortcode_id=\u00a0\u00bb854280&Prime;]Samedi<br \/>\n29 AVRIL 2023[\/vc_custom_heading][vc_raw_html]PHRhYmxlPgo8dHI+Cjx0ZD4xMTowMDwvdGQ+Cjx0ZD48aDQ+T3V2ZXJ0dXJlIGRlcyBwb3J0ZXM8L2g0Pgo8cD4KQ29taWNDb24gSG9sbGFuZCBvZmZyZSB1bmUgZXhww6lyaWVuY2UgZXhjZXB0aW9ubmVsbGUgcG91ciBsZXMgYW1hdGV1cnMgZGUgYmFuZGVzIGRlc3NpbsOpZXMsIGRlIGZpbG1zLCBkZSB0w6lsw6l2aXNpb24sIGRlIGpldXggdmlkw6lvLCBkZSBjb3NwbGF5LCBkZSBjb21pY3MsIGRlIG1hbmdhcyBldCBiaWVuIHBsdXMgZW5jb3JlLiAKPC9wPjwvdGQ+CjwvdHI+Cgo8dHI+Cjx0ZD4xMTowMDwvdGQ+Cjx0ZD48aDQ+T3V2ZXJ0dXJlIGRlcyBwb3J0ZXM8L2g0Pgo8cD4KQ29taWNDb24gSG9sbGFuZCBvZmZyZSB1bmUgZXhww6lyaWVuY2UgZXhjZXB0aW9ubmVsbGUgcG91ciBsZXMgYW1hdGV1cnMgZGUgYmFuZGVzIGRlc3NpbsOpZXMsIGRlIGZpbG1zLCBkZSB0w6lsw6l2aXNpb24sIGRlIGpldXggdmlkw6lvLCBkZSBjb3NwbGF5LCBkZSBjb21pY3MsIGRlIG1hbmdhcyBldCBiaWVuIHBsdXMgZW5jb3JlLiAKPC9wPjwvdGQ+CjwvdHI+Cgo8dHI+Cjx0ZD4xMTowMDwvdGQ+Cjx0ZD48aDQ+T3V2ZXJ0dXJlIGRlcyBwb3J0ZXM8L2g0Pgo8cD4KQ29taWNDb24gSG9sbGFuZCBvZmZyZSB1bmUgZXhww6lyaWVuY2UgZXhjZXB0aW9ubmVsbGUgcG91ciBsZXMgYW1hdGV1cnMgZGUgYmFuZGVzIGRlc3NpbsOpZXMsIGRlIGZpbG1zLCBkZSB0w6lsw6l2aXNpb24sIGRlIGpldXggdmlkw6lvLCBkZSBjb3NwbGF5LCBkZSBjb21pY3MsIGRlIG1hbmdhcyBldCBiaWVuIHBsdXMgZW5jb3JlLiAKPC9wPjwvdGQ+CjwvdHI+Cgo8dHI+Cjx0ZD4xMTowMDwvdGQ+Cjx0ZD48aDQ+T3V2ZXJ0dXJlIGRlcyBwb3J0ZXM8L2g0Pgo8cD4KQ29taWNDb24gSG9sbGFuZCBvZmZyZSB1bmUgZXhww6lyaWVuY2UgZXhjZXB0aW9ubmVsbGUgcG91ciBsZXMgYW1hdGV1cnMgZGUgYmFuZGVzIGRlc3NpbsOpZXMsIGRlIGZpbG1zLCBkZSB0w6lsw6l2aXNpb24sIGRlIGpldXggdmlkw6lvLCBkZSBjb3NwbGF5LCBkZSBjb21pY3MsIGRlIG1hbmdhcyBldCBiaWVuIHBsdXMgZW5jb3JlLiAKPC9wPjwvdGQ+CjwvdHI+Cgo8dHI+Cjx0ZD4xMTowMDwvdGQ+Cjx0ZD48aDQ+T3V2ZXJ0dXJlIGRlcyBwb3J0ZXM8L2g0Pgo8cD4KQ29taWNDb24gSG9sbGFuZCBvZmZyZSB1bmUgZXhww6lyaWVuY2UgZXhjZXB0aW9ubmVsbGUgcG91ciBsZXMgYW1hdGV1cnMgZGUgYmFuZGVzIGRlc3NpbsOpZXMsIGRlIGZpbG1zLCBkZSB0w6lsw6l2aXNpb24sIGRlIGpldXggdmlkw6lvLCBkZSBjb3NwbGF5LCBkZSBjb21pY3MsIGRlIG1hbmdhcyBldCBiaWVuIHBsdXMgZW5jb3JlLiAKPC9wPjwvdGQ+CjwvdHI+Cgo8L3RhYmxlPg==[\/vc_raw_html][\/vc_column_inner][vc_column_inner column_width_percent=\u00a0\u00bb100&Prime; gutter_size=\u00a0\u00bb2&Prime; expand_height=\u00a0\u00bbyes\u00a0\u00bb back_color=\u00a0\u00bbcolor-xsdn\u00a0\u00bb overlay_alpha=\u00a0\u00bb50&Prime; shift_x=\u00a0\u00bb0&Prime; shift_y=\u00a0\u00bb0&Prime; shift_y_down=\u00a0\u00bb0&Prime; z_index=\u00a0\u00bb0&Prime; medium_width=\u00a0\u00bb0&Prime; mobile_width=\u00a0\u00bb0&Prime; width=\u00a0\u00bb1\/2&Prime; uncode_shortcode_id=\u00a0\u00bb487011&Prime; back_color_type=\u00a0\u00bbuncode-palette\u00a0\u00bb][vc_custom_heading heading_semantic=\u00a0\u00bbh3&Prime; text_size=\u00a0\u00bbh3&Prime; uncode_shortcode_id=\u00a0\u00bb185177&Prime;]Dimanche<br \/>\n30 AVRIL 2023[\/vc_custom_heading][vc_raw_html]PHRhYmxlPgo8dHI+Cjx0ZD4xMTowMDwvdGQ+Cjx0ZD48aDQ+T3V2ZXJ0dXJlIGRlcyBwb3J0ZXM8L2g0Pgo8cD4KQ29taWNDb24gSG9sbGFuZCBvZmZyZSB1bmUgZXhww6lyaWVuY2UgZXhjZXB0aW9ubmVsbGUgcG91ciBsZXMgYW1hdGV1cnMgZGUgYmFuZGVzIGRlc3NpbsOpZXMsIGRlIGZpbG1zLCBkZSB0w6lsw6l2aXNpb24sIGRlIGpldXggdmlkw6lvLCBkZSBjb3NwbGF5LCBkZSBjb21pY3MsIGRlIG1hbmdhcyBldCBiaWVuIHBsdXMgZW5jb3JlLiAKPC9wPjwvdGQ+CjwvdHI+Cgo8dHI+Cjx0ZD4xMTowMDwvdGQ+Cjx0ZD48aDQ+T3V2ZXJ0dXJlIGRlcyBwb3J0ZXM8L2g0Pgo8cD4KQ29taWNDb24gSG9sbGFuZCBvZmZyZSB1bmUgZXhww6lyaWVuY2UgZXhjZXB0aW9ubmVsbGUgcG91ciBsZXMgYW1hdGV1cnMgZGUgYmFuZGVzIGRlc3NpbsOpZXMsIGRlIGZpbG1zLCBkZSB0w6lsw6l2aXNpb24sIGRlIGpldXggdmlkw6lvLCBkZSBjb3NwbGF5LCBkZSBjb21pY3MsIGRlIG1hbmdhcyBldCBiaWVuIHBsdXMgZW5jb3JlLiAKPC9wPjwvdGQ+CjwvdHI+Cgo8dHI+Cjx0ZD4xMTowMDwvdGQ+Cjx0ZD48aDQ+T3V2ZXJ0dXJlIGRlcyBwb3J0ZXM8L2g0Pgo8cD4KQ29taWNDb24gSG9sbGFuZCBvZmZyZSB1bmUgZXhww6lyaWVuY2UgZXhjZXB0aW9ubmVsbGUgcG91ciBsZXMgYW1hdGV1cnMgZGUgYmFuZGVzIGRlc3NpbsOpZXMsIGRlIGZpbG1zLCBkZSB0w6lsw6l2aXNpb24sIGRlIGpldXggdmlkw6lvLCBkZSBjb3NwbGF5LCBkZSBjb21pY3MsIGRlIG1hbmdhcyBldCBiaWVuIHBsdXMgZW5jb3JlLiAKPC9wPjwvdGQ+CjwvdHI+Cgo8dHI+Cjx0ZD4xMTowMDwvdGQ+Cjx0ZD48aDQ+T3V2ZXJ0dXJlIGRlcyBwb3J0ZXM8L2g0Pgo8cD4KQ29taWNDb24gSG9sbGFuZCBvZmZyZSB1bmUgZXhww6lyaWVuY2UgZXhjZXB0aW9ubmVsbGUgcG91ciBsZXMgYW1hdGV1cnMgZGUgYmFuZGVzIGRlc3NpbsOpZXMsIGRlIGZpbG1zLCBkZSB0w6lsw6l2aXNpb24sIGRlIGpldXggdmlkw6lvLCBkZSBjb3NwbGF5LCBkZSBjb21pY3MsIGRlIG1hbmdhcyBldCBiaWVuIHBsdXMgZW5jb3JlLiAKPC9wPjwvdGQ+CjwvdHI+Cgo8dHI+Cjx0ZD4xMTowMDwvdGQ+Cjx0ZD48aDQ+T3V2ZXJ0dXJlIGRlcyBwb3J0ZXM8L2g0Pgo8cD4KQ29taWNDb24gSG9sbGFuZCBvZmZyZSB1bmUgZXhww6lyaWVuY2UgZXhjZXB0aW9ubmVsbGUgcG91ciBsZXMgYW1hdGV1cnMgZGUgYmFuZGVzIGRlc3NpbsOpZXMsIGRlIGZpbG1zLCBkZSB0w6lsw6l2aXNpb24sIGRlIGpldXggdmlkw6lvLCBkZSBjb3NwbGF5LCBkZSBjb21pY3MsIGRlIG1hbmdhcyBldCBiaWVuIHBsdXMgZW5jb3JlLiAKPC9wPjwvdGQ+CjwvdHI+Cgo8L3RhYmxlPg==[\/vc_raw_html][\/vc_column_inner][\/vc_row_inner][\/vc_column][\/vc_row][vc_row][vc_column width=\u00a0\u00bb1\/1&Prime;][uncode_block id=\u00a0\u00bb608&Prime;][\/vc_column][\/vc_row]<\/p>\n<\/div>","protected":false},"excerpt":{"rendered":"<p>[vc_row row_height_percent=\u00a0\u00bb0&Prime; override_padding=\u00a0\u00bbyes\u00a0\u00bb h_padding=\u00a0\u00bb2&Prime; top_padding=\u00a0\u00bb2&Prime; bottom_padding=\u00a0\u00bb3&Prime; back_color=\u00a0\u00bbcolor-vyce\u00a0\u00bb overlay_alpha=\u00a0\u00bb50&Prime; gutter_size=\u00a0\u00bb3&Prime; column_width_percent=\u00a0\u00bb100&Prime; shift_y=\u00a0\u00bb0&Prime; z_index=\u00a0\u00bb0&Prime; bottom_divider=\u00a0\u00bbtriangle\u00a0\u00bb content_parallax=\u00a0\u00bb0&Prime; uncode_shortcode_id=\u00a0\u00bb121860&Prime; row_height_pixel=\u00a0\u00bb540&Prime; back_color_type=\u00a0\u00bbuncode-palette\u00a0\u00bb][vc_column column_width_percent=\u00a0\u00bb100&Prime; gutter_size=\u00a0\u00bb3&Prime; style=\u00a0\u00bbdark\u00a0\u00bb [&hellip;]<\/p>\n","protected":false},"author":1,"featured_media":0,"parent":0,"menu_order":0,"comment_status":"closed","ping_status":"closed","template":"","meta":{"footnotes":""},"class_list":["post-680","page","type-page","status-publish","hentry"],"_links":{"self":[{"href":"https:\/\/comiccon.lu\/fr\/wp-json\/wp\/v2\/pages\/680","targetHints":{"allow":["GET"]}}],"collection":[{"href":"https:\/\/comiccon.lu\/fr\/wp-json\/wp\/v2\/pages"}],"about":[{"href":"https:\/\/comiccon.lu\/fr\/wp-json\/wp\/v2\/types\/page"}],"author":[{"embeddable":true,"href":"https:\/\/comiccon.lu\/fr\/wp-json\/wp\/v2\/users\/1"}],"replies":[{"embeddable":true,"href":"https:\/\/comiccon.lu\/fr\/wp-json\/wp\/v2\/comments?post=680"}],"version-history":[{"count":9,"href":"https:\/\/comiccon.lu\/fr\/wp-json\/wp\/v2\/pages\/680\/revisions"}],"predecessor-version":[{"id":1662,"href":"https:\/\/comiccon.lu\/fr\/wp-json\/wp\/v2\/pages\/680\/revisions\/1662"}],"wp:attachment":[{"href":"https:\/\/comiccon.lu\/fr\/wp-json\/wp\/v2\/media?parent=680"}],"curies":[{"name":"wp","href":"https:\/\/api.w.org\/{rel}","templated":true}]}}