{"id":685,"date":"2025-03-15T10:19:45","date_gmt":"2025-03-15T09:19:45","guid":{"rendered":"https:\/\/comiccon.lu\/activites\/"},"modified":"2025-06-18T16:30:15","modified_gmt":"2025-06-18T15:30:15","slug":"activites","status":"publish","type":"page","link":"https:\/\/comiccon.lu\/fr\/activites\/","title":{"rendered":"Activit\u00e9s"},"content":{"rendered":"<div class=\"wpb-content-wrapper\"><p>[vc_row row_height_percent=\u00a0\u00bb0&Prime; override_padding=\u00a0\u00bbyes\u00a0\u00bb h_padding=\u00a0\u00bb2&Prime; top_padding=\u00a0\u00bb2&Prime; bottom_padding=\u00a0\u00bb3&Prime; back_color=\u00a0\u00bbcolor-vyce\u00a0\u00bb overlay_alpha=\u00a0\u00bb50&Prime; gutter_size=\u00a0\u00bb3&Prime; column_width_percent=\u00a0\u00bb100&Prime; shift_y=\u00a0\u00bb0&Prime; z_index=\u00a0\u00bb0&Prime; content_parallax=\u00a0\u00bb0&Prime; uncode_shortcode_id=\u00a0\u00bb165811&Prime; back_color_type=\u00a0\u00bbuncode-palette\u00a0\u00bb][vc_column column_width_percent=\u00a0\u00bb100&Prime; gutter_size=\u00a0\u00bb4&Prime; style=\u00a0\u00bbdark\u00a0\u00bb overlay_alpha=\u00a0\u00bb50&Prime; shift_x=\u00a0\u00bb0&Prime; shift_y=\u00a0\u00bb0&Prime; shift_y_down=\u00a0\u00bb0&Prime; z_index=\u00a0\u00bb0&Prime; medium_width=\u00a0\u00bb0&Prime; mobile_width=\u00a0\u00bb0&Prime; width=\u00a0\u00bb1\/1&Prime; uncode_shortcode_id=\u00a0\u00bb197762&Prime;][vc_custom_heading heading_semantic=\u00a0\u00bbh1&Prime; text_size=\u00a0\u00bbh1&Prime; uncode_shortcode_id=\u00a0\u00bb964781&Prime;]Activit\u00e9s[\/vc_custom_heading][vc_wp_custommenu nav_menu=\u00a0\u00bb5&Prime; nav_menu_horizontal=\u00a0\u00bb1&Prime;][vc_row_inner row_inner_height_percent=\u00a0\u00bb0&Prime; overlay_alpha=\u00a0\u00bb50&Prime; gutter_size=\u00a0\u00bb3&Prime; shift_y=\u00a0\u00bb0&Prime; z_index=\u00a0\u00bb0&Prime; inverted_device_order=\u00a0\u00bbyes\u00a0\u00bb uncode_shortcode_id=\u00a0\u00bb139619&Prime; css=\u00a0\u00bb.vc_custom_1672334374509{padding-top: 0px !important;padding-bottom: 0px !important;}\u00a0\u00bb][vc_column_inner column_width_percent=\u00a0\u00bb100&Prime; position_vertical=\u00a0\u00bbmiddle\u00a0\u00bb gutter_size=\u00a0\u00bb2&Prime; expand_height=\u00a0\u00bbyes\u00a0\u00bb style=\u00a0\u00bbdark\u00a0\u00bb overlay_alpha=\u00a0\u00bb50&Prime; shift_x=\u00a0\u00bb0&Prime; shift_y=\u00a0\u00bb0&Prime; shift_y_down=\u00a0\u00bb0&Prime; z_index=\u00a0\u00bb0&Prime; medium_width=\u00a0\u00bb0&Prime; mobile_width=\u00a0\u00bb0&Prime; width=\u00a0\u00bb1\/3&Prime; uncode_shortcode_id=\u00a0\u00bb809326&Prime;][vc_custom_heading uncode_shortcode_id=\u00a0\u00bb719886&Prime;]Invit\u00e9s[\/vc_custom_heading][vc_column_text uncode_shortcode_id=\u00a0\u00bb212198&Prime;]\u00cates-vous un grand amateur de s\u00e9ries et de films ? Dans ce cas, vous \u00eates assur\u00e9ment \u00e0 la bonne place \u00e0 Comic Con Luxembourg ! \u00c0 chaque \u00e9dition, nous invitons diff\u00e9rents invit\u00e9s vedettes que vous pouvez rencontrer au Comic Con.<\/p>\n<p>Ils viennent pour discuter de leurs r\u00f4les et de leurs films, mais vous pouvez \u00e9galement prendre une photo avec eux ou les rencontrer pour des s\u00e9ances d&rsquo;autographes.<\/p>\n<p>Un face-\u00e0-face avec vos acteurs pr\u00e9f\u00e9r\u00e9s du grand \u00e9cran est une exp\u00e9rience inoubliable \u00e0 chaque fois.[\/vc_column_text][vc_button button_color=\u00a0\u00bbcolor-xsdn\u00a0\u00bb border_width=\u00a0\u00bb0&Prime; link=\u00a0\u00bburl:https%3A%2F%2Fcomiccon.lu%2Ffr%2Factivites%2Finvites-2%2F|title:gasten%20nl|\u00a0\u00bb uncode_shortcode_id=\u00a0\u00bb111205&Prime; button_color_type=\u00a0\u00bbuncode-palette\u00a0\u00bb]Plus d&rsquo;informations[\/vc_button][\/vc_column_inner][vc_column_inner column_width_percent=\u00a0\u00bb100&Prime; gutter_size=\u00a0\u00bb3&Prime; expand_height=\u00a0\u00bbyes\u00a0\u00bb overlay_alpha=\u00a0\u00bb50&Prime; shift_x=\u00a0\u00bb0&Prime; shift_y=\u00a0\u00bb0&Prime; shift_y_down=\u00a0\u00bb0&Prime; z_index=\u00a0\u00bb0&Prime; medium_width=\u00a0\u00bb0&Prime; mobile_width=\u00a0\u00bb0&Prime; width=\u00a0\u00bb2\/3&Prime; uncode_shortcode_id=\u00a0\u00bb450154&Prime;][vc_single_image media=\u00a0\u00bb304&Prime; media_width_percent=\u00a0\u00bb100&Prime; advanced=\u00a0\u00bbyes\u00a0\u00bb media_overlay_opacity=\u00a0\u00bb10&Prime; media_padding=\u00a0\u00bb2&Prime; uncode_shortcode_id=\u00a0\u00bb209169&Prime; media_link=\u00a0\u00bburl:https%3A%2F%2Fcomiccon.lu%2Fguests-activities%2F|title:Guests\u00a0\u00bb][\/vc_column_inner][\/vc_row_inner][vc_row_inner][vc_column_inner width=\u00a0\u00bb2\/3&Prime;][vc_single_image media=\u00a0\u00bb447&Prime; media_width_percent=\u00a0\u00bb100&Prime; advanced=\u00a0\u00bbyes\u00a0\u00bb media_overlay_opacity=\u00a0\u00bb10&Prime; media_padding=\u00a0\u00bb2&Prime; uncode_shortcode_id=\u00a0\u00bb103540&Prime; media_link=\u00a0\u00bburl:https%3A%2F%2Fcomiccon.lu%2Fcosplay%2F|title:Cosplay\u00a0\u00bb][\/vc_column_inner][vc_column_inner column_width_percent=\u00a0\u00bb100&Prime; position_vertical=\u00a0\u00bbmiddle\u00a0\u00bb gutter_size=\u00a0\u00bb2&Prime; expand_height=\u00a0\u00bbyes\u00a0\u00bb style=\u00a0\u00bbdark\u00a0\u00bb overlay_alpha=\u00a0\u00bb50&Prime; shift_x=\u00a0\u00bb0&Prime; shift_y=\u00a0\u00bb0&Prime; shift_y_down=\u00a0\u00bb0&Prime; z_index=\u00a0\u00bb0&Prime; medium_width=\u00a0\u00bb0&Prime; mobile_width=\u00a0\u00bb0&Prime; width=\u00a0\u00bb1\/3&Prime; uncode_shortcode_id=\u00a0\u00bb170283&Prime;][vc_custom_heading uncode_shortcode_id=\u00a0\u00bb117829&Prime;]Cosplay[\/vc_custom_heading][vc_column_text uncode_shortcode_id=\u00a0\u00bb194363&Prime;]\u00c0 Comic Con Luxembourg, nous consid\u00e9rons le Cosplay comme le c\u0153ur de la convention. Nous comprenons le d\u00e9vouement et l&rsquo;\u00e9nergie que requiert chaque Cosplay et \u00e0 quel point c&rsquo;est une v\u00e9ritable passion. C&rsquo;est pourquoi \u00e0 Comic Con Holland, nous offrons une r\u00e9duction de 4 euros sur votre billet \u00e0 tous ceux qui viennent en Cosplay.<\/p>\n<p>En plus des Cosplayers nationaux et internationaux et du d\u00e9fil\u00e9 de Cosplay, nous organisons \u00e9galement un v\u00e9ritable concours de Cosplay les deux jours.<\/p>\n<p>Venez \u00e0 Comic Con Luxembourg en Cosplay et soyez vous-m\u00eame.<\/p>\n<p>Tous les cosplays sont les bienvenus \u00e0 Comic Con Luxembourg !<\/p>\n<p><a href=\"#\">Lisez les r\u00e8gles du cosplay<\/a>[\/vc_column_text][vc_button button_color=\u00a0\u00bbcolor-xsdn\u00a0\u00bb border_width=\u00a0\u00bb0&Prime; link=\u00a0\u00bburl:https%3A%2F%2Fcomiccon.lu%2Ffr%2Factivites%2Fcosplay%2F|title:gasten%20nl|\u00a0\u00bb uncode_shortcode_id=\u00a0\u00bb166369&Prime; button_color_type=\u00a0\u00bbuncode-palette\u00a0\u00bb]Plus d&rsquo;informations[\/vc_button][\/vc_column_inner][\/vc_row_inner][vc_row_inner row_inner_height_percent=\u00a0\u00bb0&Prime; overlay_alpha=\u00a0\u00bb50&Prime; gutter_size=\u00a0\u00bb3&Prime; shift_y=\u00a0\u00bb0&Prime; z_index=\u00a0\u00bb0&Prime; inverted_device_order=\u00a0\u00bbyes\u00a0\u00bb uncode_shortcode_id=\u00a0\u00bb214907&Prime;][vc_column_inner column_width_percent=\u00a0\u00bb100&Prime; position_vertical=\u00a0\u00bbmiddle\u00a0\u00bb gutter_size=\u00a0\u00bb2&Prime; expand_height=\u00a0\u00bbyes\u00a0\u00bb style=\u00a0\u00bbdark\u00a0\u00bb overlay_alpha=\u00a0\u00bb50&Prime; shift_x=\u00a0\u00bb0&Prime; shift_y=\u00a0\u00bb0&Prime; shift_y_down=\u00a0\u00bb0&Prime; z_index=\u00a0\u00bb0&Prime; medium_width=\u00a0\u00bb0&Prime; mobile_width=\u00a0\u00bb0&Prime; width=\u00a0\u00bb1\/3&Prime; uncode_shortcode_id=\u00a0\u00bb104710&Prime;][vc_custom_heading uncode_shortcode_id=\u00a0\u00bb882819&Prime;]Exp\u00e9riences[\/vc_custom_heading][vc_column_text uncode_shortcode_id=\u00a0\u00bb181367&Prime;]Les exp\u00e9riences \u00e0 Comic Con sont diff\u00e9rentes \u00e0 chaque fois. Il peut s&rsquo;agir de jeux japonais auxquels vous pouvez jouer, ou d&rsquo;une s\u00e9ance photo amusante avec un accessoire grandeur nature, cela pourrait \u00eatre une table ronde avec une personnalit\u00e9 c\u00e9l\u00e8bre ou un spectacle de lutte.<\/p>\n<p>C&rsquo;est une exp\u00e9rience diff\u00e9rente \u00e0 chaque fois \u00e0 Comic Con, parfois vous pouvez participer \u00e0 des rencontres rapides, parfois jouer \u00e0 des jeux de soci\u00e9t\u00e9 ou \u00e0 Donjons &amp; Dragons.<\/p>\n<p>Ch\u00e2teaux gonflables, r\u00e9alit\u00e9 virtuelle, rod\u00e9o Quidditch, combats de sabres laser, une exposition Star Wars, une table ronde sur les jouets vintage, un quiz cin\u00e9matographique, du karaok\u00e9,..<\/p>\n<p>Il se passe toujours quelque chose \u00e0 notre Comic Con et c&rsquo;est aussi quelque chose de diff\u00e9rent \u00e0 chaque fois.<\/p>\n<p>Nous les rassemblons sous un d\u00e9nominateur commun : les Exp\u00e9riences Comic Con.<\/p>\n<p>Venez vous joindre \u00e0 l&rsquo;amusement et LIB\u00c9REZ VOTRE C\u00d4T\u00c9 GEEK ![\/vc_column_text][vc_button button_color=\u00a0\u00bbcolor-xsdn\u00a0\u00bb border_width=\u00a0\u00bb0&Prime; link=\u00a0\u00bburl:https%3A%2F%2Fcomiccon.lu%2Ffr%2Factivites%2Fexperiences%2F|title:gasten%20nl|\u00a0\u00bb uncode_shortcode_id=\u00a0\u00bb119440&Prime; button_color_type=\u00a0\u00bbuncode-palette\u00a0\u00bb]Plus d&rsquo;informations[\/vc_button][\/vc_column_inner][vc_column_inner width=\u00a0\u00bb2\/3&Prime;][vc_single_image media=\u00a0\u00bb306&Prime; media_width_percent=\u00a0\u00bb100&Prime; advanced=\u00a0\u00bbyes\u00a0\u00bb media_overlay_opacity=\u00a0\u00bb10&Prime; media_padding=\u00a0\u00bb2&Prime; uncode_shortcode_id=\u00a0\u00bb140554&Prime; media_link=\u00a0\u00bburl:https%3A%2F%2Fcomiccon.lu%2Fexperiences%2F|title:Experiences\u00a0\u00bb][\/vc_column_inner][\/vc_row_inner][vc_row_inner][vc_column_inner width=\u00a0\u00bb2\/3&Prime;][vc_single_image media=\u00a0\u00bb307&Prime; media_width_percent=\u00a0\u00bb100&Prime; advanced=\u00a0\u00bbyes\u00a0\u00bb media_overlay_opacity=\u00a0\u00bb10&Prime; media_padding=\u00a0\u00bb2&Prime; uncode_shortcode_id=\u00a0\u00bb123347&Prime; media_link=\u00a0\u00bburl:https%3A%2F%2Fcomiccon.lu%2Fgeek-market%2F|title:Geek%20Market\u00a0\u00bb][\/vc_column_inner][vc_column_inner column_width_percent=\u00a0\u00bb100&Prime; position_vertical=\u00a0\u00bbmiddle\u00a0\u00bb gutter_size=\u00a0\u00bb2&Prime; expand_height=\u00a0\u00bbyes\u00a0\u00bb style=\u00a0\u00bbdark\u00a0\u00bb overlay_alpha=\u00a0\u00bb50&Prime; shift_x=\u00a0\u00bb0&Prime; shift_y=\u00a0\u00bb0&Prime; shift_y_down=\u00a0\u00bb0&Prime; z_index=\u00a0\u00bb0&Prime; medium_width=\u00a0\u00bb0&Prime; mobile_width=\u00a0\u00bb0&Prime; width=\u00a0\u00bb1\/3&Prime; uncode_shortcode_id=\u00a0\u00bb663929&Prime;][vc_custom_heading uncode_shortcode_id=\u00a0\u00bb313699&Prime;]March\u00e9 geek[\/vc_custom_heading][vc_column_text uncode_shortcode_id=\u00a0\u00bb163612&Prime;]\u00c0 chaque \u00e9dition de Comic Con, nous s\u00e9lectionnons les meilleurs commer\u00e7ants et stands europ\u00e9ens pour faire partie de notre March\u00e9 Geek. Des jouets vintage des ann\u00e9es 70 et 80 aux toutes derni\u00e8res exclusivit\u00e9s Comic Con de cette ann\u00e9e.<\/p>\n<p>Vous pouvez tout trouver sur notre March\u00e9 Geek, un march\u00e9 aux mille couleurs et saveurs o\u00f9 chaque fan peut trouver quelque chose \u00e0 son go\u00fbt. Vous pouvez fl\u00e2ner pendant des heures \u00e0 la recherche de la bonne pi\u00e8ce de collection, du Funko Pop, du T-Shirt, de la bande dessin\u00e9e, et il y a toujours quelque chose de nouveau \u00e0 d\u00e9couvrir.<\/p>\n<p>Faites vos achats jusqu&rsquo;\u00e0 \u00e9puisement ![\/vc_column_text][vc_button button_color=\u00a0\u00bbcolor-xsdn\u00a0\u00bb border_width=\u00a0\u00bb0&Prime; link=\u00a0\u00bburl:https%3A%2F%2Fcomiccon.lu%2Ffr%2Factivites%2Fmarche-geek%2F|title:gasten%20nl|\u00a0\u00bb uncode_shortcode_id=\u00a0\u00bb192448&Prime; button_color_type=\u00a0\u00bbuncode-palette\u00a0\u00bb]Plus d&rsquo;informations[\/vc_button][\/vc_column_inner][\/vc_row_inner][vc_row_inner row_inner_height_percent=\u00a0\u00bb0&Prime; overlay_alpha=\u00a0\u00bb50&Prime; gutter_size=\u00a0\u00bb3&Prime; shift_y=\u00a0\u00bb0&Prime; z_index=\u00a0\u00bb0&Prime; inverted_device_order=\u00a0\u00bbyes\u00a0\u00bb uncode_shortcode_id=\u00a0\u00bb159003&Prime;][vc_column_inner column_width_percent=\u00a0\u00bb100&Prime; position_vertical=\u00a0\u00bbmiddle\u00a0\u00bb gutter_size=\u00a0\u00bb2&Prime; expand_height=\u00a0\u00bbyes\u00a0\u00bb style=\u00a0\u00bbdark\u00a0\u00bb overlay_alpha=\u00a0\u00bb50&Prime; shift_x=\u00a0\u00bb0&Prime; shift_y=\u00a0\u00bb0&Prime; shift_y_down=\u00a0\u00bb0&Prime; z_index=\u00a0\u00bb0&Prime; medium_width=\u00a0\u00bb0&Prime; mobile_width=\u00a0\u00bb0&Prime; width=\u00a0\u00bb1\/3&Prime; uncode_shortcode_id=\u00a0\u00bb161183&Prime;][vc_custom_heading uncode_shortcode_id=\u00a0\u00bb137699&Prime;]Artistes[\/vc_custom_heading][vc_column_text uncode_shortcode_id=\u00a0\u00bb178281&Prime;]Le nom est \u00e9loquent : Comic Con, il y a donc certainement aussi un accent mis sur tous les artistes qui cr\u00e9ent ces magnifiques bandes dessin\u00e9es.<\/p>\n<p>Parfois, de grands artistes renomm\u00e9s de Marvel ou DC effectuent des tourn\u00e9es en Europe et nous rendent visite, mais nous soutiendrons toujours les talents locaux europ\u00e9ens dans notre All\u00e9e des Artistes.<\/p>\n<p>Dans cette all\u00e9e extr\u00eamement cr\u00e9ative, vous ne trouverez pas seulement des artistes de bandes dessin\u00e9es, mais toute forme de cr\u00e9ativit\u00e9 et de fantaisie y est la bienvenue.<\/p>\n<p>C&rsquo;est l&rsquo;un des endroits les plus inspirants de la convention, peupl\u00e9 des personnes les plus douces et talentueuses que l&rsquo;on puisse imaginer.<\/p>\n<p>Assurez-vous de leur rendre visite et un arc-en-ciel d&rsquo;images et de couleurs se d\u00e9ploiera devant vos yeux.[\/vc_column_text][vc_button button_color=\u00a0\u00bbcolor-xsdn\u00a0\u00bb border_width=\u00a0\u00bb0&Prime; link=\u00a0\u00bburl:https%3A%2F%2Fcomiccon.lu%2Ffr%2Factivites%2Fartistes%2F|title:gasten%20nl|\u00a0\u00bb uncode_shortcode_id=\u00a0\u00bb572069&Prime; button_color_type=\u00a0\u00bbuncode-palette\u00a0\u00bb]Plus d&rsquo;informations[\/vc_button][\/vc_column_inner][vc_column_inner width=\u00a0\u00bb2\/3&Prime;][vc_single_image media=\u00a0\u00bb308&Prime; media_width_percent=\u00a0\u00bb100&Prime; advanced=\u00a0\u00bbyes\u00a0\u00bb media_overlay_opacity=\u00a0\u00bb10&Prime; media_padding=\u00a0\u00bb2&Prime; uncode_shortcode_id=\u00a0\u00bb845935&Prime; media_link=\u00a0\u00bburl:https%3A%2F%2Fcomiccon.lu%2Fartists%2F|title:Artists\u00a0\u00bb][\/vc_column_inner][\/vc_row_inner][vc_row_inner][vc_column_inner width=\u00a0\u00bb2\/3&Prime;][vc_single_image media=\u00a0\u00bb309&Prime; media_width_percent=\u00a0\u00bb100&Prime; advanced=\u00a0\u00bbyes\u00a0\u00bb media_overlay_opacity=\u00a0\u00bb10&Prime; media_padding=\u00a0\u00bb2&Prime; uncode_shortcode_id=\u00a0\u00bb182465&Prime; media_link=\u00a0\u00bburl:https%3A%2F%2Fcomiccon.lu%2Funiversity%2F|title:University\u00a0\u00bb][\/vc_column_inner][vc_column_inner column_width_percent=\u00a0\u00bb100&Prime; position_vertical=\u00a0\u00bbmiddle\u00a0\u00bb gutter_size=\u00a0\u00bb2&Prime; expand_height=\u00a0\u00bbyes\u00a0\u00bb style=\u00a0\u00bbdark\u00a0\u00bb overlay_alpha=\u00a0\u00bb50&Prime; shift_x=\u00a0\u00bb0&Prime; shift_y=\u00a0\u00bb0&Prime; shift_y_down=\u00a0\u00bb0&Prime; z_index=\u00a0\u00bb0&Prime; medium_width=\u00a0\u00bb0&Prime; mobile_width=\u00a0\u00bb0&Prime; width=\u00a0\u00bb1\/3&Prime; uncode_shortcode_id=\u00a0\u00bb116482&Prime;][vc_custom_heading uncode_shortcode_id=\u00a0\u00bb189857&Prime;]Universit\u00e9[\/vc_custom_heading][vc_column_text uncode_shortcode_id=\u00a0\u00bb117863&Prime;]L&rsquo;\u00e9tablissement d&rsquo;enseignement sup\u00e9rieur que tous souhaiteraient fr\u00e9quenter existe enfin !<\/p>\n<p>Obtenez votre dipl\u00f4me \u00e0 l&rsquo;Universit\u00e9 Comic Con !<\/p>\n<p>Une sc\u00e8ne sp\u00e9ciale \u00e0 Comic Con o\u00f9 nous approfondirons la culture geek !<\/p>\n<p>Conf\u00e9rences, classes de ma\u00eetre, ateliers et discussions approfondies sur les secrets de certains de vos films et s\u00e9ries pr\u00e9f\u00e9r\u00e9s.[\/vc_column_text][vc_button button_color=\u00a0\u00bbcolor-xsdn\u00a0\u00bb border_width=\u00a0\u00bb0&Prime; link=\u00a0\u00bburl:https%3A%2F%2Fcomiccon.lu%2Ffr%2Factivites%2Funiversite%2F|title:gasten%20nl|\u00a0\u00bb uncode_shortcode_id=\u00a0\u00bb167010&Prime; button_color_type=\u00a0\u00bbuncode-palette\u00a0\u00bb]Plus d&rsquo;informations[\/vc_button][\/vc_column_inner][\/vc_row_inner][vc_row_inner row_inner_height_percent=\u00a0\u00bb0&Prime; overlay_alpha=\u00a0\u00bb50&Prime; gutter_size=\u00a0\u00bb3&Prime; shift_y=\u00a0\u00bb0&Prime; z_index=\u00a0\u00bb0&Prime; inverted_device_order=\u00a0\u00bbyes\u00a0\u00bb uncode_shortcode_id=\u00a0\u00bb205758&Prime;][vc_column_inner column_width_percent=\u00a0\u00bb100&Prime; position_vertical=\u00a0\u00bbmiddle\u00a0\u00bb gutter_size=\u00a0\u00bb2&Prime; expand_height=\u00a0\u00bbyes\u00a0\u00bb style=\u00a0\u00bbdark\u00a0\u00bb overlay_alpha=\u00a0\u00bb50&Prime; shift_x=\u00a0\u00bb0&Prime; shift_y=\u00a0\u00bb0&Prime; shift_y_down=\u00a0\u00bb0&Prime; z_index=\u00a0\u00bb0&Prime; medium_width=\u00a0\u00bb0&Prime; mobile_width=\u00a0\u00bb0&Prime; width=\u00a0\u00bb1\/3&Prime; uncode_shortcode_id=\u00a0\u00bb143438&Prime;][vc_custom_heading uncode_shortcode_id=\u00a0\u00bb123690&Prime;]Jeux vid\u00e9o[\/vc_custom_heading][vc_column_text uncode_shortcode_id=\u00a0\u00bb787300&Prime;]\u00c0 Comic Con, le gaming est consid\u00e9r\u00e9 comme un sport \u00e0 part enti\u00e8re et une activit\u00e9 sociale. Le gaming est omnipr\u00e9sent \u00e0 Comic Con et est aujourd&rsquo;hui incontournable. Des premiers jeux r\u00e9tro aux jeux en d\u00e9veloppement, en passant par les jeux japonais et bien s\u00fbr l&rsquo;Esport.<\/p>\n<p>Tous ces aspects du jeu vid\u00e9o font partie int\u00e9grante de la culture populaire qui entoure le Comic Con.<\/p>\n<p>Quoi de neuf ? 1 UP ![\/vc_column_text][vc_button button_color=\u00a0\u00bbcolor-xsdn\u00a0\u00bb border_width=\u00a0\u00bb0&Prime; link=\u00a0\u00bburl:https%3A%2F%2Fcomiccon.lu%2Ffr%2Factivites%2Fjeux-video%2F|title:gasten%20nl|\u00a0\u00bb uncode_shortcode_id=\u00a0\u00bb137920&Prime; button_color_type=\u00a0\u00bbuncode-palette\u00a0\u00bb]Plus d&rsquo;informations[\/vc_button][\/vc_column_inner][vc_column_inner width=\u00a0\u00bb2\/3&Prime;][vc_single_image media=\u00a0\u00bb310&Prime; media_width_percent=\u00a0\u00bb100&Prime; advanced=\u00a0\u00bbyes\u00a0\u00bb media_overlay_opacity=\u00a0\u00bb10&Prime; media_padding=\u00a0\u00bb2&Prime; uncode_shortcode_id=\u00a0\u00bb153116&Prime; media_link=\u00a0\u00bburl:https%3A%2F%2Fcomiccon.lu%2Fgaming%2F|title:Gaming\u00a0\u00bb][\/vc_column_inner][\/vc_row_inner][vc_row_inner row_inner_height_percent=\u00a0\u00bb0&Prime; overlay_alpha=\u00a0\u00bb50&Prime; gutter_size=\u00a0\u00bb3&Prime; shift_y=\u00a0\u00bb0&Prime; z_index=\u00a0\u00bb0&Prime; inverted_device_order=\u00a0\u00bbyes\u00a0\u00bb uncode_shortcode_id=\u00a0\u00bb205758&Prime;][vc_column_inner width=\u00a0\u00bb2\/3&Prime;][vc_single_image media=\u00a0\u00bb311&Prime; media_width_percent=\u00a0\u00bb100&Prime; advanced=\u00a0\u00bbyes\u00a0\u00bb media_overlay_opacity=\u00a0\u00bb10&Prime; media_padding=\u00a0\u00bb2&Prime; uncode_shortcode_id=\u00a0\u00bb147604&Prime; media_link=\u00a0\u00bburl:https%3A%2F%2Fcomiccon.lu%2Ffood-drinks%2F|title:Gaming\u00a0\u00bb][\/vc_column_inner][vc_column_inner column_width_percent=\u00a0\u00bb100&Prime; position_vertical=\u00a0\u00bbmiddle\u00a0\u00bb gutter_size=\u00a0\u00bb2&Prime; expand_height=\u00a0\u00bbyes\u00a0\u00bb style=\u00a0\u00bbdark\u00a0\u00bb overlay_alpha=\u00a0\u00bb50&Prime; shift_x=\u00a0\u00bb0&Prime; shift_y=\u00a0\u00bb0&Prime; shift_y_down=\u00a0\u00bb0&Prime; z_index=\u00a0\u00bb0&Prime; medium_width=\u00a0\u00bb0&Prime; mobile_width=\u00a0\u00bb0&Prime; width=\u00a0\u00bb1\/3&Prime; uncode_shortcode_id=\u00a0\u00bb143438&Prime;][vc_custom_heading uncode_shortcode_id=\u00a0\u00bb830256&Prime;]Nourriture &amp; boissons[\/vc_custom_heading][vc_column_text uncode_shortcode_id=\u00a0\u00bb101354&Prime;]Des collations savoureuses et des boissons sont toujours disponibles \u00e0 chaque convention, et Comic Con Luxembourg ne fera pas exception.<\/p>\n<p>Veuillez surveiller nos r\u00e9seaux sociaux pour obtenir des d\u00e9tails sur les camions-restaurants et les stands pr\u00e9sents.[\/vc_column_text][vc_button button_color=\u00a0\u00bbcolor-xsdn\u00a0\u00bb border_width=\u00a0\u00bb0&Prime; link=\u00a0\u00bburl:https%3A%2F%2Fcomiccon.lu%2Ffr%2Factivites%2Fnourriture-boissons%2F|title:gasten%20nl|\u00a0\u00bb uncode_shortcode_id=\u00a0\u00bb873179&Prime; button_color_type=\u00a0\u00bbuncode-palette\u00a0\u00bb]Plus d&rsquo;informations[\/vc_button][\/vc_column_inner][\/vc_row_inner][\/vc_column][\/vc_row][vc_row][vc_column width=\u00a0\u00bb1\/1&Prime;][uncode_block id=\u00a0\u00bb608&Prime;][\/vc_column][\/vc_row]<\/p>\n<\/div>","protected":false},"excerpt":{"rendered":"<p>[vc_row row_height_percent=\u00a0\u00bb0&Prime; override_padding=\u00a0\u00bbyes\u00a0\u00bb h_padding=\u00a0\u00bb2&Prime; top_padding=\u00a0\u00bb2&Prime; bottom_padding=\u00a0\u00bb3&Prime; back_color=\u00a0\u00bbcolor-vyce\u00a0\u00bb overlay_alpha=\u00a0\u00bb50&Prime; gutter_size=\u00a0\u00bb3&Prime; column_width_percent=\u00a0\u00bb100&Prime; shift_y=\u00a0\u00bb0&Prime; z_index=\u00a0\u00bb0&Prime; content_parallax=\u00a0\u00bb0&Prime; uncode_shortcode_id=\u00a0\u00bb165811&Prime; back_color_type=\u00a0\u00bbuncode-palette\u00a0\u00bb][vc_column column_width_percent=\u00a0\u00bb100&Prime; gutter_size=\u00a0\u00bb4&Prime; style=\u00a0\u00bbdark\u00a0\u00bb overlay_alpha=\u00a0\u00bb50&Prime; shift_x=\u00a0\u00bb0&Prime; [&hellip;]<\/p>\n","protected":false},"author":1,"featured_media":0,"parent":0,"menu_order":0,"comment_status":"closed","ping_status":"closed","template":"","meta":{"footnotes":""},"class_list":["post-685","page","type-page","status-publish","hentry"],"_links":{"self":[{"href":"https:\/\/comiccon.lu\/fr\/wp-json\/wp\/v2\/pages\/685","targetHints":{"allow":["GET"]}}],"collection":[{"href":"https:\/\/comiccon.lu\/fr\/wp-json\/wp\/v2\/pages"}],"about":[{"href":"https:\/\/comiccon.lu\/fr\/wp-json\/wp\/v2\/types\/page"}],"author":[{"embeddable":true,"href":"https:\/\/comiccon.lu\/fr\/wp-json\/wp\/v2\/users\/1"}],"replies":[{"embeddable":true,"href":"https:\/\/comiccon.lu\/fr\/wp-json\/wp\/v2\/comments?post=685"}],"version-history":[{"count":7,"href":"https:\/\/comiccon.lu\/fr\/wp-json\/wp\/v2\/pages\/685\/revisions"}],"predecessor-version":[{"id":857,"href":"https:\/\/comiccon.lu\/fr\/wp-json\/wp\/v2\/pages\/685\/revisions\/857"}],"wp:attachment":[{"href":"https:\/\/comiccon.lu\/fr\/wp-json\/wp\/v2\/media?parent=685"}],"curies":[{"name":"wp","href":"https:\/\/api.w.org\/{rel}","templated":true}]}}