{"id":693,"date":"2025-03-15T10:18:25","date_gmt":"2025-03-15T09:18:25","guid":{"rendered":"https:\/\/comiccon.lu\/hotel\/"},"modified":"2025-06-18T15:51:36","modified_gmt":"2025-06-18T14:51:36","slug":"hotel","status":"publish","type":"page","link":"https:\/\/comiccon.lu\/fr\/hotel\/","title":{"rendered":"H\u00f4tel"},"content":{"rendered":"<div class=\"wpb-content-wrapper\"><p>[vc_row row_height_percent=\u00a0\u00bb0&Prime; override_padding=\u00a0\u00bbyes\u00a0\u00bb h_padding=\u00a0\u00bb2&Prime; top_padding=\u00a0\u00bb2&Prime; bottom_padding=\u00a0\u00bb7&Prime; back_color=\u00a0\u00bbcolor-vyce\u00a0\u00bb overlay_alpha=\u00a0\u00bb50&Prime; gutter_size=\u00a0\u00bb3&Prime; column_width_percent=\u00a0\u00bb100&Prime; shift_y=\u00a0\u00bb0&Prime; z_index=\u00a0\u00bb0&Prime; content_parallax=\u00a0\u00bb0&Prime; uncode_shortcode_id=\u00a0\u00bb190691&Prime; back_color_type=\u00a0\u00bbuncode-palette\u00a0\u00bb][vc_column column_width_percent=\u00a0\u00bb100&Prime; gutter_size=\u00a0\u00bb3&Prime; style=\u00a0\u00bbdark\u00a0\u00bb overlay_alpha=\u00a0\u00bb50&Prime; shift_x=\u00a0\u00bb0&Prime; shift_y=\u00a0\u00bb0&Prime; shift_y_down=\u00a0\u00bb0&Prime; z_index=\u00a0\u00bb0&Prime; medium_width=\u00a0\u00bb0&Prime; mobile_width=\u00a0\u00bb0&Prime; width=\u00a0\u00bb1\/1&Prime; uncode_shortcode_id=\u00a0\u00bb158114&Prime;][vc_custom_heading heading_semantic=\u00a0\u00bbh1&Prime; text_size=\u00a0\u00bbh1&Prime; uncode_shortcode_id=\u00a0\u00bb149284&Prime;]H\u00f4tel[\/vc_custom_heading][vc_column_text uncode_shortcode_id=\u00a0\u00bb971760&Prime; el_class=\u00a0\u00bbintroText\u00a0\u00bb]Vous pouvez trouver un h\u00f4tel \u00e0 proximit\u00e9 via les boutons de r\u00e9servation suivants :[\/vc_column_text][vc_empty_space empty_h=\u00a0\u00bb1&Prime;][vc_button button_color=\u00a0\u00bbcolor-141378&Prime; border_width=\u00a0\u00bb0&Prime; display=\u00a0\u00bbinline\u00a0\u00bb link=\u00a0\u00bburl:https%3A%2F%2Fwww.booking.com%2Fsearchresults.nl.html%3Fss%3DLuxexpo%252C%2BSenningerberg%252C%2BLuxembourg%26map%3D1%26ssne%3DParijs%26ssne_untouched%3DParijs%26efdco%3D1%26label%3Dgen173rf-1FCAMoTTjjAkgcWANoFYgBAZgBHLgBGMgBDNgBAegBAfgBAogCAaICC2NvbWljY29uLmx1qAIEuAL0wP&#8211;BsACAdICJDBjNTBlODk2LWM0ZWMtNDdkZi1iZjNiLTVkZDYxODJhMTMyYtgCBeACAQ%26aid%3D304142%26lang%3Dnl%26sb%3D1%26src_elem%3Dsb%26src%3Dcity%26dest_id%3D12849%26dest_type%3Dlandmark%26ac_position%3D0%26ac_click_type%3Db%26ac_langcode%3Den%26ac_suggestion_list_length%3D2%26search_selected%3Dtrue%26search_pageview_id%3Dfa2b48ba60e50482%26ac_meta%3DGhBmYTJiNDhiYTYwZTUwNDgyIAAoATICZW46FEx1eGV4cG8gLSBMdXhlbWJvdXJnQABKAFAA%26group_adults%3D2%26no_rooms%3D1%26group_children%3D0%26sb_travel_purpose%3Dleisure%26sb_lp%3D1%23map_opened|target:_blank|\u00a0\u00bb button_color_type=\u00a0\u00bbuncode-palette\u00a0\u00bb uncode_shortcode_id=\u00a0\u00bb107189&Prime;]Booking.com[\/vc_button][vc_button button_color=\u00a0\u00bbcolor-141378&Prime; border_width=\u00a0\u00bb0&Prime; display=\u00a0\u00bbinline\u00a0\u00bb link=\u00a0\u00bburl:https%3A%2F%2Fwww.trivago.be%2Fen-US%2Fsrl%3Fsearch%3D500-2849836%253Bdr-20250330-20250331-s|target:_blank|\u00a0\u00bb button_color_type=\u00a0\u00bbuncode-palette\u00a0\u00bb uncode_shortcode_id=\u00a0\u00bb164839&Prime;]trivago.com[\/vc_button][vc_button button_color=\u00a0\u00bbcolor-141378&Prime; border_width=\u00a0\u00bb0&Prime; display=\u00a0\u00bbinline\u00a0\u00bb link=\u00a0\u00bburl:https%3A%2F%2Fwww.expedia.be%2FHotel-Search%3Fdestination%3DLuxexpo%252C%2520Luxemburg%252C%2520Canton%2520Luxembourg%252C%2520Luxemburg%26regionId%3D6132062%26latLong%3D49.636112%2C6.173007%26flexibility%3D0_DAY%26d1%3D2025-03-25%26startDate%3D2025-03-25%26d2%3D2025-03-27%26endDate%3D2025-03-27%26adults%3D2%26rooms%3D1|target:_blank|\u00a0\u00bb button_color_type=\u00a0\u00bbuncode-palette\u00a0\u00bb uncode_shortcode_id=\u00a0\u00bb175496&Prime;]expedia.be[\/vc_button][vc_custom_heading heading_semantic=\u00a0\u00bbh4&Prime; text_size=\u00a0\u00bbh4&Prime; uncode_shortcode_id=\u00a0\u00bb203950&Prime;]Plus d&rsquo;informations[\/vc_custom_heading][uncode_index el_id=\u00a0\u00bbindex-732782&Prime; index_type=\u00a0\u00bbcss_grid\u00a0\u00bb loop=\u00a0\u00bbsize:8|order_by:date|post_type:page|by_id:30,28,26,24,22,20,18,444|taxonomy_count:10&Prime; screen_lg_items=\u00a0\u00bb3&Prime; screen_lg_breakpoint=\u00a0\u00bb1000&Prime; screen_md_items=\u00a0\u00bb2&Prime; screen_md_breakpoint=\u00a0\u00bb780&Prime; screen_sm_items=\u00a0\u00bb1&Prime; screen_sm_breakpoint=\u00a0\u00bb570&Prime; gutter_size=\u00a0\u00bb3&Prime; post_items=\u00a0\u00bbmedia|featured|onpost|original,title\u00a0\u00bb single_text=\u00a0\u00bblateral\u00a0\u00bb single_image_size=\u00a0\u00bb3&Prime; single_overlay_opacity=\u00a0\u00bb1&Prime; single_padding=\u00a0\u00bb2&Prime; custom_order=\u00a0\u00bbyes\u00a0\u00bb no_double_tap=\u00a0\u00bbyes\u00a0\u00bb uncode_shortcode_id=\u00a0\u00bb205698&Prime; el_class=\u00a0\u00bbpostblock postblockinfo postblockinfohome\u00a0\u00bb order_ids=\u00a0\u00bb104,114,106,30,112,110,108,116&Prime;][\/vc_column][\/vc_row][vc_row][vc_column width=\u00a0\u00bb1\/1&Prime;][uncode_block id=\u00a0\u00bb608&Prime;][\/vc_column][\/vc_row]<\/p>\n<\/div>","protected":false},"excerpt":{"rendered":"<p>[vc_row row_height_percent=\u00a0\u00bb0&Prime; override_padding=\u00a0\u00bbyes\u00a0\u00bb h_padding=\u00a0\u00bb2&Prime; top_padding=\u00a0\u00bb2&Prime; bottom_padding=\u00a0\u00bb7&Prime; back_color=\u00a0\u00bbcolor-vyce\u00a0\u00bb overlay_alpha=\u00a0\u00bb50&Prime; gutter_size=\u00a0\u00bb3&Prime; column_width_percent=\u00a0\u00bb100&Prime; shift_y=\u00a0\u00bb0&Prime; z_index=\u00a0\u00bb0&Prime; content_parallax=\u00a0\u00bb0&Prime; uncode_shortcode_id=\u00a0\u00bb190691&Prime; back_color_type=\u00a0\u00bbuncode-palette\u00a0\u00bb][vc_column column_width_percent=\u00a0\u00bb100&Prime; gutter_size=\u00a0\u00bb3&Prime; style=\u00a0\u00bbdark\u00a0\u00bb overlay_alpha=\u00a0\u00bb50&Prime; shift_x=\u00a0\u00bb0&Prime; [&hellip;]<\/p>\n","protected":false},"author":1,"featured_media":520,"parent":0,"menu_order":0,"comment_status":"closed","ping_status":"closed","template":"","meta":{"footnotes":""},"class_list":["post-693","page","type-page","status-publish","has-post-thumbnail","hentry"],"_links":{"self":[{"href":"https:\/\/comiccon.lu\/fr\/wp-json\/wp\/v2\/pages\/693","targetHints":{"allow":["GET"]}}],"collection":[{"href":"https:\/\/comiccon.lu\/fr\/wp-json\/wp\/v2\/pages"}],"about":[{"href":"https:\/\/comiccon.lu\/fr\/wp-json\/wp\/v2\/types\/page"}],"author":[{"embeddable":true,"href":"https:\/\/comiccon.lu\/fr\/wp-json\/wp\/v2\/users\/1"}],"replies":[{"embeddable":true,"href":"https:\/\/comiccon.lu\/fr\/wp-json\/wp\/v2\/comments?post=693"}],"version-history":[{"count":4,"href":"https:\/\/comiccon.lu\/fr\/wp-json\/wp\/v2\/pages\/693\/revisions"}],"predecessor-version":[{"id":766,"href":"https:\/\/comiccon.lu\/fr\/wp-json\/wp\/v2\/pages\/693\/revisions\/766"}],"wp:featuredmedia":[{"embeddable":true,"href":"https:\/\/comiccon.lu\/fr\/wp-json\/wp\/v2\/media\/520"}],"wp:attachment":[{"href":"https:\/\/comiccon.lu\/fr\/wp-json\/wp\/v2\/media?parent=693"}],"curies":[{"name":"wp","href":"https:\/\/api.w.org\/{rel}","templated":true}]}}