{"id":702,"date":"2025-03-23T12:33:02","date_gmt":"2025-03-23T11:33:02","guid":{"rendered":"https:\/\/comiccon.lu\/conditions-generales\/"},"modified":"2025-06-18T16:06:30","modified_gmt":"2025-06-18T15:06:30","slug":"conditions-generales","status":"publish","type":"page","link":"https:\/\/comiccon.lu\/fr\/conditions-generales\/","title":{"rendered":"Conditions g\u00e9n\u00e9rales"},"content":{"rendered":"<div class=\"wpb-content-wrapper\"><p>[vc_row][vc_column width=\u00a0\u00bb2\/3&Prime;][vc_custom_heading heading_semantic=\u00a0\u00bbh1&Prime; text_size=\u00a0\u00bbh1&Prime; uncode_shortcode_id=\u00a0\u00bb104832&Prime;]R\u00e8gles, termes et conditions du groupe Comic Con[\/vc_custom_heading][vc_column_text uncode_shortcode_id=\u00a0\u00bb140853&Prime;]Un billet est une licence r\u00e9vocable limit\u00e9e pour assister \u00e0 un \u00e9v\u00e9nement du groupe Comic Con, qui peut \u00eatre r\u00e9voqu\u00e9e ou r\u00e9vis\u00e9e \u00e0 tout moment \u00e0 la seule discr\u00e9tion du groupe Comic Con<u><\/u><\/p>\n<p><u><\/u>En achetant ce billet et en contrepartie de l&rsquo;admission \u00e0 l&rsquo;\u00e9v\u00e9nement, le d\u00e9tenteur consent \u00e0 \u00eatre enregistr\u00e9 (par des moyens audio, visuels et\/ou autres) pour l&rsquo;exposition et l&rsquo;exploitation par tous les moyens dans tous les m\u00e9dias connus ou d\u00e9velopp\u00e9s ult\u00e9rieurement dans le monde entier \u00e0 perp\u00e9tuit\u00e9.<u><\/u><u><\/u><\/p>\n<p><u><\/u> <u><\/u>Le d\u00e9tenteur, par la pr\u00e9sente : (1.) d\u00e9charge le groupe Comic Con de toute responsabilit\u00e9 pour perte ou dommage aux personnes ou aux biens, violation de tout droit ou toute r\u00e9clamation ou cause d&rsquo;action de quelque nature que ce soit.<u><\/u><u><\/u><\/p>\n<p>(2.) autorise et permet au groupe Comic Con et \u00e0 ses concepteurs, qui peuvent inclure, mais sans s&rsquo;y limiter, tous les sponsors, exposants et entrepreneurs, d&rsquo;utiliser et d&rsquo;autoriser l&rsquo;utilisation de son nom, sa voix, son image et toutes les reproductions qui en d\u00e9coulent par tous les moyens et dans tous les m\u00e9dias connus et \u00e0 venir pour toutes fins dans le monde entier \u00e0 perp\u00e9tuit\u00e9 et (3.) s&rsquo;engage \u00e0 se conformer \u00e0 toutes les r\u00e8gles et r\u00e9glementations de l&rsquo;\u00e9v\u00e9nement.<u><\/u><u><\/u><\/p>\n<p>Le d\u00e9tenteur s&rsquo;engage \u00e0 ne pas effectuer d&rsquo;enregistrements de quelque nature que ce soit des activit\u00e9s d\u00e9sign\u00e9es sans l&rsquo;autorisation \u00e9crite expresse du groupe Comic Con.<u><\/u><u><\/u><\/p>\n<p><u><\/u> <u><\/u>Nous nous r\u00e9servons le droit de refuser l&rsquo;entr\u00e9e ou de retirer des installations de l&rsquo;\u00e9v\u00e9nement toute personne qui, \u00e0 notre seule et absolue discr\u00e9tion, se comporte ou menace de se comporter d&rsquo;une mani\u00e8re que nous consid\u00e9rons raisonnablement comme perturbatrice pour l&rsquo;\u00e9v\u00e9nement.<u><\/u><u><\/u><\/p>\n<p>Comic Con Luxembourg est un \u00e9v\u00e9nement priv\u00e9, et le port de toute arme n&rsquo;est pas autoris\u00e9. <u><\/u><u><\/u><\/p>\n<p>(Lisez davantage dans notre politique sur les armes)<u><\/u><u><\/u><\/p>\n<p><u><\/u> <u><\/u>Le groupe Comic Con peut appliquer des frais et des limitations suppl\u00e9mentaires pour certaines activit\u00e9s.<u><\/u><u><\/u><\/p>\n<p>&nbsp;<\/p>\n<h2>Conditions g\u00e9n\u00e9rales<\/h2>\n<p>Les termes et conditions suivants s&rsquo;appliquent \u00e0 toutes les activit\u00e9s et \u00e9v\u00e9nements de Comic Con, y compris VIP, Geek Deluxe, Early birds, Cosplay et les billets d&rsquo;admission g\u00e9n\u00e9rale. Comic Con Luxembourg est produit par le groupe Comic Con (ci-apr\u00e8s collectivement avec l&rsquo;\u00e9v\u00e9nement \u00ab Comic Con Holland \u00bb). <u><\/u><u><\/u><\/p>\n<p>En achetant des billets ou en assistant \u00e0 des activit\u00e9s ou \u00e9v\u00e9nements de Comic Con Luxembourg, vous acceptez explicitement de vous conformer et d&rsquo;\u00eatre li\u00e9 par ces termes et conditions, ainsi que par tous les termes, politiques, directives, lois et r\u00e9glementations incorpor\u00e9s par r\u00e9f\u00e9rence dans les pr\u00e9sentes. <u><\/u><u><\/u><\/p>\n<p><u><\/u> <u><\/u>Toutes les ventes sont finales. Tous les \u00e9v\u00e9nements ont lieu beau temps, mauvais temps, sauf indication contraire. Toute la programmation, les apparitions d&rsquo;artistes, les horaires et les lieux sont sujets \u00e0 modification sans pr\u00e9avis. Aucun remboursement n&rsquo;est effectu\u00e9 en raison du retrait d&rsquo;un membre de la distribution ou d&rsquo;une activit\u00e9 de la programmation. <u><\/u><u><\/u><\/p>\n<p>Aucun \u00e9v\u00e9nement individuel n&rsquo;est garanti. La capacit\u00e9 de chaque \u00e9v\u00e9nement, attraction, projection ou panel individuel est limit\u00e9e par la taille du lieu, et aucun remboursement n&rsquo;est effectu\u00e9 en raison de l&rsquo;indisponibilit\u00e9 due \u00e0 la capacit\u00e9 d&rsquo;une attraction sp\u00e9cifique. <u><\/u><u><\/u><\/p>\n<p><u><\/u>Dans l&rsquo;\u00e9ventualit\u00e9 o\u00f9 des remboursements seraient propos\u00e9s, la d\u00e9cision quant \u00e0 votre droit \u00e0 un remboursement est d\u00e9termin\u00e9e par le groupe Comic Con et doit \u00eatre consid\u00e9r\u00e9e comme finale. Si des remboursements sont offerts, vous devez adh\u00e9rer aux instructions et aux d\u00e9lais de Comic Con Luxembourg. <u><\/u><u><\/u><\/p>\n<p>Comic Con Luxembourg<\/p>\n<p>Termes et conditions :<u><\/u><u><\/u><\/p>\n<h2>Politique de remboursement<\/h2>\n<p>Comic Con Luxembourg, sa soci\u00e9t\u00e9 de production, ses filiales et affili\u00e9s peuvent, \u00e0 leur seule discr\u00e9tion et \u00e0 tout moment, annuler ou refuser \u00e0 tout individu ou entreprise ce qui suit : accr\u00e9ditations, demandes, achats et billets. Comic Con Holland ne sera pas responsable de toute p\u00e9nalit\u00e9, frais, perte ou d\u00e9pense qui pourrait r\u00e9sulter d&rsquo;une telle action. <u><\/u><u><\/u><\/p>\n<p>Aucun remboursement. Les paiements ne sont remboursables pour aucune raison, y compris, mais sans s&rsquo;y limiter, l&rsquo;incapacit\u00e9 d&rsquo;utiliser les accr\u00e9ditations de Comic Con Luxembourg en raison de maladie, de cas de force majeure, de probl\u00e8mes li\u00e9s aux voyages, d&rsquo;actes de terrorisme, de perte d&#8217;emploi ou d&rsquo;achat en double. Comic Con Brussels n&rsquo;effectuera pas de remboursements pour les badges et\/ou bracelets qui ont \u00e9t\u00e9 r\u00e9voqu\u00e9s. <u><\/u><u><\/u><\/p>\n<p>Les badges, bracelets ou billets perdus ou vol\u00e9s ne seront pas remplac\u00e9s. Les accr\u00e9ditations de Comic Con Luxembourg devront \u00eatre achet\u00e9es pour continuer \u00e0 acc\u00e9der \u00e0 tous les \u00e9v\u00e9nements du festival. <u><\/u><u><\/u><\/p>\n<p>Comic Con Luxembourg n&rsquo;effectuera pas de remboursements pour les accr\u00e9ditations qui ont \u00e9t\u00e9 r\u00e9voqu\u00e9es. Comic Con Luxembourg se r\u00e9serve le droit de r\u00e9voquer les accr\u00e9ditations pour quelque raison que ce soit (par exemple, si une personne autre que l&rsquo;individu autoris\u00e9 tente d&rsquo;utiliser un badge, un bracelet ou un billet). <u><\/u><u><\/u><\/p>\n<p><u><\/u> <u><\/u>Vous comprenez que la participation est volontaire et peut impliquer certains risques de blessures physiques, de dommages mat\u00e9riels et d&rsquo;autres dommages et pertes que vous pourriez subir. Vous assumez tous les risques de dommages, de perte de biens et de blessures personnelles qui pourraient survenir en participant \u00e0 Comic Con Luxembourg. <u><\/u><u><\/u><\/p>\n<p>En aucun cas Comic Con Luxembourg ne saurait \u00eatre tenu responsable envers vous ou toute autre personne ou entit\u00e9 pour tout pr\u00e9judice ou dommage mat\u00e9riel, dommages pour perte de b\u00e9n\u00e9fices commerciaux ou autre perte p\u00e9cuniaire, y compris tout dommage direct, cons\u00e9cutif, accessoire, sp\u00e9cial, punitif ou similaire, d\u00e9coulant de votre utilisation de l&rsquo;inscription et\/ou de votre participation \u00e0 Comic Con Luxembourg, m\u00eame si Comic Con Luxembourg a \u00e9t\u00e9 inform\u00e9 de la possibilit\u00e9 de tels dommages. <u><\/u><u><\/u><\/p>\n<p>Vous acceptez d&rsquo;indemniser et de d\u00e9gager Comic Con Luxembourg et ses dirigeants, employ\u00e9s, b\u00e9n\u00e9voles et repr\u00e9sentants de toute responsabilit\u00e9 concernant l&rsquo;ensemble des r\u00e9clamations, demandes et autres obligations, y compris, mais sans s&rsquo;y limiter, les co\u00fbts et les honoraires d&rsquo;avocats, formul\u00e9s par un tiers et d\u00e9coulant de ou en lien avec votre utilisation de l&rsquo;inscription ou la violation des Conditions g\u00e9n\u00e9rales.<u><\/u><u><\/u><\/p>\n<p><u><\/u> <u><\/u>Les Conditions g\u00e9n\u00e9rales seront r\u00e9gies par les lois en vigueur, sans \u00e9gard \u00e0 ses principes de conflits de lois. Vous et Comic Con Luxembourg vous soumettez irr\u00e9vocablement par la pr\u00e9sente \u00e0 la juridiction exclusive des tribunaux f\u00e9d\u00e9raux et d&rsquo;\u00c9tat situ\u00e9s en Belgique et convenez que tout tribunal de ce type sera le forum appropri\u00e9 pour la d\u00e9termination de tout litige d\u00e9coulant des pr\u00e9sentes. <u><\/u><u><\/u><\/p>\n<p>Comic Con Group se r\u00e9serve le droit d&rsquo;apporter des modifications aux Conditions g\u00e9n\u00e9rales \u00e0 tout moment. Dans l&rsquo;\u00e9ventualit\u00e9 o\u00f9 un terme ou une disposition des Conditions g\u00e9n\u00e9rales serait jug\u00e9 invalide, ill\u00e9gal ou inapplicable \u00e0 quelque \u00e9gard que ce soit, ce terme ou cette disposition sera consid\u00e9r\u00e9 comme dissociable et n&rsquo;affectera pas la validit\u00e9 et l&rsquo;applicabilit\u00e9 des autres termes ou dispositions restants. <u><\/u><u><\/u><\/p>\n<h2>Informations sur l&rsquo;accessibilit\u00e9<\/h2>\n<p>Comic Con Group s&rsquo;efforce de garantir que tous nos \u00e9v\u00e9nements soient accessibles \u00e0 tous les participants.<u><\/u><u><\/u><\/p>\n<p>Les animaux d&rsquo;assistance dress\u00e9s des participants handicap\u00e9s sont les bienvenus \u00e0 la convention, conform\u00e9ment aux politiques du lieu.<u><\/u><u><\/u><\/p>\n<p>N&rsquo;h\u00e9sitez pas \u00e0 envoyer un courriel \u00e0 <a href=\"mailto:Contact@comiccon.lu\" target=\"_blank\" rel=\"noopener\">Contact@<wbr \/>comiccon.lu<\/a> pour toute question ou demande d&rsquo;am\u00e9nagement sp\u00e9cifique.<u><\/u><u><\/u><\/p>\n<h2>Politique d&rsquo;admission<\/h2>\n<p>Tous les billets pour Comic Con Luxembourg sont attribu\u00e9s selon le principe du premier arriv\u00e9, premier servi (pas de places assign\u00e9es). L&rsquo;admission pour chaque activit\u00e9 est limit\u00e9e \u00e0 la capacit\u00e9 du lieu. <u><\/u><u><\/u><\/p>\n<h2>Politique de confidentialit\u00e9<\/h2>\n<p>Comic Con Luxembourg reconna\u00eet que votre vie priv\u00e9e est tr\u00e8s importante. Nous sommes conscients que la fourniture d&rsquo;informations personnelles est un acte de confiance et nous prenons cela au s\u00e9rieux.<u><\/u><u><\/u><\/p>\n<p>Lorsque vous nous soumettez votre adresse \u00e9lectronique, sachez qu&rsquo;elle ne sera pas pr\u00e9lev\u00e9e de notre site et ajout\u00e9e \u00e0 des listes de diffusion en masse. Les seules personnes qui auront acc\u00e8s \u00e0 vos informations personnelles sont le personnel de Comic Con Luxembourg et vous, l&rsquo;abonn\u00e9.<u><\/u><u><\/u><\/p>\n<p>&nbsp;<\/p>\n<p>Si \u00e0 tout moment vous souhaitez \u00eatre retir\u00e9 de nos listes de diffusion, veuillez envoyer un courriel \u00e0<u><\/u><u><\/u><\/p>\n<p>Chaque fois que vous visitez www.comiccon.fr, nous collectons automatiquement certaines informations sur votre ordinateur au moyen d&rsquo;un \u00ab cookie \u00bb. Un cookie est une petite quantit\u00e9 de donn\u00e9es envoy\u00e9e \u00e0 votre navigateur depuis un serveur web et stock\u00e9e sur le disque dur de votre ordinateur. Vous pouvez toujours choisir de ne pas recevoir de cookies en configurant les options de votre navigateur web pour refuser d&rsquo;accepter les cookies.<u><\/u><u><\/u><\/p>\n<p>En g\u00e9n\u00e9ral, nous utilisons les cookies pour examiner les tendances de comportement sur notre site web et pour aider \u00e0 cibler les publicit\u00e9s en fonction de vos int\u00e9r\u00eats et de votre comportement. Ce suivi par cookies a \u00e9t\u00e9 mis en place le 1er octobre 2016.<u><\/u><u><\/u><u><\/u> <u><\/u><\/p>\n<h2>Politique de vente \/ sollicitation des vendeurs<\/h2>\n<p>La vente de marchandises et\/ou de services \u00e0 Comic Con Luxembourg \u00e0 des particuliers par des entit\u00e9s autres que Comic Con Group ou ses partenaires\/sponsors (y compris, mais sans s&rsquo;y limiter, les particuliers \u00e0 but lucratif, les organisations \u00e0 but lucratif ou les organisations \u00e0 but non lucratif ou les particuliers repr\u00e9sentant des organisations \u00e0 but non lucratif) est interdite, sauf dans la condition suivante :<u><\/u><u><\/u><\/p>\n<p>Les vendeurs externes qui ont soumis un formulaire d&rsquo;accord Comic Con Luxembourg pour participer \u00e0 Comic Con Luxembourg autorisant les vendeurs externes, et qui ont \u00e9t\u00e9 approuv\u00e9s par Comic Con Luxembourg. Comic Con Holland se r\u00e9serve le droit de r\u00e9voquer l&rsquo;approbation pour quelque raison que ce soit, \u00e0 tout moment.<u><\/u><u><\/u><\/p>\n<p>Comic Con Luxembourg et son organisation ne sont pas parties aux litiges concernant les biens achet\u00e9s aupr\u00e8s de commer\u00e7ants\/vendeurs externes lors de la convention.<u><\/u><u><\/u><\/p>\n<p><u><\/u>Chaque achat est donc \u00e0 vos propres risques et en cas de r\u00e9clamation, vous devez contacter directement les vendeurs.<u><\/u><u><\/u><\/p>\n<h2>Politique sur les armes<\/h2>\n<p>Comic Con Luxembourg applique une politique stricte d&rsquo;interdiction des armes.<u><\/u><u><\/u><\/p>\n<p>Comic Con Luxembourg est un \u00e9v\u00e9nement priv\u00e9 et il est interdit aux participants de porter des armes de quelque nature que ce soit. Les articles prohib\u00e9s comprennent, sans s&rsquo;y limiter, les armes \u00e0 feu, les munitions, les tasers, les couteaux, les objets tranchants ou les explosifs de toute nature, qu&rsquo;ils soient port\u00e9s ouvertement ou dissimul\u00e9s, et sont toujours interdits m\u00eame si les armes sont inop\u00e9rantes ou inutilisables. Les objets qui peuvent \u00eatre l\u00e9gaux pour vous de poss\u00e9der ou de porter ne sont pas les bienvenus \u00e0 nos \u00e9v\u00e9nements s&rsquo;ils contreviennent \u00e0 cette politique sur les armes.<u><\/u><u><\/u><\/p>\n<p>Votre participation \u00e0 Comic Con Luxembourg implique que vous acceptez de vous conformer \u00e0 cette politique sur les armes, ind\u00e9pendamment du fait que ladite politique soit affich\u00e9e ou non sur les lieux de tout \u00e9v\u00e9nement officiel. L&rsquo;organisation de Comic Con Luxembourg n&rsquo;est pas partie prenante dans les litiges concernant les biens achet\u00e9s aupr\u00e8s de commer\u00e7ants externes lors du salon.<u><\/u><u><\/u><\/p>\n<p>Vous comprenez et acceptez en outre que, pour votre propre s\u00e9curit\u00e9 et celle de tous les participants \u00e0 Comic Con Luxembourg, nous disposons du droit absolu et imm\u00e9diat d&rsquo;inspecter vos sacs, manteaux et tout autre objet que vous apportez au festival. L&rsquo;organisation de Comic Con Luxembourg n&rsquo;est pas partie prenante dans les litiges concernant les biens achet\u00e9s aupr\u00e8s de commer\u00e7ants externes lors du salon. Votre s\u00e9curit\u00e9, ainsi que celle de tous les autres participants, est d&rsquo;une importance capitale pour nous.[\/vc_column_text][\/vc_column][vc_column width=\u00a0\u00bb1\/3&Prime;][\/vc_column][\/vc_row]<\/p>\n<\/div>","protected":false},"excerpt":{"rendered":"<p>[vc_row][vc_column width=\u00a0\u00bb2\/3&Prime;][vc_custom_heading heading_semantic=\u00a0\u00bbh1&Prime; text_size=\u00a0\u00bbh1&Prime; uncode_shortcode_id=\u00a0\u00bb104832&Prime;]R\u00e8gles, termes et conditions du groupe Comic Con[\/vc_custom_heading][vc_column_text uncode_shortcode_id=\u00a0\u00bb140853&Prime;]Un billet est une licence r\u00e9vocable limit\u00e9e pour [&hellip;]<\/p>\n","protected":false},"author":4,"featured_media":0,"parent":0,"menu_order":0,"comment_status":"closed","ping_status":"closed","template":"","meta":{"footnotes":""},"class_list":["post-702","page","type-page","status-publish","hentry"],"_links":{"self":[{"href":"https:\/\/comiccon.lu\/fr\/wp-json\/wp\/v2\/pages\/702","targetHints":{"allow":["GET"]}}],"collection":[{"href":"https:\/\/comiccon.lu\/fr\/wp-json\/wp\/v2\/pages"}],"about":[{"href":"https:\/\/comiccon.lu\/fr\/wp-json\/wp\/v2\/types\/page"}],"author":[{"embeddable":true,"href":"https:\/\/comiccon.lu\/fr\/wp-json\/wp\/v2\/users\/4"}],"replies":[{"embeddable":true,"href":"https:\/\/comiccon.lu\/fr\/wp-json\/wp\/v2\/comments?post=702"}],"version-history":[{"count":2,"href":"https:\/\/comiccon.lu\/fr\/wp-json\/wp\/v2\/pages\/702\/revisions"}],"predecessor-version":[{"id":818,"href":"https:\/\/comiccon.lu\/fr\/wp-json\/wp\/v2\/pages\/702\/revisions\/818"}],"wp:attachment":[{"href":"https:\/\/comiccon.lu\/fr\/wp-json\/wp\/v2\/media?parent=702"}],"curies":[{"name":"wp","href":"https:\/\/api.w.org\/{rel}","templated":true}]}}