{"id":710,"date":"2025-03-15T10:18:04","date_gmt":"2025-03-15T09:18:04","guid":{"rendered":"https:\/\/comiccon.lu\/regles-concernant-les-armes\/"},"modified":"2025-06-18T16:05:57","modified_gmt":"2025-06-18T15:05:57","slug":"regles-concernant-les-armes","status":"publish","type":"page","link":"https:\/\/comiccon.lu\/fr\/regles-concernant-les-armes\/","title":{"rendered":"R\u00e8gles concernant les armes"},"content":{"rendered":"<div class=\"wpb-content-wrapper\"><p>[vc_row row_height_percent=\u00a0\u00bb0&Prime; override_padding=\u00a0\u00bbyes\u00a0\u00bb h_padding=\u00a0\u00bb2&Prime; top_padding=\u00a0\u00bb2&Prime; bottom_padding=\u00a0\u00bb7&Prime; back_color=\u00a0\u00bbcolor-vyce\u00a0\u00bb overlay_alpha=\u00a0\u00bb50&Prime; gutter_size=\u00a0\u00bb3&Prime; column_width_percent=\u00a0\u00bb100&Prime; shift_y=\u00a0\u00bb0&Prime; z_index=\u00a0\u00bb0&Prime; content_parallax=\u00a0\u00bb0&Prime; uncode_shortcode_id=\u00a0\u00bb149826&Prime; back_color_type=\u00a0\u00bbuncode-palette\u00a0\u00bb][vc_column column_width_percent=\u00a0\u00bb100&Prime; gutter_size=\u00a0\u00bb3&Prime; style=\u00a0\u00bbdark\u00a0\u00bb overlay_alpha=\u00a0\u00bb50&Prime; shift_x=\u00a0\u00bb0&Prime; shift_y=\u00a0\u00bb0&Prime; shift_y_down=\u00a0\u00bb0&Prime; z_index=\u00a0\u00bb0&Prime; medium_width=\u00a0\u00bb0&Prime; mobile_width=\u00a0\u00bb0&Prime; width=\u00a0\u00bb1\/1&Prime; uncode_shortcode_id=\u00a0\u00bb158114&Prime;][vc_custom_heading heading_semantic=\u00a0\u00bbh1&Prime; text_size=\u00a0\u00bbh1&Prime; uncode_shortcode_id=\u00a0\u00bb315180&Prime;]R\u00e8gles concernant les armes[\/vc_custom_heading][vc_row_inner][vc_column_inner column_width_percent=\u00a0\u00bb100&Prime; gutter_size=\u00a0\u00bb2&Prime; style=\u00a0\u00bbdark\u00a0\u00bb overlay_alpha=\u00a0\u00bb50&Prime; shift_x=\u00a0\u00bb0&Prime; shift_y=\u00a0\u00bb0&Prime; shift_y_down=\u00a0\u00bb0&Prime; z_index=\u00a0\u00bb0&Prime; medium_width=\u00a0\u00bb0&Prime; mobile_width=\u00a0\u00bb0&Prime; width=\u00a0\u00bb7\/12&Prime; uncode_shortcode_id=\u00a0\u00bb134410&Prime;][vc_gallery el_id=\u00a0\u00bbgallery-124090&Prime; isotope_mode=\u00a0\u00bbfitRows\u00a0\u00bb medias=\u00a0\u00bb279,280,281,282,283,284,285,286&Prime; gutter_size=\u00a0\u00bb3&Prime; media_items=\u00a0\u00bbmedia|nolink|original,icon\u00a0\u00bb screen_lg=\u00a0\u00bb1000&Prime; screen_md=\u00a0\u00bb600&Prime; screen_sm=\u00a0\u00bb480&Prime; single_width=\u00a0\u00bb2&Prime; single_overlay_opacity=\u00a0\u00bb1&Prime; single_overlay_anim=\u00a0\u00bbno\u00a0\u00bb single_text_anim=\u00a0\u00bbno\u00a0\u00bb single_image_anim=\u00a0\u00bbno\u00a0\u00bb single_padding=\u00a0\u00bb2&Prime; single_border=\u00a0\u00bbyes\u00a0\u00bb uncode_shortcode_id=\u00a0\u00bb100908&Prime;][vc_column_text uncode_shortcode_id=\u00a0\u00bb490706&Prime; el_class=\u00a0\u00bbweaponrulesTxt\u00a0\u00bb]<\/p>\n<ul>\n<li>Les imitations d&rsquo;armes \u00ab r\u00e9alistes \u00bb ainsi que les \u00e9p\u00e9es et katanas factices en acier sont strictement interdits dans la rue, dans le m\u00e9tro, \u00e0 l&rsquo;int\u00e9rieur et \u00e0 l&rsquo;ext\u00e9rieur de l&rsquo;enceinte de Paris Expo Porte De Versailles. Toutes les imitations d&rsquo;armes \u00ab r\u00e9alistes \u00bb et\/ou armes en acier peuvent \u00eatre imm\u00e9diatement confisqu\u00e9es, que ce soit dans le m\u00e9tro, dans la rue, ou \u00e0 l&rsquo;int\u00e9rieur et \u00e0 l&rsquo;ext\u00e9rieur de Paris Expo Porte De Versailles.<\/li>\n<li>Toute contrefa\u00e7on ou katana achet\u00e9 \u00e0 la foire Comic Con Luxembourg doit imp\u00e9rativement demeurer dans son emballage d&rsquo;origine. Les \u00e9p\u00e9es et katanas acquis doivent rester dans leur carton jusqu&rsquo;au domicile. Si un exposant souhaite vous vendre un article sans bo\u00eete, veuillez le d\u00e9cliner. En effet, il existe une forte probabilit\u00e9 que celui-ci soit imm\u00e9diatement saisi d\u00e8s votre sortie de Paris Expo Porte De Versailles, ou ult\u00e9rieurement, dans la rue ou dans les transports en commun.<\/li>\n<li>Toute personne portant un costume militaire \u00ab r\u00e9aliste \u00bb ou venant d\u00e9guis\u00e9e doit \u00eatre en possession d&rsquo;un billet de \u00ab pr\u00e9vente \u00bb pour Comic Con Luxembourg afin de justifier son accoutrement. Nous vous prions de ne pas porter le costume en dehors de l&rsquo;enceinte de la convention.<\/li>\n<li>Les masques dissimulant partiellement ou int\u00e9gralement le visage sont formellement proscrits dans le m\u00e9tro, dans la rue et \u00e0 l&rsquo;ext\u00e9rieur de Paris Expo Porte De Versailles. N\u00e9anmoins, apr\u00e8s v\u00e9rification \u00e0 l&rsquo;entr\u00e9e, le port du masque est autoris\u00e9 au sein de Comic Con Luxembourg.<\/li>\n<li>\u00c0 l&rsquo;int\u00e9rieur m\u00eame de Comic Con, le port de masques et le cosplay int\u00e9gral sont autoris\u00e9s.<\/li>\n<li>Au sein de Comic Con Luxembourg, vous \u00eates autoris\u00e9 \u00e0 utiliser tous les accessoires et costumes homologu\u00e9s, mais veillez \u00e0 les transporter dans des sacs herm\u00e9tiquement ferm\u00e9s jusqu&rsquo;\u00e0 votre arriv\u00e9e \u00e0 la convention. Cette pr\u00e9caution vise \u00e0 pr\u00e9venir tout malentendu.<\/li>\n<li>T\u00e9moignez du respect mutuel et faites preuve de compr\u00e9hension vis-\u00e0-vis de cette requ\u00eate des forces de l&rsquo;ordre car, apr\u00e8s tout, les personnes ext\u00e9rieures \u00e0 la convention peuvent ne pas \u00eatre famili\u00e8res avec le concept de cosplay ou m\u00eame ignorer l&rsquo;existence de Comic Con. Il n&rsquo;est nullement dans notre intention de susciter l&rsquo;inqui\u00e9tude.<\/li>\n<li>\u00c0 Comic Con Luxembourg, faites toujours preuve de bienveillance et de respect !<\/li>\n<\/ul>\n<p>[\/vc_column_text][\/vc_column_inner][vc_column_inner column_width_percent=\u00a0\u00bb100&Prime; gutter_size=\u00a0\u00bb2&Prime; overlay_alpha=\u00a0\u00bb50&Prime; shift_x=\u00a0\u00bb0&Prime; shift_y=\u00a0\u00bb0&Prime; shift_y_down=\u00a0\u00bb0&Prime; z_index=\u00a0\u00bb0&Prime; medium_width=\u00a0\u00bb0&Prime; mobile_width=\u00a0\u00bb0&Prime; width=\u00a0\u00bb5\/12&Prime; uncode_shortcode_id=\u00a0\u00bb887983&Prime;][vc_single_image media=\u00a0\u00bb287&Prime; media_width_percent=\u00a0\u00bb100&Prime; uncode_shortcode_id=\u00a0\u00bb499316&Prime;][vc_button button_color=\u00a0\u00bbcolor-141378&Prime; hover_fx=\u00a0\u00bbfull-colored\u00a0\u00bb border_width=\u00a0\u00bb0&Prime; link=\u00a0\u00bburl:https%3A%2F%2Fcomiccon.lu%2Factivities%2Fcosplay%2F|title:Programme|\u00a0\u00bb button_color_type=\u00a0\u00bbuncode-palette\u00a0\u00bb uncode_shortcode_id=\u00a0\u00bb195256&Prime;]Informations compl\u00e9mentaires sur le cosplay[\/vc_button][\/vc_column_inner][\/vc_row_inner][vc_custom_heading heading_semantic=\u00a0\u00bbh4&Prime; text_size=\u00a0\u00bbh4&Prime; uncode_shortcode_id=\u00a0\u00bb114231&Prime;]Plus d&rsquo;informations[\/vc_custom_heading][uncode_index el_id=\u00a0\u00bbindex-732782&Prime; index_type=\u00a0\u00bbcss_grid\u00a0\u00bb loop=\u00a0\u00bbsize:8|order_by:date|post_type:page|by_id:30,28,26,24,22,20,18,444|taxonomy_count:10&Prime; screen_lg_items=\u00a0\u00bb3&Prime; screen_lg_breakpoint=\u00a0\u00bb1000&Prime; screen_md_items=\u00a0\u00bb2&Prime; screen_md_breakpoint=\u00a0\u00bb780&Prime; screen_sm_items=\u00a0\u00bb1&Prime; screen_sm_breakpoint=\u00a0\u00bb570&Prime; gutter_size=\u00a0\u00bb3&Prime; post_items=\u00a0\u00bbmedia|featured|onpost|original,title\u00a0\u00bb single_text=\u00a0\u00bblateral\u00a0\u00bb single_image_size=\u00a0\u00bb3&Prime; single_overlay_opacity=\u00a0\u00bb1&Prime; single_padding=\u00a0\u00bb2&Prime; custom_order=\u00a0\u00bbyes\u00a0\u00bb no_double_tap=\u00a0\u00bbyes\u00a0\u00bb uncode_shortcode_id=\u00a0\u00bb205698&Prime; el_class=\u00a0\u00bbpostblock postblockinfo postblockinfohome\u00a0\u00bb order_ids=\u00a0\u00bb104,114,106,30,112,110,108,116&Prime;][\/vc_column][\/vc_row][vc_row][vc_column width=\u00a0\u00bb1\/1&Prime;][uncode_block id=\u00a0\u00bb608&Prime;][\/vc_column][\/vc_row]<\/p>\n<\/div>","protected":false},"excerpt":{"rendered":"<p>[vc_row row_height_percent=\u00a0\u00bb0&Prime; override_padding=\u00a0\u00bbyes\u00a0\u00bb h_padding=\u00a0\u00bb2&Prime; top_padding=\u00a0\u00bb2&Prime; bottom_padding=\u00a0\u00bb7&Prime; back_color=\u00a0\u00bbcolor-vyce\u00a0\u00bb overlay_alpha=\u00a0\u00bb50&Prime; gutter_size=\u00a0\u00bb3&Prime; column_width_percent=\u00a0\u00bb100&Prime; shift_y=\u00a0\u00bb0&Prime; z_index=\u00a0\u00bb0&Prime; content_parallax=\u00a0\u00bb0&Prime; uncode_shortcode_id=\u00a0\u00bb149826&Prime; back_color_type=\u00a0\u00bbuncode-palette\u00a0\u00bb][vc_column column_width_percent=\u00a0\u00bb100&Prime; gutter_size=\u00a0\u00bb3&Prime; style=\u00a0\u00bbdark\u00a0\u00bb overlay_alpha=\u00a0\u00bb50&Prime; shift_x=\u00a0\u00bb0&Prime; [&hellip;]<\/p>\n","protected":false},"author":1,"featured_media":519,"parent":0,"menu_order":0,"comment_status":"closed","ping_status":"closed","template":"","meta":{"footnotes":""},"class_list":["post-710","page","type-page","status-publish","has-post-thumbnail","hentry"],"_links":{"self":[{"href":"https:\/\/comiccon.lu\/fr\/wp-json\/wp\/v2\/pages\/710","targetHints":{"allow":["GET"]}}],"collection":[{"href":"https:\/\/comiccon.lu\/fr\/wp-json\/wp\/v2\/pages"}],"about":[{"href":"https:\/\/comiccon.lu\/fr\/wp-json\/wp\/v2\/types\/page"}],"author":[{"embeddable":true,"href":"https:\/\/comiccon.lu\/fr\/wp-json\/wp\/v2\/users\/1"}],"replies":[{"embeddable":true,"href":"https:\/\/comiccon.lu\/fr\/wp-json\/wp\/v2\/comments?post=710"}],"version-history":[{"count":5,"href":"https:\/\/comiccon.lu\/fr\/wp-json\/wp\/v2\/pages\/710\/revisions"}],"predecessor-version":[{"id":816,"href":"https:\/\/comiccon.lu\/fr\/wp-json\/wp\/v2\/pages\/710\/revisions\/816"}],"wp:featuredmedia":[{"embeddable":true,"href":"https:\/\/comiccon.lu\/fr\/wp-json\/wp\/v2\/media\/519"}],"wp:attachment":[{"href":"https:\/\/comiccon.lu\/fr\/wp-json\/wp\/v2\/media?parent=710"}],"curies":[{"name":"wp","href":"https:\/\/api.w.org\/{rel}","templated":true}]}}