{"id":714,"date":"2025-03-15T10:18:15","date_gmt":"2025-03-15T09:18:15","guid":{"rendered":"https:\/\/comiccon.lu\/billets\/"},"modified":"2026-02-17T16:35:08","modified_gmt":"2026-02-17T15:35:08","slug":"billets","status":"publish","type":"page","link":"https:\/\/comiccon.lu\/fr\/billets\/","title":{"rendered":"Billets"},"content":{"rendered":"<div class=\"wpb-content-wrapper\"><p>[vc_row row_height_percent=\u00a0\u00bb0&Prime; back_image=\u00a0\u00bb93&Prime; overlay_alpha=\u00a0\u00bb50&Prime; gutter_size=\u00a0\u00bb3&Prime; column_width_percent=\u00a0\u00bb100&Prime; shift_y=\u00a0\u00bb0&Prime; z_index=\u00a0\u00bb0&Prime; enable_bottom_divider=\u00a0\u00bbdefault\u00a0\u00bb shape_bottom_invert=\u00a0\u00bbyes\u00a0\u00bb shape_bottom_h_use_pixel=\u00a0\u00bb\u00a0\u00bb shape_bottom_height=\u00a0\u00bb100&Prime; shape_bottom_color=\u00a0\u00bbcolor-vyce\u00a0\u00bb shape_bottom_opacity=\u00a0\u00bb100&Prime; shape_bottom_index=\u00a0\u00bb0&Prime; content_parallax=\u00a0\u00bb0&Prime; uncode_shortcode_id=\u00a0\u00bb296500&Prime; row_height_pixel=\u00a0\u00bb450&Prime; shape_bottom_color_type=\u00a0\u00bbuncode-palette\u00a0\u00bb][vc_column width=\u00a0\u00bb1\/1&Prime;][vc_row_inner][vc_column_inner column_width_percent=\u00a0\u00bb100&Prime; gutter_size=\u00a0\u00bb2&Prime; style=\u00a0\u00bbdark\u00a0\u00bb overlay_alpha=\u00a0\u00bb50&Prime; shift_x=\u00a0\u00bb0&Prime; shift_y=\u00a0\u00bb0&Prime; shift_y_down=\u00a0\u00bb0&Prime; z_index=\u00a0\u00bb0&Prime; medium_width=\u00a0\u00bb0&Prime; mobile_width=\u00a0\u00bb0&Prime; width=\u00a0\u00bb2\/3&Prime; uncode_shortcode_id=\u00a0\u00bb317223&Prime;][vc_custom_heading heading_semantic=\u00a0\u00bbh1&Prime; text_size=\u00a0\u00bbh1&Prime; uncode_shortcode_id=\u00a0\u00bb114500&Prime;]Billets[\/vc_custom_heading][vc_column_text uncode_shortcode_id=\u00a0\u00bb397945&Prime; el_class=\u00a0\u00bbintroText\u00a0\u00bb]Les billets pour les \u00e9v\u00e9nements Comic Con se vendent souvent rapidement, il est donc important d&rsquo;acheter vos billets d\u00e8s que possible pour vous assurer d&rsquo;\u00eatre pr\u00e9sent.[\/vc_column_text][\/vc_column_inner][vc_column_inner column_width_percent=\u00a0\u00bb100&Prime; gutter_size=\u00a0\u00bb3&Prime; overlay_alpha=\u00a0\u00bb50&Prime; shift_x=\u00a0\u00bb0&Prime; shift_y=\u00a0\u00bb0&Prime; shift_y_down=\u00a0\u00bb0&Prime; z_index=\u00a0\u00bb0&Prime; medium_visibility=\u00a0\u00bbyes\u00a0\u00bb medium_width=\u00a0\u00bb0&Prime; mobile_visibility=\u00a0\u00bbyes\u00a0\u00bb mobile_width=\u00a0\u00bb0&Prime; width=\u00a0\u00bb1\/3&Prime; uncode_shortcode_id=\u00a0\u00bb418821&Prime;][\/vc_column_inner][\/vc_row_inner][\/vc_column][\/vc_row][vc_row row_height_percent=\u00a0\u00bb0&Prime; back_color=\u00a0\u00bbcolor-vyce\u00a0\u00bb overlay_alpha=\u00a0\u00bb50&Prime; gutter_size=\u00a0\u00bb4&Prime; column_width_percent=\u00a0\u00bb100&Prime; shift_y=\u00a0\u00bb-5&Prime; z_index=\u00a0\u00bb2&Prime; content_parallax=\u00a0\u00bb0&Prime; uncode_shortcode_id=\u00a0\u00bb195986&Prime; back_color_type=\u00a0\u00bbuncode-palette\u00a0\u00bb el_class=\u00a0\u00bbthetickets\u00a0\u00bb][vc_column column_width_percent=\u00a0\u00bb100&Prime; align_horizontal=\u00a0\u00bbalign_center\u00a0\u00bb gutter_size=\u00a0\u00bb2&Prime; style=\u00a0\u00bbdark\u00a0\u00bb overlay_alpha=\u00a0\u00bb50&Prime; shift_x=\u00a0\u00bb0&Prime; shift_y=\u00a0\u00bb-3&Prime; shift_y_down=\u00a0\u00bb0&Prime; z_index=\u00a0\u00bb0&Prime; medium_width=\u00a0\u00bb4&Prime; mobile_width=\u00a0\u00bb0&Prime; parallax_intensity=\u00a0\u00bb2&Prime; width=\u00a0\u00bb1\/4&Prime; uncode_shortcode_id=\u00a0\u00bb209037&Prime;][vc_single_image media=\u00a0\u00bb412&Prime; media_width_percent=\u00a0\u00bb100&Prime; uncode_shortcode_id=\u00a0\u00bb907303&Prime; media_link=\u00a0\u00bburl:https%3A%2F%2Fsales.ticketing.cm.com%2Fccluxenbourg2026%2Ffr-fr|target:_blank\u00a0\u00bb el_class=\u00a0\u00bbimageGrow\u00a0\u00bb][vc_column_text uncode_shortcode_id=\u00a0\u00bb178804&Prime;]Un <strong>billet \u00e0 tarif r\u00e9duit<\/strong> pour les personnes qui viennent en <strong>cosplay<\/strong> (costum\u00e9es).<\/p>\n<p>Il existe \u00e9galement un billet week-end Cosplay.[\/vc_column_text][\/vc_column][vc_column column_width_percent=\u00a0\u00bb100&Prime; align_horizontal=\u00a0\u00bbalign_center\u00a0\u00bb gutter_size=\u00a0\u00bb2&Prime; style=\u00a0\u00bbdark\u00a0\u00bb overlay_alpha=\u00a0\u00bb50&Prime; shift_x=\u00a0\u00bb0&Prime; shift_y=\u00a0\u00bb-3&Prime; shift_y_down=\u00a0\u00bb0&Prime; z_index=\u00a0\u00bb0&Prime; medium_width=\u00a0\u00bb4&Prime; mobile_width=\u00a0\u00bb0&Prime; parallax_intensity=\u00a0\u00bb4&Prime; width=\u00a0\u00bb1\/4&Prime; uncode_shortcode_id=\u00a0\u00bb412924&Prime;][vc_single_image media=\u00a0\u00bb413&Prime; media_width_percent=\u00a0\u00bb100&Prime; uncode_shortcode_id=\u00a0\u00bb210663&Prime; media_link=\u00a0\u00bburl:https%3A%2F%2Fsales.ticketing.cm.com%2Fccluxenbourg2026%2Ffr-fr|target:_blank\u00a0\u00bb el_class=\u00a0\u00bbimageGrow\u00a0\u00bb][vc_column_text uncode_shortcode_id=\u00a0\u00bb551809&Prime;]Billet journalier r\u00e9gulier[\/vc_column_text][\/vc_column][vc_column column_width_percent=\u00a0\u00bb100&Prime; align_horizontal=\u00a0\u00bbalign_center\u00a0\u00bb gutter_size=\u00a0\u00bb2&Prime; style=\u00a0\u00bbdark\u00a0\u00bb overlay_alpha=\u00a0\u00bb50&Prime; shift_x=\u00a0\u00bb0&Prime; shift_y=\u00a0\u00bb-3&Prime; shift_y_down=\u00a0\u00bb0&Prime; z_index=\u00a0\u00bb0&Prime; medium_width=\u00a0\u00bb4&Prime; mobile_width=\u00a0\u00bb0&Prime; parallax_intensity=\u00a0\u00bb6&Prime; width=\u00a0\u00bb1\/4&Prime; uncode_shortcode_id=\u00a0\u00bb193578&Prime;][vc_single_image media=\u00a0\u00bb414&Prime; media_width_percent=\u00a0\u00bb100&Prime; uncode_shortcode_id=\u00a0\u00bb203454&Prime; media_link=\u00a0\u00bburl:https%3A%2F%2Fsales.ticketing.cm.com%2Fccluxenbourg2026%2Ffr-fr|target:_blank\u00a0\u00bb el_class=\u00a0\u00bbimageGrow\u00a0\u00bb][vc_column_text uncode_shortcode_id=\u00a0\u00bb483337&Prime;]<strong>Billet Week-end<\/strong><\/p>\n<p><strong>Billets week-end<\/strong>[\/vc_column_text][\/vc_column][vc_column column_width_percent=\u00a0\u00bb100&Prime; align_horizontal=\u00a0\u00bbalign_center\u00a0\u00bb gutter_size=\u00a0\u00bb2&Prime; style=\u00a0\u00bbdark\u00a0\u00bb overlay_alpha=\u00a0\u00bb50&Prime; shift_x=\u00a0\u00bb0&Prime; shift_y=\u00a0\u00bb-3&Prime; shift_y_down=\u00a0\u00bb0&Prime; z_index=\u00a0\u00bb0&Prime; medium_width=\u00a0\u00bb4&Prime; mobile_width=\u00a0\u00bb0&Prime; parallax_intensity=\u00a0\u00bb8&Prime; width=\u00a0\u00bb1\/4&Prime; uncode_shortcode_id=\u00a0\u00bb180120&Prime;][vc_single_image media=\u00a0\u00bb415&Prime; media_width_percent=\u00a0\u00bb100&Prime; uncode_shortcode_id=\u00a0\u00bb117827&Prime; media_link=\u00a0\u00bburl:https%3A%2F%2Fsales.ticketing.cm.com%2Fccluxenbourg2026%2Ffr-fr|target:_blank\u00a0\u00bb el_class=\u00a0\u00bbimageGrow\u00a0\u00bb][vc_column_text uncode_shortcode_id=\u00a0\u00bb139194&Prime;]<strong>Billets Geek Deluxe<\/strong><\/p>\n<p>Entr\u00e9e anticip\u00e9e \u00e0 9h00 les deux jours, Sac de goodies, T-shirt[\/vc_column_text][\/vc_column][\/vc_row][vc_row row_height_percent=\u00a0\u00bb0&Prime; back_color=\u00a0\u00bbcolor-vyce\u00a0\u00bb overlay_alpha=\u00a0\u00bb50&Prime; gutter_size=\u00a0\u00bb3&Prime; column_width_percent=\u00a0\u00bb100&Prime; shift_y=\u00a0\u00bb0&Prime; z_index=\u00a0\u00bb0&Prime; content_parallax=\u00a0\u00bb0&Prime; uncode_shortcode_id=\u00a0\u00bb700261&Prime; back_color_type=\u00a0\u00bbuncode-palette\u00a0\u00bb el_class=\u00a0\u00bbphototicket\u00a0\u00bb][vc_column column_width_percent=\u00a0\u00bb100&Prime; position_vertical=\u00a0\u00bbmiddle\u00a0\u00bb gutter_size=\u00a0\u00bb2&Prime; overlay_alpha=\u00a0\u00bb50&Prime; shift_x=\u00a0\u00bb0&Prime; shift_y=\u00a0\u00bb0&Prime; shift_y_down=\u00a0\u00bb0&Prime; z_index=\u00a0\u00bb0&Prime; medium_width=\u00a0\u00bb3&Prime; mobile_width=\u00a0\u00bb0&Prime; width=\u00a0\u00bb2\/12&Prime; uncode_shortcode_id=\u00a0\u00bb142320&Prime;][vc_single_image media=\u00a0\u00bb416&Prime; media_width_percent=\u00a0\u00bb100&Prime; uncode_shortcode_id=\u00a0\u00bb101581&Prime; media_link=\u00a0\u00bburl:https%3A%2F%2Fstore.ticketing.cm.com%2Fccluxembourg2025%2F%3Flanguage%3DEN|target:_blank\u00a0\u00bb el_class=\u00a0\u00bbimageGrow\u00a0\u00bb][\/vc_column][vc_column column_width_percent=\u00a0\u00bb100&Prime; position_vertical=\u00a0\u00bbmiddle\u00a0\u00bb gutter_size=\u00a0\u00bb2&Prime; style=\u00a0\u00bbdark\u00a0\u00bb overlay_alpha=\u00a0\u00bb50&Prime; shift_x=\u00a0\u00bb0&Prime; shift_y=\u00a0\u00bb0&Prime; shift_y_down=\u00a0\u00bb0&Prime; z_index=\u00a0\u00bb0&Prime; medium_width=\u00a0\u00bb5&Prime; mobile_width=\u00a0\u00bb0&Prime; width=\u00a0\u00bb4\/12&Prime; uncode_shortcode_id=\u00a0\u00bb113178&Prime;][vc_custom_heading text_size=\u00a0\u00bbh3&Prime; uncode_shortcode_id=\u00a0\u00bb212871&Prime;]S\u00c9ANCES PHOTOS ET AUTOGRAPHES[\/vc_custom_heading][vc_column_text uncode_shortcode_id=\u00a0\u00bb198039&Prime;]<\/p>\n<ul>\n<li>Valable pour une s\u00e9ance photo professionnelle avec l&rsquo;invit\u00e9 de votre choix avec un maximum de 3 personnes au total (sans compter l&rsquo;invit\u00e9).<\/li>\n<li>Vous obtiendrez instantan\u00e9ment une photo imprim\u00e9e professionnellement lors de la convention et par la suite, vous pourrez t\u00e9l\u00e9charger la photo en ligne.<\/li>\n<li>Habituellement, les autographes sont \u00e0 payer par carte ou en esp\u00e8ces directement \u00e0 l&rsquo;invit\u00e9 lors de la convention. Cependant, pour garder le contr\u00f4le de la file d&rsquo;attente, nous proposons des billets d&rsquo;autographe en pr\u00e9vente dans notre billetterie. Dans le cas o\u00f9 un invit\u00e9 a des billets d&rsquo;autographe en pr\u00e9vente et que ceux-ci sont compl\u00e8tement \u00e9puis\u00e9s, il n&rsquo;y aura pas non plus de possibilit\u00e9 de payer pour leur autographe lors de la convention.<\/li>\n<\/ul>\n<p>[\/vc_column_text][vc_button button_color=\u00a0\u00bbcolor-xsdn\u00a0\u00bb hover_fx=\u00a0\u00bbfull-colored\u00a0\u00bb border_width=\u00a0\u00bb0&Prime; uncode_shortcode_id=\u00a0\u00bb147172&Prime; link=\u00a0\u00bburl:https%3A%2F%2Fsales.ticketing.cm.com%2Fccluxenbourg2026%2Ffr-fr|target:_blank\u00a0\u00bb button_color_type=\u00a0\u00bbuncode-palette\u00a0\u00bb]Acheter des billets[\/vc_button][\/vc_column][vc_column column_width_percent=\u00a0\u00bb100&Prime; gutter_size=\u00a0\u00bb3&Prime; overlay_alpha=\u00a0\u00bb50&Prime; shift_x=\u00a0\u00bb0&Prime; shift_y=\u00a0\u00bb0&Prime; shift_y_down=\u00a0\u00bb0&Prime; z_index=\u00a0\u00bb0&Prime; medium_width=\u00a0\u00bb7&Prime; mobile_width=\u00a0\u00bb0&Prime; width=\u00a0\u00bb6\/12&Prime; uncode_shortcode_id=\u00a0\u00bb312050&Prime;][vc_single_image media=\u00a0\u00bb295&Prime; media_width_percent=\u00a0\u00bb100&Prime; uncode_shortcode_id=\u00a0\u00bb286660&Prime;][\/vc_column][\/vc_row][vc_row row_height_percent=\u00a0\u00bb0&Prime; back_color=\u00a0\u00bbcolor-vyce\u00a0\u00bb overlay_alpha=\u00a0\u00bb50&Prime; gutter_size=\u00a0\u00bb3&Prime; column_width_percent=\u00a0\u00bb100&Prime; shift_y=\u00a0\u00bb0&Prime; z_index=\u00a0\u00bb0&Prime; content_parallax=\u00a0\u00bb0&Prime; uncode_shortcode_id=\u00a0\u00bb186283&Prime; back_color_type=\u00a0\u00bbuncode-palette\u00a0\u00bb][vc_column column_width_percent=\u00a0\u00bb100&Prime; gutter_size=\u00a0\u00bb3&Prime; style=\u00a0\u00bbdark\u00a0\u00bb overlay_alpha=\u00a0\u00bb50&Prime; shift_x=\u00a0\u00bb0&Prime; shift_y=\u00a0\u00bb0&Prime; shift_y_down=\u00a0\u00bb0&Prime; z_index=\u00a0\u00bb0&Prime; medium_width=\u00a0\u00bb0&Prime; mobile_width=\u00a0\u00bb0&Prime; width=\u00a0\u00bb1\/1&Prime; uncode_shortcode_id=\u00a0\u00bb131391&Prime;][vc_row_inner][vc_column_inner column_width_percent=\u00a0\u00bb100&Prime; gutter_size=\u00a0\u00bb2&Prime; style=\u00a0\u00bbdark\u00a0\u00bb overlay_alpha=\u00a0\u00bb50&Prime; shift_x=\u00a0\u00bb0&Prime; shift_y=\u00a0\u00bb0&Prime; shift_y_down=\u00a0\u00bb0&Prime; z_index=\u00a0\u00bb0&Prime; medium_width=\u00a0\u00bb0&Prime; mobile_width=\u00a0\u00bb0&Prime; width=\u00a0\u00bb2\/3&Prime; uncode_shortcode_id=\u00a0\u00bb462638&Prime;][vc_custom_heading uncode_shortcode_id=\u00a0\u00bb162066&Prime;]FAQ[\/vc_custom_heading][\/vc_column_inner][vc_column_inner column_width_percent=\u00a0\u00bb100&Prime; gutter_size=\u00a0\u00bb3&Prime; overlay_alpha=\u00a0\u00bb50&Prime; shift_x=\u00a0\u00bb0&Prime; shift_y=\u00a0\u00bb0&Prime; shift_y_down=\u00a0\u00bb0&Prime; z_index=\u00a0\u00bb0&Prime; medium_visibility=\u00a0\u00bbyes\u00a0\u00bb medium_width=\u00a0\u00bb0&Prime; mobile_visibility=\u00a0\u00bbyes\u00a0\u00bb mobile_width=\u00a0\u00bb0&Prime; width=\u00a0\u00bb1\/3&Prime; uncode_shortcode_id=\u00a0\u00bb200367&Prime;][\/vc_column_inner][\/vc_row_inner][vc_row_inner][vc_column_inner column_width_percent=\u00a0\u00bb100&Prime; gutter_size=\u00a0\u00bb1&Prime; style=\u00a0\u00bbdark\u00a0\u00bb overlay_alpha=\u00a0\u00bb50&Prime; shift_x=\u00a0\u00bb0&Prime; shift_y=\u00a0\u00bb0&Prime; shift_y_down=\u00a0\u00bb0&Prime; z_index=\u00a0\u00bb0&Prime; medium_width=\u00a0\u00bb0&Prime; mobile_width=\u00a0\u00bb0&Prime; width=\u00a0\u00bb2\/3&Prime; uncode_shortcode_id=\u00a0\u00bb184637&Prime;][vc_accordion typography=\u00a0\u00bbyes\u00a0\u00bb active_tab=\u00a0\u00bb0&Prime;][vc_accordion_tab gutter_size=\u00a0\u00bb2&Prime; column_padding=\u00a0\u00bb2&Prime; title=\u00a0\u00bbJ&rsquo;ai achet\u00e9 un billet pour le mauvais jour, puis-je modifier cette date ?\u00a0\u00bb tab_id=\u00a0\u00bb1675442216-1-301678029498589&Prime; slug=\u00a0\u00bbI bought a ticket for the wrong day, can I change this day?\u00a0\u00bb][vc_column_text uncode_shortcode_id=\u00a0\u00bb146792&Prime;]Cela est possible en contactant le service de billetterie par courriel \u00e0 l&rsquo;adresse suivante : <a href=\"mailto:support@cmtickets.com\">support@cmtickets.com<\/a>[\/vc_column_text][\/vc_accordion_tab][vc_accordion_tab gutter_size=\u00a0\u00bb2&Prime; column_padding=\u00a0\u00bb2&Prime; title=\u00a0\u00bbJ&rsquo;ai achet\u00e9 un billet cosplay, mais je ne veux plus venir en cosplay. Que faire maintenant ?\u00a0\u00bb tab_id=\u00a0\u00bb1675442216-2-471678029498589&Prime; slug=\u00a0\u00bbI bought a Cosplay ticket, but I don&rsquo;t want to come in Cosplay anymore. What now?\u00a0\u00bb][vc_column_text uncode_shortcode_id=\u00a0\u00bb166897&Prime;]Pas de probl\u00e8me, vous pouvez payer la diff\u00e9rence de prix et faire transf\u00e9rer votre billet en un billet standard.<br \/>\nCela est possible en contactant le service de billetterie par e-mail avec cette question \u00e0 <a href=\"mailto:support@cmtickets.com\" target=\"_blank\" rel=\"noopener\">support@cmtickets.com<\/a>[\/vc_column_text][\/vc_accordion_tab][vc_accordion_tab gutter_size=\u00a0\u00bb2&Prime; column_padding=\u00a0\u00bb2&Prime; title=\u00a0\u00bbJ&rsquo;ai achet\u00e9 un billet cosplay par erreur, que dois-je faire ?\u00a0\u00bb tab_id=\u00a0\u00bb1675442312934-2-61678029498589&Prime; slug=\u00a0\u00bbI bought a Cosplay ticket by mistake, what now?\u00a0\u00bb][vc_column_text uncode_shortcode_id=\u00a0\u00bb937257&Prime;]Pas de probl\u00e8me, vous pouvez payer la diff\u00e9rence de prix et faire transf\u00e9rer votre billet en un billet standard.<br \/>\nCela est possible en contactant le service de billetterie par e-mail avec cette question \u00e0 <a href=\"mailto:support@cmtickets.com\">support@cmtickets.com<\/a>[\/vc_column_text][\/vc_accordion_tab][vc_accordion_tab gutter_size=\u00a0\u00bb2&Prime; column_padding=\u00a0\u00bb2&Prime; title=\u00a0\u00bbJe souhaite surclasser mon billet standard en un billet week-end, Early Bird ou geek deluxe.\u00a0\u00bb tab_id=\u00a0\u00bb1675442475664-3-91678029498589&Prime; slug=\u00a0\u00bbI want to upgrade my standard ticket to a weekend ticket, Early Bird or a Geek Deluxe.\u00a0\u00bb][vc_column_text uncode_shortcode_id=\u00a0\u00bb188399&Prime;]Pas de probl\u00e8me, vous pouvez payer la diff\u00e9rence de prix et faire transf\u00e9rer votre billet vers le billet de votre choix.<br \/>\nCela est possible en contactant le service de billetterie par e-mail avec cette question \u00e0 <a href=\"mailto:support@cmtickets.com\">support@cmtickets.com<\/a>[\/vc_column_text][\/vc_accordion_tab][vc_accordion_tab gutter_size=\u00a0\u00bb2&Prime; column_padding=\u00a0\u00bb2&Prime; title=\u00a0\u00bbMa s\u00e9ance photo a \u00e9t\u00e9 annul\u00e9e car un acteur n&rsquo;a pas pu venir en raison d&rsquo;un cas de force majeure. Qu&rsquo;adviendra-t-il de mon billet pour la s\u00e9ance photo ?\u00a0\u00bb tab_id=\u00a0\u00bb1675442507649-4-61678029498589&Prime; slug=\u00a0\u00bbMy photoshoot was canceled because an actor was unable to come due to force majeure. What will happen to my photoshoot ticket?\u00a0\u00bb][vc_column_text uncode_shortcode_id=\u00a0\u00bb194788&Prime;]Vous recevrez un bon d&rsquo;\u00e9change dans les deux jours suivant l&rsquo;annulation, avec lequel vous pourrez \u00e9changer votre billet contre une autre s\u00e9ance photo \u00e0 Comic Con.<\/p>\n<p>Si vous ne souhaitez pas en profiter, vous recevrez un remboursement int\u00e9gral de votre argent dans les 10 jours ouvrables suivants. Vous n&rsquo;avez pas besoin d&rsquo;entreprendre<br \/>\nd&rsquo;action pour cela.[\/vc_column_text][\/vc_accordion_tab][vc_accordion_tab gutter_size=\u00a0\u00bb2&Prime; column_padding=\u00a0\u00bb2&Prime; title=\u00a0\u00bbPuis-je revendre mon billet Comic Con si je ne peux pas venir ?\u00a0\u00bb tab_id=\u00a0\u00bb1675442556723-5-71678029498589&Prime; slug=\u00a0\u00bbCan I resell my Comic Con ticket if I am unable to come?\u00a0\u00bb][vc_column_text uncode_shortcode_id=\u00a0\u00bb431537&Prime;]Les billets ne sont pas nominatifs \u00e0 Comic Con.<\/p>\n<p>Vous pouvez donc librement revendre votre billet pour la m\u00eame valeur ou moins, ou m\u00eame le donner \u00e0 un ami ou un membre de la famille.<\/p>\n<p>Cependant, il n&rsquo;est autoris\u00e9 de revendre qu&rsquo;occasionnellement et sans faire de profit.<\/p>\n<p>Ceci, bien entendu, pour pr\u00e9venir les abus.[\/vc_column_text][\/vc_accordion_tab][vc_accordion_tab gutter_size=\u00a0\u00bb2&Prime; column_padding=\u00a0\u00bb2&Prime; title=\u00a0\u00bbJe ne peux pas venir, est-il possible d&rsquo;obtenir un remboursement ?\u00a0\u00bb tab_id=\u00a0\u00bb1675442586633-6-91678029498589&Prime; slug=\u00a0\u00bbI am unable to come, is it possible to get a refund?\u00a0\u00bb][vc_column_text uncode_shortcode_id=\u00a0\u00bb121665&Prime;]Il n&rsquo;est pas possible d&rsquo;obtenir un remboursement pour les billets achet\u00e9s, mais vous \u00eates libre de les revendre vous-m\u00eame.[\/vc_column_text][\/vc_accordion_tab][\/vc_accordion][\/vc_column_inner][vc_column_inner column_width_percent=\u00a0\u00bb100&Prime; align_horizontal=\u00a0\u00bbalign_center\u00a0\u00bb gutter_size=\u00a0\u00bb2&Prime; style=\u00a0\u00bbdark\u00a0\u00bb overlay_alpha=\u00a0\u00bb50&Prime; shift_x=\u00a0\u00bb0&Prime; shift_y=\u00a0\u00bb0&Prime; shift_y_down=\u00a0\u00bb0&Prime; z_index=\u00a0\u00bb0&Prime; medium_width=\u00a0\u00bb0&Prime; mobile_width=\u00a0\u00bb0&Prime; css_animation=\u00a0\u00bbright-t-left\u00a0\u00bb sticky=\u00a0\u00bbyes\u00a0\u00bb width=\u00a0\u00bb1\/3&Prime; uncode_shortcode_id=\u00a0\u00bb486835&Prime; el_class=\u00a0\u00bbticketSupportBlock\u00a0\u00bb][vc_single_image media=\u00a0\u00bb296&Prime; media_width_use_pixel=\u00a0\u00bbyes\u00a0\u00bb alignment=\u00a0\u00bbcenter\u00a0\u00bb css_animation=\u00a0\u00bbzoom-in\u00a0\u00bb uncode_shortcode_id=\u00a0\u00bb156274&Prime; media_width_pixel=\u00a0\u00bb200&Prime;][vc_custom_heading heading_semantic=\u00a0\u00bbh4&Prime; text_size=\u00a0\u00bbh4&Prime; uncode_shortcode_id=\u00a0\u00bb860778&Prime;]Avez-vous des questions concernant la commande, le paiement ou la personnalisation des billets ?[\/vc_custom_heading][vc_column_text uncode_shortcode_id=\u00a0\u00bb100934&Prime;]Allez sur <a href=\"https:\/\/support.cmtickets.com\/nl\" target=\"_blank\" rel=\"noopener\">l&rsquo;assistance billetterie<\/a><br \/>\n(FAQ et WhatsApp)<br \/>\nou envoyez un e-mail \u00e0 <a href=\"mailto:support@cmtickets.com\" target=\"_blank\" rel=\"noopener\">support@cmtickets.com<\/a>[\/vc_column_text][\/vc_column_inner][\/vc_row_inner][vc_empty_space empty_h=\u00a0\u00bb3&Prime;][\/vc_column][\/vc_row]<\/p>\n<\/div>","protected":false},"excerpt":{"rendered":"<p>[vc_row row_height_percent=\u00a0\u00bb0&Prime; back_image=\u00a0\u00bb93&Prime; overlay_alpha=\u00a0\u00bb50&Prime; gutter_size=\u00a0\u00bb3&Prime; column_width_percent=\u00a0\u00bb100&Prime; shift_y=\u00a0\u00bb0&Prime; z_index=\u00a0\u00bb0&Prime; enable_bottom_divider=\u00a0\u00bbdefault\u00a0\u00bb shape_bottom_invert=\u00a0\u00bbyes\u00a0\u00bb shape_bottom_h_use_pixel=\u00a0\u00bb\u00a0\u00bb shape_bottom_height=\u00a0\u00bb100&Prime; shape_bottom_color=\u00a0\u00bbcolor-vyce\u00a0\u00bb shape_bottom_opacity=\u00a0\u00bb100&Prime; shape_bottom_index=\u00a0\u00bb0&Prime; content_parallax=\u00a0\u00bb0&Prime; uncode_shortcode_id=\u00a0\u00bb296500&Prime; row_height_pixel=\u00a0\u00bb450&Prime; shape_bottom_color_type=\u00a0\u00bbuncode-palette\u00a0\u00bb][vc_column width=\u00a0\u00bb1\/1&Prime;][vc_row_inner][vc_column_inner [&hellip;]<\/p>\n","protected":false},"author":1,"featured_media":521,"parent":0,"menu_order":0,"comment_status":"closed","ping_status":"closed","template":"","meta":{"footnotes":""},"class_list":["post-714","page","type-page","status-publish","has-post-thumbnail","hentry"],"_links":{"self":[{"href":"https:\/\/comiccon.lu\/fr\/wp-json\/wp\/v2\/pages\/714","targetHints":{"allow":["GET"]}}],"collection":[{"href":"https:\/\/comiccon.lu\/fr\/wp-json\/wp\/v2\/pages"}],"about":[{"href":"https:\/\/comiccon.lu\/fr\/wp-json\/wp\/v2\/types\/page"}],"author":[{"embeddable":true,"href":"https:\/\/comiccon.lu\/fr\/wp-json\/wp\/v2\/users\/1"}],"replies":[{"embeddable":true,"href":"https:\/\/comiccon.lu\/fr\/wp-json\/wp\/v2\/comments?post=714"}],"version-history":[{"count":8,"href":"https:\/\/comiccon.lu\/fr\/wp-json\/wp\/v2\/pages\/714\/revisions"}],"predecessor-version":[{"id":1677,"href":"https:\/\/comiccon.lu\/fr\/wp-json\/wp\/v2\/pages\/714\/revisions\/1677"}],"wp:featuredmedia":[{"embeddable":true,"href":"https:\/\/comiccon.lu\/fr\/wp-json\/wp\/v2\/media\/521"}],"wp:attachment":[{"href":"https:\/\/comiccon.lu\/fr\/wp-json\/wp\/v2\/media?parent=714"}],"curies":[{"name":"wp","href":"https:\/\/api.w.org\/{rel}","templated":true}]}}