{"id":717,"date":"2025-03-15T10:20:15","date_gmt":"2025-03-15T09:20:15","guid":{"rendered":"https:\/\/comiccon.lu\/activites\/cosplay\/"},"modified":"2025-11-04T10:35:26","modified_gmt":"2025-11-04T09:35:26","slug":"cosplay","status":"publish","type":"page","link":"https:\/\/comiccon.lu\/fr\/activites\/cosplay\/","title":{"rendered":"Cosplay"},"content":{"rendered":"<div class=\"wpb-content-wrapper\"><p>[vc_row row_height_percent=\u00a0\u00bb0&Prime; back_color=\u00a0\u00bbcolor-vyce\u00a0\u00bb overlay_alpha=\u00a0\u00bb50&Prime; gutter_size=\u00a0\u00bb3&Prime; column_width_percent=\u00a0\u00bb100&Prime; shift_y=\u00a0\u00bb0&Prime; z_index=\u00a0\u00bb0&Prime; content_parallax=\u00a0\u00bb0&Prime; uncode_shortcode_id=\u00a0\u00bb210101&Prime; back_color_type=\u00a0\u00bbuncode-palette\u00a0\u00bb][vc_column column_width_percent=\u00a0\u00bb100&Prime; gutter_size=\u00a0\u00bb3&Prime; style=\u00a0\u00bbdark\u00a0\u00bb overlay_alpha=\u00a0\u00bb50&Prime; shift_x=\u00a0\u00bb0&Prime; shift_y=\u00a0\u00bb0&Prime; shift_y_down=\u00a0\u00bb0&Prime; z_index=\u00a0\u00bb0&Prime; medium_width=\u00a0\u00bb0&Prime; mobile_width=\u00a0\u00bb0&Prime; width=\u00a0\u00bb1\/1&Prime; uncode_shortcode_id=\u00a0\u00bb158114&Prime;][vc_custom_heading heading_semantic=\u00a0\u00bbh1&Prime; text_size=\u00a0\u00bbh1&Prime; uncode_shortcode_id=\u00a0\u00bb852400&Prime;]Cosplay[\/vc_custom_heading][vc_row_inner][vc_column_inner column_width_percent=\u00a0\u00bb100&Prime; gutter_size=\u00a0\u00bb3&Prime; style=\u00a0\u00bbdark\u00a0\u00bb overlay_alpha=\u00a0\u00bb50&Prime; shift_x=\u00a0\u00bb0&Prime; shift_y=\u00a0\u00bb0&Prime; shift_y_down=\u00a0\u00bb0&Prime; z_index=\u00a0\u00bb0&Prime; medium_width=\u00a0\u00bb0&Prime; mobile_width=\u00a0\u00bb0&Prime; width=\u00a0\u00bb1\/3&Prime; uncode_shortcode_id=\u00a0\u00bb657169&Prime;][vc_column_text uncode_shortcode_id=\u00a0\u00bb100977&Prime;]Au Comic Con Luxembourg, nous consid\u00e9rons le cosplay comme l&rsquo;essence m\u00eame de tout bon Comic Con.<\/p>\n<p>C&rsquo;est pourquoi nous nous effor\u00e7ons d&rsquo;am\u00e9liorer et d&rsquo;enrichir l&rsquo;exp\u00e9rience de nos cosplayeurs d&rsquo;ann\u00e9e en ann\u00e9e.<\/p>\n<p>Nous sommes extr\u00eamement satisfaits de notre \u00e9quipe permanente d&rsquo;AMF Cosplay, qui s&rsquo;engage \u00e0 offrir une exp\u00e9rience de premier ordre \u00e0 chaque cosplayeur lors de chaque \u00e9dition.<\/p>\n<p>Saviez-vous qu&rsquo;au Comic Con Luxembourg, chaque cosplayeur b\u00e9n\u00e9ficie d&rsquo;une r\u00e9duction substantielle sur son billet, en guise de remerciement pour tous les efforts qu&rsquo;ils investissent dans leur passion ?<\/p>\n<p>Nous ne pouvons qu&rsquo;\u00eatre reconnaissants du fait que vous nous honorez de votre pr\u00e9sence \u00e0 chaque fois.<\/p>\n<p>Si personne d&rsquo;autre ne l&rsquo;a dit auparavant : Nous vous remercions d&rsquo;\u00eatre exceptionnels ![\/vc_column_text][vc_button button_color=\u00a0\u00bbcolor-141378&Prime; border_width=\u00a0\u00bb0&Prime; link=\u00a0\u00bburl:https%3A%2F%2Fcomiccon.lu%2Ffr%2Fformulaire-dinscription-au-cosplay%2F|title:Formulaire%20d&rsquo;inscription%20au%20cosplay\u00a0\u00bb uncode_shortcode_id=\u00a0\u00bb161576&Prime; button_color_type=\u00a0\u00bbuncode-palette\u00a0\u00bb]Participez \u00e0 notre comp\u00e9tition de cosplay[\/vc_button][\/vc_column_inner][vc_column_inner width=\u00a0\u00bb2\/3&Prime;][vc_single_image dynamic=\u00a0\u00bbyes\u00a0\u00bb media_width_percent=\u00a0\u00bb100&Prime; uncode_shortcode_id=\u00a0\u00bb205051&Prime;][\/vc_column_inner][\/vc_row_inner][vc_row_inner row_inner_height_percent=\u00a0\u00bb0&Prime; overlay_alpha=\u00a0\u00bb50&Prime; gutter_size=\u00a0\u00bb3&Prime; shift_y=\u00a0\u00bb0&Prime; z_index=\u00a0\u00bb0&Prime; desktop_visibility=\u00a0\u00bbyes\u00a0\u00bb medium_visibility=\u00a0\u00bbyes\u00a0\u00bb mobile_visibility=\u00a0\u00bbyes\u00a0\u00bb uncode_shortcode_id=\u00a0\u00bb134126&Prime;][vc_column_inner width=\u00a0\u00bb1\/1&Prime;][vc_custom_heading uncode_shortcode_id=\u00a0\u00bb289579&Prime;]hidden[\/vc_custom_heading][vc_custom_heading heading_semantic=\u00a0\u00bbh4&Prime; text_size=\u00a0\u00bbh4&Prime; text_transform=\u00a0\u00bbuppercase\u00a0\u00bb uncode_shortcode_id=\u00a0\u00bb115698&Prime;]Remerciements \u00e0 :[\/vc_custom_heading][vc_gallery el_id=\u00a0\u00bbgallery-137559&Prime; medias=\u00a0\u00bb1067&Prime; gutter_size=\u00a0\u00bb3&Prime; media_items=\u00a0\u00bbmedia|nolink|original\u00a0\u00bb screen_lg=\u00a0\u00bb1000&Prime; screen_md=\u00a0\u00bb600&Prime; screen_sm=\u00a0\u00bb480&Prime; single_width=\u00a0\u00bb2&Prime; images_size=\u00a0\u00bbone-one\u00a0\u00bb single_overlay_opacity=\u00a0\u00bb1&Prime; single_overlay_anim=\u00a0\u00bbno\u00a0\u00bb single_text_anim=\u00a0\u00bbno\u00a0\u00bb single_image_anim=\u00a0\u00bbno\u00a0\u00bb single_padding=\u00a0\u00bb2&Prime; single_border=\u00a0\u00bbyes\u00a0\u00bb uncode_shortcode_id=\u00a0\u00bb206551&Prime; items=\u00a0\u00bbeyIxMzcxX2kiOnsic2luZ2xlX2xpbmsiOiJ1cmw6aHR0cHM6Ly93d3cuZm9hbWF0ZWxpZXIubmwvfHRhcmdldDpfYmxhbmsifSwiMTM3Ml9pIjp7InNpbmdsZV9saW5rIjoidXJsOmh0dHBzOi8vbWluaXByaW50ZW4ubmwvfHRhcmdldDpfYmxhbmsifSwiMTM3OF9pIjp7InNpbmdsZV9saW5rIjoidXJsOmh0dHBzOi8vd3d3LmJ1ZGdldHN0b2ZmZW4ubmwvfHRhcmdldDpfYmxhbmsifX0=\u00a0\u00bb][vc_empty_space empty_h=\u00a0\u00bb2&Prime;][\/vc_column_inner][\/vc_row_inner][vc_row_inner row_inner_height_percent=\u00a0\u00bb0&Prime; overlay_alpha=\u00a0\u00bb50&Prime; gutter_size=\u00a0\u00bb3&Prime; shift_y=\u00a0\u00bb0&Prime; z_index=\u00a0\u00bb0&Prime;][vc_column_inner column_width_percent=\u00a0\u00bb100&Prime; gutter_size=\u00a0\u00bb2&Prime; style=\u00a0\u00bbdark\u00a0\u00bb overlay_alpha=\u00a0\u00bb50&Prime; shift_x=\u00a0\u00bb0&Prime; shift_y=\u00a0\u00bb0&Prime; shift_y_down=\u00a0\u00bb0&Prime; z_index=\u00a0\u00bb0&Prime; medium_width=\u00a0\u00bb0&Prime; mobile_width=\u00a0\u00bb0&Prime; width=\u00a0\u00bb2\/3&Prime; uncode_shortcode_id=\u00a0\u00bb212408&Prime;][vc_custom_heading heading_semantic=\u00a0\u00bbh3&Prime; text_size=\u00a0\u00bbh3&Prime; text_transform=\u00a0\u00bbuppercase\u00a0\u00bb uncode_shortcode_id=\u00a0\u00bb154441&Prime;]Activit\u00e9s li\u00e9es au cosplay au Comic Con Luxembourg :[\/vc_custom_heading][\/vc_column_inner][vc_column_inner column_width_percent=\u00a0\u00bb100&Prime; gutter_size=\u00a0\u00bb2&Prime; style=\u00a0\u00bbdark\u00a0\u00bb overlay_alpha=\u00a0\u00bb41&Prime; shift_x=\u00a0\u00bb0&Prime; shift_y=\u00a0\u00bb0&Prime; shift_y_down=\u00a0\u00bb0&Prime; z_index=\u00a0\u00bb0&Prime; medium_visibility=\u00a0\u00bbyes\u00a0\u00bb medium_width=\u00a0\u00bb0&Prime; mobile_visibility=\u00a0\u00bbyes\u00a0\u00bb mobile_width=\u00a0\u00bb0&Prime; width=\u00a0\u00bb1\/3&Prime; uncode_shortcode_id=\u00a0\u00bb147626&Prime;][\/vc_column_inner][\/vc_row_inner][vc_row_inner][vc_column_inner width=\u00a0\u00bb2\/3&Prime;][vc_single_image media=\u00a0\u00bb317&Prime; media_width_percent=\u00a0\u00bb100&Prime; uncode_shortcode_id=\u00a0\u00bb109874&Prime;][\/vc_column_inner][vc_column_inner column_width_percent=\u00a0\u00bb100&Prime; position_vertical=\u00a0\u00bbmiddle\u00a0\u00bb gutter_size=\u00a0\u00bb1&Prime; style=\u00a0\u00bbdark\u00a0\u00bb overlay_alpha=\u00a0\u00bb50&Prime; shift_x=\u00a0\u00bb0&Prime; shift_y=\u00a0\u00bb0&Prime; shift_y_down=\u00a0\u00bb0&Prime; z_index=\u00a0\u00bb0&Prime; medium_width=\u00a0\u00bb0&Prime; mobile_width=\u00a0\u00bb0&Prime; width=\u00a0\u00bb1\/3&Prime; uncode_shortcode_id=\u00a0\u00bb171098&Prime;][vc_custom_heading heading_semantic=\u00a0\u00bbh3&Prime; text_size=\u00a0\u00bbh3&Prime; text_transform=\u00a0\u00bbuppercase\u00a0\u00bb uncode_shortcode_id=\u00a0\u00bb166850&Prime;]D\u00e9fil\u00e9 de cosplay[\/vc_custom_heading][vc_column_text el_class=\u00a0\u00bbmargintop20&Prime; uncode_shortcode_id=\u00a0\u00bb206157&Prime;]En collaboration avec l&rsquo;extraordinaire \u00e9quipe de Cosplaycloud, nous avons con\u00e7u un podium sp\u00e9cial pour tous les cosplayeurs.<\/p>\n<p>Il ne s&rsquo;agit pas d&rsquo;une comp\u00e9tition et tous les cosplayeurs sont invit\u00e9s \u00e0 participer dans leur segment.<\/p>\n<p>Sur le podium, l&rsquo;accent est mis sur le divertissement et l&rsquo;\u00e9nergie tout au long de la journ\u00e9e.<\/p>\n<p>Voici les segments :<\/p>\n<ul>\n<li>Animation mondiale (Manga, Anime, Avatar, Rick Morty,&#8230;)<\/li>\n<li>D\u00e9fil\u00e9 Science-Fiction (Star Wars, Star Trek, Dr Who, &#8230;)<\/li>\n<li>D\u00e9fil\u00e9 Bandes Dessin\u00e9es (Tous les cosplays li\u00e9s aux comics)<\/li>\n<li>Finale du d\u00e9fil\u00e9 (ouvert \u00e0 tous types de cosplay)<\/li>\n<\/ul>\n<p>[\/vc_column_text][\/vc_column_inner][\/vc_row_inner][vc_row_inner][vc_column_inner column_width_percent=\u00a0\u00bb100&Prime; gutter_size=\u00a0\u00bb2&Prime; style=\u00a0\u00bbdark\u00a0\u00bb overlay_alpha=\u00a0\u00bb50&Prime; shift_x=\u00a0\u00bb0&Prime; shift_y=\u00a0\u00bb0&Prime; shift_y_down=\u00a0\u00bb0&Prime; z_index=\u00a0\u00bb0&Prime; medium_width=\u00a0\u00bb0&Prime; mobile_width=\u00a0\u00bb0&Prime; width=\u00a0\u00bb1\/3&Prime; uncode_shortcode_id=\u00a0\u00bb523162&Prime;][vc_custom_heading heading_semantic=\u00a0\u00bbh3&Prime; text_size=\u00a0\u00bbh3&Prime; text_transform=\u00a0\u00bbuppercase\u00a0\u00bb uncode_shortcode_id=\u00a0\u00bb144847&Prime;]Concours de Cosplay[\/vc_custom_heading][vc_column_text el_class=\u00a0\u00bbmargintop20&Prime; uncode_shortcode_id=\u00a0\u00bb128609&Prime;]Rejoignez-nous pour un Concours de Cosplay inoubliable au Comic Con Luxembourg,<\/p>\n<p>organis\u00e9 par AMF Cosplay ! Plongez dans des cat\u00e9gories adapt\u00e9es \u00e0 chaque cosplayeur, que vous excelliez dans la confection de costumes, la performance, ou la cr\u00e9ation de personnages originaux.<\/p>\n<p>Aper\u00e7u des cat\u00e9gories :<\/p>\n<ul>\n<li>Cat\u00e9gorie Costume : Accent sur l&rsquo;artisanat du cosplay.<\/li>\n<li>Cat\u00e9gorie Cosplay G\u00e9n\u00e9ral : Combinaison de cosplay et de performance.<\/li>\n<li>Cat\u00e9gorie Cr\u00e9ation Originale : Personnages originaux et cr\u00e9ations de mode.<\/li>\n<li>Cat\u00e9gorie Performance : Mise en valeur de vos talents de performance.<\/li>\n<\/ul>\n<p>La participation requiert une contribution significative faite par vos soins \u00e0 votre costume.<\/p>\n<p>Les cosplays achet\u00e9s ou r\u00e9alis\u00e9s par des tiers sont restreints dans certaines cat\u00e9gories.<\/p>\n<p>Faites partie de cet incroyable concours de cosplay ![\/vc_column_text][\/vc_column_inner][vc_column_inner column_width_percent=\u00a0\u00bb100&Prime; gutter_size=\u00a0\u00bb2&Prime; style=\u00a0\u00bbdark\u00a0\u00bb overlay_alpha=\u00a0\u00bb50&Prime; shift_x=\u00a0\u00bb0&Prime; shift_y=\u00a0\u00bb0&Prime; shift_y_down=\u00a0\u00bb0&Prime; z_index=\u00a0\u00bb0&Prime; medium_width=\u00a0\u00bb0&Prime; mobile_width=\u00a0\u00bb0&Prime; width=\u00a0\u00bb1\/3&Prime; uncode_shortcode_id=\u00a0\u00bb945879&Prime;][vc_custom_heading heading_semantic=\u00a0\u00bbh3&Prime; text_size=\u00a0\u00bbh3&Prime; text_transform=\u00a0\u00bbuppercase\u00a0\u00bb uncode_shortcode_id=\u00a0\u00bb208840&Prime;]Photomaton cosplay[\/vc_custom_heading][vc_column_text el_class=\u00a0\u00bbmargintop20&Prime; uncode_shortcode_id=\u00a0\u00bb198432&Prime;]<span style=\"font-weight: 400;\">AMF Cosplay<\/span> dispose d&rsquo;un photomaton professionnel sur leur stand o\u00f9 tous les cosplayeurs peuvent se faire photographier.<\/p>\n<p>Un charmant souvenir et comme tant d&rsquo;autres services de <span style=\"font-weight: 400;\">AMF Cosplay<\/span>, 100% gratuit.[\/vc_column_text][\/vc_column_inner][vc_column_inner column_width_percent=\u00a0\u00bb100&Prime; gutter_size=\u00a0\u00bb2&Prime; style=\u00a0\u00bbdark\u00a0\u00bb overlay_alpha=\u00a0\u00bb50&Prime; shift_x=\u00a0\u00bb0&Prime; shift_y=\u00a0\u00bb0&Prime; shift_y_down=\u00a0\u00bb0&Prime; z_index=\u00a0\u00bb0&Prime; medium_width=\u00a0\u00bb0&Prime; mobile_width=\u00a0\u00bb0&Prime; width=\u00a0\u00bb1\/3&Prime; uncode_shortcode_id=\u00a0\u00bb108033&Prime;][vc_custom_heading heading_semantic=\u00a0\u00bbh3&Prime; text_size=\u00a0\u00bbh3&Prime; text_transform=\u00a0\u00bbuppercase\u00a0\u00bb uncode_shortcode_id=\u00a0\u00bb561253&Prime;]Le cosplay n&rsquo;est pas un consentement[\/vc_custom_heading][vc_column_text el_class=\u00a0\u00bbmargintop20&Prime; uncode_shortcode_id=\u00a0\u00bb116443&Prime;]Le cosplay est pour tous et appartient \u00e0 tous. Il est de la plus haute importance que cela puisse se faire dans un environnement agr\u00e9able et s\u00fbr avec le respect requis. Avec Comic Con Luxembourg, nous faisons partie du mouvement &lsquo;Cosplay Is Not Consent&rsquo; et prenons tr\u00e8s au s\u00e9rieux toute violation.<\/p>\n<p>Lisez attentivement ces r\u00e8gles. Si vous pensez qu&rsquo;elles ne s&rsquo;appliquent pas \u00e0 vous, nous estimons qu&rsquo;il est pr\u00e9f\u00e9rable que vous visitiez un autre \u00e9v\u00e9nement.[\/vc_column_text][\/vc_column_inner][\/vc_row_inner][vc_empty_space empty_h=\u00a0\u00bb5&Prime;][\/vc_column][\/vc_row][vc_row row_height_percent=\u00a0\u00bb0&Prime; override_padding=\u00a0\u00bbyes\u00a0\u00bb h_padding=\u00a0\u00bb2&Prime; top_padding=\u00a0\u00bb2&Prime; bottom_padding=\u00a0\u00bb3&Prime; back_color=\u00a0\u00bbcolor-vyce\u00a0\u00bb overlay_alpha=\u00a0\u00bb50&Prime; gutter_size=\u00a0\u00bb3&Prime; column_width_percent=\u00a0\u00bb100&Prime; shift_y=\u00a0\u00bb0&Prime; z_index=\u00a0\u00bb0&Prime; content_parallax=\u00a0\u00bb0&Prime; uncode_shortcode_id=\u00a0\u00bb156900&Prime; back_color_type=\u00a0\u00bbuncode-palette\u00a0\u00bb][vc_column column_width_percent=\u00a0\u00bb100&Prime; gutter_size=\u00a0\u00bb3&Prime; style=\u00a0\u00bbdark\u00a0\u00bb overlay_alpha=\u00a0\u00bb50&Prime; shift_x=\u00a0\u00bb0&Prime; shift_y=\u00a0\u00bb0&Prime; shift_y_down=\u00a0\u00bb0&Prime; z_index=\u00a0\u00bb0&Prime; medium_width=\u00a0\u00bb0&Prime; mobile_width=\u00a0\u00bb0&Prime; width=\u00a0\u00bb1\/1&Prime; uncode_shortcode_id=\u00a0\u00bb112036&Prime;][vc_custom_heading text_color=\u00a0\u00bbcolor-xsdn\u00a0\u00bb uncode_shortcode_id=\u00a0\u00bb796003&Prime; text_color_type=\u00a0\u00bbuncode-palette\u00a0\u00bb]Voici nos r\u00e8gles :[\/vc_custom_heading][vc_column_text uncode_shortcode_id=\u00a0\u00bb956977&Prime;]Cr\u00e9er un environnement s\u00fbr et extr\u00eamement divertissant devrait \u00eatre l&rsquo;objectif de chaque Comic Con et nous sommes heureux d&rsquo;y parvenir chaque ann\u00e9e.[\/vc_column_text][vc_row_inner][vc_column_inner column_width_percent=\u00a0\u00bb100&Prime; gutter_size=\u00a0\u00bb3&Prime; style=\u00a0\u00bbdark\u00a0\u00bb overlay_alpha=\u00a0\u00bb50&Prime; shift_x=\u00a0\u00bb0&Prime; shift_y=\u00a0\u00bb0&Prime; shift_y_down=\u00a0\u00bb0&Prime; z_index=\u00a0\u00bb0&Prime; medium_width=\u00a0\u00bb0&Prime; mobile_width=\u00a0\u00bb0&Prime; width=\u00a0\u00bb1\/4&Prime;][vc_column_text uncode_shortcode_id=\u00a0\u00bb180921&Prime;]<strong>Politique de tol\u00e9rance z\u00e9ro :<\/strong><\/p>\n<ul>\n<li>Harc\u00e8lement<\/li>\n<li>Commentaires verbaux offensants<\/li>\n<li>Photographie ou enregistrement harcelant ou non consensuel<\/li>\n<li>Attention physique non d\u00e9sir\u00e9e<\/li>\n<li>Intimidation<\/li>\n<li>Agression physique<\/li>\n<\/ul>\n<p>[\/vc_column_text][\/vc_column_inner][vc_column_inner column_width_percent=\u00a0\u00bb100&Prime; gutter_size=\u00a0\u00bb3&Prime; style=\u00a0\u00bbdark\u00a0\u00bb overlay_alpha=\u00a0\u00bb50&Prime; shift_x=\u00a0\u00bb0&Prime; shift_y=\u00a0\u00bb0&Prime; shift_y_down=\u00a0\u00bb0&Prime; z_index=\u00a0\u00bb0&Prime; medium_width=\u00a0\u00bb0&Prime; mobile_width=\u00a0\u00bb0&Prime; width=\u00a0\u00bb1\/4&Prime;][vc_column_text uncode_shortcode_id=\u00a0\u00bb182821&Prime;]<strong>En relation, mais non limit\u00e9, \u00e0 :<\/strong><\/p>\n<ul>\n<li>Course<\/li>\n<li>Origine<\/li>\n<li>Genre<\/li>\n<li>Orientation sexuelle<\/li>\n<li>Taille corporelle<\/li>\n<li>Apparence<\/li>\n<li>Couleur<\/li>\n<li>\u00c2ge<\/li>\n<li>Religion<\/li>\n<li>Handicap<\/li>\n<li>&#8230;<\/li>\n<\/ul>\n<p>[\/vc_column_text][\/vc_column_inner][vc_column_inner column_width_percent=\u00a0\u00bb100&Prime; gutter_size=\u00a0\u00bb2&Prime; style=\u00a0\u00bbdark\u00a0\u00bb overlay_alpha=\u00a0\u00bb50&Prime; shift_x=\u00a0\u00bb0&Prime; shift_y=\u00a0\u00bb0&Prime; shift_y_down=\u00a0\u00bb0&Prime; z_index=\u00a0\u00bb0&Prime; medium_width=\u00a0\u00bb0&Prime; mobile_width=\u00a0\u00bb0&Prime; width=\u00a0\u00bb2\/4&Prime; uncode_shortcode_id=\u00a0\u00bb380805&Prime;][vc_column_text uncode_shortcode_id=\u00a0\u00bb173114&Prime;]<\/p>\n<ol>\n<li>Tous les visiteurs portant un appareil photo ou une cam\u00e9ra (semi-)professionnel(le) doivent s&rsquo;enregistrer avant d&rsquo;entrer.<\/li>\n<li>Si vous souhaitez prendre une photo ou une vid\u00e9o de ou avec quelqu&rsquo;un : Demandez toujours la permission d&rsquo;abord. Si la r\u00e9ponse est non, ne le faites pas.<\/li>\n<li>Gardez vos mains pour vous. Respectez l&rsquo;espace personnel des gens. Le cosplay\/costume ne signifie pas consentement. Voir la r\u00e8gle num\u00e9ro 1 : Nous avons une politique de tol\u00e9rance z\u00e9ro \u00e0 ce sujet.<\/li>\n<li>Soyez respectueux, aimable et poli envers tout le monde ! Vous verrez que cela en vaut la peine et que cela fait de vous une meilleure personne !<\/li>\n<li>AMUSEZ-VOUS ! Notre mission est de cr\u00e9er un environnement amusant, s\u00fbr et accueillant pour tous ! Faites-en partie et passez un moment incroyable tout en respectant les r\u00e8gles !<\/li>\n<\/ol>\n<p>[\/vc_column_text][\/vc_column_inner][\/vc_row_inner][\/vc_column][\/vc_row][vc_row row_height_percent=\u00a0\u00bb0&Prime; override_padding=\u00a0\u00bbyes\u00a0\u00bb h_padding=\u00a0\u00bb2&Prime; top_padding=\u00a0\u00bb3&Prime; bottom_padding=\u00a0\u00bb2&Prime; back_color=\u00a0\u00bbcolor-jevc\u00a0\u00bb overlay_alpha=\u00a0\u00bb50&Prime; gutter_size=\u00a0\u00bb3&Prime; column_width_percent=\u00a0\u00bb100&Prime; shift_y=\u00a0\u00bb0&Prime; z_index=\u00a0\u00bb0&Prime; el_class=\u00a0\u00bbexperiencepagev2&Prime; uncode_shortcode_id=\u00a0\u00bb965876&Prime; back_color_type=\u00a0\u00bbuncode-palette\u00a0\u00bb][vc_column column_width_percent=\u00a0\u00bb100&Prime; position_vertical=\u00a0\u00bbmiddle\u00a0\u00bb gutter_size=\u00a0\u00bb2&Prime; style=\u00a0\u00bbdark\u00a0\u00bb overlay_alpha=\u00a0\u00bb50&Prime; shift_x=\u00a0\u00bb0&Prime; shift_y=\u00a0\u00bb0&Prime; shift_y_down=\u00a0\u00bb0&Prime; z_index=\u00a0\u00bb0&Prime; medium_width=\u00a0\u00bb0&Prime; mobile_width=\u00a0\u00bb0&Prime; width=\u00a0\u00bb1\/3&Prime; uncode_shortcode_id=\u00a0\u00bb207322&Prime;][vc_custom_heading heading_semantic=\u00a0\u00bbh3&Prime; text_size=\u00a0\u00bbh3&Prime; text_transform=\u00a0\u00bbuppercase\u00a0\u00bb uncode_shortcode_id=\u00a0\u00bb385118&Prime;]Invit\u00e9s sp\u00e9ciaux dans le cosplay[\/vc_custom_heading][vc_column_text el_class=\u00a0\u00bbmargintop20&Prime; uncode_shortcode_id=\u00a0\u00bb115467&Prime;]Chaque ann\u00e9e, nous invitons \u00e9galement des cosplayers de renomm\u00e9e mondiale \u00e0 Comic Con Luxembourg pour rencontrer les admirateurs, partager leurs exp\u00e9riences lors d&rsquo;une s\u00e9ance de questions-r\u00e9ponses et, bien entendu, pour \u00eatre membre honoraire du jury de notre concours.<\/p>\n<p>Les invit\u00e9s des ann\u00e9es pr\u00e9c\u00e9dentes \u00e9taient des cosplayers mondialement c\u00e9l\u00e8bres tels que Yaya Han, Nicole Marie Jean, Anna Moleva, Irine Meier, &#8230;[\/vc_column_text][\/vc_column][vc_column width=\u00a0\u00bb2\/3&Prime;][vc_single_image media=\u00a0\u00bb318&Prime; media_width_percent=\u00a0\u00bb100&Prime; uncode_shortcode_id=\u00a0\u00bb109481&Prime;][\/vc_column][\/vc_row][vc_row row_height_percent=\u00a0\u00bb0&Prime; back_color=\u00a0\u00bbcolor-jevc\u00a0\u00bb overlay_alpha=\u00a0\u00bb50&Prime; gutter_size=\u00a0\u00bb3&Prime; column_width_percent=\u00a0\u00bb100&Prime; shift_y=\u00a0\u00bb0&Prime; z_index=\u00a0\u00bb0&Prime; uncode_shortcode_id=\u00a0\u00bb497502&Prime; back_color_type=\u00a0\u00bbuncode-palette\u00a0\u00bb][vc_column column_width_percent=\u00a0\u00bb100&Prime; gutter_size=\u00a0\u00bb3&Prime; style=\u00a0\u00bbdark\u00a0\u00bb overlay_alpha=\u00a0\u00bb50&Prime; shift_x=\u00a0\u00bb0&Prime; shift_y=\u00a0\u00bb0&Prime; shift_y_down=\u00a0\u00bb0&Prime; z_index=\u00a0\u00bb0&Prime; medium_width=\u00a0\u00bb0&Prime; mobile_width=\u00a0\u00bb0&Prime; width=\u00a0\u00bb1\/1&Prime; uncode_shortcode_id=\u00a0\u00bb346847&Prime;][vc_custom_heading heading_semantic=\u00a0\u00bbh4&Prime; text_size=\u00a0\u00bbh4&Prime; uncode_shortcode_id=\u00a0\u00bb210988&Prime;]Activit\u00e9s suppl\u00e9mentaires[\/vc_custom_heading][\/vc_column][\/vc_row][vc_row][vc_column width=\u00a0\u00bb1\/1&Prime;][uncode_block id=\u00a0\u00bb617&Prime;][\/vc_column][\/vc_row][vc_row row_height_percent=\u00a0\u00bb0&Prime; back_color=\u00a0\u00bbcolor-vyce\u00a0\u00bb overlay_alpha=\u00a0\u00bb50&Prime; gutter_size=\u00a0\u00bb3&Prime; column_width_percent=\u00a0\u00bb100&Prime; shift_y=\u00a0\u00bb0&Prime; z_index=\u00a0\u00bb0&Prime; content_parallax=\u00a0\u00bb0&Prime; uncode_shortcode_id=\u00a0\u00bb161127&Prime; back_color_type=\u00a0\u00bbuncode-palette\u00a0\u00bb][vc_column width=\u00a0\u00bb1\/1&Prime;][vc_empty_space empty_h=\u00a0\u00bb3&Prime;][\/vc_column][\/vc_row][vc_row][vc_column width=\u00a0\u00bb1\/1&Prime;][uncode_block id=\u00a0\u00bb608&Prime;][\/vc_column][\/vc_row]<\/p>\n<\/div>","protected":false},"excerpt":{"rendered":"<p>[vc_row row_height_percent=\u00a0\u00bb0&Prime; back_color=\u00a0\u00bbcolor-vyce\u00a0\u00bb overlay_alpha=\u00a0\u00bb50&Prime; gutter_size=\u00a0\u00bb3&Prime; column_width_percent=\u00a0\u00bb100&Prime; shift_y=\u00a0\u00bb0&Prime; z_index=\u00a0\u00bb0&Prime; content_parallax=\u00a0\u00bb0&Prime; uncode_shortcode_id=\u00a0\u00bb210101&Prime; back_color_type=\u00a0\u00bbuncode-palette\u00a0\u00bb][vc_column column_width_percent=\u00a0\u00bb100&Prime; gutter_size=\u00a0\u00bb3&Prime; style=\u00a0\u00bbdark\u00a0\u00bb overlay_alpha=\u00a0\u00bb50&Prime; shift_x=\u00a0\u00bb0&Prime; shift_y=\u00a0\u00bb0&Prime; shift_y_down=\u00a0\u00bb0&Prime; z_index=\u00a0\u00bb0&Prime; medium_width=\u00a0\u00bb0&Prime; [&hellip;]<\/p>\n","protected":false},"author":1,"featured_media":556,"parent":685,"menu_order":0,"comment_status":"closed","ping_status":"closed","template":"","meta":{"footnotes":""},"class_list":["post-717","page","type-page","status-publish","has-post-thumbnail","hentry"],"_links":{"self":[{"href":"https:\/\/comiccon.lu\/fr\/wp-json\/wp\/v2\/pages\/717","targetHints":{"allow":["GET"]}}],"collection":[{"href":"https:\/\/comiccon.lu\/fr\/wp-json\/wp\/v2\/pages"}],"about":[{"href":"https:\/\/comiccon.lu\/fr\/wp-json\/wp\/v2\/types\/page"}],"author":[{"embeddable":true,"href":"https:\/\/comiccon.lu\/fr\/wp-json\/wp\/v2\/users\/1"}],"replies":[{"embeddable":true,"href":"https:\/\/comiccon.lu\/fr\/wp-json\/wp\/v2\/comments?post=717"}],"version-history":[{"count":9,"href":"https:\/\/comiccon.lu\/fr\/wp-json\/wp\/v2\/pages\/717\/revisions"}],"predecessor-version":[{"id":1472,"href":"https:\/\/comiccon.lu\/fr\/wp-json\/wp\/v2\/pages\/717\/revisions\/1472"}],"up":[{"embeddable":true,"href":"https:\/\/comiccon.lu\/fr\/wp-json\/wp\/v2\/pages\/685"}],"wp:featuredmedia":[{"embeddable":true,"href":"https:\/\/comiccon.lu\/fr\/wp-json\/wp\/v2\/media\/556"}],"wp:attachment":[{"href":"https:\/\/comiccon.lu\/fr\/wp-json\/wp\/v2\/media?parent=717"}],"curies":[{"name":"wp","href":"https:\/\/api.w.org\/{rel}","templated":true}]}}