{"id":726,"date":"2025-03-13T14:58:08","date_gmt":"2025-03-13T13:58:08","guid":{"rendered":"https:\/\/comiccon.lu\/politique-de-confidentialite\/"},"modified":"2025-06-18T16:06:55","modified_gmt":"2025-06-18T15:06:55","slug":"politique-de-confidentialite","status":"publish","type":"page","link":"https:\/\/comiccon.lu\/fr\/politique-de-confidentialite\/","title":{"rendered":"Politique de confidentialit\u00e9"},"content":{"rendered":"<div class=\"wpb-content-wrapper\"><p>[vc_row][vc_column width=\u00a0\u00bb2\/3&Prime;][vc_empty_space empty_h=\u00a0\u00bb2&Prime;][vc_custom_heading]Politique de confidentialit\u00e9[\/vc_custom_heading][vc_column_text uncode_shortcode_id=\u00a0\u00bb142227&Prime;]<\/p>\n<p>Date d&rsquo;entr\u00e9e en vigueur : 1er janvier 2025<\/p>\n<p>Comic Con Luxembourg (\u00ab nous \u00bb, \u00ab notre \u00bb, ou \u00ab nos \u00bb) exploite le site web https:\/\/comiccon.lu (le \u00ab Service \u00bb).<\/p>\n<p>Cette page vous informe de nos politiques concernant la collecte, l&rsquo;utilisation et la divulgation des donn\u00e9es personnelles lorsque vous utilisez notre Service et les choix dont vous disposez en relation avec ces donn\u00e9es.<\/p>\n<p>Nous utilisons vos donn\u00e9es pour fournir et am\u00e9liorer le Service. En utilisant le Service, vous consentez \u00e0 la collecte et \u00e0 l&rsquo;utilisation d&rsquo;informations conform\u00e9ment \u00e0 cette politique. Sauf d\u00e9finition contraire dans la pr\u00e9sente Politique de confidentialit\u00e9, les termes utilis\u00e9s dans cette Politique de confidentialit\u00e9 ont la m\u00eame signification que dans nos Conditions g\u00e9n\u00e9rales, accessibles sur https:\/\/comiccon.lu<\/p>\n<h2>Collecte et utilisation des informations<\/h2>\n<p>Nous collectons plusieurs types d&rsquo;informations \u00e0 diverses fins pour fournir et am\u00e9liorer notre Service \u00e0 votre intention.<\/p>\n<h3>Types de donn\u00e9es collect\u00e9es<\/h3>\n<h4>Donn\u00e9es Personnelles<\/h4>\n<p>Lors de l&rsquo;utilisation de notre Service, il est possible que nous vous demandions de nous fournir certaines informations personnellement identifiables qui peuvent \u00eatre utilis\u00e9es pour vous contacter ou vous identifier (\u00ab Donn\u00e9es personnelles \u00bb). Les informations personnellement identifiables peuvent inclure, sans s&rsquo;y limiter :<\/p>\n<ul>\n<li>Adresse e-mail<\/li>\n<li>Nom et pr\u00e9nom<\/li>\n<li>Cookies et donn\u00e9es d&rsquo;utilisation<\/li>\n<\/ul>\n<h4>Donn\u00e9es d&rsquo;Utilisation<\/h4>\n<p>Nous pouvons \u00e9galement recueillir des informations sur la mani\u00e8re dont le Service est acc\u00e9d\u00e9 et utilis\u00e9 (\u00ab Donn\u00e9es d&rsquo;utilisation \u00bb). Ces Donn\u00e9es d&rsquo;utilisation peuvent inclure des informations telles que l&rsquo;adresse de protocole Internet de votre ordinateur (par exemple, adresse IP), le type de navigateur, la version du navigateur, les pages de notre Service que vous visitez, l&rsquo;heure et la date de votre visite, le temps pass\u00e9 sur ces pages, les identifiants uniques des dispositifs et d&rsquo;autres donn\u00e9es de diagnostic.<\/p>\n<h4>Suivi et donn\u00e9es des cookies<\/h4>\n<p>Nous utilisons des cookies et des technologies de suivi similaires pour suivre l&rsquo;activit\u00e9 sur notre Service et conserver certaines informations.<\/p>\n<p>Les cookies sont des fichiers contenant une petite quantit\u00e9 de donn\u00e9es qui peuvent inclure un identifiant unique anonyme. Les cookies sont envoy\u00e9s \u00e0 votre navigateur depuis un site web et stock\u00e9s sur votre appareil. Les technologies de suivi \u00e9galement utilis\u00e9es sont les balises, les tags et les scripts pour collecter et suivre les informations et pour am\u00e9liorer et analyser notre Service.<\/p>\n<p>Vous pouvez demander \u00e0 votre navigateur de refuser tous les cookies ou d&rsquo;indiquer quand un cookie est envoy\u00e9. Cependant, si vous n&rsquo;acceptez pas les cookies, il est possible que vous ne puissiez pas utiliser certaines parties de notre Service.<\/p>\n<p>Exemples de cookies que nous utilisons :<\/p>\n<ul>\n<li><strong>Cookies de session.<\/strong> Nous utilisons des cookies de session pour faire fonctionner notre Service.<\/li>\n<li><strong>Cookies de pr\u00e9f\u00e9rences.<\/strong> Nous utilisons des cookies de pr\u00e9f\u00e9rences pour m\u00e9moriser vos pr\u00e9f\u00e9rences et divers param\u00e8tres.<\/li>\n<li><strong>Cookies de s\u00e9curit\u00e9.<\/strong> Nous utilisons des cookies de s\u00e9curit\u00e9 \u00e0 des fins de s\u00e9curit\u00e9.<\/li>\n<\/ul>\n<h2>Utilisation des donn\u00e9es<\/h2>\n<p>Le groupe Comic Con utilise les donn\u00e9es collect\u00e9es \u00e0 diverses fins :<\/p>\n<ul>\n<li>Pour fournir et maintenir le Service<\/li>\n<li>Pour vous informer des changements apport\u00e9s \u00e0 notre Service<\/li>\n<li>Pour vous permettre de participer aux fonctionnalit\u00e9s interactives de notre Service lorsque vous choisissez de le faire<\/li>\n<li>Pour fournir un service client et un support<\/li>\n<li>Pour fournir des analyses ou des informations pr\u00e9cieuses afin que nous puissions am\u00e9liorer le Service<\/li>\n<li>Pour surveiller l&rsquo;utilisation du Service<\/li>\n<li>Pour d\u00e9tecter, pr\u00e9venir et r\u00e9soudre les probl\u00e8mes techniques<\/li>\n<\/ul>\n<h2>Transfert de donn\u00e9es<\/h2>\n<p>Vos informations, y compris les Donn\u00e9es personnelles, peuvent \u00eatre transf\u00e9r\u00e9es et conserv\u00e9es sur des ordinateurs situ\u00e9s en dehors de votre \u00e9tat, province, pays ou autre juridiction gouvernementale o\u00f9 les lois sur la protection des donn\u00e9es peuvent diff\u00e9rer de celles de votre juridiction.<\/p>\n<p>Si vous \u00eates situ\u00e9 en dehors de la Belgique et que vous choisissez de nous fournir des informations, veuillez noter que nous transf\u00e9rons les donn\u00e9es, y compris les Donn\u00e9es personnelles, en Belgique et les traitons l\u00e0-bas.<\/p>\n<p>Votre consentement \u00e0 cette Politique de confidentialit\u00e9 suivi de votre soumission de telles informations repr\u00e9sente votre accord \u00e0 ce transfert.<\/p>\n<p>Le groupe Comic Con prendra toutes les mesures raisonnablement n\u00e9cessaires pour s&rsquo;assurer que vos donn\u00e9es sont trait\u00e9es de mani\u00e8re s\u00e9curis\u00e9e et conform\u00e9ment \u00e0 la pr\u00e9sente Politique de confidentialit\u00e9 et aucun transfert de vos Donn\u00e9es personnelles n&rsquo;aura lieu vers une organisation ou un pays \u00e0 moins qu&rsquo;il n&rsquo;y ait des contr\u00f4les ad\u00e9quats en place, y compris la s\u00e9curit\u00e9 de vos donn\u00e9es et autres informations personnelles.<\/p>\n<h2>Divulgation des donn\u00e9es<\/h2>\n<h3>Exigences l\u00e9gales<\/h3>\n<p>Le groupe Comic Con peut divulguer vos Donn\u00e9es personnelles dans la conviction de bonne foi qu&rsquo;une telle action est n\u00e9cessaire pour :<\/p>\n<ul>\n<li>Se conformer \u00e0 une obligation l\u00e9gale<\/li>\n<li>Prot\u00e9ger et d\u00e9fendre les droits ou la propri\u00e9t\u00e9 du groupe Comic Con<\/li>\n<li>Pr\u00e9venir ou enqu\u00eater sur d&rsquo;\u00e9ventuels actes r\u00e9pr\u00e9hensibles en rapport avec le Service<\/li>\n<li>Prot\u00e9ger la s\u00e9curit\u00e9 personnelle des utilisateurs du Service ou du public<\/li>\n<li>Se prot\u00e9ger contre la responsabilit\u00e9 juridique<\/li>\n<\/ul>\n<h2>S\u00e9curit\u00e9 des donn\u00e9es<\/h2>\n<p>La s\u00e9curit\u00e9 de vos donn\u00e9es est importante pour nous, mais rappelez-vous qu&rsquo;aucune m\u00e9thode de transmission sur Internet, ni aucune m\u00e9thode de stockage \u00e9lectronique n&rsquo;est s\u00e9curis\u00e9e \u00e0 100%. Bien que nous nous efforcions d&rsquo;utiliser des moyens commercialement acceptables pour prot\u00e9ger vos Donn\u00e9es Personnelles, nous ne pouvons garantir leur s\u00e9curit\u00e9 absolue.<\/p>\n<h2>Prestataires de services<\/h2>\n<p>Nous pouvons employer des soci\u00e9t\u00e9s tierces et des individus pour faciliter notre Service (\u00ab Prestataires de Services \u00bb), pour fournir le Service en notre nom, pour ex\u00e9cuter des services li\u00e9s au Service ou pour nous assister dans l&rsquo;analyse de l&rsquo;utilisation de notre Service.<\/p>\n<p>Ces tiers n&rsquo;ont acc\u00e8s \u00e0 vos Donn\u00e9es Personnelles que pour effectuer ces t\u00e2ches en notre nom et sont tenus de ne pas les divulguer ni les utiliser \u00e0 d&rsquo;autres fins.<\/p>\n<h3>Analyses<\/h3>\n<p>Nous pouvons faire appel \u00e0 des Prestataires de Services tiers pour surveiller et analyser l&rsquo;utilisation de notre Service.<\/p>\n<ul>\n<li><strong>Google Analytics <\/strong>Google Analytics est un service d&rsquo;analyse web propos\u00e9 par Google qui suit et rapporte le trafic du site web. Google utilise les donn\u00e9es collect\u00e9es pour suivre et surveiller l&rsquo;utilisation de notre Service. Ces donn\u00e9es sont partag\u00e9es avec d&rsquo;autres services Google. Google peut utiliser les donn\u00e9es collect\u00e9es pour contextualiser et personnaliser les annonces de son propre r\u00e9seau publicitaire. Vous pouvez choisir de ne pas rendre votre activit\u00e9 sur le Service disponible \u00e0 Google Analytics en installant le module compl\u00e9mentaire de navigateur pour la d\u00e9sactivation de Google Analytics. Ce module compl\u00e9mentaire emp\u00eache le JavaScript de Google Analytics (ga.js, analytics.js et dc.js) de partager des informations avec Google Analytics sur l&rsquo;activit\u00e9 des visites. Pour plus d&rsquo;informations sur les pratiques de confidentialit\u00e9 de Google, veuillez consulter la page web Confidentialit\u00e9 et Conditions de Google : <a href=\"https:\/\/policies.google.com\/privacy?hl=en\" target=\"_blank\" rel=\"noopener\">https:\/\/policies.google.com\/privacy?hl=fr<\/a><\/li>\n<\/ul>\n<h2>Liens vers d&rsquo;autres sites<\/h2>\n<p>Notre Service peut contenir des liens vers d&rsquo;autres sites qui ne sont pas exploit\u00e9s par nous. Si vous cliquez sur un lien tiers, vous serez dirig\u00e9 vers le site de ce tiers. Nous vous conseillons vivement d&rsquo;examiner la Politique de Confidentialit\u00e9 de chaque site que vous visitez.<\/p>\n<p>Nous n&rsquo;avons aucun contr\u00f4le et n&rsquo;assumons aucune responsabilit\u00e9 quant au contenu, aux politiques de confidentialit\u00e9 ou aux pratiques des sites ou services tiers.<\/p>\n<h2>Confidentialit\u00e9 des enfants<\/h2>\n<p>Notre Service ne s&rsquo;adresse pas aux personnes de moins de 18 ans (\u00ab Enfants \u00bb).<\/p>\n<p>Nous ne collectons pas sciemment d&rsquo;informations personnellement identifiables aupr\u00e8s de personnes de moins de 18 ans. Si vous \u00eates un parent ou un tuteur et que vous savez que votre Enfant nous a fourni des Donn\u00e9es Personnelles, veuillez nous contacter. Si nous apprenons que nous avons collect\u00e9 des Donn\u00e9es Personnelles d&rsquo;enfants sans v\u00e9rification du consentement parental, nous prenons des mesures pour supprimer ces informations de nos serveurs.<\/p>\n<h2>Modifications de cette politique de confidentialit\u00e9<\/h2>\n<p>Nous pouvons mettre \u00e0 jour notre Politique de Confidentialit\u00e9 de temps \u00e0 autre. Nous vous informerons de tout changement en publiant la nouvelle Politique de Confidentialit\u00e9 sur cette page.<\/p>\n<p>Nous vous informerons par e-mail et\/ou par un avis visible sur notre Service, avant que le changement ne devienne effectif, et nous mettrons \u00e0 jour la \u00ab date d&rsquo;entr\u00e9e en vigueur \u00bb en haut de cette Politique de Confidentialit\u00e9.<\/p>\n<p>Nous vous conseillons de consulter p\u00e9riodiquement cette Politique de Confidentialit\u00e9 pour prendre connaissance de tout changement. Les modifications apport\u00e9es \u00e0 cette Politique de Confidentialit\u00e9 entrent en vigueur lorsqu&rsquo;elles sont publi\u00e9es sur cette page.<\/p>\n<h2>Contactez-nous<\/h2>\n<p>Si vous avez des questions concernant cette Politique de Confidentialit\u00e9, veuillez nous contacter :<\/p>\n<ul>\n<li>Par e-mail : contact@comiccon.lu<\/li>\n<\/ul>\n<h2>Adresse physique<\/h2>\n<p><strong>COMIC CON GROUP<\/strong><br \/>\nNormaalschoolstraat 55<br \/>\n9000 Gand<br \/>\nBelgique, Europe<\/p>\n<p>Entreprenerd<br \/>\nBE 0632.521.855<\/p>\n<p>[\/vc_column_text][vc_empty_space empty_h=\u00a0\u00bb2&Prime;][\/vc_column][vc_column width=\u00a0\u00bb1\/3&Prime;][\/vc_column][\/vc_row]<\/p>\n<\/div>","protected":false},"excerpt":{"rendered":"<p>[vc_row][vc_column width=\u00a0\u00bb2\/3&Prime;][vc_empty_space empty_h=\u00a0\u00bb2&Prime;][vc_custom_heading]Politique de confidentialit\u00e9[\/vc_custom_heading][vc_column_text uncode_shortcode_id=\u00a0\u00bb142227&Prime;] Date d&rsquo;entr\u00e9e en vigueur : 1er janvier 2025 Comic Con Luxembourg (\u00ab nous \u00bb, [&hellip;]<\/p>\n","protected":false},"author":1,"featured_media":0,"parent":0,"menu_order":0,"comment_status":"closed","ping_status":"open","template":"","meta":{"footnotes":""},"class_list":["post-726","page","type-page","status-publish","hentry"],"_links":{"self":[{"href":"https:\/\/comiccon.lu\/fr\/wp-json\/wp\/v2\/pages\/726","targetHints":{"allow":["GET"]}}],"collection":[{"href":"https:\/\/comiccon.lu\/fr\/wp-json\/wp\/v2\/pages"}],"about":[{"href":"https:\/\/comiccon.lu\/fr\/wp-json\/wp\/v2\/types\/page"}],"author":[{"embeddable":true,"href":"https:\/\/comiccon.lu\/fr\/wp-json\/wp\/v2\/users\/1"}],"replies":[{"embeddable":true,"href":"https:\/\/comiccon.lu\/fr\/wp-json\/wp\/v2\/comments?post=726"}],"version-history":[{"count":3,"href":"https:\/\/comiccon.lu\/fr\/wp-json\/wp\/v2\/pages\/726\/revisions"}],"predecessor-version":[{"id":820,"href":"https:\/\/comiccon.lu\/fr\/wp-json\/wp\/v2\/pages\/726\/revisions\/820"}],"wp:attachment":[{"href":"https:\/\/comiccon.lu\/fr\/wp-json\/wp\/v2\/media?parent=726"}],"curies":[{"name":"wp","href":"https:\/\/api.w.org\/{rel}","templated":true}]}}